{"id":10731,"date":"2025-01-13T14:07:46","date_gmt":"2025-01-13T14:07:46","guid":{"rendered":"https:\/\/aivlisoft.com\/?post_type=product&#038;p=10731"},"modified":"2025-01-15T10:41:35","modified_gmt":"2025-01-15T10:41:35","slug":"nilox-teclado-y-raton-usb-nxkme0012-negro","status":"publish","type":"product","link":"https:\/\/aivlisoft.net\/shop\/producto\/nilox-teclado-y-raton-usb-nxkme0012-negro\/","title":{"rendered":"Nilox Teclado y raton Usb NXKME0012 Negro"},"content":{"rendered":"<p><\/p>\n<table class=\"tabla_caracteristicas\" width=\"100%\">\n<tr>\n<td valign=\"top\"><strong>Marca<\/strong><\/td>\n<td>Nilox<\/td>\n<\/tr>\n<tr>\n<td valign=\"top\"><strong>Modelo<\/strong><\/td>\n<td><strong>NXKME0012<\/strong><\/td>\n<\/tr>\n<tr>\n<td valign=\"top\"><strong>Teclado<\/strong><\/td>\n<td>&#8211; Teclado USB 2.0<br \/>\t\t\t&#8211; Dise&ntilde;o ligero y compacto<br \/>\t\t\t&#8211; Teclas con tratamiento l&aacute;ser anti desgaste de larga duraci&oacute;n<br \/>\t\t\t&#8211; 105 teclas<br \/>\t\t\t&#8211; Material ABS<br \/>\t\t\t&#8211; Layout Espa&ntilde;ol<br \/>\t\t\t&#8211; Compatible con Windows, Linux y MAC<br \/>\t\t\t<strong>Dimensiones y peso&nbsp;<\/strong><br \/>\t\t\t&#8211; 438,2 x 128,1 x 22 mm<br \/>\t\t\t&#8211; 343 g<br \/>\t\t\t&#8211; Cable USB de 1.5 metros<\/td>\n<\/tr>\n<tr>\n<td valign=\"top\"><strong>Rat&oacute;n<\/strong><\/td>\n<td>&#8211; Rat&oacute;n USB 2.0<br \/>\t\t\t&#8211; Sensor &Oacute;ptico de gran calidad<br \/>\t\t\t&#8211; Resoluci&oacute;n: 1200 DPI<br \/>\t\t\t&#8211; Botones: 3 de alta calidad<br \/>\t\t\t&#8211; Rueda de desplazamiento: 1<br \/>\t\t\t&#8211; Conexi&oacute;n USB 2.0<br \/>\t\t\t&#8211; Compatible con Windows, Linux y Mac<br \/>\t\t\t&#8211; Plug &amp; Play<br \/>\t\t\t<strong>Dimensiones y peso<\/strong><br \/>\t\t\t&#8211; 105 x 53 x 35 mm<br \/>\t\t\t&#8211; 60 g<br \/>\t\t\t&#8211; Longitud cable de 1.5 metros<\/td>\n<\/tr>\n<tr>\n<td valign=\"top\"><strong>Fecha de revisi&oacute;n<\/strong><\/td>\n<td>17-09-2024 por RTY<\/td>\n<\/tr>\n<\/table>\n","protected":false},"excerpt":{"rendered":"<p>Marca Nilox Modelo NXKME0012 Teclado &#8211; Teclado USB 2.0 &#8211; Dise&ntilde;o ligero y compacto &#8211; Teclas con tratamiento l&aacute;ser anti desgaste de larga duraci&oacute;n &#8211; 105 teclas &#8211; Material ABS &#8211; Layout Espa&ntilde;ol &#8211; Compatible con Windows, Linux y MAC Dimensiones y peso&nbsp; &#8211; 438,2 x 128,1 x 22 mm &#8211; 343 g &#8211; Cable&hellip;&nbsp;<a href=\"https:\/\/aivlisoft.net\/shop\/producto\/nilox-teclado-y-raton-usb-nxkme0012-negro\/\" rel=\"bookmark\"><span class=\"screen-reader-text\">Nilox Teclado y raton Usb NXKME0012 Negro<\/span><\/a><\/p>\n","protected":false},"featured_media":10732,"template":"","meta":{"neve_meta_sidebar":"","neve_meta_container":"","neve_meta_enable_content_width":"","neve_meta_content_width":0,"neve_meta_title_alignment":"","neve_meta_author_avatar":"","neve_post_elements_order":"","neve_meta_disable_header":"","neve_meta_disable_footer":"","neve_meta_disable_title":""},"product_brand":[],"product_cat":[15,790,1970,4099],"product_tag":[4150],"class_list":{"0":"post-10731","1":"product","2":"type-product","3":"status-publish","4":"has-post-thumbnail","6":"product_cat-sin-categorizar","7":"product_cat-accesorios-gaming","8":"product_cat-accesorios-pc-y-tpv","9":"product_cat-teclados-y-ratones","10":"product_tag-nxkme0012","12":"first","13":"instock","14":"taxable","15":"shipping-taxable","16":"purchasable","17":"product-type-simple"},"yoast_head":"<!-- This site is optimized with the Yoast SEO plugin v26.0 - https:\/\/yoast.com\/wordpress\/plugins\/seo\/ -->\n<title>Nilox Teclado y raton Usb NXKME0012 Negro - Aivlisoft Inform\u00e1tica<\/title>\n<meta name=\"robots\" content=\"index, follow, max-snippet:-1, max-image-preview:large, max-video-preview:-1\" \/>\n<link rel=\"canonical\" href=\"https:\/\/aivlisoft.net\/shop\/producto\/nilox-teclado-y-raton-usb-nxkme0012-negro\/\" \/>\n<meta property=\"og:locale\" content=\"es_ES\" \/>\n<meta property=\"og:type\" content=\"article\" \/>\n<meta property=\"og:title\" content=\"Nilox Teclado y raton Usb NXKME0012 Negro - Aivlisoft Inform\u00e1tica\" \/>\n<meta property=\"og:description\" content=\"Marca Nilox Modelo NXKME0012 Teclado &#8211; Teclado USB 2.0 &#8211; Dise&ntilde;o ligero y compacto &#8211; Teclas con tratamiento l&aacute;ser anti desgaste de larga duraci&oacute;n &#8211; 105 teclas &#8211; Material ABS &#8211; Layout Espa&ntilde;ol &#8211; Compatible con Windows, Linux y MAC Dimensiones y peso&nbsp; &#8211; 438,2 x 128,1 x 22 mm &#8211; 343 g &#8211; Cable&hellip;&nbsp;Nilox Teclado y raton Usb NXKME0012 Negro\" \/>\n<meta property=\"og:url\" content=\"https:\/\/aivlisoft.net\/shop\/producto\/nilox-teclado-y-raton-usb-nxkme0012-negro\/\" \/>\n<meta property=\"og:site_name\" content=\"Aivlisoft Inform\u00e1tica\" \/>\n<meta property=\"article:modified_time\" content=\"2025-01-15T10:41:35+00:00\" \/>\n<meta property=\"og:image\" content=\"https:\/\/aivlisoft.net\/shop\/wp-content\/uploads\/2025\/01\/FTRCTR0238_800.jpg\" \/>\n\t<meta property=\"og:image:width\" content=\"800\" \/>\n\t<meta property=\"og:image:height\" content=\"800\" \/>\n\t<meta property=\"og:image:type\" content=\"image\/jpeg\" \/>\n<meta name=\"twitter:card\" content=\"summary_large_image\" \/>\n<meta name=\"twitter:label1\" content=\"Tiempo de lectura\" \/>\n\t<meta name=\"twitter:data1\" content=\"1 minuto\" \/>\n<script type=\"application\/ld+json\" class=\"yoast-schema-graph\">{\"@context\":\"https:\/\/schema.org\",\"@graph\":[{\"@type\":\"WebPage\",\"@id\":\"https:\/\/aivlisoft.net\/shop\/producto\/nilox-teclado-y-raton-usb-nxkme0012-negro\/\",\"url\":\"https:\/\/aivlisoft.net\/shop\/producto\/nilox-teclado-y-raton-usb-nxkme0012-negro\/\",\"name\":\"Nilox Teclado y raton Usb NXKME0012 Negro - Aivlisoft Inform\u00e1tica\",\"isPartOf\":{\"@id\":\"https:\/\/aivlisoft.net\/shop\/#website\"},\"primaryImageOfPage\":{\"@id\":\"https:\/\/aivlisoft.net\/shop\/producto\/nilox-teclado-y-raton-usb-nxkme0012-negro\/#primaryimage\"},\"image\":{\"@id\":\"https:\/\/aivlisoft.net\/shop\/producto\/nilox-teclado-y-raton-usb-nxkme0012-negro\/#primaryimage\"},\"thumbnailUrl\":\"https:\/\/aivlisoft.net\/shop\/wp-content\/uploads\/2025\/01\/FTRCTR0238_800.jpg\",\"datePublished\":\"2025-01-13T14:07:46+00:00\",\"dateModified\":\"2025-01-15T10:41:35+00:00\",\"breadcrumb\":{\"@id\":\"https:\/\/aivlisoft.net\/shop\/producto\/nilox-teclado-y-raton-usb-nxkme0012-negro\/#breadcrumb\"},\"inLanguage\":\"es\",\"potentialAction\":[{\"@type\":\"ReadAction\",\"target\":[\"https:\/\/aivlisoft.net\/shop\/producto\/nilox-teclado-y-raton-usb-nxkme0012-negro\/\"]}]},{\"@type\":\"ImageObject\",\"inLanguage\":\"es\",\"@id\":\"https:\/\/aivlisoft.net\/shop\/producto\/nilox-teclado-y-raton-usb-nxkme0012-negro\/#primaryimage\",\"url\":\"https:\/\/aivlisoft.net\/shop\/wp-content\/uploads\/2025\/01\/FTRCTR0238_800.jpg\",\"contentUrl\":\"https:\/\/aivlisoft.net\/shop\/wp-content\/uploads\/2025\/01\/FTRCTR0238_800.jpg\",\"width\":800,\"height\":800},{\"@type\":\"BreadcrumbList\",\"@id\":\"https:\/\/aivlisoft.net\/shop\/producto\/nilox-teclado-y-raton-usb-nxkme0012-negro\/#breadcrumb\",\"itemListElement\":[{\"@type\":\"ListItem\",\"position\":1,\"name\":\"Portada\",\"item\":\"https:\/\/aivlisoft.net\/shop\/\"},{\"@type\":\"ListItem\",\"position\":2,\"name\":\"Tienda\",\"item\":\"https:\/\/aivlisoft.net\/shop\/tienda\/\"},{\"@type\":\"ListItem\",\"position\":3,\"name\":\"Nilox Teclado y raton Usb NXKME0012 Negro\"}]},{\"@type\":\"WebSite\",\"@id\":\"https:\/\/aivlisoft.net\/shop\/#website\",\"url\":\"https:\/\/aivlisoft.net\/shop\/\",\"name\":\"Aivlisoft Inform\u00e1tica\",\"description\":\"En Aivlisoft Inform\u00e1tica ofrecemos soluciones tecnol\u00f3gicas para empresas: venta de ordenadores, consumibles, perif\u00e9ricos y m\u00e1s. Calidad, atenci\u00f3n personalizada y los mejores precios para tu negocio.\",\"publisher\":{\"@id\":\"https:\/\/aivlisoft.net\/shop\/#organization\"},\"potentialAction\":[{\"@type\":\"SearchAction\",\"target\":{\"@type\":\"EntryPoint\",\"urlTemplate\":\"https:\/\/aivlisoft.net\/shop\/?s={search_term_string}\"},\"query-input\":{\"@type\":\"PropertyValueSpecification\",\"valueRequired\":true,\"valueName\":\"search_term_string\"}}],\"inLanguage\":\"es\"},{\"@type\":\"Organization\",\"@id\":\"https:\/\/aivlisoft.net\/shop\/#organization\",\"name\":\"Aivlisoft Inform\u00e1tica\",\"url\":\"https:\/\/aivlisoft.net\/shop\/\",\"logo\":{\"@type\":\"ImageObject\",\"inLanguage\":\"es\",\"@id\":\"https:\/\/aivlisoft.net\/shop\/#\/schema\/logo\/image\/\",\"url\":\"https:\/\/aivlisoft.net\/shop\/wp-content\/uploads\/2024\/12\/removal.ai_5b848c54-0cdf-4140-95c5-c5536bb7573b-logodef.png\",\"contentUrl\":\"https:\/\/aivlisoft.net\/shop\/wp-content\/uploads\/2024\/12\/removal.ai_5b848c54-0cdf-4140-95c5-c5536bb7573b-logodef.png\",\"width\":484,\"height\":182,\"caption\":\"Aivlisoft Inform\u00e1tica\"},\"image\":{\"@id\":\"https:\/\/aivlisoft.net\/shop\/#\/schema\/logo\/image\/\"}}]}<\/script>\n<!-- \/ Yoast SEO plugin. -->","yoast_head_json":{"title":"Nilox Teclado y raton Usb NXKME0012 Negro - Aivlisoft Inform\u00e1tica","robots":{"index":"index","follow":"follow","max-snippet":"max-snippet:-1","max-image-preview":"max-image-preview:large","max-video-preview":"max-video-preview:-1"},"canonical":"https:\/\/aivlisoft.net\/shop\/producto\/nilox-teclado-y-raton-usb-nxkme0012-negro\/","og_locale":"es_ES","og_type":"article","og_title":"Nilox Teclado y raton Usb NXKME0012 Negro - Aivlisoft Inform\u00e1tica","og_description":"Marca Nilox Modelo NXKME0012 Teclado &#8211; Teclado USB 2.0 &#8211; Dise&ntilde;o ligero y compacto &#8211; Teclas con tratamiento l&aacute;ser anti desgaste de larga duraci&oacute;n &#8211; 105 teclas &#8211; Material ABS &#8211; Layout Espa&ntilde;ol &#8211; Compatible con Windows, Linux y MAC Dimensiones y peso&nbsp; &#8211; 438,2 x 128,1 x 22 mm &#8211; 343 g &#8211; Cable&hellip;&nbsp;Nilox Teclado y raton Usb NXKME0012 Negro","og_url":"https:\/\/aivlisoft.net\/shop\/producto\/nilox-teclado-y-raton-usb-nxkme0012-negro\/","og_site_name":"Aivlisoft Inform\u00e1tica","article_modified_time":"2025-01-15T10:41:35+00:00","og_image":[{"width":800,"height":800,"url":"https:\/\/aivlisoft.net\/shop\/wp-content\/uploads\/2025\/01\/FTRCTR0238_800.jpg","type":"image\/jpeg"}],"twitter_card":"summary_large_image","twitter_misc":{"Tiempo de lectura":"1 minuto"},"schema":{"@context":"https:\/\/schema.org","@graph":[{"@type":"WebPage","@id":"https:\/\/aivlisoft.net\/shop\/producto\/nilox-teclado-y-raton-usb-nxkme0012-negro\/","url":"https:\/\/aivlisoft.net\/shop\/producto\/nilox-teclado-y-raton-usb-nxkme0012-negro\/","name":"Nilox Teclado y raton Usb NXKME0012 Negro - Aivlisoft Inform\u00e1tica","isPartOf":{"@id":"https:\/\/aivlisoft.net\/shop\/#website"},"primaryImageOfPage":{"@id":"https:\/\/aivlisoft.net\/shop\/producto\/nilox-teclado-y-raton-usb-nxkme0012-negro\/#primaryimage"},"image":{"@id":"https:\/\/aivlisoft.net\/shop\/producto\/nilox-teclado-y-raton-usb-nxkme0012-negro\/#primaryimage"},"thumbnailUrl":"https:\/\/aivlisoft.net\/shop\/wp-content\/uploads\/2025\/01\/FTRCTR0238_800.jpg","datePublished":"2025-01-13T14:07:46+00:00","dateModified":"2025-01-15T10:41:35+00:00","breadcrumb":{"@id":"https:\/\/aivlisoft.net\/shop\/producto\/nilox-teclado-y-raton-usb-nxkme0012-negro\/#breadcrumb"},"inLanguage":"es","potentialAction":[{"@type":"ReadAction","target":["https:\/\/aivlisoft.net\/shop\/producto\/nilox-teclado-y-raton-usb-nxkme0012-negro\/"]}]},{"@type":"ImageObject","inLanguage":"es","@id":"https:\/\/aivlisoft.net\/shop\/producto\/nilox-teclado-y-raton-usb-nxkme0012-negro\/#primaryimage","url":"https:\/\/aivlisoft.net\/shop\/wp-content\/uploads\/2025\/01\/FTRCTR0238_800.jpg","contentUrl":"https:\/\/aivlisoft.net\/shop\/wp-content\/uploads\/2025\/01\/FTRCTR0238_800.jpg","width":800,"height":800},{"@type":"BreadcrumbList","@id":"https:\/\/aivlisoft.net\/shop\/producto\/nilox-teclado-y-raton-usb-nxkme0012-negro\/#breadcrumb","itemListElement":[{"@type":"ListItem","position":1,"name":"Portada","item":"https:\/\/aivlisoft.net\/shop\/"},{"@type":"ListItem","position":2,"name":"Tienda","item":"https:\/\/aivlisoft.net\/shop\/tienda\/"},{"@type":"ListItem","position":3,"name":"Nilox Teclado y raton Usb NXKME0012 Negro"}]},{"@type":"WebSite","@id":"https:\/\/aivlisoft.net\/shop\/#website","url":"https:\/\/aivlisoft.net\/shop\/","name":"Aivlisoft Inform\u00e1tica","description":"En Aivlisoft Inform\u00e1tica ofrecemos soluciones tecnol\u00f3gicas para empresas: venta de ordenadores, consumibles, perif\u00e9ricos y m\u00e1s. Calidad, atenci\u00f3n personalizada y los mejores precios para tu negocio.","publisher":{"@id":"https:\/\/aivlisoft.net\/shop\/#organization"},"potentialAction":[{"@type":"SearchAction","target":{"@type":"EntryPoint","urlTemplate":"https:\/\/aivlisoft.net\/shop\/?s={search_term_string}"},"query-input":{"@type":"PropertyValueSpecification","valueRequired":true,"valueName":"search_term_string"}}],"inLanguage":"es"},{"@type":"Organization","@id":"https:\/\/aivlisoft.net\/shop\/#organization","name":"Aivlisoft Inform\u00e1tica","url":"https:\/\/aivlisoft.net\/shop\/","logo":{"@type":"ImageObject","inLanguage":"es","@id":"https:\/\/aivlisoft.net\/shop\/#\/schema\/logo\/image\/","url":"https:\/\/aivlisoft.net\/shop\/wp-content\/uploads\/2024\/12\/removal.ai_5b848c54-0cdf-4140-95c5-c5536bb7573b-logodef.png","contentUrl":"https:\/\/aivlisoft.net\/shop\/wp-content\/uploads\/2024\/12\/removal.ai_5b848c54-0cdf-4140-95c5-c5536bb7573b-logodef.png","width":484,"height":182,"caption":"Aivlisoft Inform\u00e1tica"},"image":{"@id":"https:\/\/aivlisoft.net\/shop\/#\/schema\/logo\/image\/"}}]}},"_links":{"self":[{"href":"https:\/\/aivlisoft.net\/shop\/wp-json\/wp\/v2\/product\/10731","targetHints":{"allow":["GET"]}}],"collection":[{"href":"https:\/\/aivlisoft.net\/shop\/wp-json\/wp\/v2\/product"}],"about":[{"href":"https:\/\/aivlisoft.net\/shop\/wp-json\/wp\/v2\/types\/product"}],"wp:featuredmedia":[{"embeddable":true,"href":"https:\/\/aivlisoft.net\/shop\/wp-json\/wp\/v2\/media\/10732"}],"wp:attachment":[{"href":"https:\/\/aivlisoft.net\/shop\/wp-json\/wp\/v2\/media?parent=10731"}],"wp:term":[{"taxonomy":"product_brand","embeddable":true,"href":"https:\/\/aivlisoft.net\/shop\/wp-json\/wp\/v2\/product_brand?post=10731"},{"taxonomy":"product_cat","embeddable":true,"href":"https:\/\/aivlisoft.net\/shop\/wp-json\/wp\/v2\/product_cat?post=10731"},{"taxonomy":"product_tag","embeddable":true,"href":"https:\/\/aivlisoft.net\/shop\/wp-json\/wp\/v2\/product_tag?post=10731"}],"curies":[{"name":"wp","href":"https:\/\/api.w.org\/{rel}","templated":true}]}}