{"id":10706,"date":"2025-01-13T14:07:33","date_gmt":"2025-01-13T14:07:33","guid":{"rendered":"https:\/\/aivlisoft.com\/?post_type=product&#038;p=10706"},"modified":"2025-01-15T10:41:41","modified_gmt":"2025-01-15T10:41:41","slug":"mars-gaming-combo-gaming-mcp-rgb3-4en1-negro","status":"publish","type":"product","link":"https:\/\/aivlisoft.net\/shop\/producto\/mars-gaming-combo-gaming-mcp-rgb3-4en1-negro\/","title":{"rendered":"MARS GAMING Combo Gaming MCP-RGB3 4EN1 Negro"},"content":{"rendered":"<p><\/p>\n<table class=\"tabla_caracteristicas\" width=\"100%\">\n<tr>\n<td valign=\"top\"><strong>Marca<\/strong><\/td>\n<td>MarsGaming<\/td>\n<\/tr>\n<tr>\n<td valign=\"top\"><strong>Modelo<\/strong><\/td>\n<td><strong>MCPRGB3ES<\/strong><\/td>\n<\/tr>\n<tr>\n<td valign=\"top\"><strong>Teclado<\/strong><\/td>\n<td>&#8211; Dise&ntilde;o: TKL<br \/>\t\t\t&#8211; Material teclado: ABS<br \/>\t\t\t&#8211; Iluminaci&oacute;n: FRGB Rainbow<br \/>\t\t\t&#8211; Tecnolog&iacute;a: Membrana<br \/>\t\t\t&#8211; Tipo de switch: H-Mech<br \/>\t\t\t&#8211; Longitud del cable: 150cm<br \/>\t\t\t&#8211; Tipo de cable: Recubrimiento de goma<br \/>\t\t\t&#8211; Conector: USB 2.0<br \/>\t\t\t&#8211; Anti-ghosting<br \/>\t\t\t&#8211; Compatibilidad de S.O.:<br \/>\t\t\t&nbsp; Windows<br \/>\t\t\t&nbsp; *Linux<br \/>\t\t\t&nbsp; *Mac<br \/>\t\t\t&nbsp; PS4, PS5<br \/>\t\t\t&nbsp; XBOX ONE, XBOX SERIES X-S, Switch<br \/>\t\t\t&nbsp; *Algunas funciones pueden no funcionar debido a limitaciones del sistema operativo<br \/>\t\t\t<strong>Dimensiones y peso<\/strong><br \/>\t\t\t&#8211; 369 x 141 x 32 mm<br \/>\t\t\t&#8211; 471 g<\/td>\n<\/tr>\n<tr>\n<td valign=\"top\"><strong>Rat&oacute;n<\/strong><\/td>\n<td>&#8211; Ergonom&iacute;a: Diestro<br \/>\t\t\t&#8211; Botones: 6<br \/>\t\t\t&#8211; Iluminaci&oacute;n: RGB flow<br \/>\t\t\t&#8211; Acabado: Antideslizante<br \/>\t\t\t&#8211; Materiales: ABS<br \/>\t\t\t&#8211; Sensor: &Oacute;ptico<br \/>\t\t\t&#8211; DPI: 800\/1200\/1600\/3200<br \/>\t\t\t&#8211; Tipo de cable: PVC reforzado<br \/>\t\t\t&#8211; Longitud del cable: 150 cm<br \/>\t\t\t&#8211; Conector: USB<br \/>\t\t\t&#8211; Compatibilidad de S.O.: Windows, Linux, Mac, PS4, PS5, XBOX ONE, XBOX SERIES X-S &nbsp;<br \/>\t\t\t<strong>Dimensiones y peso<\/strong><br \/>\t\t\t&#8211; 116 x 62 x 38 mm<br \/>\t\t\t&#8211; 70g<\/td>\n<\/tr>\n<tr>\n<td valign=\"top\"><strong>Alfombrilla<\/strong><\/td>\n<td>&#8211; Material superficie: Nanotextil<br \/>\t\t\t&#8211; Material base: Caucho natural<br \/>\t\t\t&#8211; Bordes: Reforzados<br \/>\t\t\t&#8211; Grosor: 4mm<br \/>\t\t\t<strong>Dimensiones y peso<\/strong><br \/>\t\t\t&#8211; 780 x 300 mm<br \/>\t\t\t&#8211; 440 g<\/td>\n<\/tr>\n<tr>\n<td valign=\"top\"><strong>Auriculares<\/strong><\/td>\n<td>&#8211; Iluminaci&oacute;n: FRGB Rainbow<br \/>\t\t\t&#8211; Tipo de cable: Recubrimiento de goma<br \/>\t\t\t&#8211; Diadema: Ajustable<br \/>\t\t\t&#8211; Longitud del cable: 180cm<br \/>\t\t\t&#8211; Conector: Jack 3.5mm (Audio) + USB (LED Power)<br \/>\t\t\t&#8211; Control de volumen<br \/>\t\t\t&#8211; Dimensiones (driver): Dynamic 50mm neodymium<br \/>\t\t\t&#8211; Rango de frecuencia (driver): 18Hz-20KHz<br \/>\t\t\t&#8211; Sensibilidad (driver): 108dB &plusmn; 3dB<br \/>\t\t\t&#8211; Impedancia (driver): 32&Omega;<br \/>\t\t\t&#8211; Direccionalidad (micr&oacute;fono): Omnidireccional<br \/>\t\t\t&#8211; Impedancia (micr&oacute;fono): &lt;2.2k&Omega;<br \/>\t\t\t&#8211; Sensibilidad (micr&oacute;fono): -58dB&plusmn;2dB<br \/>\t\t\t&#8211; Rango de frecuencia (micr&oacute;fono): 100Hz &#8211; 10KHz<br \/>\t\t\t&#8211; Retr&aacute;ctil (micr&oacute;fono): Flexible<br \/>\t\t\t<strong>Dimensiones y peso<\/strong><br \/>\t\t\t&#8211; 156 x 200 x 90 mm<br \/>\t\t\t&#8211; Micr&oacute;fono: 6 x 2,7 mm<br \/>\t\t\t&#8211; 184 g<\/td>\n<\/tr>\n<tr>\n<td valign=\"top\"><strong>Fecha de revisi&oacute;n<\/strong><\/td>\n<td>13-08-2024 por RTY<\/td>\n<\/tr>\n<\/table>\n","protected":false},"excerpt":{"rendered":"<p>Marca MarsGaming Modelo MCPRGB3ES Teclado &#8211; Dise&ntilde;o: TKL &#8211; Material teclado: ABS &#8211; Iluminaci&oacute;n: FRGB Rainbow &#8211; Tecnolog&iacute;a: Membrana &#8211; Tipo de switch: H-Mech &#8211; Longitud del cable: 150cm &#8211; Tipo de cable: Recubrimiento de goma &#8211; Conector: USB 2.0 &#8211; Anti-ghosting &#8211; Compatibilidad de S.O.: &nbsp; Windows &nbsp; *Linux &nbsp; *Mac &nbsp; PS4, PS5&hellip;&nbsp;<a href=\"https:\/\/aivlisoft.net\/shop\/producto\/mars-gaming-combo-gaming-mcp-rgb3-4en1-negro\/\" rel=\"bookmark\"><span class=\"screen-reader-text\">MARS GAMING Combo Gaming MCP-RGB3 4EN1 Negro<\/span><\/a><\/p>\n","protected":false},"featured_media":10707,"template":"","meta":{"neve_meta_sidebar":"","neve_meta_container":"","neve_meta_enable_content_width":"","neve_meta_content_width":0,"neve_meta_title_alignment":"","neve_meta_author_avatar":"","neve_post_elements_order":"","neve_meta_disable_header":"","neve_meta_disable_footer":"","neve_meta_disable_title":""},"product_brand":[],"product_cat":[15,790,1970,4099],"product_tag":[4140],"class_list":{"0":"post-10706","1":"product","2":"type-product","3":"status-publish","4":"has-post-thumbnail","6":"product_cat-sin-categorizar","7":"product_cat-accesorios-gaming","8":"product_cat-accesorios-pc-y-tpv","9":"product_cat-teclados-y-ratones","10":"product_tag-mcprgb3es","12":"first","13":"instock","14":"taxable","15":"shipping-taxable","16":"purchasable","17":"product-type-simple"},"yoast_head":"<!-- This site is optimized with the Yoast SEO plugin v26.0 - https:\/\/yoast.com\/wordpress\/plugins\/seo\/ -->\n<title>MARS GAMING Combo Gaming MCP-RGB3 4EN1 Negro - Aivlisoft Inform\u00e1tica<\/title>\n<meta name=\"robots\" content=\"index, follow, max-snippet:-1, max-image-preview:large, max-video-preview:-1\" \/>\n<link rel=\"canonical\" href=\"https:\/\/aivlisoft.net\/shop\/producto\/mars-gaming-combo-gaming-mcp-rgb3-4en1-negro\/\" \/>\n<meta property=\"og:locale\" content=\"es_ES\" \/>\n<meta property=\"og:type\" content=\"article\" \/>\n<meta property=\"og:title\" content=\"MARS GAMING Combo Gaming MCP-RGB3 4EN1 Negro - Aivlisoft Inform\u00e1tica\" \/>\n<meta property=\"og:description\" content=\"Marca MarsGaming Modelo MCPRGB3ES Teclado &#8211; Dise&ntilde;o: TKL &#8211; Material teclado: ABS &#8211; Iluminaci&oacute;n: FRGB Rainbow &#8211; Tecnolog&iacute;a: Membrana &#8211; Tipo de switch: H-Mech &#8211; Longitud del cable: 150cm &#8211; Tipo de cable: Recubrimiento de goma &#8211; Conector: USB 2.0 &#8211; Anti-ghosting &#8211; Compatibilidad de S.O.: &nbsp; Windows &nbsp; *Linux &nbsp; *Mac &nbsp; PS4, PS5&hellip;&nbsp;MARS GAMING Combo Gaming MCP-RGB3 4EN1 Negro\" \/>\n<meta property=\"og:url\" content=\"https:\/\/aivlisoft.net\/shop\/producto\/mars-gaming-combo-gaming-mcp-rgb3-4en1-negro\/\" \/>\n<meta property=\"og:site_name\" content=\"Aivlisoft Inform\u00e1tica\" \/>\n<meta property=\"article:modified_time\" content=\"2025-01-15T10:41:41+00:00\" \/>\n<meta property=\"og:image\" content=\"https:\/\/aivlisoft.net\/shop\/wp-content\/uploads\/2025\/01\/FTRCTR0225_800.jpg\" \/>\n\t<meta property=\"og:image:width\" content=\"800\" \/>\n\t<meta property=\"og:image:height\" content=\"800\" \/>\n\t<meta property=\"og:image:type\" content=\"image\/jpeg\" \/>\n<meta name=\"twitter:card\" content=\"summary_large_image\" \/>\n<meta name=\"twitter:label1\" content=\"Tiempo de lectura\" \/>\n\t<meta name=\"twitter:data1\" content=\"2 minutos\" \/>\n<script type=\"application\/ld+json\" class=\"yoast-schema-graph\">{\"@context\":\"https:\/\/schema.org\",\"@graph\":[{\"@type\":\"WebPage\",\"@id\":\"https:\/\/aivlisoft.net\/shop\/producto\/mars-gaming-combo-gaming-mcp-rgb3-4en1-negro\/\",\"url\":\"https:\/\/aivlisoft.net\/shop\/producto\/mars-gaming-combo-gaming-mcp-rgb3-4en1-negro\/\",\"name\":\"MARS GAMING Combo Gaming MCP-RGB3 4EN1 Negro - Aivlisoft Inform\u00e1tica\",\"isPartOf\":{\"@id\":\"https:\/\/aivlisoft.net\/shop\/#website\"},\"primaryImageOfPage\":{\"@id\":\"https:\/\/aivlisoft.net\/shop\/producto\/mars-gaming-combo-gaming-mcp-rgb3-4en1-negro\/#primaryimage\"},\"image\":{\"@id\":\"https:\/\/aivlisoft.net\/shop\/producto\/mars-gaming-combo-gaming-mcp-rgb3-4en1-negro\/#primaryimage\"},\"thumbnailUrl\":\"https:\/\/aivlisoft.net\/shop\/wp-content\/uploads\/2025\/01\/FTRCTR0225_800.jpg\",\"datePublished\":\"2025-01-13T14:07:33+00:00\",\"dateModified\":\"2025-01-15T10:41:41+00:00\",\"breadcrumb\":{\"@id\":\"https:\/\/aivlisoft.net\/shop\/producto\/mars-gaming-combo-gaming-mcp-rgb3-4en1-negro\/#breadcrumb\"},\"inLanguage\":\"es\",\"potentialAction\":[{\"@type\":\"ReadAction\",\"target\":[\"https:\/\/aivlisoft.net\/shop\/producto\/mars-gaming-combo-gaming-mcp-rgb3-4en1-negro\/\"]}]},{\"@type\":\"ImageObject\",\"inLanguage\":\"es\",\"@id\":\"https:\/\/aivlisoft.net\/shop\/producto\/mars-gaming-combo-gaming-mcp-rgb3-4en1-negro\/#primaryimage\",\"url\":\"https:\/\/aivlisoft.net\/shop\/wp-content\/uploads\/2025\/01\/FTRCTR0225_800.jpg\",\"contentUrl\":\"https:\/\/aivlisoft.net\/shop\/wp-content\/uploads\/2025\/01\/FTRCTR0225_800.jpg\",\"width\":800,\"height\":800},{\"@type\":\"BreadcrumbList\",\"@id\":\"https:\/\/aivlisoft.net\/shop\/producto\/mars-gaming-combo-gaming-mcp-rgb3-4en1-negro\/#breadcrumb\",\"itemListElement\":[{\"@type\":\"ListItem\",\"position\":1,\"name\":\"Portada\",\"item\":\"https:\/\/aivlisoft.net\/shop\/\"},{\"@type\":\"ListItem\",\"position\":2,\"name\":\"Tienda\",\"item\":\"https:\/\/aivlisoft.net\/shop\/tienda\/\"},{\"@type\":\"ListItem\",\"position\":3,\"name\":\"MARS GAMING Combo Gaming MCP-RGB3 4EN1 Negro\"}]},{\"@type\":\"WebSite\",\"@id\":\"https:\/\/aivlisoft.net\/shop\/#website\",\"url\":\"https:\/\/aivlisoft.net\/shop\/\",\"name\":\"Aivlisoft Inform\u00e1tica\",\"description\":\"En Aivlisoft Inform\u00e1tica ofrecemos soluciones tecnol\u00f3gicas para empresas: venta de ordenadores, consumibles, perif\u00e9ricos y m\u00e1s. Calidad, atenci\u00f3n personalizada y los mejores precios para tu negocio.\",\"publisher\":{\"@id\":\"https:\/\/aivlisoft.net\/shop\/#organization\"},\"potentialAction\":[{\"@type\":\"SearchAction\",\"target\":{\"@type\":\"EntryPoint\",\"urlTemplate\":\"https:\/\/aivlisoft.net\/shop\/?s={search_term_string}\"},\"query-input\":{\"@type\":\"PropertyValueSpecification\",\"valueRequired\":true,\"valueName\":\"search_term_string\"}}],\"inLanguage\":\"es\"},{\"@type\":\"Organization\",\"@id\":\"https:\/\/aivlisoft.net\/shop\/#organization\",\"name\":\"Aivlisoft Inform\u00e1tica\",\"url\":\"https:\/\/aivlisoft.net\/shop\/\",\"logo\":{\"@type\":\"ImageObject\",\"inLanguage\":\"es\",\"@id\":\"https:\/\/aivlisoft.net\/shop\/#\/schema\/logo\/image\/\",\"url\":\"https:\/\/aivlisoft.net\/shop\/wp-content\/uploads\/2024\/12\/removal.ai_5b848c54-0cdf-4140-95c5-c5536bb7573b-logodef.png\",\"contentUrl\":\"https:\/\/aivlisoft.net\/shop\/wp-content\/uploads\/2024\/12\/removal.ai_5b848c54-0cdf-4140-95c5-c5536bb7573b-logodef.png\",\"width\":484,\"height\":182,\"caption\":\"Aivlisoft Inform\u00e1tica\"},\"image\":{\"@id\":\"https:\/\/aivlisoft.net\/shop\/#\/schema\/logo\/image\/\"}}]}<\/script>\n<!-- \/ Yoast SEO plugin. -->","yoast_head_json":{"title":"MARS GAMING Combo Gaming MCP-RGB3 4EN1 Negro - Aivlisoft Inform\u00e1tica","robots":{"index":"index","follow":"follow","max-snippet":"max-snippet:-1","max-image-preview":"max-image-preview:large","max-video-preview":"max-video-preview:-1"},"canonical":"https:\/\/aivlisoft.net\/shop\/producto\/mars-gaming-combo-gaming-mcp-rgb3-4en1-negro\/","og_locale":"es_ES","og_type":"article","og_title":"MARS GAMING Combo Gaming MCP-RGB3 4EN1 Negro - Aivlisoft Inform\u00e1tica","og_description":"Marca MarsGaming Modelo MCPRGB3ES Teclado &#8211; Dise&ntilde;o: TKL &#8211; Material teclado: ABS &#8211; Iluminaci&oacute;n: FRGB Rainbow &#8211; Tecnolog&iacute;a: Membrana &#8211; Tipo de switch: H-Mech &#8211; Longitud del cable: 150cm &#8211; Tipo de cable: Recubrimiento de goma &#8211; Conector: USB 2.0 &#8211; Anti-ghosting &#8211; Compatibilidad de S.O.: &nbsp; Windows &nbsp; *Linux &nbsp; *Mac &nbsp; PS4, PS5&hellip;&nbsp;MARS GAMING Combo Gaming MCP-RGB3 4EN1 Negro","og_url":"https:\/\/aivlisoft.net\/shop\/producto\/mars-gaming-combo-gaming-mcp-rgb3-4en1-negro\/","og_site_name":"Aivlisoft Inform\u00e1tica","article_modified_time":"2025-01-15T10:41:41+00:00","og_image":[{"width":800,"height":800,"url":"https:\/\/aivlisoft.net\/shop\/wp-content\/uploads\/2025\/01\/FTRCTR0225_800.jpg","type":"image\/jpeg"}],"twitter_card":"summary_large_image","twitter_misc":{"Tiempo de lectura":"2 minutos"},"schema":{"@context":"https:\/\/schema.org","@graph":[{"@type":"WebPage","@id":"https:\/\/aivlisoft.net\/shop\/producto\/mars-gaming-combo-gaming-mcp-rgb3-4en1-negro\/","url":"https:\/\/aivlisoft.net\/shop\/producto\/mars-gaming-combo-gaming-mcp-rgb3-4en1-negro\/","name":"MARS GAMING Combo Gaming MCP-RGB3 4EN1 Negro - Aivlisoft Inform\u00e1tica","isPartOf":{"@id":"https:\/\/aivlisoft.net\/shop\/#website"},"primaryImageOfPage":{"@id":"https:\/\/aivlisoft.net\/shop\/producto\/mars-gaming-combo-gaming-mcp-rgb3-4en1-negro\/#primaryimage"},"image":{"@id":"https:\/\/aivlisoft.net\/shop\/producto\/mars-gaming-combo-gaming-mcp-rgb3-4en1-negro\/#primaryimage"},"thumbnailUrl":"https:\/\/aivlisoft.net\/shop\/wp-content\/uploads\/2025\/01\/FTRCTR0225_800.jpg","datePublished":"2025-01-13T14:07:33+00:00","dateModified":"2025-01-15T10:41:41+00:00","breadcrumb":{"@id":"https:\/\/aivlisoft.net\/shop\/producto\/mars-gaming-combo-gaming-mcp-rgb3-4en1-negro\/#breadcrumb"},"inLanguage":"es","potentialAction":[{"@type":"ReadAction","target":["https:\/\/aivlisoft.net\/shop\/producto\/mars-gaming-combo-gaming-mcp-rgb3-4en1-negro\/"]}]},{"@type":"ImageObject","inLanguage":"es","@id":"https:\/\/aivlisoft.net\/shop\/producto\/mars-gaming-combo-gaming-mcp-rgb3-4en1-negro\/#primaryimage","url":"https:\/\/aivlisoft.net\/shop\/wp-content\/uploads\/2025\/01\/FTRCTR0225_800.jpg","contentUrl":"https:\/\/aivlisoft.net\/shop\/wp-content\/uploads\/2025\/01\/FTRCTR0225_800.jpg","width":800,"height":800},{"@type":"BreadcrumbList","@id":"https:\/\/aivlisoft.net\/shop\/producto\/mars-gaming-combo-gaming-mcp-rgb3-4en1-negro\/#breadcrumb","itemListElement":[{"@type":"ListItem","position":1,"name":"Portada","item":"https:\/\/aivlisoft.net\/shop\/"},{"@type":"ListItem","position":2,"name":"Tienda","item":"https:\/\/aivlisoft.net\/shop\/tienda\/"},{"@type":"ListItem","position":3,"name":"MARS GAMING Combo Gaming MCP-RGB3 4EN1 Negro"}]},{"@type":"WebSite","@id":"https:\/\/aivlisoft.net\/shop\/#website","url":"https:\/\/aivlisoft.net\/shop\/","name":"Aivlisoft Inform\u00e1tica","description":"En Aivlisoft Inform\u00e1tica ofrecemos soluciones tecnol\u00f3gicas para empresas: venta de ordenadores, consumibles, perif\u00e9ricos y m\u00e1s. Calidad, atenci\u00f3n personalizada y los mejores precios para tu negocio.","publisher":{"@id":"https:\/\/aivlisoft.net\/shop\/#organization"},"potentialAction":[{"@type":"SearchAction","target":{"@type":"EntryPoint","urlTemplate":"https:\/\/aivlisoft.net\/shop\/?s={search_term_string}"},"query-input":{"@type":"PropertyValueSpecification","valueRequired":true,"valueName":"search_term_string"}}],"inLanguage":"es"},{"@type":"Organization","@id":"https:\/\/aivlisoft.net\/shop\/#organization","name":"Aivlisoft Inform\u00e1tica","url":"https:\/\/aivlisoft.net\/shop\/","logo":{"@type":"ImageObject","inLanguage":"es","@id":"https:\/\/aivlisoft.net\/shop\/#\/schema\/logo\/image\/","url":"https:\/\/aivlisoft.net\/shop\/wp-content\/uploads\/2024\/12\/removal.ai_5b848c54-0cdf-4140-95c5-c5536bb7573b-logodef.png","contentUrl":"https:\/\/aivlisoft.net\/shop\/wp-content\/uploads\/2024\/12\/removal.ai_5b848c54-0cdf-4140-95c5-c5536bb7573b-logodef.png","width":484,"height":182,"caption":"Aivlisoft Inform\u00e1tica"},"image":{"@id":"https:\/\/aivlisoft.net\/shop\/#\/schema\/logo\/image\/"}}]}},"_links":{"self":[{"href":"https:\/\/aivlisoft.net\/shop\/wp-json\/wp\/v2\/product\/10706","targetHints":{"allow":["GET"]}}],"collection":[{"href":"https:\/\/aivlisoft.net\/shop\/wp-json\/wp\/v2\/product"}],"about":[{"href":"https:\/\/aivlisoft.net\/shop\/wp-json\/wp\/v2\/types\/product"}],"wp:featuredmedia":[{"embeddable":true,"href":"https:\/\/aivlisoft.net\/shop\/wp-json\/wp\/v2\/media\/10707"}],"wp:attachment":[{"href":"https:\/\/aivlisoft.net\/shop\/wp-json\/wp\/v2\/media?parent=10706"}],"wp:term":[{"taxonomy":"product_brand","embeddable":true,"href":"https:\/\/aivlisoft.net\/shop\/wp-json\/wp\/v2\/product_brand?post=10706"},{"taxonomy":"product_cat","embeddable":true,"href":"https:\/\/aivlisoft.net\/shop\/wp-json\/wp\/v2\/product_cat?post=10706"},{"taxonomy":"product_tag","embeddable":true,"href":"https:\/\/aivlisoft.net\/shop\/wp-json\/wp\/v2\/product_tag?post=10706"}],"curies":[{"name":"wp","href":"https:\/\/api.w.org\/{rel}","templated":true}]}}