{"id":10700,"date":"2025-01-13T14:07:28","date_gmt":"2025-01-13T14:07:28","guid":{"rendered":"https:\/\/aivlisoft.com\/?post_type=product&#038;p=10700"},"modified":"2025-01-15T10:41:43","modified_gmt":"2025-01-15T10:41:43","slug":"coolbox-kit-teclado-raton-usb-con-cable","status":"publish","type":"product","link":"https:\/\/aivlisoft.net\/shop\/producto\/coolbox-kit-teclado-raton-usb-con-cable\/","title":{"rendered":"Coolbox Kit Teclado + Raton USB con cable"},"content":{"rendered":"<p><\/p>\n<table class=\"tabla_caracteristicas\" width=\"100%\">\n<tr>\n<td valign=\"top\"><strong>Marca<\/strong><\/td>\n<td>Coolbox<\/td>\n<\/tr>\n<tr>\n<td valign=\"top\"><strong>Modelo<\/strong><\/td>\n<td><strong>COO-KTR-01U<\/strong><\/td>\n<\/tr>\n<tr>\n<td valign=\"top\"><strong>Caracter&iacute;sticas<\/strong><\/td>\n<td><strong>Teclado<\/strong><br \/>\t\t\t&#8211; Tipo: tecnolog&iacute;a de membrana<br \/>\t\t\t&#8211; Teclas: 105, con impresi&oacute;n l&aacute;ser para mayor durabilidad<br \/>\t\t\t&#8211; Conexi&oacute;n: cable USB de 1.5 m<br \/>\t\t\t&#8211; Consumo: 5VDC\/ 20mA<br \/>\t\t\t&#8211; Dimensiones: 440 x 147 x 20 mm<br \/>\t\t\t&#8211; Peso: 435 g<br \/>\t\t\t<strong>Rat&oacute;n<\/strong><br \/>\t\t\t&#8211; Tipo: tecnolog&iacute;a &oacute;ptica<br \/>\t\t\t&#8211; Resoluci&oacute;n: 400\/800\/1600 DPI<br \/>\t\t\t&#8211; Botones: 4 + rueda de desplazamiento<br \/>\t\t\t&#8211; Conexi&oacute;n: cable USB de 1.5 m, soporta USB1.1 y USB2.0<br \/>\t\t\t&#8211; Dimensiones: 123 x 77 x 40 mm<br \/>\t\t\t&#8211; Peso: 90 g<\/td>\n<\/tr>\n<tr>\n<td valign=\"top\"><strong>Fecha de revisi&oacute;n<\/strong><\/td>\n<td>24-02-2023 por RTY<\/td>\n<\/tr>\n<\/table>\n","protected":false},"excerpt":{"rendered":"<p>Marca Coolbox Modelo COO-KTR-01U Caracter&iacute;sticas Teclado &#8211; Tipo: tecnolog&iacute;a de membrana &#8211; Teclas: 105, con impresi&oacute;n l&aacute;ser para mayor durabilidad &#8211; Conexi&oacute;n: cable USB de 1.5 m &#8211; Consumo: 5VDC\/ 20mA &#8211; Dimensiones: 440 x 147 x 20 mm &#8211; Peso: 435 g Rat&oacute;n &#8211; Tipo: tecnolog&iacute;a &oacute;ptica &#8211; Resoluci&oacute;n: 400\/800\/1600 DPI &#8211; Botones: 4&hellip;&nbsp;<a href=\"https:\/\/aivlisoft.net\/shop\/producto\/coolbox-kit-teclado-raton-usb-con-cable\/\" rel=\"bookmark\"><span class=\"screen-reader-text\">Coolbox Kit Teclado + Raton USB con cable<\/span><\/a><\/p>\n","protected":false},"featured_media":10701,"template":"","meta":{"neve_meta_sidebar":"","neve_meta_container":"","neve_meta_enable_content_width":"","neve_meta_content_width":0,"neve_meta_title_alignment":"","neve_meta_author_avatar":"","neve_post_elements_order":"","neve_meta_disable_header":"","neve_meta_disable_footer":"","neve_meta_disable_title":""},"product_brand":[],"product_cat":[15,790,1970,4099],"product_tag":[4135],"class_list":{"0":"post-10700","1":"product","2":"type-product","3":"status-publish","4":"has-post-thumbnail","6":"product_cat-sin-categorizar","7":"product_cat-accesorios-gaming","8":"product_cat-accesorios-pc-y-tpv","9":"product_cat-teclados-y-ratones","10":"product_tag-coo-ktr-01u","12":"first","13":"instock","14":"taxable","15":"shipping-taxable","16":"purchasable","17":"product-type-simple"},"yoast_head":"<!-- This site is optimized with the Yoast SEO plugin v26.0 - https:\/\/yoast.com\/wordpress\/plugins\/seo\/ -->\n<title>Coolbox Kit Teclado + Raton USB con cable - Aivlisoft Inform\u00e1tica<\/title>\n<meta name=\"robots\" content=\"index, follow, max-snippet:-1, max-image-preview:large, max-video-preview:-1\" \/>\n<link rel=\"canonical\" href=\"https:\/\/aivlisoft.net\/shop\/producto\/coolbox-kit-teclado-raton-usb-con-cable\/\" \/>\n<meta property=\"og:locale\" content=\"es_ES\" \/>\n<meta property=\"og:type\" content=\"article\" \/>\n<meta property=\"og:title\" content=\"Coolbox Kit Teclado + Raton USB con cable - Aivlisoft Inform\u00e1tica\" \/>\n<meta property=\"og:description\" content=\"Marca Coolbox Modelo COO-KTR-01U Caracter&iacute;sticas Teclado &#8211; Tipo: tecnolog&iacute;a de membrana &#8211; Teclas: 105, con impresi&oacute;n l&aacute;ser para mayor durabilidad &#8211; Conexi&oacute;n: cable USB de 1.5 m &#8211; Consumo: 5VDC\/ 20mA &#8211; Dimensiones: 440 x 147 x 20 mm &#8211; Peso: 435 g Rat&oacute;n &#8211; Tipo: tecnolog&iacute;a &oacute;ptica &#8211; Resoluci&oacute;n: 400\/800\/1600 DPI &#8211; Botones: 4&hellip;&nbsp;Coolbox Kit Teclado + Raton USB con cable\" \/>\n<meta property=\"og:url\" content=\"https:\/\/aivlisoft.net\/shop\/producto\/coolbox-kit-teclado-raton-usb-con-cable\/\" \/>\n<meta property=\"og:site_name\" content=\"Aivlisoft Inform\u00e1tica\" \/>\n<meta property=\"article:modified_time\" content=\"2025-01-15T10:41:43+00:00\" \/>\n<meta property=\"og:image\" content=\"https:\/\/aivlisoft.net\/shop\/wp-content\/uploads\/2025\/01\/FTRCTR0216_800.jpg\" \/>\n\t<meta property=\"og:image:width\" content=\"800\" \/>\n\t<meta property=\"og:image:height\" content=\"800\" \/>\n\t<meta property=\"og:image:type\" content=\"image\/jpeg\" \/>\n<meta name=\"twitter:card\" content=\"summary_large_image\" \/>\n<script type=\"application\/ld+json\" class=\"yoast-schema-graph\">{\"@context\":\"https:\/\/schema.org\",\"@graph\":[{\"@type\":\"WebPage\",\"@id\":\"https:\/\/aivlisoft.net\/shop\/producto\/coolbox-kit-teclado-raton-usb-con-cable\/\",\"url\":\"https:\/\/aivlisoft.net\/shop\/producto\/coolbox-kit-teclado-raton-usb-con-cable\/\",\"name\":\"Coolbox Kit Teclado + Raton USB con cable - Aivlisoft Inform\u00e1tica\",\"isPartOf\":{\"@id\":\"https:\/\/aivlisoft.net\/shop\/#website\"},\"primaryImageOfPage\":{\"@id\":\"https:\/\/aivlisoft.net\/shop\/producto\/coolbox-kit-teclado-raton-usb-con-cable\/#primaryimage\"},\"image\":{\"@id\":\"https:\/\/aivlisoft.net\/shop\/producto\/coolbox-kit-teclado-raton-usb-con-cable\/#primaryimage\"},\"thumbnailUrl\":\"https:\/\/aivlisoft.net\/shop\/wp-content\/uploads\/2025\/01\/FTRCTR0216_800.jpg\",\"datePublished\":\"2025-01-13T14:07:28+00:00\",\"dateModified\":\"2025-01-15T10:41:43+00:00\",\"breadcrumb\":{\"@id\":\"https:\/\/aivlisoft.net\/shop\/producto\/coolbox-kit-teclado-raton-usb-con-cable\/#breadcrumb\"},\"inLanguage\":\"es\",\"potentialAction\":[{\"@type\":\"ReadAction\",\"target\":[\"https:\/\/aivlisoft.net\/shop\/producto\/coolbox-kit-teclado-raton-usb-con-cable\/\"]}]},{\"@type\":\"ImageObject\",\"inLanguage\":\"es\",\"@id\":\"https:\/\/aivlisoft.net\/shop\/producto\/coolbox-kit-teclado-raton-usb-con-cable\/#primaryimage\",\"url\":\"https:\/\/aivlisoft.net\/shop\/wp-content\/uploads\/2025\/01\/FTRCTR0216_800.jpg\",\"contentUrl\":\"https:\/\/aivlisoft.net\/shop\/wp-content\/uploads\/2025\/01\/FTRCTR0216_800.jpg\",\"width\":800,\"height\":800},{\"@type\":\"BreadcrumbList\",\"@id\":\"https:\/\/aivlisoft.net\/shop\/producto\/coolbox-kit-teclado-raton-usb-con-cable\/#breadcrumb\",\"itemListElement\":[{\"@type\":\"ListItem\",\"position\":1,\"name\":\"Portada\",\"item\":\"https:\/\/aivlisoft.net\/shop\/\"},{\"@type\":\"ListItem\",\"position\":2,\"name\":\"Tienda\",\"item\":\"https:\/\/aivlisoft.net\/shop\/tienda\/\"},{\"@type\":\"ListItem\",\"position\":3,\"name\":\"Coolbox Kit Teclado + Raton USB con cable\"}]},{\"@type\":\"WebSite\",\"@id\":\"https:\/\/aivlisoft.net\/shop\/#website\",\"url\":\"https:\/\/aivlisoft.net\/shop\/\",\"name\":\"Aivlisoft Inform\u00e1tica\",\"description\":\"En Aivlisoft Inform\u00e1tica ofrecemos soluciones tecnol\u00f3gicas para empresas: venta de ordenadores, consumibles, perif\u00e9ricos y m\u00e1s. Calidad, atenci\u00f3n personalizada y los mejores precios para tu negocio.\",\"publisher\":{\"@id\":\"https:\/\/aivlisoft.net\/shop\/#organization\"},\"potentialAction\":[{\"@type\":\"SearchAction\",\"target\":{\"@type\":\"EntryPoint\",\"urlTemplate\":\"https:\/\/aivlisoft.net\/shop\/?s={search_term_string}\"},\"query-input\":{\"@type\":\"PropertyValueSpecification\",\"valueRequired\":true,\"valueName\":\"search_term_string\"}}],\"inLanguage\":\"es\"},{\"@type\":\"Organization\",\"@id\":\"https:\/\/aivlisoft.net\/shop\/#organization\",\"name\":\"Aivlisoft Inform\u00e1tica\",\"url\":\"https:\/\/aivlisoft.net\/shop\/\",\"logo\":{\"@type\":\"ImageObject\",\"inLanguage\":\"es\",\"@id\":\"https:\/\/aivlisoft.net\/shop\/#\/schema\/logo\/image\/\",\"url\":\"https:\/\/aivlisoft.net\/shop\/wp-content\/uploads\/2024\/12\/removal.ai_5b848c54-0cdf-4140-95c5-c5536bb7573b-logodef.png\",\"contentUrl\":\"https:\/\/aivlisoft.net\/shop\/wp-content\/uploads\/2024\/12\/removal.ai_5b848c54-0cdf-4140-95c5-c5536bb7573b-logodef.png\",\"width\":484,\"height\":182,\"caption\":\"Aivlisoft Inform\u00e1tica\"},\"image\":{\"@id\":\"https:\/\/aivlisoft.net\/shop\/#\/schema\/logo\/image\/\"}}]}<\/script>\n<!-- \/ Yoast SEO plugin. -->","yoast_head_json":{"title":"Coolbox Kit Teclado + Raton USB con cable - Aivlisoft Inform\u00e1tica","robots":{"index":"index","follow":"follow","max-snippet":"max-snippet:-1","max-image-preview":"max-image-preview:large","max-video-preview":"max-video-preview:-1"},"canonical":"https:\/\/aivlisoft.net\/shop\/producto\/coolbox-kit-teclado-raton-usb-con-cable\/","og_locale":"es_ES","og_type":"article","og_title":"Coolbox Kit Teclado + Raton USB con cable - Aivlisoft Inform\u00e1tica","og_description":"Marca Coolbox Modelo COO-KTR-01U Caracter&iacute;sticas Teclado &#8211; Tipo: tecnolog&iacute;a de membrana &#8211; Teclas: 105, con impresi&oacute;n l&aacute;ser para mayor durabilidad &#8211; Conexi&oacute;n: cable USB de 1.5 m &#8211; Consumo: 5VDC\/ 20mA &#8211; Dimensiones: 440 x 147 x 20 mm &#8211; Peso: 435 g Rat&oacute;n &#8211; Tipo: tecnolog&iacute;a &oacute;ptica &#8211; Resoluci&oacute;n: 400\/800\/1600 DPI &#8211; Botones: 4&hellip;&nbsp;Coolbox Kit Teclado + Raton USB con cable","og_url":"https:\/\/aivlisoft.net\/shop\/producto\/coolbox-kit-teclado-raton-usb-con-cable\/","og_site_name":"Aivlisoft Inform\u00e1tica","article_modified_time":"2025-01-15T10:41:43+00:00","og_image":[{"width":800,"height":800,"url":"https:\/\/aivlisoft.net\/shop\/wp-content\/uploads\/2025\/01\/FTRCTR0216_800.jpg","type":"image\/jpeg"}],"twitter_card":"summary_large_image","schema":{"@context":"https:\/\/schema.org","@graph":[{"@type":"WebPage","@id":"https:\/\/aivlisoft.net\/shop\/producto\/coolbox-kit-teclado-raton-usb-con-cable\/","url":"https:\/\/aivlisoft.net\/shop\/producto\/coolbox-kit-teclado-raton-usb-con-cable\/","name":"Coolbox Kit Teclado + Raton USB con cable - Aivlisoft Inform\u00e1tica","isPartOf":{"@id":"https:\/\/aivlisoft.net\/shop\/#website"},"primaryImageOfPage":{"@id":"https:\/\/aivlisoft.net\/shop\/producto\/coolbox-kit-teclado-raton-usb-con-cable\/#primaryimage"},"image":{"@id":"https:\/\/aivlisoft.net\/shop\/producto\/coolbox-kit-teclado-raton-usb-con-cable\/#primaryimage"},"thumbnailUrl":"https:\/\/aivlisoft.net\/shop\/wp-content\/uploads\/2025\/01\/FTRCTR0216_800.jpg","datePublished":"2025-01-13T14:07:28+00:00","dateModified":"2025-01-15T10:41:43+00:00","breadcrumb":{"@id":"https:\/\/aivlisoft.net\/shop\/producto\/coolbox-kit-teclado-raton-usb-con-cable\/#breadcrumb"},"inLanguage":"es","potentialAction":[{"@type":"ReadAction","target":["https:\/\/aivlisoft.net\/shop\/producto\/coolbox-kit-teclado-raton-usb-con-cable\/"]}]},{"@type":"ImageObject","inLanguage":"es","@id":"https:\/\/aivlisoft.net\/shop\/producto\/coolbox-kit-teclado-raton-usb-con-cable\/#primaryimage","url":"https:\/\/aivlisoft.net\/shop\/wp-content\/uploads\/2025\/01\/FTRCTR0216_800.jpg","contentUrl":"https:\/\/aivlisoft.net\/shop\/wp-content\/uploads\/2025\/01\/FTRCTR0216_800.jpg","width":800,"height":800},{"@type":"BreadcrumbList","@id":"https:\/\/aivlisoft.net\/shop\/producto\/coolbox-kit-teclado-raton-usb-con-cable\/#breadcrumb","itemListElement":[{"@type":"ListItem","position":1,"name":"Portada","item":"https:\/\/aivlisoft.net\/shop\/"},{"@type":"ListItem","position":2,"name":"Tienda","item":"https:\/\/aivlisoft.net\/shop\/tienda\/"},{"@type":"ListItem","position":3,"name":"Coolbox Kit Teclado + Raton USB con cable"}]},{"@type":"WebSite","@id":"https:\/\/aivlisoft.net\/shop\/#website","url":"https:\/\/aivlisoft.net\/shop\/","name":"Aivlisoft Inform\u00e1tica","description":"En Aivlisoft Inform\u00e1tica ofrecemos soluciones tecnol\u00f3gicas para empresas: venta de ordenadores, consumibles, perif\u00e9ricos y m\u00e1s. Calidad, atenci\u00f3n personalizada y los mejores precios para tu negocio.","publisher":{"@id":"https:\/\/aivlisoft.net\/shop\/#organization"},"potentialAction":[{"@type":"SearchAction","target":{"@type":"EntryPoint","urlTemplate":"https:\/\/aivlisoft.net\/shop\/?s={search_term_string}"},"query-input":{"@type":"PropertyValueSpecification","valueRequired":true,"valueName":"search_term_string"}}],"inLanguage":"es"},{"@type":"Organization","@id":"https:\/\/aivlisoft.net\/shop\/#organization","name":"Aivlisoft Inform\u00e1tica","url":"https:\/\/aivlisoft.net\/shop\/","logo":{"@type":"ImageObject","inLanguage":"es","@id":"https:\/\/aivlisoft.net\/shop\/#\/schema\/logo\/image\/","url":"https:\/\/aivlisoft.net\/shop\/wp-content\/uploads\/2024\/12\/removal.ai_5b848c54-0cdf-4140-95c5-c5536bb7573b-logodef.png","contentUrl":"https:\/\/aivlisoft.net\/shop\/wp-content\/uploads\/2024\/12\/removal.ai_5b848c54-0cdf-4140-95c5-c5536bb7573b-logodef.png","width":484,"height":182,"caption":"Aivlisoft Inform\u00e1tica"},"image":{"@id":"https:\/\/aivlisoft.net\/shop\/#\/schema\/logo\/image\/"}}]}},"_links":{"self":[{"href":"https:\/\/aivlisoft.net\/shop\/wp-json\/wp\/v2\/product\/10700","targetHints":{"allow":["GET"]}}],"collection":[{"href":"https:\/\/aivlisoft.net\/shop\/wp-json\/wp\/v2\/product"}],"about":[{"href":"https:\/\/aivlisoft.net\/shop\/wp-json\/wp\/v2\/types\/product"}],"wp:featuredmedia":[{"embeddable":true,"href":"https:\/\/aivlisoft.net\/shop\/wp-json\/wp\/v2\/media\/10701"}],"wp:attachment":[{"href":"https:\/\/aivlisoft.net\/shop\/wp-json\/wp\/v2\/media?parent=10700"}],"wp:term":[{"taxonomy":"product_brand","embeddable":true,"href":"https:\/\/aivlisoft.net\/shop\/wp-json\/wp\/v2\/product_brand?post=10700"},{"taxonomy":"product_cat","embeddable":true,"href":"https:\/\/aivlisoft.net\/shop\/wp-json\/wp\/v2\/product_cat?post=10700"},{"taxonomy":"product_tag","embeddable":true,"href":"https:\/\/aivlisoft.net\/shop\/wp-json\/wp\/v2\/product_tag?post=10700"}],"curies":[{"name":"wp","href":"https:\/\/api.w.org\/{rel}","templated":true}]}}