{"id":10698,"date":"2025-01-13T14:07:27","date_gmt":"2025-01-13T14:07:27","guid":{"rendered":"https:\/\/aivlisoft.com\/?post_type=product&#038;p=10698"},"modified":"2025-01-15T10:41:43","modified_gmt":"2025-01-15T10:41:43","slug":"krom-combo-gaming-kenya-4-en-1","status":"publish","type":"product","link":"https:\/\/aivlisoft.net\/shop\/producto\/krom-combo-gaming-kenya-4-en-1\/","title":{"rendered":"KROM Combo Gaming KENYA 4 en 1"},"content":{"rendered":"<p>Krom Kenya es el pack gaming con el que completar tu setup, desde un teclado anti-ghosting que incorpora pr&aacute;cticas teclas multimedias, unos agradables auriculares est&eacute;reo con micr&oacute;fono integrado hasta un rat&oacute;n ergon&oacute;mico capaz de alcanzar 8000 DPI y una amplia alfombrilla speed.<\/p>\n<p>El pack gaming perfecto para los gamers, que, adem&aacute;s, aporta una incre&iacute;ble iluminaci&oacute;n a sus partidas.<\/p>\n<p>&nbsp;<\/p>\n<table class=\"tabla_caracteristicas\" width=\"100%\">\n<tr>\n<td valign=\"top\"><strong>Marca<\/strong><\/td>\n<td>Krom<\/td>\n<\/tr>\n<tr>\n<td valign=\"top\"><strong>Modelo<\/strong><\/td>\n<td valign=\"top\"><strong>NXKROMKENYA<\/strong><\/td>\n<\/tr>\n<tr>\n<td valign=\"top\"><strong>Tipo<\/strong><\/td>\n<td><strong>&#8211; Teclado membrana<\/strong><\/td>\n<\/tr>\n<tr>\n<td valign=\"top\"><strong>Caracter&iacute;sticas<\/strong><\/td>\n<td>&#8211; Teclas: 105 + 9 multimedia<br \/>\t\t\t&#8211; Anti-ghosting: 19 teclas<br \/>\t\t\t&#8211; Conexi&oacute;n \/ Cable: USB \/ 1.5 m<br \/>\t\t\t&#8211; Dimensiones: 446 x 195 x 35 mm<br \/>\t\t\t&#8211; Peso: 769 &plusmn;10 g<\/td>\n<\/tr>\n<tr>\n<td valign=\"top\">&nbsp;<\/td>\n<td>+<\/td>\n<\/tr>\n<tr>\n<td valign=\"top\"><strong>Tipo<\/strong><\/td>\n<td><strong>&#8211; Rat&oacute;n<\/strong><\/td>\n<\/tr>\n<tr>\n<td valign=\"top\"><strong>Caracter&iacute;sticas<\/strong><\/td>\n<td>&#8211; Sensor: &Oacute;ptico<br \/>\t\t\t&#8211; Resoluci&oacute;n: 800-1600-2400-3200-4800-8000 DPI<br \/>\t\t\t&#8211; Botones: 8<br \/>\t\t\t&#8211; Conexi&oacute;n \/ Cable: USB \/ 1.5 m<br \/>\t\t\t&#8211; Dimensiones: 126 x 62 x 42 mm<br \/>\t\t\t&#8211; Peso: 137 &plusmn;5 g<\/td>\n<\/tr>\n<tr>\n<td valign=\"top\">&nbsp;<\/td>\n<td>+<\/td>\n<\/tr>\n<tr>\n<td valign=\"top\"><strong>Tipo<\/strong><\/td>\n<td><strong>&#8211; Auriculares<\/strong><\/td>\n<\/tr>\n<tr>\n<td valign=\"top\"><strong>Caracter&iacute;sticas<\/strong><\/td>\n<td>&#8211; Tama&ntilde;o auriculares: 50 mm<br \/>\t\t\t&#8211; Sonido: Est&eacute;reo<br \/>\t\t\t&#8211; Sensibilidad: 115 dB\/mW<br \/>\t\t\t&#8211; Tama&ntilde;o de micr&oacute;fono: 6 x 2.2mm<br \/>\t\t\t&#8211; Impedancia: 32 Ohm<br \/>\t\t\t&#8211; Frecuencia: 20-20000Hz<br \/>\t\t\t&#8211; Conexi&oacute;n \/ Cable: USB + 2 x 3.5mm jack<br \/>\t\t\t&#8211; Micr&oacute;fono: Omnidireccional<br \/>\t\t\t&#8211; Sensibilidad: -38&plusmn;3dB<br \/>\t\t\t&#8211; Dimensiones: 200 x 160 x 100 mm<br \/>\t\t\t&#8211; Peso: 250 &plusmn;5 g<\/td>\n<\/tr>\n<tr>\n<td valign=\"top\">&nbsp;<\/td>\n<td>+<\/td>\n<\/tr>\n<tr>\n<td valign=\"top\"><strong>Tipo<\/strong><\/td>\n<td><strong>&#8211; Alfombrilla<\/strong><\/td>\n<\/tr>\n<tr>\n<td valign=\"top\"><strong>Caracter&iacute;sticas<\/strong><\/td>\n<td>&#8211; Superficie: Tela<br \/>\t\t\t&#8211; Base: Goma antideslizante<br \/>\t\t\t&#8211; Borde: Cosido<br \/>\t\t\t&#8211; Color: Negro<br \/>\t\t\t&#8211; Dimensiones: 450 x 400 x 3 mm<br \/>\t\t\t&#8211; Peso: 345 &plusmn;5 g<\/td>\n<\/tr>\n<tr>\n<td valign=\"top\"><strong>Fecha de revisi&oacute;n<\/strong><\/td>\n<td>21-02-2023 por RTY<\/td>\n<\/tr>\n<\/table>\n","protected":false},"excerpt":{"rendered":"<p>Krom Kenya es el pack gaming con el que completar tu setup, desde un teclado anti-ghosting que incorpora pr&aacute;cticas teclas multimedias, unos agradables auriculares est&eacute;reo con micr&oacute;fono integrado hasta un rat&oacute;n ergon&oacute;mico capaz de alcanzar 8000 DPI y una amplia alfombrilla speed. El pack gaming perfecto para los gamers, que, adem&aacute;s, aporta una incre&iacute;ble iluminaci&oacute;n&hellip;&nbsp;<a href=\"https:\/\/aivlisoft.net\/shop\/producto\/krom-combo-gaming-kenya-4-en-1\/\" rel=\"bookmark\"><span class=\"screen-reader-text\">KROM Combo Gaming KENYA 4 en 1<\/span><\/a><\/p>\n","protected":false},"featured_media":10699,"template":"","meta":{"neve_meta_sidebar":"","neve_meta_container":"","neve_meta_enable_content_width":"","neve_meta_content_width":0,"neve_meta_title_alignment":"","neve_meta_author_avatar":"","neve_post_elements_order":"","neve_meta_disable_header":"","neve_meta_disable_footer":"","neve_meta_disable_title":""},"product_brand":[],"product_cat":[15,790,1970,4099],"product_tag":[4134],"class_list":{"0":"post-10698","1":"product","2":"type-product","3":"status-publish","4":"has-post-thumbnail","6":"product_cat-sin-categorizar","7":"product_cat-accesorios-gaming","8":"product_cat-accesorios-pc-y-tpv","9":"product_cat-teclados-y-ratones","10":"product_tag-nxkromkenya","12":"first","13":"instock","14":"taxable","15":"shipping-taxable","16":"purchasable","17":"product-type-simple"},"yoast_head":"<!-- This site is optimized with the Yoast SEO plugin v26.0 - https:\/\/yoast.com\/wordpress\/plugins\/seo\/ -->\n<title>KROM Combo Gaming KENYA 4 en 1 - Aivlisoft Inform\u00e1tica<\/title>\n<meta name=\"robots\" content=\"index, follow, max-snippet:-1, max-image-preview:large, max-video-preview:-1\" \/>\n<link rel=\"canonical\" href=\"https:\/\/aivlisoft.net\/shop\/producto\/krom-combo-gaming-kenya-4-en-1\/\" \/>\n<meta property=\"og:locale\" content=\"es_ES\" \/>\n<meta property=\"og:type\" content=\"article\" \/>\n<meta property=\"og:title\" content=\"KROM Combo Gaming KENYA 4 en 1 - Aivlisoft Inform\u00e1tica\" \/>\n<meta property=\"og:description\" content=\"Krom Kenya es el pack gaming con el que completar tu setup, desde un teclado anti-ghosting que incorpora pr&aacute;cticas teclas multimedias, unos agradables auriculares est&eacute;reo con micr&oacute;fono integrado hasta un rat&oacute;n ergon&oacute;mico capaz de alcanzar 8000 DPI y una amplia alfombrilla speed. El pack gaming perfecto para los gamers, que, adem&aacute;s, aporta una incre&iacute;ble iluminaci&oacute;n&hellip;&nbsp;KROM Combo Gaming KENYA 4 en 1\" \/>\n<meta property=\"og:url\" content=\"https:\/\/aivlisoft.net\/shop\/producto\/krom-combo-gaming-kenya-4-en-1\/\" \/>\n<meta property=\"og:site_name\" content=\"Aivlisoft Inform\u00e1tica\" \/>\n<meta property=\"article:modified_time\" content=\"2025-01-15T10:41:43+00:00\" \/>\n<meta property=\"og:image\" content=\"https:\/\/aivlisoft.net\/shop\/wp-content\/uploads\/2025\/01\/FTRCTR0215_800.jpg\" \/>\n\t<meta property=\"og:image:width\" content=\"800\" \/>\n\t<meta property=\"og:image:height\" content=\"800\" \/>\n\t<meta property=\"og:image:type\" content=\"image\/jpeg\" \/>\n<meta name=\"twitter:card\" content=\"summary_large_image\" \/>\n<meta name=\"twitter:label1\" content=\"Tiempo de lectura\" \/>\n\t<meta name=\"twitter:data1\" content=\"1 minuto\" \/>\n<script type=\"application\/ld+json\" class=\"yoast-schema-graph\">{\"@context\":\"https:\/\/schema.org\",\"@graph\":[{\"@type\":\"WebPage\",\"@id\":\"https:\/\/aivlisoft.net\/shop\/producto\/krom-combo-gaming-kenya-4-en-1\/\",\"url\":\"https:\/\/aivlisoft.net\/shop\/producto\/krom-combo-gaming-kenya-4-en-1\/\",\"name\":\"KROM Combo Gaming KENYA 4 en 1 - Aivlisoft Inform\u00e1tica\",\"isPartOf\":{\"@id\":\"https:\/\/aivlisoft.net\/shop\/#website\"},\"primaryImageOfPage\":{\"@id\":\"https:\/\/aivlisoft.net\/shop\/producto\/krom-combo-gaming-kenya-4-en-1\/#primaryimage\"},\"image\":{\"@id\":\"https:\/\/aivlisoft.net\/shop\/producto\/krom-combo-gaming-kenya-4-en-1\/#primaryimage\"},\"thumbnailUrl\":\"https:\/\/aivlisoft.net\/shop\/wp-content\/uploads\/2025\/01\/FTRCTR0215_800.jpg\",\"datePublished\":\"2025-01-13T14:07:27+00:00\",\"dateModified\":\"2025-01-15T10:41:43+00:00\",\"breadcrumb\":{\"@id\":\"https:\/\/aivlisoft.net\/shop\/producto\/krom-combo-gaming-kenya-4-en-1\/#breadcrumb\"},\"inLanguage\":\"es\",\"potentialAction\":[{\"@type\":\"ReadAction\",\"target\":[\"https:\/\/aivlisoft.net\/shop\/producto\/krom-combo-gaming-kenya-4-en-1\/\"]}]},{\"@type\":\"ImageObject\",\"inLanguage\":\"es\",\"@id\":\"https:\/\/aivlisoft.net\/shop\/producto\/krom-combo-gaming-kenya-4-en-1\/#primaryimage\",\"url\":\"https:\/\/aivlisoft.net\/shop\/wp-content\/uploads\/2025\/01\/FTRCTR0215_800.jpg\",\"contentUrl\":\"https:\/\/aivlisoft.net\/shop\/wp-content\/uploads\/2025\/01\/FTRCTR0215_800.jpg\",\"width\":800,\"height\":800},{\"@type\":\"BreadcrumbList\",\"@id\":\"https:\/\/aivlisoft.net\/shop\/producto\/krom-combo-gaming-kenya-4-en-1\/#breadcrumb\",\"itemListElement\":[{\"@type\":\"ListItem\",\"position\":1,\"name\":\"Portada\",\"item\":\"https:\/\/aivlisoft.net\/shop\/\"},{\"@type\":\"ListItem\",\"position\":2,\"name\":\"Tienda\",\"item\":\"https:\/\/aivlisoft.net\/shop\/tienda\/\"},{\"@type\":\"ListItem\",\"position\":3,\"name\":\"KROM Combo Gaming KENYA 4 en 1\"}]},{\"@type\":\"WebSite\",\"@id\":\"https:\/\/aivlisoft.net\/shop\/#website\",\"url\":\"https:\/\/aivlisoft.net\/shop\/\",\"name\":\"Aivlisoft Inform\u00e1tica\",\"description\":\"En Aivlisoft Inform\u00e1tica ofrecemos soluciones tecnol\u00f3gicas para empresas: venta de ordenadores, consumibles, perif\u00e9ricos y m\u00e1s. Calidad, atenci\u00f3n personalizada y los mejores precios para tu negocio.\",\"publisher\":{\"@id\":\"https:\/\/aivlisoft.net\/shop\/#organization\"},\"potentialAction\":[{\"@type\":\"SearchAction\",\"target\":{\"@type\":\"EntryPoint\",\"urlTemplate\":\"https:\/\/aivlisoft.net\/shop\/?s={search_term_string}\"},\"query-input\":{\"@type\":\"PropertyValueSpecification\",\"valueRequired\":true,\"valueName\":\"search_term_string\"}}],\"inLanguage\":\"es\"},{\"@type\":\"Organization\",\"@id\":\"https:\/\/aivlisoft.net\/shop\/#organization\",\"name\":\"Aivlisoft Inform\u00e1tica\",\"url\":\"https:\/\/aivlisoft.net\/shop\/\",\"logo\":{\"@type\":\"ImageObject\",\"inLanguage\":\"es\",\"@id\":\"https:\/\/aivlisoft.net\/shop\/#\/schema\/logo\/image\/\",\"url\":\"https:\/\/aivlisoft.net\/shop\/wp-content\/uploads\/2024\/12\/removal.ai_5b848c54-0cdf-4140-95c5-c5536bb7573b-logodef.png\",\"contentUrl\":\"https:\/\/aivlisoft.net\/shop\/wp-content\/uploads\/2024\/12\/removal.ai_5b848c54-0cdf-4140-95c5-c5536bb7573b-logodef.png\",\"width\":484,\"height\":182,\"caption\":\"Aivlisoft Inform\u00e1tica\"},\"image\":{\"@id\":\"https:\/\/aivlisoft.net\/shop\/#\/schema\/logo\/image\/\"}}]}<\/script>\n<!-- \/ Yoast SEO plugin. -->","yoast_head_json":{"title":"KROM Combo Gaming KENYA 4 en 1 - Aivlisoft Inform\u00e1tica","robots":{"index":"index","follow":"follow","max-snippet":"max-snippet:-1","max-image-preview":"max-image-preview:large","max-video-preview":"max-video-preview:-1"},"canonical":"https:\/\/aivlisoft.net\/shop\/producto\/krom-combo-gaming-kenya-4-en-1\/","og_locale":"es_ES","og_type":"article","og_title":"KROM Combo Gaming KENYA 4 en 1 - Aivlisoft Inform\u00e1tica","og_description":"Krom Kenya es el pack gaming con el que completar tu setup, desde un teclado anti-ghosting que incorpora pr&aacute;cticas teclas multimedias, unos agradables auriculares est&eacute;reo con micr&oacute;fono integrado hasta un rat&oacute;n ergon&oacute;mico capaz de alcanzar 8000 DPI y una amplia alfombrilla speed. El pack gaming perfecto para los gamers, que, adem&aacute;s, aporta una incre&iacute;ble iluminaci&oacute;n&hellip;&nbsp;KROM Combo Gaming KENYA 4 en 1","og_url":"https:\/\/aivlisoft.net\/shop\/producto\/krom-combo-gaming-kenya-4-en-1\/","og_site_name":"Aivlisoft Inform\u00e1tica","article_modified_time":"2025-01-15T10:41:43+00:00","og_image":[{"width":800,"height":800,"url":"https:\/\/aivlisoft.net\/shop\/wp-content\/uploads\/2025\/01\/FTRCTR0215_800.jpg","type":"image\/jpeg"}],"twitter_card":"summary_large_image","twitter_misc":{"Tiempo de lectura":"1 minuto"},"schema":{"@context":"https:\/\/schema.org","@graph":[{"@type":"WebPage","@id":"https:\/\/aivlisoft.net\/shop\/producto\/krom-combo-gaming-kenya-4-en-1\/","url":"https:\/\/aivlisoft.net\/shop\/producto\/krom-combo-gaming-kenya-4-en-1\/","name":"KROM Combo Gaming KENYA 4 en 1 - Aivlisoft Inform\u00e1tica","isPartOf":{"@id":"https:\/\/aivlisoft.net\/shop\/#website"},"primaryImageOfPage":{"@id":"https:\/\/aivlisoft.net\/shop\/producto\/krom-combo-gaming-kenya-4-en-1\/#primaryimage"},"image":{"@id":"https:\/\/aivlisoft.net\/shop\/producto\/krom-combo-gaming-kenya-4-en-1\/#primaryimage"},"thumbnailUrl":"https:\/\/aivlisoft.net\/shop\/wp-content\/uploads\/2025\/01\/FTRCTR0215_800.jpg","datePublished":"2025-01-13T14:07:27+00:00","dateModified":"2025-01-15T10:41:43+00:00","breadcrumb":{"@id":"https:\/\/aivlisoft.net\/shop\/producto\/krom-combo-gaming-kenya-4-en-1\/#breadcrumb"},"inLanguage":"es","potentialAction":[{"@type":"ReadAction","target":["https:\/\/aivlisoft.net\/shop\/producto\/krom-combo-gaming-kenya-4-en-1\/"]}]},{"@type":"ImageObject","inLanguage":"es","@id":"https:\/\/aivlisoft.net\/shop\/producto\/krom-combo-gaming-kenya-4-en-1\/#primaryimage","url":"https:\/\/aivlisoft.net\/shop\/wp-content\/uploads\/2025\/01\/FTRCTR0215_800.jpg","contentUrl":"https:\/\/aivlisoft.net\/shop\/wp-content\/uploads\/2025\/01\/FTRCTR0215_800.jpg","width":800,"height":800},{"@type":"BreadcrumbList","@id":"https:\/\/aivlisoft.net\/shop\/producto\/krom-combo-gaming-kenya-4-en-1\/#breadcrumb","itemListElement":[{"@type":"ListItem","position":1,"name":"Portada","item":"https:\/\/aivlisoft.net\/shop\/"},{"@type":"ListItem","position":2,"name":"Tienda","item":"https:\/\/aivlisoft.net\/shop\/tienda\/"},{"@type":"ListItem","position":3,"name":"KROM Combo Gaming KENYA 4 en 1"}]},{"@type":"WebSite","@id":"https:\/\/aivlisoft.net\/shop\/#website","url":"https:\/\/aivlisoft.net\/shop\/","name":"Aivlisoft Inform\u00e1tica","description":"En Aivlisoft Inform\u00e1tica ofrecemos soluciones tecnol\u00f3gicas para empresas: venta de ordenadores, consumibles, perif\u00e9ricos y m\u00e1s. Calidad, atenci\u00f3n personalizada y los mejores precios para tu negocio.","publisher":{"@id":"https:\/\/aivlisoft.net\/shop\/#organization"},"potentialAction":[{"@type":"SearchAction","target":{"@type":"EntryPoint","urlTemplate":"https:\/\/aivlisoft.net\/shop\/?s={search_term_string}"},"query-input":{"@type":"PropertyValueSpecification","valueRequired":true,"valueName":"search_term_string"}}],"inLanguage":"es"},{"@type":"Organization","@id":"https:\/\/aivlisoft.net\/shop\/#organization","name":"Aivlisoft Inform\u00e1tica","url":"https:\/\/aivlisoft.net\/shop\/","logo":{"@type":"ImageObject","inLanguage":"es","@id":"https:\/\/aivlisoft.net\/shop\/#\/schema\/logo\/image\/","url":"https:\/\/aivlisoft.net\/shop\/wp-content\/uploads\/2024\/12\/removal.ai_5b848c54-0cdf-4140-95c5-c5536bb7573b-logodef.png","contentUrl":"https:\/\/aivlisoft.net\/shop\/wp-content\/uploads\/2024\/12\/removal.ai_5b848c54-0cdf-4140-95c5-c5536bb7573b-logodef.png","width":484,"height":182,"caption":"Aivlisoft Inform\u00e1tica"},"image":{"@id":"https:\/\/aivlisoft.net\/shop\/#\/schema\/logo\/image\/"}}]}},"_links":{"self":[{"href":"https:\/\/aivlisoft.net\/shop\/wp-json\/wp\/v2\/product\/10698","targetHints":{"allow":["GET"]}}],"collection":[{"href":"https:\/\/aivlisoft.net\/shop\/wp-json\/wp\/v2\/product"}],"about":[{"href":"https:\/\/aivlisoft.net\/shop\/wp-json\/wp\/v2\/types\/product"}],"wp:featuredmedia":[{"embeddable":true,"href":"https:\/\/aivlisoft.net\/shop\/wp-json\/wp\/v2\/media\/10699"}],"wp:attachment":[{"href":"https:\/\/aivlisoft.net\/shop\/wp-json\/wp\/v2\/media?parent=10698"}],"wp:term":[{"taxonomy":"product_brand","embeddable":true,"href":"https:\/\/aivlisoft.net\/shop\/wp-json\/wp\/v2\/product_brand?post=10698"},{"taxonomy":"product_cat","embeddable":true,"href":"https:\/\/aivlisoft.net\/shop\/wp-json\/wp\/v2\/product_cat?post=10698"},{"taxonomy":"product_tag","embeddable":true,"href":"https:\/\/aivlisoft.net\/shop\/wp-json\/wp\/v2\/product_tag?post=10698"}],"curies":[{"name":"wp","href":"https:\/\/api.w.org\/{rel}","templated":true}]}}