{"id":10684,"date":"2025-01-13T14:07:21","date_gmt":"2025-01-13T14:07:21","guid":{"rendered":"https:\/\/aivlisoft.com\/?post_type=product&#038;p=10684"},"modified":"2025-01-15T10:43:42","modified_gmt":"2025-01-15T10:43:42","slug":"ewent-tecladoraton-gaming-pl3201-usb","status":"publish","type":"product","link":"https:\/\/aivlisoft.net\/shop\/producto\/ewent-tecladoraton-gaming-pl3201-usb\/","title":{"rendered":"EWENT teclado+raton gaming PL3201 usb"},"content":{"rendered":"<p>&#8211; Iluminaci&oacute;n en las letras y en el fondo: iluminaci&oacute;n de 3 colores de &aacute;rea con efecto de respiraci&oacute;n<br \/>&#8211; Key Anti-Ghosting, capaz de registrar hasta 19 pulsaciones de teclas simult&aacute;neas<br \/>&#8211; 12 teclas multimedia<br \/>&#8211; Bloqueo de Windows para habilitar el modo de juego<br \/>&#8211; Rat&oacute;n para juegos RGB con 5 modos de iluminaci&oacute;n seleccionables<br \/>&#8211; Sensor de alta precisi&oacute;n con cuatro niveles de DPI preestablecidos: 1000-1600-2400-3600<br \/>&#8211; Agarre perfecto con 7 botones y rueda de desplazamiento antideslizante<br \/>&nbsp;<\/p>\n<table width=\"100%\">\n<tr>\n<td valign=\"top\"><strong>Marca<\/strong><\/td>\n<td>Ewent<\/td>\n<\/tr>\n<tr>\n<td valign=\"top\"><strong>Modelo<\/strong><\/td>\n<td valign=\"top\"><strong>PL3201<\/strong><\/td>\n<\/tr>\n<tr>\n<td valign=\"top\"><strong>Caracter&iacute;sticas<\/strong><\/td>\n<td><strong>Teclado:<\/strong><br \/>\t\t\t&#8211; Dise&ntilde;o. Dise&ntilde;o QWERTY ES<br \/>\t\t\t&#8211; N&uacute;mero de llaves: 104<br \/>\t\t\t&#8211; Tecnolog&iacute;a clave: membrana<br \/>\t\t\t&#8211; Luz de fondo: si<br \/>\t\t\t&#8211; Iluminaci&oacute;n de fondo: arco iris<br \/>\t\t\t&#8211; Iluminaci&oacute;n de teclas: s&iacute;<br \/>\t\t\t&#8211; Tecla multimedia: S&iacute;, 12 funciones FN<br \/>\t\t\t&#8211; Indicadores: Bloq May&uacute;s, Bloq Num, Bloq Desplazamiento-<br \/>\t\t\t&#8211; Dimensiones (LxAnxAl): 431,7 x 126,5 x 26 mm<br \/>\t\t\t&#8211; Longitud del cable: 1,4 m<br \/>\t\t\t<strong>Rat&oacute;n:<\/strong><br \/>\t\t\t&#8211; Tipo de conexi&oacute;n: USB con cable<br \/>\t\t\t&#8211; Sensor: &oacute;ptico<br \/>\t\t\t&#8211; DPI: 1000-1600-2400-3600<br \/>\t\t\t&#8211; N&uacute;mero de botones: 7 + rueda de desplazamiento<br \/>\t\t\t&#8211; Zurdos o diestros: zurdos, diestros<br \/>\t\t\t&#8211; Luces: S&iacute;, RGB<br \/>\t\t\t&#8211; Modo led: s&iacute;, 5 y seleccionable<br \/>\t\t\t&#8211; Longitud del cable: 1,5 m<br \/>\t\t\t&#8211; Dimensi&oacute;n: 123x68x40.5mm<br \/>\t\t\t&#8211; Peso: 120gr&nbsp;<\/td>\n<\/tr>\n<tr>\n<td valign=\"top\"><strong>Fecha de revisi&oacute;n<\/strong><\/td>\n<td>27-10-2021 por YMC&nbsp;&nbsp;<\/td>\n<\/tr>\n<\/table>\n","protected":false},"excerpt":{"rendered":"<p>&#8211; Iluminaci&oacute;n en las letras y en el fondo: iluminaci&oacute;n de 3 colores de &aacute;rea con efecto de respiraci&oacute;n&#8211; Key Anti-Ghosting, capaz de registrar hasta 19 pulsaciones de teclas simult&aacute;neas&#8211; 12 teclas multimedia&#8211; Bloqueo de Windows para habilitar el modo de juego&#8211; Rat&oacute;n para juegos RGB con 5 modos de iluminaci&oacute;n seleccionables&#8211; Sensor de alta&hellip;&nbsp;<a href=\"https:\/\/aivlisoft.net\/shop\/producto\/ewent-tecladoraton-gaming-pl3201-usb\/\" rel=\"bookmark\"><span class=\"screen-reader-text\">EWENT teclado+raton gaming PL3201 usb<\/span><\/a><\/p>\n","protected":false},"featured_media":10685,"template":"","meta":{"neve_meta_sidebar":"","neve_meta_container":"","neve_meta_enable_content_width":"","neve_meta_content_width":0,"neve_meta_title_alignment":"","neve_meta_author_avatar":"","neve_post_elements_order":"","neve_meta_disable_header":"","neve_meta_disable_footer":"","neve_meta_disable_title":""},"product_brand":[],"product_cat":[15,790,1970,4099],"product_tag":[4130],"class_list":{"0":"post-10684","1":"product","2":"type-product","3":"status-publish","4":"has-post-thumbnail","6":"product_cat-sin-categorizar","7":"product_cat-accesorios-gaming","8":"product_cat-accesorios-pc-y-tpv","9":"product_cat-teclados-y-ratones","10":"product_tag-pl3201","12":"first","13":"instock","14":"taxable","15":"shipping-taxable","16":"purchasable","17":"product-type-simple"},"yoast_head":"<!-- This site is optimized with the Yoast SEO plugin v26.0 - https:\/\/yoast.com\/wordpress\/plugins\/seo\/ -->\n<title>EWENT teclado+raton gaming PL3201 usb - Aivlisoft Inform\u00e1tica<\/title>\n<meta name=\"robots\" content=\"index, follow, max-snippet:-1, max-image-preview:large, max-video-preview:-1\" \/>\n<link rel=\"canonical\" href=\"https:\/\/aivlisoft.net\/shop\/producto\/ewent-tecladoraton-gaming-pl3201-usb\/\" \/>\n<meta property=\"og:locale\" content=\"es_ES\" \/>\n<meta property=\"og:type\" content=\"article\" \/>\n<meta property=\"og:title\" content=\"EWENT teclado+raton gaming PL3201 usb - Aivlisoft Inform\u00e1tica\" \/>\n<meta property=\"og:description\" content=\"&#8211; Iluminaci&oacute;n en las letras y en el fondo: iluminaci&oacute;n de 3 colores de &aacute;rea con efecto de respiraci&oacute;n&#8211; Key Anti-Ghosting, capaz de registrar hasta 19 pulsaciones de teclas simult&aacute;neas&#8211; 12 teclas multimedia&#8211; Bloqueo de Windows para habilitar el modo de juego&#8211; Rat&oacute;n para juegos RGB con 5 modos de iluminaci&oacute;n seleccionables&#8211; Sensor de alta&hellip;&nbsp;EWENT teclado+raton gaming PL3201 usb\" \/>\n<meta property=\"og:url\" content=\"https:\/\/aivlisoft.net\/shop\/producto\/ewent-tecladoraton-gaming-pl3201-usb\/\" \/>\n<meta property=\"og:site_name\" content=\"Aivlisoft Inform\u00e1tica\" \/>\n<meta property=\"article:modified_time\" content=\"2025-01-15T10:43:42+00:00\" \/>\n<meta property=\"og:image\" content=\"https:\/\/aivlisoft.net\/shop\/wp-content\/uploads\/2025\/01\/FTRCTR0206_800.jpg\" \/>\n\t<meta property=\"og:image:width\" content=\"800\" \/>\n\t<meta property=\"og:image:height\" content=\"800\" \/>\n\t<meta property=\"og:image:type\" content=\"image\/jpeg\" \/>\n<meta name=\"twitter:card\" content=\"summary_large_image\" \/>\n<meta name=\"twitter:label1\" content=\"Tiempo de lectura\" \/>\n\t<meta name=\"twitter:data1\" content=\"1 minuto\" \/>\n<script type=\"application\/ld+json\" class=\"yoast-schema-graph\">{\"@context\":\"https:\/\/schema.org\",\"@graph\":[{\"@type\":\"WebPage\",\"@id\":\"https:\/\/aivlisoft.net\/shop\/producto\/ewent-tecladoraton-gaming-pl3201-usb\/\",\"url\":\"https:\/\/aivlisoft.net\/shop\/producto\/ewent-tecladoraton-gaming-pl3201-usb\/\",\"name\":\"EWENT teclado+raton gaming PL3201 usb - Aivlisoft Inform\u00e1tica\",\"isPartOf\":{\"@id\":\"https:\/\/aivlisoft.net\/shop\/#website\"},\"primaryImageOfPage\":{\"@id\":\"https:\/\/aivlisoft.net\/shop\/producto\/ewent-tecladoraton-gaming-pl3201-usb\/#primaryimage\"},\"image\":{\"@id\":\"https:\/\/aivlisoft.net\/shop\/producto\/ewent-tecladoraton-gaming-pl3201-usb\/#primaryimage\"},\"thumbnailUrl\":\"https:\/\/aivlisoft.net\/shop\/wp-content\/uploads\/2025\/01\/FTRCTR0206_800.jpg\",\"datePublished\":\"2025-01-13T14:07:21+00:00\",\"dateModified\":\"2025-01-15T10:43:42+00:00\",\"breadcrumb\":{\"@id\":\"https:\/\/aivlisoft.net\/shop\/producto\/ewent-tecladoraton-gaming-pl3201-usb\/#breadcrumb\"},\"inLanguage\":\"es\",\"potentialAction\":[{\"@type\":\"ReadAction\",\"target\":[\"https:\/\/aivlisoft.net\/shop\/producto\/ewent-tecladoraton-gaming-pl3201-usb\/\"]}]},{\"@type\":\"ImageObject\",\"inLanguage\":\"es\",\"@id\":\"https:\/\/aivlisoft.net\/shop\/producto\/ewent-tecladoraton-gaming-pl3201-usb\/#primaryimage\",\"url\":\"https:\/\/aivlisoft.net\/shop\/wp-content\/uploads\/2025\/01\/FTRCTR0206_800.jpg\",\"contentUrl\":\"https:\/\/aivlisoft.net\/shop\/wp-content\/uploads\/2025\/01\/FTRCTR0206_800.jpg\",\"width\":800,\"height\":800},{\"@type\":\"BreadcrumbList\",\"@id\":\"https:\/\/aivlisoft.net\/shop\/producto\/ewent-tecladoraton-gaming-pl3201-usb\/#breadcrumb\",\"itemListElement\":[{\"@type\":\"ListItem\",\"position\":1,\"name\":\"Portada\",\"item\":\"https:\/\/aivlisoft.net\/shop\/\"},{\"@type\":\"ListItem\",\"position\":2,\"name\":\"Tienda\",\"item\":\"https:\/\/aivlisoft.net\/shop\/tienda\/\"},{\"@type\":\"ListItem\",\"position\":3,\"name\":\"EWENT teclado+raton gaming PL3201 usb\"}]},{\"@type\":\"WebSite\",\"@id\":\"https:\/\/aivlisoft.net\/shop\/#website\",\"url\":\"https:\/\/aivlisoft.net\/shop\/\",\"name\":\"Aivlisoft Inform\u00e1tica\",\"description\":\"En Aivlisoft Inform\u00e1tica ofrecemos soluciones tecnol\u00f3gicas para empresas: venta de ordenadores, consumibles, perif\u00e9ricos y m\u00e1s. Calidad, atenci\u00f3n personalizada y los mejores precios para tu negocio.\",\"publisher\":{\"@id\":\"https:\/\/aivlisoft.net\/shop\/#organization\"},\"potentialAction\":[{\"@type\":\"SearchAction\",\"target\":{\"@type\":\"EntryPoint\",\"urlTemplate\":\"https:\/\/aivlisoft.net\/shop\/?s={search_term_string}\"},\"query-input\":{\"@type\":\"PropertyValueSpecification\",\"valueRequired\":true,\"valueName\":\"search_term_string\"}}],\"inLanguage\":\"es\"},{\"@type\":\"Organization\",\"@id\":\"https:\/\/aivlisoft.net\/shop\/#organization\",\"name\":\"Aivlisoft Inform\u00e1tica\",\"url\":\"https:\/\/aivlisoft.net\/shop\/\",\"logo\":{\"@type\":\"ImageObject\",\"inLanguage\":\"es\",\"@id\":\"https:\/\/aivlisoft.net\/shop\/#\/schema\/logo\/image\/\",\"url\":\"https:\/\/aivlisoft.net\/shop\/wp-content\/uploads\/2024\/12\/removal.ai_5b848c54-0cdf-4140-95c5-c5536bb7573b-logodef.png\",\"contentUrl\":\"https:\/\/aivlisoft.net\/shop\/wp-content\/uploads\/2024\/12\/removal.ai_5b848c54-0cdf-4140-95c5-c5536bb7573b-logodef.png\",\"width\":484,\"height\":182,\"caption\":\"Aivlisoft Inform\u00e1tica\"},\"image\":{\"@id\":\"https:\/\/aivlisoft.net\/shop\/#\/schema\/logo\/image\/\"}}]}<\/script>\n<!-- \/ Yoast SEO plugin. -->","yoast_head_json":{"title":"EWENT teclado+raton gaming PL3201 usb - Aivlisoft Inform\u00e1tica","robots":{"index":"index","follow":"follow","max-snippet":"max-snippet:-1","max-image-preview":"max-image-preview:large","max-video-preview":"max-video-preview:-1"},"canonical":"https:\/\/aivlisoft.net\/shop\/producto\/ewent-tecladoraton-gaming-pl3201-usb\/","og_locale":"es_ES","og_type":"article","og_title":"EWENT teclado+raton gaming PL3201 usb - Aivlisoft Inform\u00e1tica","og_description":"&#8211; Iluminaci&oacute;n en las letras y en el fondo: iluminaci&oacute;n de 3 colores de &aacute;rea con efecto de respiraci&oacute;n&#8211; Key Anti-Ghosting, capaz de registrar hasta 19 pulsaciones de teclas simult&aacute;neas&#8211; 12 teclas multimedia&#8211; Bloqueo de Windows para habilitar el modo de juego&#8211; Rat&oacute;n para juegos RGB con 5 modos de iluminaci&oacute;n seleccionables&#8211; Sensor de alta&hellip;&nbsp;EWENT teclado+raton gaming PL3201 usb","og_url":"https:\/\/aivlisoft.net\/shop\/producto\/ewent-tecladoraton-gaming-pl3201-usb\/","og_site_name":"Aivlisoft Inform\u00e1tica","article_modified_time":"2025-01-15T10:43:42+00:00","og_image":[{"width":800,"height":800,"url":"https:\/\/aivlisoft.net\/shop\/wp-content\/uploads\/2025\/01\/FTRCTR0206_800.jpg","type":"image\/jpeg"}],"twitter_card":"summary_large_image","twitter_misc":{"Tiempo de lectura":"1 minuto"},"schema":{"@context":"https:\/\/schema.org","@graph":[{"@type":"WebPage","@id":"https:\/\/aivlisoft.net\/shop\/producto\/ewent-tecladoraton-gaming-pl3201-usb\/","url":"https:\/\/aivlisoft.net\/shop\/producto\/ewent-tecladoraton-gaming-pl3201-usb\/","name":"EWENT teclado+raton gaming PL3201 usb - Aivlisoft Inform\u00e1tica","isPartOf":{"@id":"https:\/\/aivlisoft.net\/shop\/#website"},"primaryImageOfPage":{"@id":"https:\/\/aivlisoft.net\/shop\/producto\/ewent-tecladoraton-gaming-pl3201-usb\/#primaryimage"},"image":{"@id":"https:\/\/aivlisoft.net\/shop\/producto\/ewent-tecladoraton-gaming-pl3201-usb\/#primaryimage"},"thumbnailUrl":"https:\/\/aivlisoft.net\/shop\/wp-content\/uploads\/2025\/01\/FTRCTR0206_800.jpg","datePublished":"2025-01-13T14:07:21+00:00","dateModified":"2025-01-15T10:43:42+00:00","breadcrumb":{"@id":"https:\/\/aivlisoft.net\/shop\/producto\/ewent-tecladoraton-gaming-pl3201-usb\/#breadcrumb"},"inLanguage":"es","potentialAction":[{"@type":"ReadAction","target":["https:\/\/aivlisoft.net\/shop\/producto\/ewent-tecladoraton-gaming-pl3201-usb\/"]}]},{"@type":"ImageObject","inLanguage":"es","@id":"https:\/\/aivlisoft.net\/shop\/producto\/ewent-tecladoraton-gaming-pl3201-usb\/#primaryimage","url":"https:\/\/aivlisoft.net\/shop\/wp-content\/uploads\/2025\/01\/FTRCTR0206_800.jpg","contentUrl":"https:\/\/aivlisoft.net\/shop\/wp-content\/uploads\/2025\/01\/FTRCTR0206_800.jpg","width":800,"height":800},{"@type":"BreadcrumbList","@id":"https:\/\/aivlisoft.net\/shop\/producto\/ewent-tecladoraton-gaming-pl3201-usb\/#breadcrumb","itemListElement":[{"@type":"ListItem","position":1,"name":"Portada","item":"https:\/\/aivlisoft.net\/shop\/"},{"@type":"ListItem","position":2,"name":"Tienda","item":"https:\/\/aivlisoft.net\/shop\/tienda\/"},{"@type":"ListItem","position":3,"name":"EWENT teclado+raton gaming PL3201 usb"}]},{"@type":"WebSite","@id":"https:\/\/aivlisoft.net\/shop\/#website","url":"https:\/\/aivlisoft.net\/shop\/","name":"Aivlisoft Inform\u00e1tica","description":"En Aivlisoft Inform\u00e1tica ofrecemos soluciones tecnol\u00f3gicas para empresas: venta de ordenadores, consumibles, perif\u00e9ricos y m\u00e1s. Calidad, atenci\u00f3n personalizada y los mejores precios para tu negocio.","publisher":{"@id":"https:\/\/aivlisoft.net\/shop\/#organization"},"potentialAction":[{"@type":"SearchAction","target":{"@type":"EntryPoint","urlTemplate":"https:\/\/aivlisoft.net\/shop\/?s={search_term_string}"},"query-input":{"@type":"PropertyValueSpecification","valueRequired":true,"valueName":"search_term_string"}}],"inLanguage":"es"},{"@type":"Organization","@id":"https:\/\/aivlisoft.net\/shop\/#organization","name":"Aivlisoft Inform\u00e1tica","url":"https:\/\/aivlisoft.net\/shop\/","logo":{"@type":"ImageObject","inLanguage":"es","@id":"https:\/\/aivlisoft.net\/shop\/#\/schema\/logo\/image\/","url":"https:\/\/aivlisoft.net\/shop\/wp-content\/uploads\/2024\/12\/removal.ai_5b848c54-0cdf-4140-95c5-c5536bb7573b-logodef.png","contentUrl":"https:\/\/aivlisoft.net\/shop\/wp-content\/uploads\/2024\/12\/removal.ai_5b848c54-0cdf-4140-95c5-c5536bb7573b-logodef.png","width":484,"height":182,"caption":"Aivlisoft Inform\u00e1tica"},"image":{"@id":"https:\/\/aivlisoft.net\/shop\/#\/schema\/logo\/image\/"}}]}},"_links":{"self":[{"href":"https:\/\/aivlisoft.net\/shop\/wp-json\/wp\/v2\/product\/10684","targetHints":{"allow":["GET"]}}],"collection":[{"href":"https:\/\/aivlisoft.net\/shop\/wp-json\/wp\/v2\/product"}],"about":[{"href":"https:\/\/aivlisoft.net\/shop\/wp-json\/wp\/v2\/types\/product"}],"wp:featuredmedia":[{"embeddable":true,"href":"https:\/\/aivlisoft.net\/shop\/wp-json\/wp\/v2\/media\/10685"}],"wp:attachment":[{"href":"https:\/\/aivlisoft.net\/shop\/wp-json\/wp\/v2\/media?parent=10684"}],"wp:term":[{"taxonomy":"product_brand","embeddable":true,"href":"https:\/\/aivlisoft.net\/shop\/wp-json\/wp\/v2\/product_brand?post=10684"},{"taxonomy":"product_cat","embeddable":true,"href":"https:\/\/aivlisoft.net\/shop\/wp-json\/wp\/v2\/product_cat?post=10684"},{"taxonomy":"product_tag","embeddable":true,"href":"https:\/\/aivlisoft.net\/shop\/wp-json\/wp\/v2\/product_tag?post=10684"}],"curies":[{"name":"wp","href":"https:\/\/api.w.org\/{rel}","templated":true}]}}