{"id":10656,"date":"2025-01-13T14:07:07","date_gmt":"2025-01-13T14:07:07","guid":{"rendered":"https:\/\/aivlisoft.com\/?post_type=product&#038;p=10656"},"modified":"2025-01-15T10:43:45","modified_gmt":"2025-01-15T10:43:45","slug":"ngs-euphoriakit-tecl-raton-wireless-24ghz-negro","status":"publish","type":"product","link":"https:\/\/aivlisoft.net\/shop\/producto\/ngs-euphoriakit-tecl-raton-wireless-24ghz-negro\/","title":{"rendered":"NGS EUPHORIAKIT TECL + RATON WIRELESS 2,4GHZ NEGRO"},"content":{"rendered":"<p>Pack de rat&oacute;n y teclado inal&aacute;mbricos 2,4 GHz Teclado<br \/>La tecnolog&iacute;a 2,4G proporciona una conexi&oacute;n c&oacute;moda y sin cables. Distancia de 10 m. &Uacute;nicamente inserta el receptor.<br \/>El USB recibir&aacute; la se&ntilde;al en su ordenador y podr&aacute;s utilizar el teclado al instante.<br \/>El teclado est&aacute; equipado con almohadillas para asegurar una posici&oacute;n estable y evitar el deslizamiento.<br \/>Tambi&eacute;n incluye un dise&ntilde;o minimalista y antisalpicaduras. Aproximadamente 10 millones de pulsaciones.<br \/>Cuenta con indicadores LED para May&uacute;sculas, Bloqueo num&eacute;rico y Bater&iacute;a baja.<br \/>Disposici&oacute;n est&aacute;ndar<br \/>Rat&oacute;n<br \/>Rat&oacute;n inal&aacute;mbrico 2,4 GHz para ordenador con conexi&oacute;n fiable y sin interferencias<br \/>Dise&ntilde;o ergon&oacute;mico: gracias a su l&iacute;nea, el rat&oacute;n tiene un agarre c&oacute;modo y se adapta perfectamente a tus manos<br \/>Clic silencioso: sus suaves y silenciosos clics te ayudar&aacute;n a no preocuparte por molestar a otros a tu alrededor, ya que reduce el sonido hasta un 90 %.<br \/>Tecnolog&iacute;a &oacute;ptica PPP 1200<br \/>El modo 2,4 GHz funciona con port&aacute;tiles, ordenadores o cualquier dispositivo con puerto USB. Simplemente inserte el receptor en el puerto USB y el rat&oacute;n funcionar&aacute; al momento.<br \/>Incluye una rueda de desplazamiento y 2 botones.<br \/>Ambidiestro<br \/>Alcance inal&aacute;mbrico de 8-10 m<br \/>Instalaci&oacute;n &quot;Plug and Play&quot;<br \/>&nbsp;<\/p>\n<table class=\"tabla_caracteristicas k-table\" width=\"100%\">\n<tr>\n<td><strong>Marca<\/strong><\/td>\n<td>NGS<\/td>\n<\/tr>\n<tr>\n<td><strong>Modelo<\/strong><\/td>\n<td>EUPHORIAKIT<\/td>\n<\/tr>\n<tr>\n<td><strong>Caracteristicas<\/strong><\/td>\n<td>&#8211; Rat&oacute;n &oacute;ptico de 1200 DPI<br \/>\t\t\t&#8211; Rat&oacute;n con botones silenciosos<br \/>\t\t\t&#8211; 2 botones + rueda de desplazamiento<br \/>\t\t\t&#8211; Dise&ntilde;o de tama&ntilde;o completo<br \/>\t\t\t&#8211; Cuerpo s&oacute;lido<br \/>\t\t\t<strong>Contenido<\/strong><br \/>\t\t\t&#8211; Teclado<br \/>\t\t\t&#8211; Rat&oacute;n<br \/>\t\t\t&#8211; 2 pilas alcalinas AAA<br \/>\t\t\t&#8211; 1 pila alcalina AA<br \/>\t\t\t&#8211; Gu&iacute;a de instalaci&oacute;n<br \/>\t\t\t&#8211; Tarjeta de garant&iacute;a de 2 a&ntilde;os<\/td>\n<\/tr>\n<tr>\n<td><strong>Fecha de revisi&oacute;n<\/strong><\/td>\n<td>18-05-2021 por YMC<\/td>\n<\/tr>\n<\/table>\n","protected":false},"excerpt":{"rendered":"<p>Pack de rat&oacute;n y teclado inal&aacute;mbricos 2,4 GHz TecladoLa tecnolog&iacute;a 2,4G proporciona una conexi&oacute;n c&oacute;moda y sin cables. Distancia de 10 m. &Uacute;nicamente inserta el receptor.El USB recibir&aacute; la se&ntilde;al en su ordenador y podr&aacute;s utilizar el teclado al instante.El teclado est&aacute; equipado con almohadillas para asegurar una posici&oacute;n estable y evitar el deslizamiento.Tambi&eacute;n incluye&hellip;&nbsp;<a href=\"https:\/\/aivlisoft.net\/shop\/producto\/ngs-euphoriakit-tecl-raton-wireless-24ghz-negro\/\" rel=\"bookmark\"><span class=\"screen-reader-text\">NGS EUPHORIAKIT TECL + RATON WIRELESS 2,4GHZ NEGRO<\/span><\/a><\/p>\n","protected":false},"featured_media":10657,"template":"","meta":{"neve_meta_sidebar":"","neve_meta_container":"","neve_meta_enable_content_width":"","neve_meta_content_width":0,"neve_meta_title_alignment":"","neve_meta_author_avatar":"","neve_post_elements_order":"","neve_meta_disable_header":"","neve_meta_disable_footer":"","neve_meta_disable_title":""},"product_brand":[],"product_cat":[15,790,1970,4099],"product_tag":[4123],"class_list":{"0":"post-10656","1":"product","2":"type-product","3":"status-publish","4":"has-post-thumbnail","6":"product_cat-sin-categorizar","7":"product_cat-accesorios-gaming","8":"product_cat-accesorios-pc-y-tpv","9":"product_cat-teclados-y-ratones","10":"product_tag-euphoriakit","12":"first","13":"instock","14":"taxable","15":"shipping-taxable","16":"purchasable","17":"product-type-simple"},"yoast_head":"<!-- This site is optimized with the Yoast SEO plugin v26.0 - https:\/\/yoast.com\/wordpress\/plugins\/seo\/ -->\n<title>NGS EUPHORIAKIT TECL + RATON WIRELESS 2,4GHZ NEGRO - Aivlisoft Inform\u00e1tica<\/title>\n<meta name=\"robots\" content=\"index, follow, max-snippet:-1, max-image-preview:large, max-video-preview:-1\" \/>\n<link rel=\"canonical\" href=\"https:\/\/aivlisoft.net\/shop\/producto\/ngs-euphoriakit-tecl-raton-wireless-24ghz-negro\/\" \/>\n<meta property=\"og:locale\" content=\"es_ES\" \/>\n<meta property=\"og:type\" content=\"article\" \/>\n<meta property=\"og:title\" content=\"NGS EUPHORIAKIT TECL + RATON WIRELESS 2,4GHZ NEGRO - Aivlisoft Inform\u00e1tica\" \/>\n<meta property=\"og:description\" content=\"Pack de rat&oacute;n y teclado inal&aacute;mbricos 2,4 GHz TecladoLa tecnolog&iacute;a 2,4G proporciona una conexi&oacute;n c&oacute;moda y sin cables. Distancia de 10 m. &Uacute;nicamente inserta el receptor.El USB recibir&aacute; la se&ntilde;al en su ordenador y podr&aacute;s utilizar el teclado al instante.El teclado est&aacute; equipado con almohadillas para asegurar una posici&oacute;n estable y evitar el deslizamiento.Tambi&eacute;n incluye&hellip;&nbsp;NGS EUPHORIAKIT TECL + RATON WIRELESS 2,4GHZ NEGRO\" \/>\n<meta property=\"og:url\" content=\"https:\/\/aivlisoft.net\/shop\/producto\/ngs-euphoriakit-tecl-raton-wireless-24ghz-negro\/\" \/>\n<meta property=\"og:site_name\" content=\"Aivlisoft Inform\u00e1tica\" \/>\n<meta property=\"article:modified_time\" content=\"2025-01-15T10:43:45+00:00\" \/>\n<meta property=\"og:image\" content=\"https:\/\/aivlisoft.net\/shop\/wp-content\/uploads\/2025\/01\/FTRCTR0189_800.jpg\" \/>\n\t<meta property=\"og:image:width\" content=\"800\" \/>\n\t<meta property=\"og:image:height\" content=\"800\" \/>\n\t<meta property=\"og:image:type\" content=\"image\/jpeg\" \/>\n<meta name=\"twitter:card\" content=\"summary_large_image\" \/>\n<meta name=\"twitter:label1\" content=\"Tiempo de lectura\" \/>\n\t<meta name=\"twitter:data1\" content=\"2 minutos\" \/>\n<script type=\"application\/ld+json\" class=\"yoast-schema-graph\">{\"@context\":\"https:\/\/schema.org\",\"@graph\":[{\"@type\":\"WebPage\",\"@id\":\"https:\/\/aivlisoft.net\/shop\/producto\/ngs-euphoriakit-tecl-raton-wireless-24ghz-negro\/\",\"url\":\"https:\/\/aivlisoft.net\/shop\/producto\/ngs-euphoriakit-tecl-raton-wireless-24ghz-negro\/\",\"name\":\"NGS EUPHORIAKIT TECL + RATON WIRELESS 2,4GHZ NEGRO - Aivlisoft Inform\u00e1tica\",\"isPartOf\":{\"@id\":\"https:\/\/aivlisoft.net\/shop\/#website\"},\"primaryImageOfPage\":{\"@id\":\"https:\/\/aivlisoft.net\/shop\/producto\/ngs-euphoriakit-tecl-raton-wireless-24ghz-negro\/#primaryimage\"},\"image\":{\"@id\":\"https:\/\/aivlisoft.net\/shop\/producto\/ngs-euphoriakit-tecl-raton-wireless-24ghz-negro\/#primaryimage\"},\"thumbnailUrl\":\"https:\/\/aivlisoft.net\/shop\/wp-content\/uploads\/2025\/01\/FTRCTR0189_800.jpg\",\"datePublished\":\"2025-01-13T14:07:07+00:00\",\"dateModified\":\"2025-01-15T10:43:45+00:00\",\"breadcrumb\":{\"@id\":\"https:\/\/aivlisoft.net\/shop\/producto\/ngs-euphoriakit-tecl-raton-wireless-24ghz-negro\/#breadcrumb\"},\"inLanguage\":\"es\",\"potentialAction\":[{\"@type\":\"ReadAction\",\"target\":[\"https:\/\/aivlisoft.net\/shop\/producto\/ngs-euphoriakit-tecl-raton-wireless-24ghz-negro\/\"]}]},{\"@type\":\"ImageObject\",\"inLanguage\":\"es\",\"@id\":\"https:\/\/aivlisoft.net\/shop\/producto\/ngs-euphoriakit-tecl-raton-wireless-24ghz-negro\/#primaryimage\",\"url\":\"https:\/\/aivlisoft.net\/shop\/wp-content\/uploads\/2025\/01\/FTRCTR0189_800.jpg\",\"contentUrl\":\"https:\/\/aivlisoft.net\/shop\/wp-content\/uploads\/2025\/01\/FTRCTR0189_800.jpg\",\"width\":800,\"height\":800},{\"@type\":\"BreadcrumbList\",\"@id\":\"https:\/\/aivlisoft.net\/shop\/producto\/ngs-euphoriakit-tecl-raton-wireless-24ghz-negro\/#breadcrumb\",\"itemListElement\":[{\"@type\":\"ListItem\",\"position\":1,\"name\":\"Portada\",\"item\":\"https:\/\/aivlisoft.net\/shop\/\"},{\"@type\":\"ListItem\",\"position\":2,\"name\":\"Tienda\",\"item\":\"https:\/\/aivlisoft.net\/shop\/tienda\/\"},{\"@type\":\"ListItem\",\"position\":3,\"name\":\"NGS EUPHORIAKIT TECL + RATON WIRELESS 2,4GHZ NEGRO\"}]},{\"@type\":\"WebSite\",\"@id\":\"https:\/\/aivlisoft.net\/shop\/#website\",\"url\":\"https:\/\/aivlisoft.net\/shop\/\",\"name\":\"Aivlisoft Inform\u00e1tica\",\"description\":\"En Aivlisoft Inform\u00e1tica ofrecemos soluciones tecnol\u00f3gicas para empresas: venta de ordenadores, consumibles, perif\u00e9ricos y m\u00e1s. Calidad, atenci\u00f3n personalizada y los mejores precios para tu negocio.\",\"publisher\":{\"@id\":\"https:\/\/aivlisoft.net\/shop\/#organization\"},\"potentialAction\":[{\"@type\":\"SearchAction\",\"target\":{\"@type\":\"EntryPoint\",\"urlTemplate\":\"https:\/\/aivlisoft.net\/shop\/?s={search_term_string}\"},\"query-input\":{\"@type\":\"PropertyValueSpecification\",\"valueRequired\":true,\"valueName\":\"search_term_string\"}}],\"inLanguage\":\"es\"},{\"@type\":\"Organization\",\"@id\":\"https:\/\/aivlisoft.net\/shop\/#organization\",\"name\":\"Aivlisoft Inform\u00e1tica\",\"url\":\"https:\/\/aivlisoft.net\/shop\/\",\"logo\":{\"@type\":\"ImageObject\",\"inLanguage\":\"es\",\"@id\":\"https:\/\/aivlisoft.net\/shop\/#\/schema\/logo\/image\/\",\"url\":\"https:\/\/aivlisoft.net\/shop\/wp-content\/uploads\/2024\/12\/removal.ai_5b848c54-0cdf-4140-95c5-c5536bb7573b-logodef.png\",\"contentUrl\":\"https:\/\/aivlisoft.net\/shop\/wp-content\/uploads\/2024\/12\/removal.ai_5b848c54-0cdf-4140-95c5-c5536bb7573b-logodef.png\",\"width\":484,\"height\":182,\"caption\":\"Aivlisoft Inform\u00e1tica\"},\"image\":{\"@id\":\"https:\/\/aivlisoft.net\/shop\/#\/schema\/logo\/image\/\"}}]}<\/script>\n<!-- \/ Yoast SEO plugin. -->","yoast_head_json":{"title":"NGS EUPHORIAKIT TECL + RATON WIRELESS 2,4GHZ NEGRO - Aivlisoft Inform\u00e1tica","robots":{"index":"index","follow":"follow","max-snippet":"max-snippet:-1","max-image-preview":"max-image-preview:large","max-video-preview":"max-video-preview:-1"},"canonical":"https:\/\/aivlisoft.net\/shop\/producto\/ngs-euphoriakit-tecl-raton-wireless-24ghz-negro\/","og_locale":"es_ES","og_type":"article","og_title":"NGS EUPHORIAKIT TECL + RATON WIRELESS 2,4GHZ NEGRO - Aivlisoft Inform\u00e1tica","og_description":"Pack de rat&oacute;n y teclado inal&aacute;mbricos 2,4 GHz TecladoLa tecnolog&iacute;a 2,4G proporciona una conexi&oacute;n c&oacute;moda y sin cables. Distancia de 10 m. &Uacute;nicamente inserta el receptor.El USB recibir&aacute; la se&ntilde;al en su ordenador y podr&aacute;s utilizar el teclado al instante.El teclado est&aacute; equipado con almohadillas para asegurar una posici&oacute;n estable y evitar el deslizamiento.Tambi&eacute;n incluye&hellip;&nbsp;NGS EUPHORIAKIT TECL + RATON WIRELESS 2,4GHZ NEGRO","og_url":"https:\/\/aivlisoft.net\/shop\/producto\/ngs-euphoriakit-tecl-raton-wireless-24ghz-negro\/","og_site_name":"Aivlisoft Inform\u00e1tica","article_modified_time":"2025-01-15T10:43:45+00:00","og_image":[{"width":800,"height":800,"url":"https:\/\/aivlisoft.net\/shop\/wp-content\/uploads\/2025\/01\/FTRCTR0189_800.jpg","type":"image\/jpeg"}],"twitter_card":"summary_large_image","twitter_misc":{"Tiempo de lectura":"2 minutos"},"schema":{"@context":"https:\/\/schema.org","@graph":[{"@type":"WebPage","@id":"https:\/\/aivlisoft.net\/shop\/producto\/ngs-euphoriakit-tecl-raton-wireless-24ghz-negro\/","url":"https:\/\/aivlisoft.net\/shop\/producto\/ngs-euphoriakit-tecl-raton-wireless-24ghz-negro\/","name":"NGS EUPHORIAKIT TECL + RATON WIRELESS 2,4GHZ NEGRO - Aivlisoft Inform\u00e1tica","isPartOf":{"@id":"https:\/\/aivlisoft.net\/shop\/#website"},"primaryImageOfPage":{"@id":"https:\/\/aivlisoft.net\/shop\/producto\/ngs-euphoriakit-tecl-raton-wireless-24ghz-negro\/#primaryimage"},"image":{"@id":"https:\/\/aivlisoft.net\/shop\/producto\/ngs-euphoriakit-tecl-raton-wireless-24ghz-negro\/#primaryimage"},"thumbnailUrl":"https:\/\/aivlisoft.net\/shop\/wp-content\/uploads\/2025\/01\/FTRCTR0189_800.jpg","datePublished":"2025-01-13T14:07:07+00:00","dateModified":"2025-01-15T10:43:45+00:00","breadcrumb":{"@id":"https:\/\/aivlisoft.net\/shop\/producto\/ngs-euphoriakit-tecl-raton-wireless-24ghz-negro\/#breadcrumb"},"inLanguage":"es","potentialAction":[{"@type":"ReadAction","target":["https:\/\/aivlisoft.net\/shop\/producto\/ngs-euphoriakit-tecl-raton-wireless-24ghz-negro\/"]}]},{"@type":"ImageObject","inLanguage":"es","@id":"https:\/\/aivlisoft.net\/shop\/producto\/ngs-euphoriakit-tecl-raton-wireless-24ghz-negro\/#primaryimage","url":"https:\/\/aivlisoft.net\/shop\/wp-content\/uploads\/2025\/01\/FTRCTR0189_800.jpg","contentUrl":"https:\/\/aivlisoft.net\/shop\/wp-content\/uploads\/2025\/01\/FTRCTR0189_800.jpg","width":800,"height":800},{"@type":"BreadcrumbList","@id":"https:\/\/aivlisoft.net\/shop\/producto\/ngs-euphoriakit-tecl-raton-wireless-24ghz-negro\/#breadcrumb","itemListElement":[{"@type":"ListItem","position":1,"name":"Portada","item":"https:\/\/aivlisoft.net\/shop\/"},{"@type":"ListItem","position":2,"name":"Tienda","item":"https:\/\/aivlisoft.net\/shop\/tienda\/"},{"@type":"ListItem","position":3,"name":"NGS EUPHORIAKIT TECL + RATON WIRELESS 2,4GHZ NEGRO"}]},{"@type":"WebSite","@id":"https:\/\/aivlisoft.net\/shop\/#website","url":"https:\/\/aivlisoft.net\/shop\/","name":"Aivlisoft Inform\u00e1tica","description":"En Aivlisoft Inform\u00e1tica ofrecemos soluciones tecnol\u00f3gicas para empresas: venta de ordenadores, consumibles, perif\u00e9ricos y m\u00e1s. Calidad, atenci\u00f3n personalizada y los mejores precios para tu negocio.","publisher":{"@id":"https:\/\/aivlisoft.net\/shop\/#organization"},"potentialAction":[{"@type":"SearchAction","target":{"@type":"EntryPoint","urlTemplate":"https:\/\/aivlisoft.net\/shop\/?s={search_term_string}"},"query-input":{"@type":"PropertyValueSpecification","valueRequired":true,"valueName":"search_term_string"}}],"inLanguage":"es"},{"@type":"Organization","@id":"https:\/\/aivlisoft.net\/shop\/#organization","name":"Aivlisoft Inform\u00e1tica","url":"https:\/\/aivlisoft.net\/shop\/","logo":{"@type":"ImageObject","inLanguage":"es","@id":"https:\/\/aivlisoft.net\/shop\/#\/schema\/logo\/image\/","url":"https:\/\/aivlisoft.net\/shop\/wp-content\/uploads\/2024\/12\/removal.ai_5b848c54-0cdf-4140-95c5-c5536bb7573b-logodef.png","contentUrl":"https:\/\/aivlisoft.net\/shop\/wp-content\/uploads\/2024\/12\/removal.ai_5b848c54-0cdf-4140-95c5-c5536bb7573b-logodef.png","width":484,"height":182,"caption":"Aivlisoft Inform\u00e1tica"},"image":{"@id":"https:\/\/aivlisoft.net\/shop\/#\/schema\/logo\/image\/"}}]}},"_links":{"self":[{"href":"https:\/\/aivlisoft.net\/shop\/wp-json\/wp\/v2\/product\/10656","targetHints":{"allow":["GET"]}}],"collection":[{"href":"https:\/\/aivlisoft.net\/shop\/wp-json\/wp\/v2\/product"}],"about":[{"href":"https:\/\/aivlisoft.net\/shop\/wp-json\/wp\/v2\/types\/product"}],"wp:featuredmedia":[{"embeddable":true,"href":"https:\/\/aivlisoft.net\/shop\/wp-json\/wp\/v2\/media\/10657"}],"wp:attachment":[{"href":"https:\/\/aivlisoft.net\/shop\/wp-json\/wp\/v2\/media?parent=10656"}],"wp:term":[{"taxonomy":"product_brand","embeddable":true,"href":"https:\/\/aivlisoft.net\/shop\/wp-json\/wp\/v2\/product_brand?post=10656"},{"taxonomy":"product_cat","embeddable":true,"href":"https:\/\/aivlisoft.net\/shop\/wp-json\/wp\/v2\/product_cat?post=10656"},{"taxonomy":"product_tag","embeddable":true,"href":"https:\/\/aivlisoft.net\/shop\/wp-json\/wp\/v2\/product_tag?post=10656"}],"curies":[{"name":"wp","href":"https:\/\/api.w.org\/{rel}","templated":true}]}}