{"id":10643,"date":"2025-01-13T14:06:59","date_gmt":"2025-01-13T14:06:59","guid":{"rendered":"https:\/\/aivlisoft.com\/?post_type=product&#038;p=10643"},"modified":"2025-01-15T10:43:47","modified_gmt":"2025-01-15T10:43:47","slug":"logitech-mk295-teclado-y-raton-inalambrico-negro","status":"publish","type":"product","link":"https:\/\/aivlisoft.net\/shop\/producto\/logitech-mk295-teclado-y-raton-inalambrico-negro\/","title":{"rendered":"Logitech MK295 Teclado y raton inalambrico Negro"},"content":{"rendered":"<p><strong>Menos ruido, m&aacute;s concentraci&oacute;n<\/strong><br \/>Mant&eacute;n la concentraci&oacute;n en tu trabajo, sin distracciones. La combinaci&oacute;n inal&aacute;mbrica silenciosa Logitech MK295 incluye SilentTouch, una tecnolog&iacute;a exclusiva de Logitech que elimina m&aacute;s del 90% del ruido producido por teclados y ratones. Ofrece la misma sensaci&oacute;n de clic y escritura que la mejor combinaci&oacute;n de todas y sin molestos ruidos al hacer clic o escribir.<\/p>\n<p><strong>Trabajar con menos distracciones<\/strong><br \/>Nuestra innovadora tecnolog&iacute;a SilentTouch elimina m&aacute;s del 90% de los sonidos molestos para ti y quienes est&aacute;n a tu alrededor, sin renunciar a la sensaci&oacute;n familiar de escritura y clic de la mejor combinaci&oacute;n del mundo<\/p>\n<p><strong>Comodidad en tama&ntilde;o normal<\/strong><br \/>El teclado de tama&ntilde;o normal proporciona todo lo necesario en un dise&ntilde;o elegante y eficaz. 8 pr&aacute;cticos accesos directos y un teclado num&eacute;rico completo simplifican la introducci&oacute;n de datos y la navegaci&oacute;n.<\/p>\n<p><strong>C&oacute;modo y compacto rat&oacute;n<\/strong><br \/>Forma contorneada y port&aacute;til. Suavidad y precisi&oacute;n al hacer clic y se&ntilde;alar en la mayor&iacute;a de superficies. Sin olvidar la tranquilidad posibilitada por SilentTouch.<\/p>\n<p><strong>Tecnolog&iacute;a inal&aacute;mbrica sin demoras<\/strong><br \/>Se acabaron las interrupciones y las demoras, gracias a una conexi&oacute;n inal&aacute;mbrica robusta y fiable de 2,4 GHz con un radio de acci&oacute;n de 10 m. Despeja tu escritorio usando un receptor USB, tan peque&ntilde;o que puede quedar permanentemente conectado al ordenador.<\/p>\n<p><strong>Duraci&oacute;n de pilas prolongada<\/strong><br \/>Las pilas del teclado ofrecen una duraci&oacute;n de 36 meses y las del rat&oacute;n 18 (con conmutadores de encendido\/apagado). Entretanto puedes olvidarte de esos engorrosos cambios<\/p>\n<p><strong>Duraci&oacute;n y fiabilidad<\/strong><br \/>El dise&ntilde;o a prueba de salpicaduras, teclas duraderas y robustas patas inclinables con altura ajustable para a&ntilde;adir utilidad y comodidad.<\/p>\n<table class=\"tabla_caracteristicas k-table\" width=\"100%\">\n<tr>\n<td><strong>Marca<\/strong><\/td>\n<td>Logitech<\/td>\n<\/tr>\n<tr>\n<td><strong>Modelo<\/strong><\/td>\n<td><strong>920-009798<\/strong><\/td>\n<\/tr>\n<tr>\n<td><strong>Caracter&iacute;sticas<\/strong><\/td>\n<td><strong>Teclado<\/strong><br \/>\t\t\t&#8211; Altura: 18 mm<br \/>\t\t\t&#8211; Anchura: 441 mm<br \/>\t\t\t&#8211; Profundidad: 149 mm<br \/>\t\t\t&#8211; Peso (con pilas): 498 g<br \/>\t\t\t&#8211; SilentTouch Technology<br \/>\t\t\t&#8211; Adjustable keyboard height<br \/>\t\t\t&#8211; Dise&ntilde;o resistente a salpicaduras<br \/>\t\t\t&#8211; 2.4GHz wireless (10 meters)<br \/>\t\t\t&#8211; Nano USB receiver<br \/>\t\t\t&#8211; Indicador luminoso de bloqueo de may&uacute;sculas<br \/>\t\t\t&#8211; Conmutador de encendido\/apagado<br \/>\t\t\t&#8211; 2 AAA pilas alcalinas<br \/>\t\t\t<strong>Rat&oacute;n<\/strong><br \/>\t\t\t&#8211; Altura: 39 mm<br \/>\t\t\t&#8211; Anchura: 60 mm<br \/>\t\t\t&#8211; Profundidad: 99 mm<br \/>\t\t\t&#8211; Peso (con pilas): 75.2 g<br \/>\t\t\t&#8211; SilentTouch Technology<br \/>\t\t\t&#8211; Contoured compact shape<br \/>\t\t\t&#8211; Smooth, responsive cursor control<br \/>\t\t\t&#8211; On\/off power button<br \/>\t\t\t&#8211; 1 AA pilas alcalinas<br \/>\t\t\t<strong>Nano receptor<\/strong><br \/>\t\t\t&#8211; Altura: 14,4 mm<br \/>\t\t\t&#8211; Anchura: 18,7 mm<br \/>\t\t\t&#8211; Profundidad: 6,1 mm<br \/>\t\t\t&#8211; Peso: 1,8 g<br \/>\t\t\t<strong>Requisitos<\/strong><br \/>\t\t\t&#8211; Windows 10,8,7 o posterior<br \/>\t\t\t&#8211; Chrome OS&trade;<br \/>\t\t\t&#8211; Disponibilidad de puerto USB<br \/>\t\t\t<strong>Contenido<\/strong><br \/>\t\t\t&#8211; Teclado con 2 pilas AAA<br \/>\t\t\t&#8211; Rat&oacute;n con 1 pila AA<br \/>\t\t\t&#8211; Receptor USB<br \/>\t\t\t&#8211; Documentaci&oacute;n del usuario<\/td>\n<\/tr>\n<tr>\n<td><strong>Fecha de revisi&oacute;n<\/strong><\/td>\n<td>25-02-2021 por MPM<\/td>\n<\/tr>\n<\/table>\n","protected":false},"excerpt":{"rendered":"<p>Menos ruido, m&aacute;s concentraci&oacute;nMant&eacute;n la concentraci&oacute;n en tu trabajo, sin distracciones. La combinaci&oacute;n inal&aacute;mbrica silenciosa Logitech MK295 incluye SilentTouch, una tecnolog&iacute;a exclusiva de Logitech que elimina m&aacute;s del 90% del ruido producido por teclados y ratones. Ofrece la misma sensaci&oacute;n de clic y escritura que la mejor combinaci&oacute;n de todas y sin molestos ruidos al&hellip;&nbsp;<a href=\"https:\/\/aivlisoft.net\/shop\/producto\/logitech-mk295-teclado-y-raton-inalambrico-negro\/\" rel=\"bookmark\"><span class=\"screen-reader-text\">Logitech MK295 Teclado y raton inalambrico Negro<\/span><\/a><\/p>\n","protected":false},"featured_media":10644,"template":"","meta":{"neve_meta_sidebar":"","neve_meta_container":"","neve_meta_enable_content_width":"","neve_meta_content_width":0,"neve_meta_title_alignment":"","neve_meta_author_avatar":"","neve_post_elements_order":"","neve_meta_disable_header":"","neve_meta_disable_footer":"","neve_meta_disable_title":""},"product_brand":[],"product_cat":[15,790,1970,4099],"product_tag":[4119],"class_list":{"0":"post-10643","1":"product","2":"type-product","3":"status-publish","4":"has-post-thumbnail","6":"product_cat-sin-categorizar","7":"product_cat-accesorios-gaming","8":"product_cat-accesorios-pc-y-tpv","9":"product_cat-teclados-y-ratones","10":"product_tag-920-009798","12":"first","13":"instock","14":"taxable","15":"shipping-taxable","16":"purchasable","17":"product-type-simple"},"yoast_head":"<!-- This site is optimized with the Yoast SEO plugin v26.0 - https:\/\/yoast.com\/wordpress\/plugins\/seo\/ -->\n<title>Logitech MK295 Teclado y raton inalambrico Negro - Aivlisoft Inform\u00e1tica<\/title>\n<meta name=\"robots\" content=\"index, follow, max-snippet:-1, max-image-preview:large, max-video-preview:-1\" \/>\n<link rel=\"canonical\" href=\"https:\/\/aivlisoft.net\/shop\/producto\/logitech-mk295-teclado-y-raton-inalambrico-negro\/\" \/>\n<meta property=\"og:locale\" content=\"es_ES\" \/>\n<meta property=\"og:type\" content=\"article\" \/>\n<meta property=\"og:title\" content=\"Logitech MK295 Teclado y raton inalambrico Negro - Aivlisoft Inform\u00e1tica\" \/>\n<meta property=\"og:description\" content=\"Menos ruido, m&aacute;s concentraci&oacute;nMant&eacute;n la concentraci&oacute;n en tu trabajo, sin distracciones. La combinaci&oacute;n inal&aacute;mbrica silenciosa Logitech MK295 incluye SilentTouch, una tecnolog&iacute;a exclusiva de Logitech que elimina m&aacute;s del 90% del ruido producido por teclados y ratones. Ofrece la misma sensaci&oacute;n de clic y escritura que la mejor combinaci&oacute;n de todas y sin molestos ruidos al&hellip;&nbsp;Logitech MK295 Teclado y raton inalambrico Negro\" \/>\n<meta property=\"og:url\" content=\"https:\/\/aivlisoft.net\/shop\/producto\/logitech-mk295-teclado-y-raton-inalambrico-negro\/\" \/>\n<meta property=\"og:site_name\" content=\"Aivlisoft Inform\u00e1tica\" \/>\n<meta property=\"article:modified_time\" content=\"2025-01-15T10:43:47+00:00\" \/>\n<meta property=\"og:image\" content=\"https:\/\/aivlisoft.net\/shop\/wp-content\/uploads\/2025\/01\/FTRCTR0183_800.jpg\" \/>\n\t<meta property=\"og:image:width\" content=\"800\" \/>\n\t<meta property=\"og:image:height\" content=\"800\" \/>\n\t<meta property=\"og:image:type\" content=\"image\/jpeg\" \/>\n<meta name=\"twitter:card\" content=\"summary_large_image\" \/>\n<meta name=\"twitter:label1\" content=\"Tiempo de lectura\" \/>\n\t<meta name=\"twitter:data1\" content=\"2 minutos\" \/>\n<script type=\"application\/ld+json\" class=\"yoast-schema-graph\">{\"@context\":\"https:\/\/schema.org\",\"@graph\":[{\"@type\":\"WebPage\",\"@id\":\"https:\/\/aivlisoft.net\/shop\/producto\/logitech-mk295-teclado-y-raton-inalambrico-negro\/\",\"url\":\"https:\/\/aivlisoft.net\/shop\/producto\/logitech-mk295-teclado-y-raton-inalambrico-negro\/\",\"name\":\"Logitech MK295 Teclado y raton inalambrico Negro - Aivlisoft Inform\u00e1tica\",\"isPartOf\":{\"@id\":\"https:\/\/aivlisoft.net\/shop\/#website\"},\"primaryImageOfPage\":{\"@id\":\"https:\/\/aivlisoft.net\/shop\/producto\/logitech-mk295-teclado-y-raton-inalambrico-negro\/#primaryimage\"},\"image\":{\"@id\":\"https:\/\/aivlisoft.net\/shop\/producto\/logitech-mk295-teclado-y-raton-inalambrico-negro\/#primaryimage\"},\"thumbnailUrl\":\"https:\/\/aivlisoft.net\/shop\/wp-content\/uploads\/2025\/01\/FTRCTR0183_800.jpg\",\"datePublished\":\"2025-01-13T14:06:59+00:00\",\"dateModified\":\"2025-01-15T10:43:47+00:00\",\"breadcrumb\":{\"@id\":\"https:\/\/aivlisoft.net\/shop\/producto\/logitech-mk295-teclado-y-raton-inalambrico-negro\/#breadcrumb\"},\"inLanguage\":\"es\",\"potentialAction\":[{\"@type\":\"ReadAction\",\"target\":[\"https:\/\/aivlisoft.net\/shop\/producto\/logitech-mk295-teclado-y-raton-inalambrico-negro\/\"]}]},{\"@type\":\"ImageObject\",\"inLanguage\":\"es\",\"@id\":\"https:\/\/aivlisoft.net\/shop\/producto\/logitech-mk295-teclado-y-raton-inalambrico-negro\/#primaryimage\",\"url\":\"https:\/\/aivlisoft.net\/shop\/wp-content\/uploads\/2025\/01\/FTRCTR0183_800.jpg\",\"contentUrl\":\"https:\/\/aivlisoft.net\/shop\/wp-content\/uploads\/2025\/01\/FTRCTR0183_800.jpg\",\"width\":800,\"height\":800},{\"@type\":\"BreadcrumbList\",\"@id\":\"https:\/\/aivlisoft.net\/shop\/producto\/logitech-mk295-teclado-y-raton-inalambrico-negro\/#breadcrumb\",\"itemListElement\":[{\"@type\":\"ListItem\",\"position\":1,\"name\":\"Portada\",\"item\":\"https:\/\/aivlisoft.net\/shop\/\"},{\"@type\":\"ListItem\",\"position\":2,\"name\":\"Tienda\",\"item\":\"https:\/\/aivlisoft.net\/shop\/tienda\/\"},{\"@type\":\"ListItem\",\"position\":3,\"name\":\"Logitech MK295 Teclado y raton inalambrico Negro\"}]},{\"@type\":\"WebSite\",\"@id\":\"https:\/\/aivlisoft.net\/shop\/#website\",\"url\":\"https:\/\/aivlisoft.net\/shop\/\",\"name\":\"Aivlisoft Inform\u00e1tica\",\"description\":\"En Aivlisoft Inform\u00e1tica ofrecemos soluciones tecnol\u00f3gicas para empresas: venta de ordenadores, consumibles, perif\u00e9ricos y m\u00e1s. Calidad, atenci\u00f3n personalizada y los mejores precios para tu negocio.\",\"publisher\":{\"@id\":\"https:\/\/aivlisoft.net\/shop\/#organization\"},\"potentialAction\":[{\"@type\":\"SearchAction\",\"target\":{\"@type\":\"EntryPoint\",\"urlTemplate\":\"https:\/\/aivlisoft.net\/shop\/?s={search_term_string}\"},\"query-input\":{\"@type\":\"PropertyValueSpecification\",\"valueRequired\":true,\"valueName\":\"search_term_string\"}}],\"inLanguage\":\"es\"},{\"@type\":\"Organization\",\"@id\":\"https:\/\/aivlisoft.net\/shop\/#organization\",\"name\":\"Aivlisoft Inform\u00e1tica\",\"url\":\"https:\/\/aivlisoft.net\/shop\/\",\"logo\":{\"@type\":\"ImageObject\",\"inLanguage\":\"es\",\"@id\":\"https:\/\/aivlisoft.net\/shop\/#\/schema\/logo\/image\/\",\"url\":\"https:\/\/aivlisoft.net\/shop\/wp-content\/uploads\/2024\/12\/removal.ai_5b848c54-0cdf-4140-95c5-c5536bb7573b-logodef.png\",\"contentUrl\":\"https:\/\/aivlisoft.net\/shop\/wp-content\/uploads\/2024\/12\/removal.ai_5b848c54-0cdf-4140-95c5-c5536bb7573b-logodef.png\",\"width\":484,\"height\":182,\"caption\":\"Aivlisoft Inform\u00e1tica\"},\"image\":{\"@id\":\"https:\/\/aivlisoft.net\/shop\/#\/schema\/logo\/image\/\"}}]}<\/script>\n<!-- \/ Yoast SEO plugin. -->","yoast_head_json":{"title":"Logitech MK295 Teclado y raton inalambrico Negro - Aivlisoft Inform\u00e1tica","robots":{"index":"index","follow":"follow","max-snippet":"max-snippet:-1","max-image-preview":"max-image-preview:large","max-video-preview":"max-video-preview:-1"},"canonical":"https:\/\/aivlisoft.net\/shop\/producto\/logitech-mk295-teclado-y-raton-inalambrico-negro\/","og_locale":"es_ES","og_type":"article","og_title":"Logitech MK295 Teclado y raton inalambrico Negro - Aivlisoft Inform\u00e1tica","og_description":"Menos ruido, m&aacute;s concentraci&oacute;nMant&eacute;n la concentraci&oacute;n en tu trabajo, sin distracciones. La combinaci&oacute;n inal&aacute;mbrica silenciosa Logitech MK295 incluye SilentTouch, una tecnolog&iacute;a exclusiva de Logitech que elimina m&aacute;s del 90% del ruido producido por teclados y ratones. Ofrece la misma sensaci&oacute;n de clic y escritura que la mejor combinaci&oacute;n de todas y sin molestos ruidos al&hellip;&nbsp;Logitech MK295 Teclado y raton inalambrico Negro","og_url":"https:\/\/aivlisoft.net\/shop\/producto\/logitech-mk295-teclado-y-raton-inalambrico-negro\/","og_site_name":"Aivlisoft Inform\u00e1tica","article_modified_time":"2025-01-15T10:43:47+00:00","og_image":[{"width":800,"height":800,"url":"https:\/\/aivlisoft.net\/shop\/wp-content\/uploads\/2025\/01\/FTRCTR0183_800.jpg","type":"image\/jpeg"}],"twitter_card":"summary_large_image","twitter_misc":{"Tiempo de lectura":"2 minutos"},"schema":{"@context":"https:\/\/schema.org","@graph":[{"@type":"WebPage","@id":"https:\/\/aivlisoft.net\/shop\/producto\/logitech-mk295-teclado-y-raton-inalambrico-negro\/","url":"https:\/\/aivlisoft.net\/shop\/producto\/logitech-mk295-teclado-y-raton-inalambrico-negro\/","name":"Logitech MK295 Teclado y raton inalambrico Negro - Aivlisoft Inform\u00e1tica","isPartOf":{"@id":"https:\/\/aivlisoft.net\/shop\/#website"},"primaryImageOfPage":{"@id":"https:\/\/aivlisoft.net\/shop\/producto\/logitech-mk295-teclado-y-raton-inalambrico-negro\/#primaryimage"},"image":{"@id":"https:\/\/aivlisoft.net\/shop\/producto\/logitech-mk295-teclado-y-raton-inalambrico-negro\/#primaryimage"},"thumbnailUrl":"https:\/\/aivlisoft.net\/shop\/wp-content\/uploads\/2025\/01\/FTRCTR0183_800.jpg","datePublished":"2025-01-13T14:06:59+00:00","dateModified":"2025-01-15T10:43:47+00:00","breadcrumb":{"@id":"https:\/\/aivlisoft.net\/shop\/producto\/logitech-mk295-teclado-y-raton-inalambrico-negro\/#breadcrumb"},"inLanguage":"es","potentialAction":[{"@type":"ReadAction","target":["https:\/\/aivlisoft.net\/shop\/producto\/logitech-mk295-teclado-y-raton-inalambrico-negro\/"]}]},{"@type":"ImageObject","inLanguage":"es","@id":"https:\/\/aivlisoft.net\/shop\/producto\/logitech-mk295-teclado-y-raton-inalambrico-negro\/#primaryimage","url":"https:\/\/aivlisoft.net\/shop\/wp-content\/uploads\/2025\/01\/FTRCTR0183_800.jpg","contentUrl":"https:\/\/aivlisoft.net\/shop\/wp-content\/uploads\/2025\/01\/FTRCTR0183_800.jpg","width":800,"height":800},{"@type":"BreadcrumbList","@id":"https:\/\/aivlisoft.net\/shop\/producto\/logitech-mk295-teclado-y-raton-inalambrico-negro\/#breadcrumb","itemListElement":[{"@type":"ListItem","position":1,"name":"Portada","item":"https:\/\/aivlisoft.net\/shop\/"},{"@type":"ListItem","position":2,"name":"Tienda","item":"https:\/\/aivlisoft.net\/shop\/tienda\/"},{"@type":"ListItem","position":3,"name":"Logitech MK295 Teclado y raton inalambrico Negro"}]},{"@type":"WebSite","@id":"https:\/\/aivlisoft.net\/shop\/#website","url":"https:\/\/aivlisoft.net\/shop\/","name":"Aivlisoft Inform\u00e1tica","description":"En Aivlisoft Inform\u00e1tica ofrecemos soluciones tecnol\u00f3gicas para empresas: venta de ordenadores, consumibles, perif\u00e9ricos y m\u00e1s. Calidad, atenci\u00f3n personalizada y los mejores precios para tu negocio.","publisher":{"@id":"https:\/\/aivlisoft.net\/shop\/#organization"},"potentialAction":[{"@type":"SearchAction","target":{"@type":"EntryPoint","urlTemplate":"https:\/\/aivlisoft.net\/shop\/?s={search_term_string}"},"query-input":{"@type":"PropertyValueSpecification","valueRequired":true,"valueName":"search_term_string"}}],"inLanguage":"es"},{"@type":"Organization","@id":"https:\/\/aivlisoft.net\/shop\/#organization","name":"Aivlisoft Inform\u00e1tica","url":"https:\/\/aivlisoft.net\/shop\/","logo":{"@type":"ImageObject","inLanguage":"es","@id":"https:\/\/aivlisoft.net\/shop\/#\/schema\/logo\/image\/","url":"https:\/\/aivlisoft.net\/shop\/wp-content\/uploads\/2024\/12\/removal.ai_5b848c54-0cdf-4140-95c5-c5536bb7573b-logodef.png","contentUrl":"https:\/\/aivlisoft.net\/shop\/wp-content\/uploads\/2024\/12\/removal.ai_5b848c54-0cdf-4140-95c5-c5536bb7573b-logodef.png","width":484,"height":182,"caption":"Aivlisoft Inform\u00e1tica"},"image":{"@id":"https:\/\/aivlisoft.net\/shop\/#\/schema\/logo\/image\/"}}]}},"_links":{"self":[{"href":"https:\/\/aivlisoft.net\/shop\/wp-json\/wp\/v2\/product\/10643","targetHints":{"allow":["GET"]}}],"collection":[{"href":"https:\/\/aivlisoft.net\/shop\/wp-json\/wp\/v2\/product"}],"about":[{"href":"https:\/\/aivlisoft.net\/shop\/wp-json\/wp\/v2\/types\/product"}],"wp:featuredmedia":[{"embeddable":true,"href":"https:\/\/aivlisoft.net\/shop\/wp-json\/wp\/v2\/media\/10644"}],"wp:attachment":[{"href":"https:\/\/aivlisoft.net\/shop\/wp-json\/wp\/v2\/media?parent=10643"}],"wp:term":[{"taxonomy":"product_brand","embeddable":true,"href":"https:\/\/aivlisoft.net\/shop\/wp-json\/wp\/v2\/product_brand?post=10643"},{"taxonomy":"product_cat","embeddable":true,"href":"https:\/\/aivlisoft.net\/shop\/wp-json\/wp\/v2\/product_cat?post=10643"},{"taxonomy":"product_tag","embeddable":true,"href":"https:\/\/aivlisoft.net\/shop\/wp-json\/wp\/v2\/product_tag?post=10643"}],"curies":[{"name":"wp","href":"https:\/\/api.w.org\/{rel}","templated":true}]}}