{"id":10639,"date":"2025-01-13T14:06:58","date_gmt":"2025-01-13T14:06:58","guid":{"rendered":"https:\/\/aivlisoft.com\/?post_type=product&#038;p=10639"},"modified":"2025-01-15T10:43:48","modified_gmt":"2025-01-15T10:43:48","slug":"krom-pack-rgb-teclado-membrana-y-raton-kalyos-sp","status":"publish","type":"product","link":"https:\/\/aivlisoft.net\/shop\/producto\/krom-pack-rgb-teclado-membrana-y-raton-kalyos-sp\/","title":{"rendered":"Krom Pack RGB Teclado Membrana y Raton Kalyos SP"},"content":{"rendered":"<p>&nbsp;<\/p>\n<table class=\"tabla_caracteristicas k-table\" width=\"100%\">\n<tr>\n<td><strong>Marca<\/strong><\/td>\n<td>Krom<\/td>\n<\/tr>\n<tr>\n<td><strong>Modelo<\/strong><\/td>\n<td><strong>NXKROMKLYSSP<\/strong><\/td>\n<\/tr>\n<tr>\n<td><strong>Caracter&iacute;sticas<\/strong><\/td>\n<td><strong>Teclado<\/strong><br \/>\t\t\t&#8211; Retroiluminaci&oacute;n: RGB<br \/>\t\t\t&#8211; Tipo: Membrana<br \/>\t\t\t&#8211; Teclas: 105<br \/>\t\t\t&#8211; Teclas Anti-ghosting: 19<br \/>\t\t\t&#8211; Teclas multimedia: 10<br \/>\t\t\t&#8211; Dimensiones: 461 x 196 x 36 mm<br \/>\t\t\t&#8211; Peso: 861 &plusmn;10 g<br \/>\t\t\t<strong>Rat&oacute;n<\/strong><br \/>\t\t\t&#8211; Sensor: &Oacute;ptico<br \/>\t\t\t&#8211; Resoluci&oacute;n: 800&ndash;1600&ndash;2400&ndash;3200&ndash;4800&ndash;6400 DPI<br \/>\t\t\t&#8211; Botones: 7<br \/>\t\t\t&#8211; Dimensiones: 127 x 67 x 38 mm<br \/>\t\t\t&#8211; Peso: 140 &plusmn;5 g<br \/>\t\t\t&#8211; Conexi&oacute;n \/ Cable: USB \/ 1.5 m<br \/>\t\t\t<strong>Compatible<\/strong><br \/>\t\t\t&#8211; Windows XP \/ Vista \/ 7 \/ 8 \/ 10<\/td>\n<\/tr>\n<tr>\n<td><strong>Fecha de revisi&oacute;n<\/strong><\/td>\n<td>06-10-2020 por MPM<\/td>\n<\/tr>\n<\/table>\n","protected":false},"excerpt":{"rendered":"<p>&nbsp; Marca Krom Modelo NXKROMKLYSSP Caracter&iacute;sticas Teclado &#8211; Retroiluminaci&oacute;n: RGB &#8211; Tipo: Membrana &#8211; Teclas: 105 &#8211; Teclas Anti-ghosting: 19 &#8211; Teclas multimedia: 10 &#8211; Dimensiones: 461 x 196 x 36 mm &#8211; Peso: 861 &plusmn;10 g Rat&oacute;n &#8211; Sensor: &Oacute;ptico &#8211; Resoluci&oacute;n: 800&ndash;1600&ndash;2400&ndash;3200&ndash;4800&ndash;6400 DPI &#8211; Botones: 7 &#8211; Dimensiones: 127 x 67 x 38&hellip;&nbsp;<a href=\"https:\/\/aivlisoft.net\/shop\/producto\/krom-pack-rgb-teclado-membrana-y-raton-kalyos-sp\/\" rel=\"bookmark\"><span class=\"screen-reader-text\">Krom Pack RGB Teclado Membrana y Raton Kalyos SP<\/span><\/a><\/p>\n","protected":false},"featured_media":10640,"template":"","meta":{"neve_meta_sidebar":"","neve_meta_container":"","neve_meta_enable_content_width":"","neve_meta_content_width":0,"neve_meta_title_alignment":"","neve_meta_author_avatar":"","neve_post_elements_order":"","neve_meta_disable_header":"","neve_meta_disable_footer":"","neve_meta_disable_title":""},"product_brand":[],"product_cat":[15,790,1970,4099],"product_tag":[4117],"class_list":{"0":"post-10639","1":"product","2":"type-product","3":"status-publish","4":"has-post-thumbnail","6":"product_cat-sin-categorizar","7":"product_cat-accesorios-gaming","8":"product_cat-accesorios-pc-y-tpv","9":"product_cat-teclados-y-ratones","10":"product_tag-nxkromklyssp","12":"first","13":"instock","14":"taxable","15":"shipping-taxable","16":"purchasable","17":"product-type-simple"},"yoast_head":"<!-- This site is optimized with the Yoast SEO plugin v26.0 - https:\/\/yoast.com\/wordpress\/plugins\/seo\/ -->\n<title>Krom Pack RGB Teclado Membrana y Raton Kalyos SP - Aivlisoft Inform\u00e1tica<\/title>\n<meta name=\"robots\" content=\"index, follow, max-snippet:-1, max-image-preview:large, max-video-preview:-1\" \/>\n<link rel=\"canonical\" href=\"https:\/\/aivlisoft.net\/shop\/producto\/krom-pack-rgb-teclado-membrana-y-raton-kalyos-sp\/\" \/>\n<meta property=\"og:locale\" content=\"es_ES\" \/>\n<meta property=\"og:type\" content=\"article\" \/>\n<meta property=\"og:title\" content=\"Krom Pack RGB Teclado Membrana y Raton Kalyos SP - Aivlisoft Inform\u00e1tica\" \/>\n<meta property=\"og:description\" content=\"&nbsp; Marca Krom Modelo NXKROMKLYSSP Caracter&iacute;sticas Teclado &#8211; Retroiluminaci&oacute;n: RGB &#8211; Tipo: Membrana &#8211; Teclas: 105 &#8211; Teclas Anti-ghosting: 19 &#8211; Teclas multimedia: 10 &#8211; Dimensiones: 461 x 196 x 36 mm &#8211; Peso: 861 &plusmn;10 g Rat&oacute;n &#8211; Sensor: &Oacute;ptico &#8211; Resoluci&oacute;n: 800&ndash;1600&ndash;2400&ndash;3200&ndash;4800&ndash;6400 DPI &#8211; Botones: 7 &#8211; Dimensiones: 127 x 67 x 38&hellip;&nbsp;Krom Pack RGB Teclado Membrana y Raton Kalyos SP\" \/>\n<meta property=\"og:url\" content=\"https:\/\/aivlisoft.net\/shop\/producto\/krom-pack-rgb-teclado-membrana-y-raton-kalyos-sp\/\" \/>\n<meta property=\"og:site_name\" content=\"Aivlisoft Inform\u00e1tica\" \/>\n<meta property=\"article:modified_time\" content=\"2025-01-15T10:43:48+00:00\" \/>\n<meta property=\"og:image\" content=\"https:\/\/aivlisoft.net\/shop\/wp-content\/uploads\/2025\/01\/FTRCTR0178_800.jpg\" \/>\n\t<meta property=\"og:image:width\" content=\"800\" \/>\n\t<meta property=\"og:image:height\" content=\"800\" \/>\n\t<meta property=\"og:image:type\" content=\"image\/jpeg\" \/>\n<meta name=\"twitter:card\" content=\"summary_large_image\" \/>\n<script type=\"application\/ld+json\" class=\"yoast-schema-graph\">{\"@context\":\"https:\/\/schema.org\",\"@graph\":[{\"@type\":\"WebPage\",\"@id\":\"https:\/\/aivlisoft.net\/shop\/producto\/krom-pack-rgb-teclado-membrana-y-raton-kalyos-sp\/\",\"url\":\"https:\/\/aivlisoft.net\/shop\/producto\/krom-pack-rgb-teclado-membrana-y-raton-kalyos-sp\/\",\"name\":\"Krom Pack RGB Teclado Membrana y Raton Kalyos SP - Aivlisoft Inform\u00e1tica\",\"isPartOf\":{\"@id\":\"https:\/\/aivlisoft.net\/shop\/#website\"},\"primaryImageOfPage\":{\"@id\":\"https:\/\/aivlisoft.net\/shop\/producto\/krom-pack-rgb-teclado-membrana-y-raton-kalyos-sp\/#primaryimage\"},\"image\":{\"@id\":\"https:\/\/aivlisoft.net\/shop\/producto\/krom-pack-rgb-teclado-membrana-y-raton-kalyos-sp\/#primaryimage\"},\"thumbnailUrl\":\"https:\/\/aivlisoft.net\/shop\/wp-content\/uploads\/2025\/01\/FTRCTR0178_800.jpg\",\"datePublished\":\"2025-01-13T14:06:58+00:00\",\"dateModified\":\"2025-01-15T10:43:48+00:00\",\"breadcrumb\":{\"@id\":\"https:\/\/aivlisoft.net\/shop\/producto\/krom-pack-rgb-teclado-membrana-y-raton-kalyos-sp\/#breadcrumb\"},\"inLanguage\":\"es\",\"potentialAction\":[{\"@type\":\"ReadAction\",\"target\":[\"https:\/\/aivlisoft.net\/shop\/producto\/krom-pack-rgb-teclado-membrana-y-raton-kalyos-sp\/\"]}]},{\"@type\":\"ImageObject\",\"inLanguage\":\"es\",\"@id\":\"https:\/\/aivlisoft.net\/shop\/producto\/krom-pack-rgb-teclado-membrana-y-raton-kalyos-sp\/#primaryimage\",\"url\":\"https:\/\/aivlisoft.net\/shop\/wp-content\/uploads\/2025\/01\/FTRCTR0178_800.jpg\",\"contentUrl\":\"https:\/\/aivlisoft.net\/shop\/wp-content\/uploads\/2025\/01\/FTRCTR0178_800.jpg\",\"width\":800,\"height\":800},{\"@type\":\"BreadcrumbList\",\"@id\":\"https:\/\/aivlisoft.net\/shop\/producto\/krom-pack-rgb-teclado-membrana-y-raton-kalyos-sp\/#breadcrumb\",\"itemListElement\":[{\"@type\":\"ListItem\",\"position\":1,\"name\":\"Portada\",\"item\":\"https:\/\/aivlisoft.net\/shop\/\"},{\"@type\":\"ListItem\",\"position\":2,\"name\":\"Tienda\",\"item\":\"https:\/\/aivlisoft.net\/shop\/tienda\/\"},{\"@type\":\"ListItem\",\"position\":3,\"name\":\"Krom Pack RGB Teclado Membrana y Raton Kalyos SP\"}]},{\"@type\":\"WebSite\",\"@id\":\"https:\/\/aivlisoft.net\/shop\/#website\",\"url\":\"https:\/\/aivlisoft.net\/shop\/\",\"name\":\"Aivlisoft Inform\u00e1tica\",\"description\":\"En Aivlisoft Inform\u00e1tica ofrecemos soluciones tecnol\u00f3gicas para empresas: venta de ordenadores, consumibles, perif\u00e9ricos y m\u00e1s. Calidad, atenci\u00f3n personalizada y los mejores precios para tu negocio.\",\"publisher\":{\"@id\":\"https:\/\/aivlisoft.net\/shop\/#organization\"},\"potentialAction\":[{\"@type\":\"SearchAction\",\"target\":{\"@type\":\"EntryPoint\",\"urlTemplate\":\"https:\/\/aivlisoft.net\/shop\/?s={search_term_string}\"},\"query-input\":{\"@type\":\"PropertyValueSpecification\",\"valueRequired\":true,\"valueName\":\"search_term_string\"}}],\"inLanguage\":\"es\"},{\"@type\":\"Organization\",\"@id\":\"https:\/\/aivlisoft.net\/shop\/#organization\",\"name\":\"Aivlisoft Inform\u00e1tica\",\"url\":\"https:\/\/aivlisoft.net\/shop\/\",\"logo\":{\"@type\":\"ImageObject\",\"inLanguage\":\"es\",\"@id\":\"https:\/\/aivlisoft.net\/shop\/#\/schema\/logo\/image\/\",\"url\":\"https:\/\/aivlisoft.net\/shop\/wp-content\/uploads\/2024\/12\/removal.ai_5b848c54-0cdf-4140-95c5-c5536bb7573b-logodef.png\",\"contentUrl\":\"https:\/\/aivlisoft.net\/shop\/wp-content\/uploads\/2024\/12\/removal.ai_5b848c54-0cdf-4140-95c5-c5536bb7573b-logodef.png\",\"width\":484,\"height\":182,\"caption\":\"Aivlisoft Inform\u00e1tica\"},\"image\":{\"@id\":\"https:\/\/aivlisoft.net\/shop\/#\/schema\/logo\/image\/\"}}]}<\/script>\n<!-- \/ Yoast SEO plugin. -->","yoast_head_json":{"title":"Krom Pack RGB Teclado Membrana y Raton Kalyos SP - Aivlisoft Inform\u00e1tica","robots":{"index":"index","follow":"follow","max-snippet":"max-snippet:-1","max-image-preview":"max-image-preview:large","max-video-preview":"max-video-preview:-1"},"canonical":"https:\/\/aivlisoft.net\/shop\/producto\/krom-pack-rgb-teclado-membrana-y-raton-kalyos-sp\/","og_locale":"es_ES","og_type":"article","og_title":"Krom Pack RGB Teclado Membrana y Raton Kalyos SP - Aivlisoft Inform\u00e1tica","og_description":"&nbsp; Marca Krom Modelo NXKROMKLYSSP Caracter&iacute;sticas Teclado &#8211; Retroiluminaci&oacute;n: RGB &#8211; Tipo: Membrana &#8211; Teclas: 105 &#8211; Teclas Anti-ghosting: 19 &#8211; Teclas multimedia: 10 &#8211; Dimensiones: 461 x 196 x 36 mm &#8211; Peso: 861 &plusmn;10 g Rat&oacute;n &#8211; Sensor: &Oacute;ptico &#8211; Resoluci&oacute;n: 800&ndash;1600&ndash;2400&ndash;3200&ndash;4800&ndash;6400 DPI &#8211; Botones: 7 &#8211; Dimensiones: 127 x 67 x 38&hellip;&nbsp;Krom Pack RGB Teclado Membrana y Raton Kalyos SP","og_url":"https:\/\/aivlisoft.net\/shop\/producto\/krom-pack-rgb-teclado-membrana-y-raton-kalyos-sp\/","og_site_name":"Aivlisoft Inform\u00e1tica","article_modified_time":"2025-01-15T10:43:48+00:00","og_image":[{"width":800,"height":800,"url":"https:\/\/aivlisoft.net\/shop\/wp-content\/uploads\/2025\/01\/FTRCTR0178_800.jpg","type":"image\/jpeg"}],"twitter_card":"summary_large_image","schema":{"@context":"https:\/\/schema.org","@graph":[{"@type":"WebPage","@id":"https:\/\/aivlisoft.net\/shop\/producto\/krom-pack-rgb-teclado-membrana-y-raton-kalyos-sp\/","url":"https:\/\/aivlisoft.net\/shop\/producto\/krom-pack-rgb-teclado-membrana-y-raton-kalyos-sp\/","name":"Krom Pack RGB Teclado Membrana y Raton Kalyos SP - Aivlisoft Inform\u00e1tica","isPartOf":{"@id":"https:\/\/aivlisoft.net\/shop\/#website"},"primaryImageOfPage":{"@id":"https:\/\/aivlisoft.net\/shop\/producto\/krom-pack-rgb-teclado-membrana-y-raton-kalyos-sp\/#primaryimage"},"image":{"@id":"https:\/\/aivlisoft.net\/shop\/producto\/krom-pack-rgb-teclado-membrana-y-raton-kalyos-sp\/#primaryimage"},"thumbnailUrl":"https:\/\/aivlisoft.net\/shop\/wp-content\/uploads\/2025\/01\/FTRCTR0178_800.jpg","datePublished":"2025-01-13T14:06:58+00:00","dateModified":"2025-01-15T10:43:48+00:00","breadcrumb":{"@id":"https:\/\/aivlisoft.net\/shop\/producto\/krom-pack-rgb-teclado-membrana-y-raton-kalyos-sp\/#breadcrumb"},"inLanguage":"es","potentialAction":[{"@type":"ReadAction","target":["https:\/\/aivlisoft.net\/shop\/producto\/krom-pack-rgb-teclado-membrana-y-raton-kalyos-sp\/"]}]},{"@type":"ImageObject","inLanguage":"es","@id":"https:\/\/aivlisoft.net\/shop\/producto\/krom-pack-rgb-teclado-membrana-y-raton-kalyos-sp\/#primaryimage","url":"https:\/\/aivlisoft.net\/shop\/wp-content\/uploads\/2025\/01\/FTRCTR0178_800.jpg","contentUrl":"https:\/\/aivlisoft.net\/shop\/wp-content\/uploads\/2025\/01\/FTRCTR0178_800.jpg","width":800,"height":800},{"@type":"BreadcrumbList","@id":"https:\/\/aivlisoft.net\/shop\/producto\/krom-pack-rgb-teclado-membrana-y-raton-kalyos-sp\/#breadcrumb","itemListElement":[{"@type":"ListItem","position":1,"name":"Portada","item":"https:\/\/aivlisoft.net\/shop\/"},{"@type":"ListItem","position":2,"name":"Tienda","item":"https:\/\/aivlisoft.net\/shop\/tienda\/"},{"@type":"ListItem","position":3,"name":"Krom Pack RGB Teclado Membrana y Raton Kalyos SP"}]},{"@type":"WebSite","@id":"https:\/\/aivlisoft.net\/shop\/#website","url":"https:\/\/aivlisoft.net\/shop\/","name":"Aivlisoft Inform\u00e1tica","description":"En Aivlisoft Inform\u00e1tica ofrecemos soluciones tecnol\u00f3gicas para empresas: venta de ordenadores, consumibles, perif\u00e9ricos y m\u00e1s. Calidad, atenci\u00f3n personalizada y los mejores precios para tu negocio.","publisher":{"@id":"https:\/\/aivlisoft.net\/shop\/#organization"},"potentialAction":[{"@type":"SearchAction","target":{"@type":"EntryPoint","urlTemplate":"https:\/\/aivlisoft.net\/shop\/?s={search_term_string}"},"query-input":{"@type":"PropertyValueSpecification","valueRequired":true,"valueName":"search_term_string"}}],"inLanguage":"es"},{"@type":"Organization","@id":"https:\/\/aivlisoft.net\/shop\/#organization","name":"Aivlisoft Inform\u00e1tica","url":"https:\/\/aivlisoft.net\/shop\/","logo":{"@type":"ImageObject","inLanguage":"es","@id":"https:\/\/aivlisoft.net\/shop\/#\/schema\/logo\/image\/","url":"https:\/\/aivlisoft.net\/shop\/wp-content\/uploads\/2024\/12\/removal.ai_5b848c54-0cdf-4140-95c5-c5536bb7573b-logodef.png","contentUrl":"https:\/\/aivlisoft.net\/shop\/wp-content\/uploads\/2024\/12\/removal.ai_5b848c54-0cdf-4140-95c5-c5536bb7573b-logodef.png","width":484,"height":182,"caption":"Aivlisoft Inform\u00e1tica"},"image":{"@id":"https:\/\/aivlisoft.net\/shop\/#\/schema\/logo\/image\/"}}]}},"_links":{"self":[{"href":"https:\/\/aivlisoft.net\/shop\/wp-json\/wp\/v2\/product\/10639","targetHints":{"allow":["GET"]}}],"collection":[{"href":"https:\/\/aivlisoft.net\/shop\/wp-json\/wp\/v2\/product"}],"about":[{"href":"https:\/\/aivlisoft.net\/shop\/wp-json\/wp\/v2\/types\/product"}],"wp:featuredmedia":[{"embeddable":true,"href":"https:\/\/aivlisoft.net\/shop\/wp-json\/wp\/v2\/media\/10640"}],"wp:attachment":[{"href":"https:\/\/aivlisoft.net\/shop\/wp-json\/wp\/v2\/media?parent=10639"}],"wp:term":[{"taxonomy":"product_brand","embeddable":true,"href":"https:\/\/aivlisoft.net\/shop\/wp-json\/wp\/v2\/product_brand?post=10639"},{"taxonomy":"product_cat","embeddable":true,"href":"https:\/\/aivlisoft.net\/shop\/wp-json\/wp\/v2\/product_cat?post=10639"},{"taxonomy":"product_tag","embeddable":true,"href":"https:\/\/aivlisoft.net\/shop\/wp-json\/wp\/v2\/product_tag?post=10639"}],"curies":[{"name":"wp","href":"https:\/\/api.w.org\/{rel}","templated":true}]}}