{"id":10597,"date":"2025-01-13T14:06:37","date_gmt":"2025-01-13T14:06:37","guid":{"rendered":"https:\/\/aivlisoft.com\/?post_type=product&#038;p=10597"},"modified":"2025-01-15T10:48:58","modified_gmt":"2025-01-15T10:48:58","slug":"apc-easy-ups-srv-rm-3000va-230v-with-railkit","status":"publish","type":"product","link":"https:\/\/aivlisoft.net\/shop\/producto\/apc-easy-ups-srv-rm-3000va-230v-with-railkit\/","title":{"rendered":"APC Easy UPS SRV RM 3000VA 230V ,with RailKit"},"content":{"rendered":"<p><\/p>\n<table class=\"tabla_caracteristicas\" width=\"100%\">\n<tr>\n<td valign=\"top\"><strong>Marca<\/strong><\/td>\n<td>APC<\/td>\n<\/tr>\n<tr>\n<td valign=\"top\"><strong>Modelo<\/strong><\/td>\n<td><strong>SRV3KRIRK <\/strong><\/td>\n<\/tr>\n<tr>\n<td valign=\"top\"><strong>Caracter&iacute;sticas<\/strong><\/td>\n<td><strong>Principal<\/strong><br \/>\t\t\t&#8211; Tiempo de funcionamiento de la carga: 4min 24s<br \/>\t\t\t&#8211; Max. capacidad utilizada: 100 %<br \/>\t\t\t&#8211; Voltaje de entrada: 230 V<br \/>\t\t\t&#8211; Tipo de producto o componente: Sistema de alimentaci&oacute;n ininterrumpida (UPS)<br \/>\t\t\t&#8211; Voltaje de salida: 230 V<br \/>\t\t\t&#8211; Potencia nominal en W: 2400 W<br \/>\t\t\t&#8211; Potencia nominal en VA: 3000 VA<br \/>\t\t\t&#8211; Tipo de conexi&oacute;n de entrada: CEI 60320 C20<br \/>\t\t\t&#8211; Tipo de conexi&oacute;n de salida:<br \/>\t\t\t&nbsp; 6IEC 60320 C13<br \/>\t\t\t&nbsp; 1IEC 60320 C19<br \/>\t\t\t&#8211; N&uacute;mero de unidad de rack: 2U<br \/>\t\t\t&#8211; Longitud de cable: 1,48 m<br \/>\t\t\t&#8211; N&uacute;mero de cables: 1<br \/>\t\t\t<strong>Bater&iacute;as y tiempo de autonom&iacute;a<\/strong><br \/>\t\t\t&#8211; Tipo de bater&iacute;a: Bater&iacute;a de plomo y &aacute;cido<br \/>\t\t\t&#8211; voltaje de bater&iacute;a: 72V<br \/>\t\t\t&#8211; M&oacute;dulos de bater&iacute;as incluidos: 0<br \/>\t\t\t&#8211; Ranuras de la bater&iacute;a vac&iacute;as: 0<br \/>\t\t\t&#8211; Tiempo t&iacute;pico de recarga: 4 H<br \/>\t\t\t&#8211; Vida de la bater&iacute;a: 3&hellip;5 a&ntilde;os<br \/>\t\t\t&#8211; Suministro de carga de bater&iacute;as (vatios): 60 W nominal<br \/>\t\t\t<strong>Descripci&oacute;n f&iacute;sica<\/strong><br \/>\t\t\t&#8211; Color: Negro &#8211; tipo de cable: RAL 7010)<br \/>\t\t\t&#8211; Altura: 8,6 cm<br \/>\t\t\t&#8211; Anchura: 43,7 cm<br \/>\t\t\t&#8211; Profundidad: 63,2 cm<br \/>\t\t\t&#8211; Peso del producto: 27,6 kg<br \/>\t\t\t&#8211; Ubicaci&oacute;n de montaje: Frontal<br \/>\t\t\t&#8211; Tipo de montaje: Con montaje en bastidor<br \/>\t\t\t&#8211; USB compatible: S&iacute;<br \/>\t\t\t&#8211; Posici&oacute;n de montaje: Horizontal<br \/>\t\t\t<strong>Entrada<\/strong><br \/>\t\t\t&#8211; Barras de separaci&oacute;n:<br \/>\t\t\t&nbsp; 110&#8230;285 V hardware<br \/>\t\t\t&nbsp; 160&#8230;280 V carga completa<br \/>\t\t\t&#8211; Frecuencia de red: 40-70 Hz autodetecci&oacute;n<br \/>\t\t\t<strong>Salida<\/strong><br \/>\t\t\t&#8211; Potencia m&aacute;xima configurable en VA: 3000 VA<br \/>\t\t\t&#8211; Potencia m&aacute;xima configurable (vatios): 2400 W<br \/>\t\t\t&#8211; Frecuencia de salida (sincronizado para principales): 50\/60 Hz +\/- 3 Hz sincronizado para principales<br \/>\t\t\t&#8211; Distorsi&oacute;n arm&oacute;nica: 3 %<br \/>\t\t\t&#8211; Topolog&iacute;a: Online de doble conversi&oacute;n<br \/>\t\t\t&#8211; Tipo de forma de onda: Onda senoidal<br \/>\t\t\t&#8211; La ranura para destornillador: 88 % &#8211; tipo de cable: carga completa)<br \/>\t\t\t&#8211; Tipo de derivaci&oacute;n: Derivaci&oacute;n interna (autom&aacute;tica y manual)<br \/>\t\t\t&#8211; Factor de cresta: 3:1<br \/>\t\t\t<strong>Conformidad<\/strong><br \/>\t\t\t&#8211; Certificaciones de producto<br \/>\t\t\t&nbsp; CE<br \/>\t\t\t&nbsp; UKCA<br \/>\t\t\t&nbsp; Generador<br \/>\t\t\t&nbsp; TISI<br \/>\t\t\t&#8211; Normas<br \/>\t\t\t&nbsp; EN\/IEC 62040-1:2019\/A11:2021<br \/>\t\t\t&nbsp; EN\/IEC 62040-2:2006\/AC:2006<br \/>\t\t\t&nbsp; EN\/IEC 62040-2:2018<br \/>\t\t\t<strong>Medioambiental<\/strong><br \/>\t\t\t&#8211; Temperatura ambiente de operaci&oacute;n: 0&hellip;40 &deg;C<br \/>\t\t\t&#8211; Humedad relativa: 0&hellip;95 % sin condensaci&oacute;n<br \/>\t\t\t&#8211; Altitud de operaci&oacute;n: 0&#8230;3000 m<br \/>\t\t\t&#8211; Temperatura ambiente de almacenamiento: -20&hellip;50 &deg;C<br \/>\t\t\t&#8211; Humedad Relativa de Almacenamiento: 0&hellip;95 % sin condensaci&oacute;n<br \/>\t\t\t&#8211; Altitud de almacenamiento: 0&hellip;15000 m<br \/>\t\t\t&#8211; Nivel ac&uacute;stico: 50 dBA<br \/>\t\t\t&#8211; Disipaci&oacute;n t&eacute;rmica online: 910 Btu\/h<br \/>\t\t\t&#8211; Grado de protecci&oacute;n IP: IP20<br \/>\t\t\t<strong>Comunicaciones y Gesti&oacute;n<\/strong><br \/>\t\t\t&#8211; Alarma: Alarma con bater&iacute;a: alarma distintiva de bater&iacute;a baja: alarma de tono continuo de sobrecarga<br \/>\t\t\t&#8211; Ranuras libres: 1<br \/>\t\t\t&#8211; Funci&oacute;n de alarma: Consola de estado y control lcd multifunci&oacute;n<br \/>\t\t\t<strong>Protecci&oacute;n y Filtro contra Picos de Voltaje<\/strong><br \/>\t\t\t&#8211; Medici&oacute;n de Energ&iacute;a de Picos de Voltaje (Julios): 600 J<\/td>\n<\/tr>\n<tr>\n<td valign=\"top\"><strong>Fecha de revisi&oacute;n<\/strong><\/td>\n<td>01-10-2024 por A<\/td>\n<\/tr>\n<\/table>\n","protected":false},"excerpt":{"rendered":"<p>Marca APC Modelo SRV3KRIRK Caracter&iacute;sticas Principal &#8211; Tiempo de funcionamiento de la carga: 4min 24s &#8211; Max. capacidad utilizada: 100 % &#8211; Voltaje de entrada: 230 V &#8211; Tipo de producto o componente: Sistema de alimentaci&oacute;n ininterrumpida (UPS) &#8211; Voltaje de salida: 230 V &#8211; Potencia nominal en W: 2400 W &#8211; Potencia nominal en&hellip;&nbsp;<a href=\"https:\/\/aivlisoft.net\/shop\/producto\/apc-easy-ups-srv-rm-3000va-230v-with-railkit\/\" rel=\"bookmark\"><span class=\"screen-reader-text\">APC Easy UPS SRV RM 3000VA 230V ,with RailKit<\/span><\/a><\/p>\n","protected":false},"featured_media":10598,"template":"","meta":{"neve_meta_sidebar":"","neve_meta_container":"","neve_meta_enable_content_width":"","neve_meta_content_width":0,"neve_meta_title_alignment":"","neve_meta_author_avatar":"","neve_post_elements_order":"","neve_meta_disable_header":"","neve_meta_disable_footer":"","neve_meta_disable_title":""},"product_brand":[],"product_cat":[15,8689,458,4934],"product_tag":[4091],"class_list":{"0":"post-10597","1":"product","2":"type-product","3":"status-publish","4":"has-post-thumbnail","6":"product_cat-sin-categorizar","7":"product_cat-accesorios-sai-accesorios-sai","8":"product_cat-accesorios-sai","9":"product_cat-cajas-y-fuentes","10":"product_tag-srv3krirk","12":"first","13":"instock","14":"taxable","15":"shipping-taxable","16":"purchasable","17":"product-type-simple"},"yoast_head":"<!-- This site is optimized with the Yoast SEO plugin v26.0 - https:\/\/yoast.com\/wordpress\/plugins\/seo\/ -->\n<title>APC Easy UPS SRV RM 3000VA 230V ,with RailKit - Aivlisoft Inform\u00e1tica<\/title>\n<meta name=\"robots\" content=\"index, follow, max-snippet:-1, max-image-preview:large, max-video-preview:-1\" \/>\n<link rel=\"canonical\" href=\"https:\/\/aivlisoft.net\/shop\/producto\/apc-easy-ups-srv-rm-3000va-230v-with-railkit\/\" \/>\n<meta property=\"og:locale\" content=\"es_ES\" \/>\n<meta property=\"og:type\" content=\"article\" \/>\n<meta property=\"og:title\" content=\"APC Easy UPS SRV RM 3000VA 230V ,with RailKit - Aivlisoft Inform\u00e1tica\" \/>\n<meta property=\"og:description\" content=\"Marca APC Modelo SRV3KRIRK Caracter&iacute;sticas Principal &#8211; Tiempo de funcionamiento de la carga: 4min 24s &#8211; Max. capacidad utilizada: 100 % &#8211; Voltaje de entrada: 230 V &#8211; Tipo de producto o componente: Sistema de alimentaci&oacute;n ininterrumpida (UPS) &#8211; Voltaje de salida: 230 V &#8211; Potencia nominal en W: 2400 W &#8211; Potencia nominal en&hellip;&nbsp;APC Easy UPS SRV RM 3000VA 230V ,with RailKit\" \/>\n<meta property=\"og:url\" content=\"https:\/\/aivlisoft.net\/shop\/producto\/apc-easy-ups-srv-rm-3000va-230v-with-railkit\/\" \/>\n<meta property=\"og:site_name\" content=\"Aivlisoft Inform\u00e1tica\" \/>\n<meta property=\"article:modified_time\" content=\"2025-01-15T10:48:58+00:00\" \/>\n<meta property=\"og:image\" content=\"https:\/\/aivlisoft.net\/shop\/wp-content\/uploads\/2025\/01\/FSASOL0226_800.jpg\" \/>\n\t<meta property=\"og:image:width\" content=\"800\" \/>\n\t<meta property=\"og:image:height\" content=\"800\" \/>\n\t<meta property=\"og:image:type\" content=\"image\/jpeg\" \/>\n<meta name=\"twitter:card\" content=\"summary_large_image\" \/>\n<meta name=\"twitter:label1\" content=\"Tiempo de lectura\" \/>\n\t<meta name=\"twitter:data1\" content=\"3 minutos\" \/>\n<script type=\"application\/ld+json\" class=\"yoast-schema-graph\">{\"@context\":\"https:\/\/schema.org\",\"@graph\":[{\"@type\":\"WebPage\",\"@id\":\"https:\/\/aivlisoft.net\/shop\/producto\/apc-easy-ups-srv-rm-3000va-230v-with-railkit\/\",\"url\":\"https:\/\/aivlisoft.net\/shop\/producto\/apc-easy-ups-srv-rm-3000va-230v-with-railkit\/\",\"name\":\"APC Easy UPS SRV RM 3000VA 230V ,with RailKit - Aivlisoft Inform\u00e1tica\",\"isPartOf\":{\"@id\":\"https:\/\/aivlisoft.net\/shop\/#website\"},\"primaryImageOfPage\":{\"@id\":\"https:\/\/aivlisoft.net\/shop\/producto\/apc-easy-ups-srv-rm-3000va-230v-with-railkit\/#primaryimage\"},\"image\":{\"@id\":\"https:\/\/aivlisoft.net\/shop\/producto\/apc-easy-ups-srv-rm-3000va-230v-with-railkit\/#primaryimage\"},\"thumbnailUrl\":\"https:\/\/aivlisoft.net\/shop\/wp-content\/uploads\/2025\/01\/FSASOL0226_800.jpg\",\"datePublished\":\"2025-01-13T14:06:37+00:00\",\"dateModified\":\"2025-01-15T10:48:58+00:00\",\"breadcrumb\":{\"@id\":\"https:\/\/aivlisoft.net\/shop\/producto\/apc-easy-ups-srv-rm-3000va-230v-with-railkit\/#breadcrumb\"},\"inLanguage\":\"es\",\"potentialAction\":[{\"@type\":\"ReadAction\",\"target\":[\"https:\/\/aivlisoft.net\/shop\/producto\/apc-easy-ups-srv-rm-3000va-230v-with-railkit\/\"]}]},{\"@type\":\"ImageObject\",\"inLanguage\":\"es\",\"@id\":\"https:\/\/aivlisoft.net\/shop\/producto\/apc-easy-ups-srv-rm-3000va-230v-with-railkit\/#primaryimage\",\"url\":\"https:\/\/aivlisoft.net\/shop\/wp-content\/uploads\/2025\/01\/FSASOL0226_800.jpg\",\"contentUrl\":\"https:\/\/aivlisoft.net\/shop\/wp-content\/uploads\/2025\/01\/FSASOL0226_800.jpg\",\"width\":800,\"height\":800},{\"@type\":\"BreadcrumbList\",\"@id\":\"https:\/\/aivlisoft.net\/shop\/producto\/apc-easy-ups-srv-rm-3000va-230v-with-railkit\/#breadcrumb\",\"itemListElement\":[{\"@type\":\"ListItem\",\"position\":1,\"name\":\"Portada\",\"item\":\"https:\/\/aivlisoft.net\/shop\/\"},{\"@type\":\"ListItem\",\"position\":2,\"name\":\"Tienda\",\"item\":\"https:\/\/aivlisoft.net\/shop\/tienda\/\"},{\"@type\":\"ListItem\",\"position\":3,\"name\":\"APC Easy UPS SRV RM 3000VA 230V ,with RailKit\"}]},{\"@type\":\"WebSite\",\"@id\":\"https:\/\/aivlisoft.net\/shop\/#website\",\"url\":\"https:\/\/aivlisoft.net\/shop\/\",\"name\":\"Aivlisoft Inform\u00e1tica\",\"description\":\"En Aivlisoft Inform\u00e1tica ofrecemos soluciones tecnol\u00f3gicas para empresas: venta de ordenadores, consumibles, perif\u00e9ricos y m\u00e1s. Calidad, atenci\u00f3n personalizada y los mejores precios para tu negocio.\",\"publisher\":{\"@id\":\"https:\/\/aivlisoft.net\/shop\/#organization\"},\"potentialAction\":[{\"@type\":\"SearchAction\",\"target\":{\"@type\":\"EntryPoint\",\"urlTemplate\":\"https:\/\/aivlisoft.net\/shop\/?s={search_term_string}\"},\"query-input\":{\"@type\":\"PropertyValueSpecification\",\"valueRequired\":true,\"valueName\":\"search_term_string\"}}],\"inLanguage\":\"es\"},{\"@type\":\"Organization\",\"@id\":\"https:\/\/aivlisoft.net\/shop\/#organization\",\"name\":\"Aivlisoft Inform\u00e1tica\",\"url\":\"https:\/\/aivlisoft.net\/shop\/\",\"logo\":{\"@type\":\"ImageObject\",\"inLanguage\":\"es\",\"@id\":\"https:\/\/aivlisoft.net\/shop\/#\/schema\/logo\/image\/\",\"url\":\"https:\/\/aivlisoft.net\/shop\/wp-content\/uploads\/2024\/12\/removal.ai_5b848c54-0cdf-4140-95c5-c5536bb7573b-logodef.png\",\"contentUrl\":\"https:\/\/aivlisoft.net\/shop\/wp-content\/uploads\/2024\/12\/removal.ai_5b848c54-0cdf-4140-95c5-c5536bb7573b-logodef.png\",\"width\":484,\"height\":182,\"caption\":\"Aivlisoft Inform\u00e1tica\"},\"image\":{\"@id\":\"https:\/\/aivlisoft.net\/shop\/#\/schema\/logo\/image\/\"}}]}<\/script>\n<!-- \/ Yoast SEO plugin. -->","yoast_head_json":{"title":"APC Easy UPS SRV RM 3000VA 230V ,with RailKit - Aivlisoft Inform\u00e1tica","robots":{"index":"index","follow":"follow","max-snippet":"max-snippet:-1","max-image-preview":"max-image-preview:large","max-video-preview":"max-video-preview:-1"},"canonical":"https:\/\/aivlisoft.net\/shop\/producto\/apc-easy-ups-srv-rm-3000va-230v-with-railkit\/","og_locale":"es_ES","og_type":"article","og_title":"APC Easy UPS SRV RM 3000VA 230V ,with RailKit - Aivlisoft Inform\u00e1tica","og_description":"Marca APC Modelo SRV3KRIRK Caracter&iacute;sticas Principal &#8211; Tiempo de funcionamiento de la carga: 4min 24s &#8211; Max. capacidad utilizada: 100 % &#8211; Voltaje de entrada: 230 V &#8211; Tipo de producto o componente: Sistema de alimentaci&oacute;n ininterrumpida (UPS) &#8211; Voltaje de salida: 230 V &#8211; Potencia nominal en W: 2400 W &#8211; Potencia nominal en&hellip;&nbsp;APC Easy UPS SRV RM 3000VA 230V ,with RailKit","og_url":"https:\/\/aivlisoft.net\/shop\/producto\/apc-easy-ups-srv-rm-3000va-230v-with-railkit\/","og_site_name":"Aivlisoft Inform\u00e1tica","article_modified_time":"2025-01-15T10:48:58+00:00","og_image":[{"width":800,"height":800,"url":"https:\/\/aivlisoft.net\/shop\/wp-content\/uploads\/2025\/01\/FSASOL0226_800.jpg","type":"image\/jpeg"}],"twitter_card":"summary_large_image","twitter_misc":{"Tiempo de lectura":"3 minutos"},"schema":{"@context":"https:\/\/schema.org","@graph":[{"@type":"WebPage","@id":"https:\/\/aivlisoft.net\/shop\/producto\/apc-easy-ups-srv-rm-3000va-230v-with-railkit\/","url":"https:\/\/aivlisoft.net\/shop\/producto\/apc-easy-ups-srv-rm-3000va-230v-with-railkit\/","name":"APC Easy UPS SRV RM 3000VA 230V ,with RailKit - Aivlisoft Inform\u00e1tica","isPartOf":{"@id":"https:\/\/aivlisoft.net\/shop\/#website"},"primaryImageOfPage":{"@id":"https:\/\/aivlisoft.net\/shop\/producto\/apc-easy-ups-srv-rm-3000va-230v-with-railkit\/#primaryimage"},"image":{"@id":"https:\/\/aivlisoft.net\/shop\/producto\/apc-easy-ups-srv-rm-3000va-230v-with-railkit\/#primaryimage"},"thumbnailUrl":"https:\/\/aivlisoft.net\/shop\/wp-content\/uploads\/2025\/01\/FSASOL0226_800.jpg","datePublished":"2025-01-13T14:06:37+00:00","dateModified":"2025-01-15T10:48:58+00:00","breadcrumb":{"@id":"https:\/\/aivlisoft.net\/shop\/producto\/apc-easy-ups-srv-rm-3000va-230v-with-railkit\/#breadcrumb"},"inLanguage":"es","potentialAction":[{"@type":"ReadAction","target":["https:\/\/aivlisoft.net\/shop\/producto\/apc-easy-ups-srv-rm-3000va-230v-with-railkit\/"]}]},{"@type":"ImageObject","inLanguage":"es","@id":"https:\/\/aivlisoft.net\/shop\/producto\/apc-easy-ups-srv-rm-3000va-230v-with-railkit\/#primaryimage","url":"https:\/\/aivlisoft.net\/shop\/wp-content\/uploads\/2025\/01\/FSASOL0226_800.jpg","contentUrl":"https:\/\/aivlisoft.net\/shop\/wp-content\/uploads\/2025\/01\/FSASOL0226_800.jpg","width":800,"height":800},{"@type":"BreadcrumbList","@id":"https:\/\/aivlisoft.net\/shop\/producto\/apc-easy-ups-srv-rm-3000va-230v-with-railkit\/#breadcrumb","itemListElement":[{"@type":"ListItem","position":1,"name":"Portada","item":"https:\/\/aivlisoft.net\/shop\/"},{"@type":"ListItem","position":2,"name":"Tienda","item":"https:\/\/aivlisoft.net\/shop\/tienda\/"},{"@type":"ListItem","position":3,"name":"APC Easy UPS SRV RM 3000VA 230V ,with RailKit"}]},{"@type":"WebSite","@id":"https:\/\/aivlisoft.net\/shop\/#website","url":"https:\/\/aivlisoft.net\/shop\/","name":"Aivlisoft Inform\u00e1tica","description":"En Aivlisoft Inform\u00e1tica ofrecemos soluciones tecnol\u00f3gicas para empresas: venta de ordenadores, consumibles, perif\u00e9ricos y m\u00e1s. Calidad, atenci\u00f3n personalizada y los mejores precios para tu negocio.","publisher":{"@id":"https:\/\/aivlisoft.net\/shop\/#organization"},"potentialAction":[{"@type":"SearchAction","target":{"@type":"EntryPoint","urlTemplate":"https:\/\/aivlisoft.net\/shop\/?s={search_term_string}"},"query-input":{"@type":"PropertyValueSpecification","valueRequired":true,"valueName":"search_term_string"}}],"inLanguage":"es"},{"@type":"Organization","@id":"https:\/\/aivlisoft.net\/shop\/#organization","name":"Aivlisoft Inform\u00e1tica","url":"https:\/\/aivlisoft.net\/shop\/","logo":{"@type":"ImageObject","inLanguage":"es","@id":"https:\/\/aivlisoft.net\/shop\/#\/schema\/logo\/image\/","url":"https:\/\/aivlisoft.net\/shop\/wp-content\/uploads\/2024\/12\/removal.ai_5b848c54-0cdf-4140-95c5-c5536bb7573b-logodef.png","contentUrl":"https:\/\/aivlisoft.net\/shop\/wp-content\/uploads\/2024\/12\/removal.ai_5b848c54-0cdf-4140-95c5-c5536bb7573b-logodef.png","width":484,"height":182,"caption":"Aivlisoft Inform\u00e1tica"},"image":{"@id":"https:\/\/aivlisoft.net\/shop\/#\/schema\/logo\/image\/"}}]}},"_links":{"self":[{"href":"https:\/\/aivlisoft.net\/shop\/wp-json\/wp\/v2\/product\/10597","targetHints":{"allow":["GET"]}}],"collection":[{"href":"https:\/\/aivlisoft.net\/shop\/wp-json\/wp\/v2\/product"}],"about":[{"href":"https:\/\/aivlisoft.net\/shop\/wp-json\/wp\/v2\/types\/product"}],"wp:featuredmedia":[{"embeddable":true,"href":"https:\/\/aivlisoft.net\/shop\/wp-json\/wp\/v2\/media\/10598"}],"wp:attachment":[{"href":"https:\/\/aivlisoft.net\/shop\/wp-json\/wp\/v2\/media?parent=10597"}],"wp:term":[{"taxonomy":"product_brand","embeddable":true,"href":"https:\/\/aivlisoft.net\/shop\/wp-json\/wp\/v2\/product_brand?post=10597"},{"taxonomy":"product_cat","embeddable":true,"href":"https:\/\/aivlisoft.net\/shop\/wp-json\/wp\/v2\/product_cat?post=10597"},{"taxonomy":"product_tag","embeddable":true,"href":"https:\/\/aivlisoft.net\/shop\/wp-json\/wp\/v2\/product_tag?post=10597"}],"curies":[{"name":"wp","href":"https:\/\/api.w.org\/{rel}","templated":true}]}}