{"id":10560,"date":"2025-01-13T14:06:19","date_gmt":"2025-01-13T14:06:19","guid":{"rendered":"https:\/\/aivlisoft.com\/?post_type=product&#038;p=10560"},"modified":"2025-01-15T10:49:04","modified_gmt":"2025-01-15T10:49:04","slug":"apc-easy-ups-smv-750va-230v","status":"publish","type":"product","link":"https:\/\/aivlisoft.net\/shop\/producto\/apc-easy-ups-smv-750va-230v\/","title":{"rendered":"APC Easy UPS SMV 750VA 230V"},"content":{"rendered":"<p><\/p>\n<table class=\"tabla_caracteristicas\" width=\"100%\">\n<tr>\n<td valign=\"top\"><strong>Marca<\/strong><\/td>\n<td>APC<\/td>\n<\/tr>\n<tr>\n<td valign=\"top\"><strong>Modelo<\/strong><\/td>\n<td><strong>SMV750CAI<\/strong><\/td>\n<\/tr>\n<tr>\n<td valign=\"top\"><strong>Caracter&iacute;sticas<\/strong><\/td>\n<td>&#8211; Voltaje de entrada principal: 230 V<br \/>\t\t\t&#8211; Otras Tensiones De Entrada<br \/>\t\t\t&nbsp; 220 V<br \/>\t\t\t&nbsp; 240 voltios<br \/>\t\t\t&#8211; Voltaje de salida principal: 230 V<br \/>\t\t\t&#8211; Potencia Nominal En W: 525 W<br \/>\t\t\t&#8211; Potencia Nominal En Va: 750 VA<br \/>\t\t\t&#8211; Tipo De Producto O Componente: Sistema de alimentaci&oacute;n ininterrumpida (UPS)<br \/>\t\t\t&#8211; Tipo de conexi&oacute;n de entrada: IEC 60320 C14<br \/>\t\t\t&#8211; Conexi&oacute;n de salida tipo: 6 IEC 60320 C13<br \/>\t\t\t&#8211; Numero De Cables: 1<br \/>\t\t\t&#8211; Tipo De Bater&iacute;a: Bater&iacute;a de plomo y &aacute;cido<br \/>\t\t\t&#8211; Equipo Suministrado:<br \/>\t\t\t&nbsp; Documentaci&oacute;n en CD<br \/>\t\t\t&nbsp; Manual de usuario<br \/>\t\t\t&nbsp; Cable USB<br \/>\t\t\t<strong>Entrada<\/strong><br \/>\t\t\t&#8211; Frecuencia De Red: 45-65 Hz +\/- 1 Hz auto-sensing ((*))<br \/>\t\t\t&#8211; Barras De Separaci&oacute;n: 165-290 V<br \/>\t\t\t<strong>Salida<\/strong><br \/>\t\t\t&#8211; Potencia M&aacute;x. Configurable (Vatios): 525 W<br \/>\t\t\t&#8211; Frecuencia De Salida (Sincronizado Para Principales): 50\/60 Hz +\/- 1 Hz no sincronizada<br \/>\t\t\t&#8211; Factor de cresta: 3:1<br \/>\t\t\t&#8211; Topolog&iacute;a: Tecnolog&iacute;a line interactive<br \/>\t\t\t&#8211; Tipo De Forma De Onda: Onda senoidal<br \/>\t\t\t&#8211; Visualizaci&oacute;n de gr&aacute;ficos: 1<br \/>\t\t\t&#8211; Potencia M&aacute;xima Configurable En Va: 750 VA<br \/>\t\t\t&#8211; Tiempo De Transferencia:&nbsp; 2-6 ms typical (12 ms maximum)<br \/>\t\t\t<strong>Comunicaci&oacute;n y gesti&oacute;n<\/strong><br \/>\t\t\t&#8211; Ranuras Libres: 1<br \/>\t\t\t&#8211; Alarma: Alarma con bater&iacute;a: alarma distintiva de bater&iacute;a baja: tono continuo de sobrecarga alarma<br \/>\t\t\t<strong>Bater&iacute;a<\/strong><br \/>\t\t\t&#8211; Tiempo T&iacute;pico De Recarga: 4 H<br \/>\t\t\t&#8211; Voltaje De Bater&iacute;a: 24 V<br \/>\t\t\t&#8211; Suministro De Carga De Bater&iacute;as (Vatios): 33 W nominal<br \/>\t\t\t&#8211; Vida De La Bater&iacute;a: 3-5 a&ntilde;os<br \/>\t\t\t<strong>Certificaciones <\/strong><br \/>\t\t\t&#8211; CE<br \/>\t\t\t&#8211; UKCA<br \/>\t\t\t&#8211; generador<br \/>\t\t\t<strong>Normas <\/strong><br \/>\t\t\t&#8211; EN\/IEC 62040-1:2019\/A11:2021<br \/>\t\t\t&#8211; EN\/IEC 62040-2:2006\/AC:2006<br \/>\t\t\t&#8211; EN\/IEC 62040-2:2018<br \/>\t\t\t<strong>Dimensiones y peso<\/strong><br \/>\t\t\t&#8211; 220 x 160 x 41 mm<br \/>\t\t\t&#8211; 13,6 kg<\/td>\n<\/tr>\n<tr>\n<td valign=\"top\"><strong>Fecha de revisi&oacute;n<\/strong><\/td>\n<td>07-03-2024 por RTY<\/td>\n<\/tr>\n<\/table>\n","protected":false},"excerpt":{"rendered":"<p>Marca APC Modelo SMV750CAI Caracter&iacute;sticas &#8211; Voltaje de entrada principal: 230 V &#8211; Otras Tensiones De Entrada &nbsp; 220 V &nbsp; 240 voltios &#8211; Voltaje de salida principal: 230 V &#8211; Potencia Nominal En W: 525 W &#8211; Potencia Nominal En Va: 750 VA &#8211; Tipo De Producto O Componente: Sistema de alimentaci&oacute;n ininterrumpida (UPS)&hellip;&nbsp;<a href=\"https:\/\/aivlisoft.net\/shop\/producto\/apc-easy-ups-smv-750va-230v\/\" rel=\"bookmark\"><span class=\"screen-reader-text\">APC Easy UPS SMV 750VA 230V<\/span><\/a><\/p>\n","protected":false},"featured_media":10561,"template":"","meta":{"neve_meta_sidebar":"","neve_meta_container":"","neve_meta_enable_content_width":"","neve_meta_content_width":0,"neve_meta_title_alignment":"","neve_meta_author_avatar":"","neve_post_elements_order":"","neve_meta_disable_header":"","neve_meta_disable_footer":"","neve_meta_disable_title":""},"product_brand":[],"product_cat":[15,8689,458,4934],"product_tag":[4082],"class_list":{"0":"post-10560","1":"product","2":"type-product","3":"status-publish","4":"has-post-thumbnail","6":"product_cat-sin-categorizar","7":"product_cat-accesorios-sai-accesorios-sai","8":"product_cat-accesorios-sai","9":"product_cat-cajas-y-fuentes","10":"product_tag-smv750cai","12":"first","13":"instock","14":"taxable","15":"shipping-taxable","16":"purchasable","17":"product-type-simple"},"yoast_head":"<!-- This site is optimized with the Yoast SEO plugin v26.0 - https:\/\/yoast.com\/wordpress\/plugins\/seo\/ -->\n<title>APC Easy UPS SMV 750VA 230V - Aivlisoft Inform\u00e1tica<\/title>\n<meta name=\"robots\" content=\"index, follow, max-snippet:-1, max-image-preview:large, max-video-preview:-1\" \/>\n<link rel=\"canonical\" href=\"https:\/\/aivlisoft.net\/shop\/producto\/apc-easy-ups-smv-750va-230v\/\" \/>\n<meta property=\"og:locale\" content=\"es_ES\" \/>\n<meta property=\"og:type\" content=\"article\" \/>\n<meta property=\"og:title\" content=\"APC Easy UPS SMV 750VA 230V - Aivlisoft Inform\u00e1tica\" \/>\n<meta property=\"og:description\" content=\"Marca APC Modelo SMV750CAI Caracter&iacute;sticas &#8211; Voltaje de entrada principal: 230 V &#8211; Otras Tensiones De Entrada &nbsp; 220 V &nbsp; 240 voltios &#8211; Voltaje de salida principal: 230 V &#8211; Potencia Nominal En W: 525 W &#8211; Potencia Nominal En Va: 750 VA &#8211; Tipo De Producto O Componente: Sistema de alimentaci&oacute;n ininterrumpida (UPS)&hellip;&nbsp;APC Easy UPS SMV 750VA 230V\" \/>\n<meta property=\"og:url\" content=\"https:\/\/aivlisoft.net\/shop\/producto\/apc-easy-ups-smv-750va-230v\/\" \/>\n<meta property=\"og:site_name\" content=\"Aivlisoft Inform\u00e1tica\" \/>\n<meta property=\"article:modified_time\" content=\"2025-01-15T10:49:04+00:00\" \/>\n<meta property=\"og:image\" content=\"https:\/\/aivlisoft.net\/shop\/wp-content\/uploads\/2025\/01\/FSASOL0217_800.jpg\" \/>\n\t<meta property=\"og:image:width\" content=\"800\" \/>\n\t<meta property=\"og:image:height\" content=\"800\" \/>\n\t<meta property=\"og:image:type\" content=\"image\/jpeg\" \/>\n<meta name=\"twitter:card\" content=\"summary_large_image\" \/>\n<meta name=\"twitter:label1\" content=\"Tiempo de lectura\" \/>\n\t<meta name=\"twitter:data1\" content=\"2 minutos\" \/>\n<script type=\"application\/ld+json\" class=\"yoast-schema-graph\">{\"@context\":\"https:\/\/schema.org\",\"@graph\":[{\"@type\":\"WebPage\",\"@id\":\"https:\/\/aivlisoft.net\/shop\/producto\/apc-easy-ups-smv-750va-230v\/\",\"url\":\"https:\/\/aivlisoft.net\/shop\/producto\/apc-easy-ups-smv-750va-230v\/\",\"name\":\"APC Easy UPS SMV 750VA 230V - Aivlisoft Inform\u00e1tica\",\"isPartOf\":{\"@id\":\"https:\/\/aivlisoft.net\/shop\/#website\"},\"primaryImageOfPage\":{\"@id\":\"https:\/\/aivlisoft.net\/shop\/producto\/apc-easy-ups-smv-750va-230v\/#primaryimage\"},\"image\":{\"@id\":\"https:\/\/aivlisoft.net\/shop\/producto\/apc-easy-ups-smv-750va-230v\/#primaryimage\"},\"thumbnailUrl\":\"https:\/\/aivlisoft.net\/shop\/wp-content\/uploads\/2025\/01\/FSASOL0217_800.jpg\",\"datePublished\":\"2025-01-13T14:06:19+00:00\",\"dateModified\":\"2025-01-15T10:49:04+00:00\",\"breadcrumb\":{\"@id\":\"https:\/\/aivlisoft.net\/shop\/producto\/apc-easy-ups-smv-750va-230v\/#breadcrumb\"},\"inLanguage\":\"es\",\"potentialAction\":[{\"@type\":\"ReadAction\",\"target\":[\"https:\/\/aivlisoft.net\/shop\/producto\/apc-easy-ups-smv-750va-230v\/\"]}]},{\"@type\":\"ImageObject\",\"inLanguage\":\"es\",\"@id\":\"https:\/\/aivlisoft.net\/shop\/producto\/apc-easy-ups-smv-750va-230v\/#primaryimage\",\"url\":\"https:\/\/aivlisoft.net\/shop\/wp-content\/uploads\/2025\/01\/FSASOL0217_800.jpg\",\"contentUrl\":\"https:\/\/aivlisoft.net\/shop\/wp-content\/uploads\/2025\/01\/FSASOL0217_800.jpg\",\"width\":800,\"height\":800},{\"@type\":\"BreadcrumbList\",\"@id\":\"https:\/\/aivlisoft.net\/shop\/producto\/apc-easy-ups-smv-750va-230v\/#breadcrumb\",\"itemListElement\":[{\"@type\":\"ListItem\",\"position\":1,\"name\":\"Portada\",\"item\":\"https:\/\/aivlisoft.net\/shop\/\"},{\"@type\":\"ListItem\",\"position\":2,\"name\":\"Tienda\",\"item\":\"https:\/\/aivlisoft.net\/shop\/tienda\/\"},{\"@type\":\"ListItem\",\"position\":3,\"name\":\"APC Easy UPS SMV 750VA 230V\"}]},{\"@type\":\"WebSite\",\"@id\":\"https:\/\/aivlisoft.net\/shop\/#website\",\"url\":\"https:\/\/aivlisoft.net\/shop\/\",\"name\":\"Aivlisoft Inform\u00e1tica\",\"description\":\"En Aivlisoft Inform\u00e1tica ofrecemos soluciones tecnol\u00f3gicas para empresas: venta de ordenadores, consumibles, perif\u00e9ricos y m\u00e1s. Calidad, atenci\u00f3n personalizada y los mejores precios para tu negocio.\",\"publisher\":{\"@id\":\"https:\/\/aivlisoft.net\/shop\/#organization\"},\"potentialAction\":[{\"@type\":\"SearchAction\",\"target\":{\"@type\":\"EntryPoint\",\"urlTemplate\":\"https:\/\/aivlisoft.net\/shop\/?s={search_term_string}\"},\"query-input\":{\"@type\":\"PropertyValueSpecification\",\"valueRequired\":true,\"valueName\":\"search_term_string\"}}],\"inLanguage\":\"es\"},{\"@type\":\"Organization\",\"@id\":\"https:\/\/aivlisoft.net\/shop\/#organization\",\"name\":\"Aivlisoft Inform\u00e1tica\",\"url\":\"https:\/\/aivlisoft.net\/shop\/\",\"logo\":{\"@type\":\"ImageObject\",\"inLanguage\":\"es\",\"@id\":\"https:\/\/aivlisoft.net\/shop\/#\/schema\/logo\/image\/\",\"url\":\"https:\/\/aivlisoft.net\/shop\/wp-content\/uploads\/2024\/12\/removal.ai_5b848c54-0cdf-4140-95c5-c5536bb7573b-logodef.png\",\"contentUrl\":\"https:\/\/aivlisoft.net\/shop\/wp-content\/uploads\/2024\/12\/removal.ai_5b848c54-0cdf-4140-95c5-c5536bb7573b-logodef.png\",\"width\":484,\"height\":182,\"caption\":\"Aivlisoft Inform\u00e1tica\"},\"image\":{\"@id\":\"https:\/\/aivlisoft.net\/shop\/#\/schema\/logo\/image\/\"}}]}<\/script>\n<!-- \/ Yoast SEO plugin. -->","yoast_head_json":{"title":"APC Easy UPS SMV 750VA 230V - Aivlisoft Inform\u00e1tica","robots":{"index":"index","follow":"follow","max-snippet":"max-snippet:-1","max-image-preview":"max-image-preview:large","max-video-preview":"max-video-preview:-1"},"canonical":"https:\/\/aivlisoft.net\/shop\/producto\/apc-easy-ups-smv-750va-230v\/","og_locale":"es_ES","og_type":"article","og_title":"APC Easy UPS SMV 750VA 230V - Aivlisoft Inform\u00e1tica","og_description":"Marca APC Modelo SMV750CAI Caracter&iacute;sticas &#8211; Voltaje de entrada principal: 230 V &#8211; Otras Tensiones De Entrada &nbsp; 220 V &nbsp; 240 voltios &#8211; Voltaje de salida principal: 230 V &#8211; Potencia Nominal En W: 525 W &#8211; Potencia Nominal En Va: 750 VA &#8211; Tipo De Producto O Componente: Sistema de alimentaci&oacute;n ininterrumpida (UPS)&hellip;&nbsp;APC Easy UPS SMV 750VA 230V","og_url":"https:\/\/aivlisoft.net\/shop\/producto\/apc-easy-ups-smv-750va-230v\/","og_site_name":"Aivlisoft Inform\u00e1tica","article_modified_time":"2025-01-15T10:49:04+00:00","og_image":[{"width":800,"height":800,"url":"https:\/\/aivlisoft.net\/shop\/wp-content\/uploads\/2025\/01\/FSASOL0217_800.jpg","type":"image\/jpeg"}],"twitter_card":"summary_large_image","twitter_misc":{"Tiempo de lectura":"2 minutos"},"schema":{"@context":"https:\/\/schema.org","@graph":[{"@type":"WebPage","@id":"https:\/\/aivlisoft.net\/shop\/producto\/apc-easy-ups-smv-750va-230v\/","url":"https:\/\/aivlisoft.net\/shop\/producto\/apc-easy-ups-smv-750va-230v\/","name":"APC Easy UPS SMV 750VA 230V - Aivlisoft Inform\u00e1tica","isPartOf":{"@id":"https:\/\/aivlisoft.net\/shop\/#website"},"primaryImageOfPage":{"@id":"https:\/\/aivlisoft.net\/shop\/producto\/apc-easy-ups-smv-750va-230v\/#primaryimage"},"image":{"@id":"https:\/\/aivlisoft.net\/shop\/producto\/apc-easy-ups-smv-750va-230v\/#primaryimage"},"thumbnailUrl":"https:\/\/aivlisoft.net\/shop\/wp-content\/uploads\/2025\/01\/FSASOL0217_800.jpg","datePublished":"2025-01-13T14:06:19+00:00","dateModified":"2025-01-15T10:49:04+00:00","breadcrumb":{"@id":"https:\/\/aivlisoft.net\/shop\/producto\/apc-easy-ups-smv-750va-230v\/#breadcrumb"},"inLanguage":"es","potentialAction":[{"@type":"ReadAction","target":["https:\/\/aivlisoft.net\/shop\/producto\/apc-easy-ups-smv-750va-230v\/"]}]},{"@type":"ImageObject","inLanguage":"es","@id":"https:\/\/aivlisoft.net\/shop\/producto\/apc-easy-ups-smv-750va-230v\/#primaryimage","url":"https:\/\/aivlisoft.net\/shop\/wp-content\/uploads\/2025\/01\/FSASOL0217_800.jpg","contentUrl":"https:\/\/aivlisoft.net\/shop\/wp-content\/uploads\/2025\/01\/FSASOL0217_800.jpg","width":800,"height":800},{"@type":"BreadcrumbList","@id":"https:\/\/aivlisoft.net\/shop\/producto\/apc-easy-ups-smv-750va-230v\/#breadcrumb","itemListElement":[{"@type":"ListItem","position":1,"name":"Portada","item":"https:\/\/aivlisoft.net\/shop\/"},{"@type":"ListItem","position":2,"name":"Tienda","item":"https:\/\/aivlisoft.net\/shop\/tienda\/"},{"@type":"ListItem","position":3,"name":"APC Easy UPS SMV 750VA 230V"}]},{"@type":"WebSite","@id":"https:\/\/aivlisoft.net\/shop\/#website","url":"https:\/\/aivlisoft.net\/shop\/","name":"Aivlisoft Inform\u00e1tica","description":"En Aivlisoft Inform\u00e1tica ofrecemos soluciones tecnol\u00f3gicas para empresas: venta de ordenadores, consumibles, perif\u00e9ricos y m\u00e1s. Calidad, atenci\u00f3n personalizada y los mejores precios para tu negocio.","publisher":{"@id":"https:\/\/aivlisoft.net\/shop\/#organization"},"potentialAction":[{"@type":"SearchAction","target":{"@type":"EntryPoint","urlTemplate":"https:\/\/aivlisoft.net\/shop\/?s={search_term_string}"},"query-input":{"@type":"PropertyValueSpecification","valueRequired":true,"valueName":"search_term_string"}}],"inLanguage":"es"},{"@type":"Organization","@id":"https:\/\/aivlisoft.net\/shop\/#organization","name":"Aivlisoft Inform\u00e1tica","url":"https:\/\/aivlisoft.net\/shop\/","logo":{"@type":"ImageObject","inLanguage":"es","@id":"https:\/\/aivlisoft.net\/shop\/#\/schema\/logo\/image\/","url":"https:\/\/aivlisoft.net\/shop\/wp-content\/uploads\/2024\/12\/removal.ai_5b848c54-0cdf-4140-95c5-c5536bb7573b-logodef.png","contentUrl":"https:\/\/aivlisoft.net\/shop\/wp-content\/uploads\/2024\/12\/removal.ai_5b848c54-0cdf-4140-95c5-c5536bb7573b-logodef.png","width":484,"height":182,"caption":"Aivlisoft Inform\u00e1tica"},"image":{"@id":"https:\/\/aivlisoft.net\/shop\/#\/schema\/logo\/image\/"}}]}},"_links":{"self":[{"href":"https:\/\/aivlisoft.net\/shop\/wp-json\/wp\/v2\/product\/10560","targetHints":{"allow":["GET"]}}],"collection":[{"href":"https:\/\/aivlisoft.net\/shop\/wp-json\/wp\/v2\/product"}],"about":[{"href":"https:\/\/aivlisoft.net\/shop\/wp-json\/wp\/v2\/types\/product"}],"wp:featuredmedia":[{"embeddable":true,"href":"https:\/\/aivlisoft.net\/shop\/wp-json\/wp\/v2\/media\/10561"}],"wp:attachment":[{"href":"https:\/\/aivlisoft.net\/shop\/wp-json\/wp\/v2\/media?parent=10560"}],"wp:term":[{"taxonomy":"product_brand","embeddable":true,"href":"https:\/\/aivlisoft.net\/shop\/wp-json\/wp\/v2\/product_brand?post=10560"},{"taxonomy":"product_cat","embeddable":true,"href":"https:\/\/aivlisoft.net\/shop\/wp-json\/wp\/v2\/product_cat?post=10560"},{"taxonomy":"product_tag","embeddable":true,"href":"https:\/\/aivlisoft.net\/shop\/wp-json\/wp\/v2\/product_tag?post=10560"}],"curies":[{"name":"wp","href":"https:\/\/api.w.org\/{rel}","templated":true}]}}