{"id":10479,"date":"2025-01-13T14:05:39","date_gmt":"2025-01-13T14:05:39","guid":{"rendered":"https:\/\/aivlisoft.com\/?post_type=product&#038;p=10479"},"modified":"2025-01-15T10:52:11","modified_gmt":"2025-01-15T10:52:11","slug":"salicru-slc-4000-twin-pro3","status":"publish","type":"product","link":"https:\/\/aivlisoft.net\/shop\/producto\/salicru-slc-4000-twin-pro3\/","title":{"rendered":"Salicru SLC-4000-TWIN PRO3"},"content":{"rendered":"<p><\/p>\n<p>&nbsp;<\/p>\n<table class=\"tabla_caracteristicas\" width=\"100%\">\n<tr>\n<td valign=\"top\"><strong>Marca <\/strong><\/td>\n<td valign=\"top\">Salicru<\/td>\n<\/tr>\n<tr>\n<td valign=\"top\"><strong>Modelo <\/strong><\/td>\n<td valign=\"top\"><strong>6B5AB000001<\/strong><\/td>\n<\/tr>\n<tr>\n<td valign=\"top\"><strong>Tipo <\/strong><\/td>\n<td valign=\"top\">&#8211; Torre<\/td>\n<\/tr>\n<tr>\n<td valign=\"top\"><strong>Tecnolog&iacute;a <\/strong><\/td>\n<td valign=\"top\">&#8211; On-line, doble conversion<\/td>\n<\/tr>\n<tr>\n<td valign=\"top\"><strong>Entrada <\/strong><\/td>\n<td valign=\"top\">&#8211; Tensi&oacute;n nominal: 220\/230\/240 V<br \/>\t\t\t&#8211; Margen de tensi&oacute;n: 110 &divide; 276 V<br \/>\t\t\t&#8211; Frecuencia nominal: 50\/60 Hz (autodetecci&oacute;n)<br \/>\t\t\t&#8211; Margen de frecuencia: 50 &plusmn;5 Hz\/60 &plusmn;6 Hz<br \/>\t\t\t&#8211; Distorsi&oacute;n Arm&oacute;nica Total (THDi): &lt;3 % carga lineal; &lt;5 % carga no lineal<br \/>\t\t\t&#8211; Factor de potencia: &ge;0,99<\/td>\n<\/tr>\n<tr>\n<td valign=\"top\"><strong>Salida <\/strong><\/td>\n<td valign=\"top\">&#8211; Factor de potencia: 1<br \/>\t\t\t&#8211; Tensi&oacute;n nominal: 220\/230\/240 V<br \/>\t\t\t&#8211; Precisi&oacute;n tensi&oacute;n: &plusmn;1%<br \/>\t\t\t&#8211; Distorsi&oacute;n Arm&oacute;nica Total (THDv) carga lineal: &le;1%<br \/>\t\t\t&#8211; Distorsi&oacute;n Arm&oacute;nica Total (THDv) carga no-lineal: &le;5%<br \/>\t\t\t&#8211; Frecuencia sincronizada: 50 &plusmn;5 Hz \/ 60 &plusmn;6 Hz<br \/>\t\t\t&#8211; Rendimiento total modo On-line: 95%<br \/>\t\t\t&#8211; Rendimiento total modo Eco: 98%<br \/>\t\t\t&#8211; Sobrecargas admisibles Modo bater&iacute;a: 105 &divide; 125 % durante 1 min\/125 &divide;150 % durante 30 s\/&gt;150 % durante 500 ms<br \/>\t\t\t&#8211; Sobrecargas admisibles Modo bypass: 125 &divide;150 % durante 30 s\/&gt;150 % durante 500 ms<br \/>\t\t\t&#8211; Sobrecargas admisibles Modo en l&iacute;nea: 105 &divide; 125 % durante 10 min\/125 &divide;150 % durante 30 s\/&gt;150 % durante 500 ms<br \/>\t\t\t&#8211; Paralelo: Si, hasta 3 unidades<\/td>\n<\/tr>\n<tr>\n<td valign=\"top\"><strong>Bater&iacute;a <\/strong><\/td>\n<td valign=\"top\">&#8211; Protecci&oacute;n: Contra sobretensiones, subtensiones y sobretemperatura<br \/>\t\t\t&#8211; Tipo de bater&iacute;a: Pb-Ca selladas, AGM, sin mantenimiento<br \/>\t\t\t&#8211; Tipo de carga: carga inteligente de 3 estados<br \/>\t\t\t&#8211; Tiempo de recarga: 3 horas al 90%<br \/>\t\t\t&#8211; M&aacute;ximo n&uacute;mero de EBM: 6<\/td>\n<\/tr>\n<tr>\n<td valign=\"top\"><strong>Cargador <\/strong><\/td>\n<td valign=\"top\">&#8211; Compensaci&oacute;n tensi&oacute;n por temperatura<br \/>\t\t\t&#8211; Corriente de carga: Ajustable 0 &divide; 4 A (0 &divide; 12A para equipos B1)<\/td>\n<\/tr>\n<tr>\n<td valign=\"top\"><strong>Modo funcionamiento<\/strong><\/td>\n<td valign=\"top\">&#8211; Eco-mode: S&iacute;<br \/>\t\t\t&#8211; Convertidor de frecuencia (CVCF): S&iacute;<\/td>\n<\/tr>\n<tr>\n<td valign=\"top\"><strong>Comunicaci&oacute;n <\/strong><\/td>\n<td valign=\"top\">&#8211; Puertos: USB-HID\/RS-232\/RJ-45\/HDMI para dongle wifi<br \/>\t\t\t&#8211; Slot inteligente: Para SNMP\/AS400\/Modbus<br \/>\t\t\t&#8211; Software de monitorizaci&oacute;n: Software para Windows, Linux y Mac\/APP para iOS y Android\/Portal WEB<\/td>\n<\/tr>\n<tr>\n<td valign=\"top\"><strong>Generales <\/strong><\/td>\n<td valign=\"top\">&#8211; Temperatura de trabajo: 0&ordm; C &divide; 50&ordm; C<br \/>\t\t\t&#8211; Humedad relativa: Hasta 95%, sin condensar<br \/>\t\t\t&#8211; Altitud m&aacute;xima de trabajo: 3.000 m.s.n.m<br \/>\t\t\t&#8211; Ruido ac&uacute;stico a 1 m: &lt;55 dB &divide; &lt;60 dB a plena carga\/&lt;50 dB &divide; &lt;55 dB al 75 % de carga<\/td>\n<\/tr>\n<tr>\n<td valign=\"top\"><strong>Normativa <\/strong><\/td>\n<td valign=\"top\">&#8211; Seguridad: EN IEC 62040-1<br \/>\t\t\t&#8211; Compatibilidad electromagn&eacute;tica (CEM): EN 62040-2 (C3)<br \/>\t\t\t&#8211; Funcionamiento: VFI-SS-11 (EN 62040-3)<br \/>\t\t\t&#8211; Gesti&oacute;n de Calidad y Ambiental: ISO 9001, ISO 14001, ISO 45001<\/td>\n<\/tr>\n<tr>\n<td valign=\"top\"><strong>Otras caracter&iacute;sticas<\/strong><\/td>\n<td valign=\"top\">&#8211; Cold-start (arranque desde bater&iacute;as)<br \/>\t\t\t&#8211; Paro de emergencia<br \/>\t\t\t&#8211; Eco-mode<br \/>\t\t\t&#8211; Paro de emergencia (EPO)<br \/>\t\t\t<strong>Dimensiones y peso<\/strong><br \/>\t\t\t&#8211; Fondo (mm): 492<br \/>\t\t\t&#8211; Ancho (mm): 225<br \/>\t\t\t&#8211; Alto (mm): 589<br \/>\t\t\t&#8211; Peso (kg): 51<\/td>\n<\/tr>\n<tr>\n<td valign=\"top\"><strong>Fecha de revisi&oacute;n <\/strong><\/td>\n<td valign=\"top\">24-04-2023 por HBG<\/td>\n<\/tr>\n<\/table>\n","protected":false},"excerpt":{"rendered":"<p>&nbsp; Marca Salicru Modelo 6B5AB000001 Tipo &#8211; Torre Tecnolog&iacute;a &#8211; On-line, doble conversion Entrada &#8211; Tensi&oacute;n nominal: 220\/230\/240 V &#8211; Margen de tensi&oacute;n: 110 &divide; 276 V &#8211; Frecuencia nominal: 50\/60 Hz (autodetecci&oacute;n) &#8211; Margen de frecuencia: 50 &plusmn;5 Hz\/60 &plusmn;6 Hz &#8211; Distorsi&oacute;n Arm&oacute;nica Total (THDi): &lt;3 % carga lineal; &lt;5 % carga no&hellip;&nbsp;<a href=\"https:\/\/aivlisoft.net\/shop\/producto\/salicru-slc-4000-twin-pro3\/\" rel=\"bookmark\"><span class=\"screen-reader-text\">Salicru SLC-4000-TWIN PRO3<\/span><\/a><\/p>\n","protected":false},"featured_media":10480,"template":"","meta":{"neve_meta_sidebar":"","neve_meta_container":"","neve_meta_enable_content_width":"","neve_meta_content_width":0,"neve_meta_title_alignment":"","neve_meta_author_avatar":"","neve_post_elements_order":"","neve_meta_disable_header":"","neve_meta_disable_footer":"","neve_meta_disable_title":""},"product_brand":[],"product_cat":[15,8689,458,4934],"product_tag":[4062],"class_list":{"0":"post-10479","1":"product","2":"type-product","3":"status-publish","4":"has-post-thumbnail","6":"product_cat-sin-categorizar","7":"product_cat-accesorios-sai-accesorios-sai","8":"product_cat-accesorios-sai","9":"product_cat-cajas-y-fuentes","10":"product_tag-6b5ab000001","12":"first","13":"instock","14":"taxable","15":"shipping-taxable","16":"purchasable","17":"product-type-simple"},"yoast_head":"<!-- This site is optimized with the Yoast SEO plugin v26.0 - https:\/\/yoast.com\/wordpress\/plugins\/seo\/ -->\n<title>Salicru SLC-4000-TWIN PRO3 - Aivlisoft Inform\u00e1tica<\/title>\n<meta name=\"robots\" content=\"index, follow, max-snippet:-1, max-image-preview:large, max-video-preview:-1\" \/>\n<link rel=\"canonical\" href=\"https:\/\/aivlisoft.net\/shop\/producto\/salicru-slc-4000-twin-pro3\/\" \/>\n<meta property=\"og:locale\" content=\"es_ES\" \/>\n<meta property=\"og:type\" content=\"article\" \/>\n<meta property=\"og:title\" content=\"Salicru SLC-4000-TWIN PRO3 - Aivlisoft Inform\u00e1tica\" \/>\n<meta property=\"og:description\" content=\"&nbsp; Marca Salicru Modelo 6B5AB000001 Tipo &#8211; Torre Tecnolog&iacute;a &#8211; On-line, doble conversion Entrada &#8211; Tensi&oacute;n nominal: 220\/230\/240 V &#8211; Margen de tensi&oacute;n: 110 &divide; 276 V &#8211; Frecuencia nominal: 50\/60 Hz (autodetecci&oacute;n) &#8211; Margen de frecuencia: 50 &plusmn;5 Hz\/60 &plusmn;6 Hz &#8211; Distorsi&oacute;n Arm&oacute;nica Total (THDi): &lt;3 % carga lineal; &lt;5 % carga no&hellip;&nbsp;Salicru SLC-4000-TWIN PRO3\" \/>\n<meta property=\"og:url\" content=\"https:\/\/aivlisoft.net\/shop\/producto\/salicru-slc-4000-twin-pro3\/\" \/>\n<meta property=\"og:site_name\" content=\"Aivlisoft Inform\u00e1tica\" \/>\n<meta property=\"article:modified_time\" content=\"2025-01-15T10:52:11+00:00\" \/>\n<meta property=\"og:image\" content=\"https:\/\/aivlisoft.net\/shop\/wp-content\/uploads\/2025\/01\/FSASOL0185_800.jpg\" \/>\n\t<meta property=\"og:image:width\" content=\"800\" \/>\n\t<meta property=\"og:image:height\" content=\"800\" \/>\n\t<meta property=\"og:image:type\" content=\"image\/jpeg\" \/>\n<meta name=\"twitter:card\" content=\"summary_large_image\" \/>\n<meta name=\"twitter:label1\" content=\"Tiempo de lectura\" \/>\n\t<meta name=\"twitter:data1\" content=\"2 minutos\" \/>\n<script type=\"application\/ld+json\" class=\"yoast-schema-graph\">{\"@context\":\"https:\/\/schema.org\",\"@graph\":[{\"@type\":\"WebPage\",\"@id\":\"https:\/\/aivlisoft.net\/shop\/producto\/salicru-slc-4000-twin-pro3\/\",\"url\":\"https:\/\/aivlisoft.net\/shop\/producto\/salicru-slc-4000-twin-pro3\/\",\"name\":\"Salicru SLC-4000-TWIN PRO3 - Aivlisoft Inform\u00e1tica\",\"isPartOf\":{\"@id\":\"https:\/\/aivlisoft.net\/shop\/#website\"},\"primaryImageOfPage\":{\"@id\":\"https:\/\/aivlisoft.net\/shop\/producto\/salicru-slc-4000-twin-pro3\/#primaryimage\"},\"image\":{\"@id\":\"https:\/\/aivlisoft.net\/shop\/producto\/salicru-slc-4000-twin-pro3\/#primaryimage\"},\"thumbnailUrl\":\"https:\/\/aivlisoft.net\/shop\/wp-content\/uploads\/2025\/01\/FSASOL0185_800.jpg\",\"datePublished\":\"2025-01-13T14:05:39+00:00\",\"dateModified\":\"2025-01-15T10:52:11+00:00\",\"breadcrumb\":{\"@id\":\"https:\/\/aivlisoft.net\/shop\/producto\/salicru-slc-4000-twin-pro3\/#breadcrumb\"},\"inLanguage\":\"es\",\"potentialAction\":[{\"@type\":\"ReadAction\",\"target\":[\"https:\/\/aivlisoft.net\/shop\/producto\/salicru-slc-4000-twin-pro3\/\"]}]},{\"@type\":\"ImageObject\",\"inLanguage\":\"es\",\"@id\":\"https:\/\/aivlisoft.net\/shop\/producto\/salicru-slc-4000-twin-pro3\/#primaryimage\",\"url\":\"https:\/\/aivlisoft.net\/shop\/wp-content\/uploads\/2025\/01\/FSASOL0185_800.jpg\",\"contentUrl\":\"https:\/\/aivlisoft.net\/shop\/wp-content\/uploads\/2025\/01\/FSASOL0185_800.jpg\",\"width\":800,\"height\":800},{\"@type\":\"BreadcrumbList\",\"@id\":\"https:\/\/aivlisoft.net\/shop\/producto\/salicru-slc-4000-twin-pro3\/#breadcrumb\",\"itemListElement\":[{\"@type\":\"ListItem\",\"position\":1,\"name\":\"Portada\",\"item\":\"https:\/\/aivlisoft.net\/shop\/\"},{\"@type\":\"ListItem\",\"position\":2,\"name\":\"Tienda\",\"item\":\"https:\/\/aivlisoft.net\/shop\/tienda\/\"},{\"@type\":\"ListItem\",\"position\":3,\"name\":\"Salicru SLC-4000-TWIN PRO3\"}]},{\"@type\":\"WebSite\",\"@id\":\"https:\/\/aivlisoft.net\/shop\/#website\",\"url\":\"https:\/\/aivlisoft.net\/shop\/\",\"name\":\"Aivlisoft Inform\u00e1tica\",\"description\":\"En Aivlisoft Inform\u00e1tica ofrecemos soluciones tecnol\u00f3gicas para empresas: venta de ordenadores, consumibles, perif\u00e9ricos y m\u00e1s. Calidad, atenci\u00f3n personalizada y los mejores precios para tu negocio.\",\"publisher\":{\"@id\":\"https:\/\/aivlisoft.net\/shop\/#organization\"},\"potentialAction\":[{\"@type\":\"SearchAction\",\"target\":{\"@type\":\"EntryPoint\",\"urlTemplate\":\"https:\/\/aivlisoft.net\/shop\/?s={search_term_string}\"},\"query-input\":{\"@type\":\"PropertyValueSpecification\",\"valueRequired\":true,\"valueName\":\"search_term_string\"}}],\"inLanguage\":\"es\"},{\"@type\":\"Organization\",\"@id\":\"https:\/\/aivlisoft.net\/shop\/#organization\",\"name\":\"Aivlisoft Inform\u00e1tica\",\"url\":\"https:\/\/aivlisoft.net\/shop\/\",\"logo\":{\"@type\":\"ImageObject\",\"inLanguage\":\"es\",\"@id\":\"https:\/\/aivlisoft.net\/shop\/#\/schema\/logo\/image\/\",\"url\":\"https:\/\/aivlisoft.net\/shop\/wp-content\/uploads\/2024\/12\/removal.ai_5b848c54-0cdf-4140-95c5-c5536bb7573b-logodef.png\",\"contentUrl\":\"https:\/\/aivlisoft.net\/shop\/wp-content\/uploads\/2024\/12\/removal.ai_5b848c54-0cdf-4140-95c5-c5536bb7573b-logodef.png\",\"width\":484,\"height\":182,\"caption\":\"Aivlisoft Inform\u00e1tica\"},\"image\":{\"@id\":\"https:\/\/aivlisoft.net\/shop\/#\/schema\/logo\/image\/\"}}]}<\/script>\n<!-- \/ Yoast SEO plugin. -->","yoast_head_json":{"title":"Salicru SLC-4000-TWIN PRO3 - Aivlisoft Inform\u00e1tica","robots":{"index":"index","follow":"follow","max-snippet":"max-snippet:-1","max-image-preview":"max-image-preview:large","max-video-preview":"max-video-preview:-1"},"canonical":"https:\/\/aivlisoft.net\/shop\/producto\/salicru-slc-4000-twin-pro3\/","og_locale":"es_ES","og_type":"article","og_title":"Salicru SLC-4000-TWIN PRO3 - Aivlisoft Inform\u00e1tica","og_description":"&nbsp; Marca Salicru Modelo 6B5AB000001 Tipo &#8211; Torre Tecnolog&iacute;a &#8211; On-line, doble conversion Entrada &#8211; Tensi&oacute;n nominal: 220\/230\/240 V &#8211; Margen de tensi&oacute;n: 110 &divide; 276 V &#8211; Frecuencia nominal: 50\/60 Hz (autodetecci&oacute;n) &#8211; Margen de frecuencia: 50 &plusmn;5 Hz\/60 &plusmn;6 Hz &#8211; Distorsi&oacute;n Arm&oacute;nica Total (THDi): &lt;3 % carga lineal; &lt;5 % carga no&hellip;&nbsp;Salicru SLC-4000-TWIN PRO3","og_url":"https:\/\/aivlisoft.net\/shop\/producto\/salicru-slc-4000-twin-pro3\/","og_site_name":"Aivlisoft Inform\u00e1tica","article_modified_time":"2025-01-15T10:52:11+00:00","og_image":[{"width":800,"height":800,"url":"https:\/\/aivlisoft.net\/shop\/wp-content\/uploads\/2025\/01\/FSASOL0185_800.jpg","type":"image\/jpeg"}],"twitter_card":"summary_large_image","twitter_misc":{"Tiempo de lectura":"2 minutos"},"schema":{"@context":"https:\/\/schema.org","@graph":[{"@type":"WebPage","@id":"https:\/\/aivlisoft.net\/shop\/producto\/salicru-slc-4000-twin-pro3\/","url":"https:\/\/aivlisoft.net\/shop\/producto\/salicru-slc-4000-twin-pro3\/","name":"Salicru SLC-4000-TWIN PRO3 - Aivlisoft Inform\u00e1tica","isPartOf":{"@id":"https:\/\/aivlisoft.net\/shop\/#website"},"primaryImageOfPage":{"@id":"https:\/\/aivlisoft.net\/shop\/producto\/salicru-slc-4000-twin-pro3\/#primaryimage"},"image":{"@id":"https:\/\/aivlisoft.net\/shop\/producto\/salicru-slc-4000-twin-pro3\/#primaryimage"},"thumbnailUrl":"https:\/\/aivlisoft.net\/shop\/wp-content\/uploads\/2025\/01\/FSASOL0185_800.jpg","datePublished":"2025-01-13T14:05:39+00:00","dateModified":"2025-01-15T10:52:11+00:00","breadcrumb":{"@id":"https:\/\/aivlisoft.net\/shop\/producto\/salicru-slc-4000-twin-pro3\/#breadcrumb"},"inLanguage":"es","potentialAction":[{"@type":"ReadAction","target":["https:\/\/aivlisoft.net\/shop\/producto\/salicru-slc-4000-twin-pro3\/"]}]},{"@type":"ImageObject","inLanguage":"es","@id":"https:\/\/aivlisoft.net\/shop\/producto\/salicru-slc-4000-twin-pro3\/#primaryimage","url":"https:\/\/aivlisoft.net\/shop\/wp-content\/uploads\/2025\/01\/FSASOL0185_800.jpg","contentUrl":"https:\/\/aivlisoft.net\/shop\/wp-content\/uploads\/2025\/01\/FSASOL0185_800.jpg","width":800,"height":800},{"@type":"BreadcrumbList","@id":"https:\/\/aivlisoft.net\/shop\/producto\/salicru-slc-4000-twin-pro3\/#breadcrumb","itemListElement":[{"@type":"ListItem","position":1,"name":"Portada","item":"https:\/\/aivlisoft.net\/shop\/"},{"@type":"ListItem","position":2,"name":"Tienda","item":"https:\/\/aivlisoft.net\/shop\/tienda\/"},{"@type":"ListItem","position":3,"name":"Salicru SLC-4000-TWIN PRO3"}]},{"@type":"WebSite","@id":"https:\/\/aivlisoft.net\/shop\/#website","url":"https:\/\/aivlisoft.net\/shop\/","name":"Aivlisoft Inform\u00e1tica","description":"En Aivlisoft Inform\u00e1tica ofrecemos soluciones tecnol\u00f3gicas para empresas: venta de ordenadores, consumibles, perif\u00e9ricos y m\u00e1s. Calidad, atenci\u00f3n personalizada y los mejores precios para tu negocio.","publisher":{"@id":"https:\/\/aivlisoft.net\/shop\/#organization"},"potentialAction":[{"@type":"SearchAction","target":{"@type":"EntryPoint","urlTemplate":"https:\/\/aivlisoft.net\/shop\/?s={search_term_string}"},"query-input":{"@type":"PropertyValueSpecification","valueRequired":true,"valueName":"search_term_string"}}],"inLanguage":"es"},{"@type":"Organization","@id":"https:\/\/aivlisoft.net\/shop\/#organization","name":"Aivlisoft Inform\u00e1tica","url":"https:\/\/aivlisoft.net\/shop\/","logo":{"@type":"ImageObject","inLanguage":"es","@id":"https:\/\/aivlisoft.net\/shop\/#\/schema\/logo\/image\/","url":"https:\/\/aivlisoft.net\/shop\/wp-content\/uploads\/2024\/12\/removal.ai_5b848c54-0cdf-4140-95c5-c5536bb7573b-logodef.png","contentUrl":"https:\/\/aivlisoft.net\/shop\/wp-content\/uploads\/2024\/12\/removal.ai_5b848c54-0cdf-4140-95c5-c5536bb7573b-logodef.png","width":484,"height":182,"caption":"Aivlisoft Inform\u00e1tica"},"image":{"@id":"https:\/\/aivlisoft.net\/shop\/#\/schema\/logo\/image\/"}}]}},"_links":{"self":[{"href":"https:\/\/aivlisoft.net\/shop\/wp-json\/wp\/v2\/product\/10479","targetHints":{"allow":["GET"]}}],"collection":[{"href":"https:\/\/aivlisoft.net\/shop\/wp-json\/wp\/v2\/product"}],"about":[{"href":"https:\/\/aivlisoft.net\/shop\/wp-json\/wp\/v2\/types\/product"}],"wp:featuredmedia":[{"embeddable":true,"href":"https:\/\/aivlisoft.net\/shop\/wp-json\/wp\/v2\/media\/10480"}],"wp:attachment":[{"href":"https:\/\/aivlisoft.net\/shop\/wp-json\/wp\/v2\/media?parent=10479"}],"wp:term":[{"taxonomy":"product_brand","embeddable":true,"href":"https:\/\/aivlisoft.net\/shop\/wp-json\/wp\/v2\/product_brand?post=10479"},{"taxonomy":"product_cat","embeddable":true,"href":"https:\/\/aivlisoft.net\/shop\/wp-json\/wp\/v2\/product_cat?post=10479"},{"taxonomy":"product_tag","embeddable":true,"href":"https:\/\/aivlisoft.net\/shop\/wp-json\/wp\/v2\/product_tag?post=10479"}],"curies":[{"name":"wp","href":"https:\/\/api.w.org\/{rel}","templated":true}]}}