{"id":10451,"date":"2025-01-13T14:05:28","date_gmt":"2025-01-13T14:05:28","guid":{"rendered":"https:\/\/aivlisoft.com\/?post_type=product&#038;p=10451"},"modified":"2025-01-15T10:52:18","modified_gmt":"2025-01-15T10:52:18","slug":"salicru-slc-15-cube-4","status":"publish","type":"product","link":"https:\/\/aivlisoft.net\/shop\/producto\/salicru-slc-15-cube-4\/","title":{"rendered":"Salicru SLC 15 Cube 4"},"content":{"rendered":"<p><\/p>\n<table class=\"tabla_caracteristicas k-table\" width=\"100%\">\n<tr>\n<td valign=\"top\"><strong>Marca <\/strong><\/td>\n<td valign=\"top\">Salicru <\/td>\n<\/tr>\n<tr>\n<td valign=\"top\"><strong>Modelo <\/strong><\/td>\n<td valign=\"top\"><strong>6B3AA000003<\/strong><\/td>\n<\/tr>\n<tr>\n<td valign=\"top\"><strong>Entrada <\/strong><\/td>\n<td valign=\"top\">\n<div>&#8211; Tecnolog&iacute;a: On-line, doble conversi&oacute;n, HF, control DSP<br \/>\t\t\t&#8211; Tensi&oacute;n: 3 &times; 380 \/ 3 &times; 400 \/ 3 &times; 415 V (3F + N)<br \/>\t\t\t&#8211; Margen de tensi&oacute;n: 7,5&divide;20 kVA: 110 &divide; 300V (F-N) \/ 30&divide;80 kVA: 115 &divide; 265V (F-N)<br \/>\t\t\t&#8211; Frecuencia nominal: 50 \/ 60 Hz<br \/>\t\t\t&#8211; Margen de frecuencia: 7,5 &divide; 20 kVA: 46 &divide; 54Hz \/ 56 &divide; 64 Hz \/ 30 &divide; 80 kVA: 46 &divide; 64 Hz<br \/>\t\t\t&#8211; Distorsi&oacute;n Arm&oacute;nica Total (THDi): &lt;3%<br \/>\t\t\t&#8211; Factor de potencia: 7,5&divide;20 kVA: ?0,99 \/ 30&divide;80 kVA: 1 a partir de 10% de carga<br \/>\t\t\t&#8211; Topolog&iacute;a rectificador: Trif&aacute;sico IGBT onda completa, arranque suave y PFC, sin transformador<\/div>\n<\/td>\n<\/tr>\n<tr>\n<td valign=\"top\"><strong>Salida <\/strong><\/td>\n<td valign=\"top\">&#8211; Factor de potencia: 1<br \/>\t\t\t&#8211; Tensi&oacute;n: 3 &times; 380 \/ 3 &times; 400 \/ 3 &times; 415 V (3F + N)<br \/>\t\t\t&#8211; Precisi&oacute;n din&aacute;mica: &plusmn;2%<br \/>\t\t\t&#8211; Precisi&oacute;n est&aacute;tica: &plusmn;1%<br \/>\t\t\t&#8211; Potencia (VA\/W): 15.000 \/ 15.000<br \/>\t\t\t&#8211; Frecuencia: 50 \/ 60 Hz<br \/>\t\t\t&#8211; Rendimiento total modo On-line: &gt;96%&nbsp;&nbsp; &nbsp;<br \/>\t\t\t&#8211; Sobrecarga admisible: 125% durante 10 min \/ 150% durante 60 s \/ &gt;150% durante 20ms<\/td>\n<\/tr>\n<tr>\n<td valign=\"top\"><strong>Bypass<\/strong><\/td>\n<td valign=\"top\"><strong>Manual<\/strong><br \/>\t\t\t&#8211; Sin interrupci&oacute;n<br \/>\t\t\t<strong>Est&aacute;tico<\/strong><br \/>\t\t\t&#8211; Tipo y criterio activaci&oacute;n: De estado s&oacute;lido<br \/>\t\t\t&#8211; Tiempo de transferencia modo Smart Eco-mode: &lt;10 ms<br \/>\t\t\t&#8211; Transferencia a bypass: Inmediato, para sobrecargas superiores a 150%<br \/>\t\t\t&#8211; Retransferencia: Autom&aacute;tico, despu&eacute;s de desaparici&oacute;n de alarma<\/td>\n<\/tr>\n<tr>\n<td valign=\"top\"><strong>Bater&iacute;a <\/strong><\/td>\n<td valign=\"top\">&#8211; Tipo de bater&iacute;a: Pb-Ca, VRLA, Pb abierto, gel, Ni-Cd, Li-Ion<br \/>\t\t\t&#8211; Regulaci&oacute;n tensi&oacute;n de carga: Batt-Watch<\/td>\n<\/tr>\n<tr>\n<td valign=\"top\"><strong>Comunicaci&oacute;n <\/strong><\/td>\n<td valign=\"top\">&#8211; Puertos: 1x RS232\/RS485 + 1xUSB<br \/>\t\t\t&#8211; Interface a rel&eacute;s: 7,5&divide;20 kVA: 6 rel&eacute;s \/ 30&divide;80 kVA: 4 rel&eacute;s; programables.<br \/>\t\t\t&#8211; Slot inteligente: 1, para SNMP\/NIMBUS y rel&eacute;s.<br \/>\t\t\t&#8211; Display LCD: Pantalla t&aacute;ctil 5&quot; color<\/td>\n<\/tr>\n<tr>\n<td valign=\"top\"><strong>Generales <\/strong><\/td>\n<td valign=\"top\">&#8211; Temperatura de trabajo: 0&ordm; C &divide; +55&ordm; C&nbsp;<br \/>\t\t\t&#8211; Humedad relativa: Hasta 95%, sin condensar<br \/>\t\t\t&#8211; Altitud m&aacute;xima de trabajo: 2.400 m.s.n.m.&nbsp;&nbsp;<br \/>\t\t\t&#8211; Ruido ac&uacute;stico a 1 metro: 7,5&divide;10 kVA: &lt;55dB \/ 15&divide;20 kVA: &lt;57dB \/ 30&divide;40 kVA: &lt;54dB \/ 50&divide;80 kVA: &lt;62dB<br \/>\t\t\t&#8211; Ejecuciones: N&ordm; armarios (SAI + BAT): 1<\/td>\n<\/tr>\n<tr>\n<td valign=\"top\"><strong>Normativa <\/strong><\/td>\n<td valign=\"top\">&#8211; Seguridad: IEC\/EN 62040-1<br \/>\t\t\t&#8211; Compatibilidad electromagn&eacute;tica (CEM): IEC\/EN 62040-2<br \/>\t\t\t&#8211; Funcionamiento: VFI-SS-111 (IEC\/EN 62040-3)<br \/>\t\t\t&#8211; Gesti&oacute;n de Calidad y Ambiental: ISO 9001 &amp; ISO 14001<\/td>\n<\/tr>\n<tr>\n<td valign=\"top\"><strong>Dimensiones y peso<\/strong><\/td>\n<td valign=\"top\">&#8211; Fondo x Ancho x Alto: 689 x 250 x 827mm<br \/>\t\t\t&#8211; Peso: 118 kg<\/td>\n<\/tr>\n<tr>\n<td valign=\"top\"><strong>Fecha de revisi&oacute;n <\/strong><\/td>\n<td valign=\"top\">17-03-2021 por MPM<\/td>\n<\/tr>\n<\/table>\n","protected":false},"excerpt":{"rendered":"<p>Marca Salicru Modelo 6B3AA000003 Entrada &#8211; Tecnolog&iacute;a: On-line, doble conversi&oacute;n, HF, control DSP &#8211; Tensi&oacute;n: 3 &times; 380 \/ 3 &times; 400 \/ 3 &times; 415 V (3F + N) &#8211; Margen de tensi&oacute;n: 7,5&divide;20 kVA: 110 &divide; 300V (F-N) \/ 30&divide;80 kVA: 115 &divide; 265V (F-N) &#8211; Frecuencia nominal: 50 \/ 60 Hz &#8211;&hellip;&nbsp;<a href=\"https:\/\/aivlisoft.net\/shop\/producto\/salicru-slc-15-cube-4\/\" rel=\"bookmark\"><span class=\"screen-reader-text\">Salicru SLC 15 Cube 4<\/span><\/a><\/p>\n","protected":false},"featured_media":10452,"template":"","meta":{"neve_meta_sidebar":"","neve_meta_container":"","neve_meta_enable_content_width":"","neve_meta_content_width":0,"neve_meta_title_alignment":"","neve_meta_author_avatar":"","neve_post_elements_order":"","neve_meta_disable_header":"","neve_meta_disable_footer":"","neve_meta_disable_title":""},"product_brand":[],"product_cat":[15,458,8689,4934],"product_tag":[4051],"class_list":{"0":"post-10451","1":"product","2":"type-product","3":"status-publish","4":"has-post-thumbnail","6":"product_cat-sin-categorizar","7":"product_cat-accesorios-sai","8":"product_cat-accesorios-sai-accesorios-sai","9":"product_cat-cajas-y-fuentes","10":"product_tag-6b3aa000003","12":"first","13":"instock","14":"taxable","15":"shipping-taxable","16":"purchasable","17":"product-type-simple"},"yoast_head":"<!-- This site is optimized with the Yoast SEO plugin v26.0 - https:\/\/yoast.com\/wordpress\/plugins\/seo\/ -->\n<title>Salicru SLC 15 Cube 4 - Aivlisoft Inform\u00e1tica<\/title>\n<meta name=\"robots\" content=\"index, follow, max-snippet:-1, max-image-preview:large, max-video-preview:-1\" \/>\n<link rel=\"canonical\" href=\"https:\/\/aivlisoft.net\/shop\/producto\/salicru-slc-15-cube-4\/\" \/>\n<meta property=\"og:locale\" content=\"es_ES\" \/>\n<meta property=\"og:type\" content=\"article\" \/>\n<meta property=\"og:title\" content=\"Salicru SLC 15 Cube 4 - Aivlisoft Inform\u00e1tica\" \/>\n<meta property=\"og:description\" content=\"Marca Salicru Modelo 6B3AA000003 Entrada &#8211; Tecnolog&iacute;a: On-line, doble conversi&oacute;n, HF, control DSP &#8211; Tensi&oacute;n: 3 &times; 380 \/ 3 &times; 400 \/ 3 &times; 415 V (3F + N) &#8211; Margen de tensi&oacute;n: 7,5&divide;20 kVA: 110 &divide; 300V (F-N) \/ 30&divide;80 kVA: 115 &divide; 265V (F-N) &#8211; Frecuencia nominal: 50 \/ 60 Hz &#8211;&hellip;&nbsp;Salicru SLC 15 Cube 4\" \/>\n<meta property=\"og:url\" content=\"https:\/\/aivlisoft.net\/shop\/producto\/salicru-slc-15-cube-4\/\" \/>\n<meta property=\"og:site_name\" content=\"Aivlisoft Inform\u00e1tica\" \/>\n<meta property=\"article:modified_time\" content=\"2025-01-15T10:52:18+00:00\" \/>\n<meta property=\"og:image\" content=\"https:\/\/aivlisoft.net\/shop\/wp-content\/uploads\/2025\/01\/FSASOL0162_800.jpg\" \/>\n\t<meta property=\"og:image:width\" content=\"800\" \/>\n\t<meta property=\"og:image:height\" content=\"800\" \/>\n\t<meta property=\"og:image:type\" content=\"image\/jpeg\" \/>\n<meta name=\"twitter:card\" content=\"summary_large_image\" \/>\n<meta name=\"twitter:label1\" content=\"Tiempo de lectura\" \/>\n\t<meta name=\"twitter:data1\" content=\"2 minutos\" \/>\n<script type=\"application\/ld+json\" class=\"yoast-schema-graph\">{\"@context\":\"https:\/\/schema.org\",\"@graph\":[{\"@type\":\"WebPage\",\"@id\":\"https:\/\/aivlisoft.net\/shop\/producto\/salicru-slc-15-cube-4\/\",\"url\":\"https:\/\/aivlisoft.net\/shop\/producto\/salicru-slc-15-cube-4\/\",\"name\":\"Salicru SLC 15 Cube 4 - Aivlisoft Inform\u00e1tica\",\"isPartOf\":{\"@id\":\"https:\/\/aivlisoft.net\/shop\/#website\"},\"primaryImageOfPage\":{\"@id\":\"https:\/\/aivlisoft.net\/shop\/producto\/salicru-slc-15-cube-4\/#primaryimage\"},\"image\":{\"@id\":\"https:\/\/aivlisoft.net\/shop\/producto\/salicru-slc-15-cube-4\/#primaryimage\"},\"thumbnailUrl\":\"https:\/\/aivlisoft.net\/shop\/wp-content\/uploads\/2025\/01\/FSASOL0162_800.jpg\",\"datePublished\":\"2025-01-13T14:05:28+00:00\",\"dateModified\":\"2025-01-15T10:52:18+00:00\",\"breadcrumb\":{\"@id\":\"https:\/\/aivlisoft.net\/shop\/producto\/salicru-slc-15-cube-4\/#breadcrumb\"},\"inLanguage\":\"es\",\"potentialAction\":[{\"@type\":\"ReadAction\",\"target\":[\"https:\/\/aivlisoft.net\/shop\/producto\/salicru-slc-15-cube-4\/\"]}]},{\"@type\":\"ImageObject\",\"inLanguage\":\"es\",\"@id\":\"https:\/\/aivlisoft.net\/shop\/producto\/salicru-slc-15-cube-4\/#primaryimage\",\"url\":\"https:\/\/aivlisoft.net\/shop\/wp-content\/uploads\/2025\/01\/FSASOL0162_800.jpg\",\"contentUrl\":\"https:\/\/aivlisoft.net\/shop\/wp-content\/uploads\/2025\/01\/FSASOL0162_800.jpg\",\"width\":800,\"height\":800},{\"@type\":\"BreadcrumbList\",\"@id\":\"https:\/\/aivlisoft.net\/shop\/producto\/salicru-slc-15-cube-4\/#breadcrumb\",\"itemListElement\":[{\"@type\":\"ListItem\",\"position\":1,\"name\":\"Portada\",\"item\":\"https:\/\/aivlisoft.net\/shop\/\"},{\"@type\":\"ListItem\",\"position\":2,\"name\":\"Tienda\",\"item\":\"https:\/\/aivlisoft.net\/shop\/tienda\/\"},{\"@type\":\"ListItem\",\"position\":3,\"name\":\"Salicru SLC 15 Cube 4\"}]},{\"@type\":\"WebSite\",\"@id\":\"https:\/\/aivlisoft.net\/shop\/#website\",\"url\":\"https:\/\/aivlisoft.net\/shop\/\",\"name\":\"Aivlisoft Inform\u00e1tica\",\"description\":\"En Aivlisoft Inform\u00e1tica ofrecemos soluciones tecnol\u00f3gicas para empresas: venta de ordenadores, consumibles, perif\u00e9ricos y m\u00e1s. Calidad, atenci\u00f3n personalizada y los mejores precios para tu negocio.\",\"publisher\":{\"@id\":\"https:\/\/aivlisoft.net\/shop\/#organization\"},\"potentialAction\":[{\"@type\":\"SearchAction\",\"target\":{\"@type\":\"EntryPoint\",\"urlTemplate\":\"https:\/\/aivlisoft.net\/shop\/?s={search_term_string}\"},\"query-input\":{\"@type\":\"PropertyValueSpecification\",\"valueRequired\":true,\"valueName\":\"search_term_string\"}}],\"inLanguage\":\"es\"},{\"@type\":\"Organization\",\"@id\":\"https:\/\/aivlisoft.net\/shop\/#organization\",\"name\":\"Aivlisoft Inform\u00e1tica\",\"url\":\"https:\/\/aivlisoft.net\/shop\/\",\"logo\":{\"@type\":\"ImageObject\",\"inLanguage\":\"es\",\"@id\":\"https:\/\/aivlisoft.net\/shop\/#\/schema\/logo\/image\/\",\"url\":\"https:\/\/aivlisoft.net\/shop\/wp-content\/uploads\/2024\/12\/removal.ai_5b848c54-0cdf-4140-95c5-c5536bb7573b-logodef.png\",\"contentUrl\":\"https:\/\/aivlisoft.net\/shop\/wp-content\/uploads\/2024\/12\/removal.ai_5b848c54-0cdf-4140-95c5-c5536bb7573b-logodef.png\",\"width\":484,\"height\":182,\"caption\":\"Aivlisoft Inform\u00e1tica\"},\"image\":{\"@id\":\"https:\/\/aivlisoft.net\/shop\/#\/schema\/logo\/image\/\"}}]}<\/script>\n<!-- \/ Yoast SEO plugin. -->","yoast_head_json":{"title":"Salicru SLC 15 Cube 4 - Aivlisoft Inform\u00e1tica","robots":{"index":"index","follow":"follow","max-snippet":"max-snippet:-1","max-image-preview":"max-image-preview:large","max-video-preview":"max-video-preview:-1"},"canonical":"https:\/\/aivlisoft.net\/shop\/producto\/salicru-slc-15-cube-4\/","og_locale":"es_ES","og_type":"article","og_title":"Salicru SLC 15 Cube 4 - Aivlisoft Inform\u00e1tica","og_description":"Marca Salicru Modelo 6B3AA000003 Entrada &#8211; Tecnolog&iacute;a: On-line, doble conversi&oacute;n, HF, control DSP &#8211; Tensi&oacute;n: 3 &times; 380 \/ 3 &times; 400 \/ 3 &times; 415 V (3F + N) &#8211; Margen de tensi&oacute;n: 7,5&divide;20 kVA: 110 &divide; 300V (F-N) \/ 30&divide;80 kVA: 115 &divide; 265V (F-N) &#8211; Frecuencia nominal: 50 \/ 60 Hz &#8211;&hellip;&nbsp;Salicru SLC 15 Cube 4","og_url":"https:\/\/aivlisoft.net\/shop\/producto\/salicru-slc-15-cube-4\/","og_site_name":"Aivlisoft Inform\u00e1tica","article_modified_time":"2025-01-15T10:52:18+00:00","og_image":[{"width":800,"height":800,"url":"https:\/\/aivlisoft.net\/shop\/wp-content\/uploads\/2025\/01\/FSASOL0162_800.jpg","type":"image\/jpeg"}],"twitter_card":"summary_large_image","twitter_misc":{"Tiempo de lectura":"2 minutos"},"schema":{"@context":"https:\/\/schema.org","@graph":[{"@type":"WebPage","@id":"https:\/\/aivlisoft.net\/shop\/producto\/salicru-slc-15-cube-4\/","url":"https:\/\/aivlisoft.net\/shop\/producto\/salicru-slc-15-cube-4\/","name":"Salicru SLC 15 Cube 4 - Aivlisoft Inform\u00e1tica","isPartOf":{"@id":"https:\/\/aivlisoft.net\/shop\/#website"},"primaryImageOfPage":{"@id":"https:\/\/aivlisoft.net\/shop\/producto\/salicru-slc-15-cube-4\/#primaryimage"},"image":{"@id":"https:\/\/aivlisoft.net\/shop\/producto\/salicru-slc-15-cube-4\/#primaryimage"},"thumbnailUrl":"https:\/\/aivlisoft.net\/shop\/wp-content\/uploads\/2025\/01\/FSASOL0162_800.jpg","datePublished":"2025-01-13T14:05:28+00:00","dateModified":"2025-01-15T10:52:18+00:00","breadcrumb":{"@id":"https:\/\/aivlisoft.net\/shop\/producto\/salicru-slc-15-cube-4\/#breadcrumb"},"inLanguage":"es","potentialAction":[{"@type":"ReadAction","target":["https:\/\/aivlisoft.net\/shop\/producto\/salicru-slc-15-cube-4\/"]}]},{"@type":"ImageObject","inLanguage":"es","@id":"https:\/\/aivlisoft.net\/shop\/producto\/salicru-slc-15-cube-4\/#primaryimage","url":"https:\/\/aivlisoft.net\/shop\/wp-content\/uploads\/2025\/01\/FSASOL0162_800.jpg","contentUrl":"https:\/\/aivlisoft.net\/shop\/wp-content\/uploads\/2025\/01\/FSASOL0162_800.jpg","width":800,"height":800},{"@type":"BreadcrumbList","@id":"https:\/\/aivlisoft.net\/shop\/producto\/salicru-slc-15-cube-4\/#breadcrumb","itemListElement":[{"@type":"ListItem","position":1,"name":"Portada","item":"https:\/\/aivlisoft.net\/shop\/"},{"@type":"ListItem","position":2,"name":"Tienda","item":"https:\/\/aivlisoft.net\/shop\/tienda\/"},{"@type":"ListItem","position":3,"name":"Salicru SLC 15 Cube 4"}]},{"@type":"WebSite","@id":"https:\/\/aivlisoft.net\/shop\/#website","url":"https:\/\/aivlisoft.net\/shop\/","name":"Aivlisoft Inform\u00e1tica","description":"En Aivlisoft Inform\u00e1tica ofrecemos soluciones tecnol\u00f3gicas para empresas: venta de ordenadores, consumibles, perif\u00e9ricos y m\u00e1s. Calidad, atenci\u00f3n personalizada y los mejores precios para tu negocio.","publisher":{"@id":"https:\/\/aivlisoft.net\/shop\/#organization"},"potentialAction":[{"@type":"SearchAction","target":{"@type":"EntryPoint","urlTemplate":"https:\/\/aivlisoft.net\/shop\/?s={search_term_string}"},"query-input":{"@type":"PropertyValueSpecification","valueRequired":true,"valueName":"search_term_string"}}],"inLanguage":"es"},{"@type":"Organization","@id":"https:\/\/aivlisoft.net\/shop\/#organization","name":"Aivlisoft Inform\u00e1tica","url":"https:\/\/aivlisoft.net\/shop\/","logo":{"@type":"ImageObject","inLanguage":"es","@id":"https:\/\/aivlisoft.net\/shop\/#\/schema\/logo\/image\/","url":"https:\/\/aivlisoft.net\/shop\/wp-content\/uploads\/2024\/12\/removal.ai_5b848c54-0cdf-4140-95c5-c5536bb7573b-logodef.png","contentUrl":"https:\/\/aivlisoft.net\/shop\/wp-content\/uploads\/2024\/12\/removal.ai_5b848c54-0cdf-4140-95c5-c5536bb7573b-logodef.png","width":484,"height":182,"caption":"Aivlisoft Inform\u00e1tica"},"image":{"@id":"https:\/\/aivlisoft.net\/shop\/#\/schema\/logo\/image\/"}}]}},"_links":{"self":[{"href":"https:\/\/aivlisoft.net\/shop\/wp-json\/wp\/v2\/product\/10451","targetHints":{"allow":["GET"]}}],"collection":[{"href":"https:\/\/aivlisoft.net\/shop\/wp-json\/wp\/v2\/product"}],"about":[{"href":"https:\/\/aivlisoft.net\/shop\/wp-json\/wp\/v2\/types\/product"}],"wp:featuredmedia":[{"embeddable":true,"href":"https:\/\/aivlisoft.net\/shop\/wp-json\/wp\/v2\/media\/10452"}],"wp:attachment":[{"href":"https:\/\/aivlisoft.net\/shop\/wp-json\/wp\/v2\/media?parent=10451"}],"wp:term":[{"taxonomy":"product_brand","embeddable":true,"href":"https:\/\/aivlisoft.net\/shop\/wp-json\/wp\/v2\/product_brand?post=10451"},{"taxonomy":"product_cat","embeddable":true,"href":"https:\/\/aivlisoft.net\/shop\/wp-json\/wp\/v2\/product_cat?post=10451"},{"taxonomy":"product_tag","embeddable":true,"href":"https:\/\/aivlisoft.net\/shop\/wp-json\/wp\/v2\/product_tag?post=10451"}],"curies":[{"name":"wp","href":"https:\/\/api.w.org\/{rel}","templated":true}]}}