{"id":10344,"date":"2025-01-13T14:04:34","date_gmt":"2025-01-13T14:04:34","guid":{"rendered":"https:\/\/aivlisoft.com\/?post_type=product&#038;p=10344"},"modified":"2025-01-15T10:52:44","modified_gmt":"2025-01-15T10:52:44","slug":"apc-easy-ups-700va-230v-avr-schuko-sockets","status":"publish","type":"product","link":"https:\/\/aivlisoft.net\/shop\/producto\/apc-easy-ups-700va-230v-avr-schuko-sockets\/","title":{"rendered":"APC Easy UPS 700VA 230V AVR Schuko Sockets"},"content":{"rendered":"<p><\/p>\n<table class=\"tabla_caracteristicas\" width=\"100%\">\n<tr>\n<td valign=\"top\"><strong>Marca<\/strong><\/td>\n<td>APC<\/td>\n<\/tr>\n<tr>\n<td valign=\"top\"><strong>Modelo<\/strong><\/td>\n<td><strong>BVX700LI-GR<\/strong><\/td>\n<\/tr>\n<tr>\n<td valign=\"top\"><strong>Caracter&iacute;sticas<\/strong><\/td>\n<td>&#8211; Voltaje de entrada principal: 230 V AC 1 fase<br \/>\t\t\t&#8211; Voltaje de salida principal: 230 V AC 1 fase<br \/>\t\t\t&#8211; Potencia Nominal En W 360 W<br \/>\t\t\t&#8211; Potencia Nominal En Va 700 VA<br \/>\t\t\t&#8211; Tipo de conexi&oacute;n de entrada: Schuko<br \/>\t\t\t&#8211; Tipo de conexi&oacute;n de salida: 2 Schuko<br \/>\t\t\t&#8211; Numero De Cables: 1<br \/>\t\t\t&#8211; Longitud De Cable: 1,22 m<br \/>\t\t\t&#8211; Tipo De Bater&iacute;a: Bater&iacute;a de plomo y &aacute;cido<br \/>\t\t\t&#8211; Equipo suministrado: Manual de usuario<br \/>\t\t\t<strong>Entrada<\/strong><br \/>\t\t\t&#8211; Frecuencia De Red: 50\/60 Hz +\/- 5 Hz, auto-sensing<br \/>\t\t\t&#8211; Barras De Separaci&oacute;n: 140-300 V 230 V AC<br \/>\t\t\t&#8211; Cos Phi: 0,51<br \/>\t\t\t<strong>Salida<\/strong><br \/>\t\t\t&#8211; Potencia M&aacute;x. Configurable (Vatios): 360 W<br \/>\t\t\t&#8211; Frecuencia De Salida (Sincronizado Para Principales): 50\/60 Hz +\/- 1 Hz sincronizado para principales<br \/>\t\t\t&#8211; Topolog&iacute;a Tecnolog&iacute;a line interactive<br \/>\t\t\t&#8211; Tipo De Forma De Onda Aproximaci&oacute;n escalonada a una onda sinusoidal<br \/>\t\t\t&#8211; Full Load Runtime 00:01:00 360 W<br \/>\t\t\t&#8211; Graph Display 1<br \/>\t\t\t&#8211; Half Load Runtime 00:06:00 180 W<br \/>\t\t\t&#8211; Maximum Configurable Power In Va: 700 VA<br \/>\t\t\t&#8211; Tiempo De Transferencia: 6 ms habitual: 10 ms m&aacute;ximo<br \/>\t\t\t<strong>Bater&iacute;a<\/strong><br \/>\t\t\t&#8211; Tiempo T&iacute;pico De Recarga: 8 H<br \/>\t\t\t&#8211; Voltaje De Bater&iacute;a: 12 V<br \/>\t\t\t&#8211; Capacidad De La Bater&iacute;a: 7,0 Ah<br \/>\t\t\t&#8211; Vida De La Bater&iacute;a: 2-3 a&ntilde;os<br \/>\t\t\t<strong>Certificaciones <\/strong><br \/>\t\t\t&#8211; CE<br \/>\t\t\t&#8211; CB<br \/>\t\t\t<strong>Normas <\/strong><br \/>\t\t\t&#8211; EN\/IEC 62040-1:2019\/A11:2021<br \/>\t\t\t&#8211; EN\/IEC 62040-2:2006\/AC:2006<br \/>\t\t\t&#8211; EN\/IEC 62040-2:2018<br \/>\t\t\t<strong>Dimensiones y peso<\/strong><br \/>\t\t\t&#8211; 138 x 98 x 310 mm<br \/>\t\t\t&#8211; 4,2 kg<\/td>\n<\/tr>\n<tr>\n<td valign=\"top\"><strong>Fecha de revisi&oacute;n<\/strong><\/td>\n<td>08-03-2024 por RTY<\/td>\n<\/tr>\n<\/table>\n","protected":false},"excerpt":{"rendered":"<p>Marca APC Modelo BVX700LI-GR Caracter&iacute;sticas &#8211; Voltaje de entrada principal: 230 V AC 1 fase &#8211; Voltaje de salida principal: 230 V AC 1 fase &#8211; Potencia Nominal En W 360 W &#8211; Potencia Nominal En Va 700 VA &#8211; Tipo de conexi&oacute;n de entrada: Schuko &#8211; Tipo de conexi&oacute;n de salida: 2 Schuko &#8211;&hellip;&nbsp;<a href=\"https:\/\/aivlisoft.net\/shop\/producto\/apc-easy-ups-700va-230v-avr-schuko-sockets\/\" rel=\"bookmark\"><span class=\"screen-reader-text\">APC Easy UPS 700VA 230V AVR Schuko Sockets<\/span><\/a><\/p>\n","protected":false},"featured_media":10345,"template":"","meta":{"neve_meta_sidebar":"","neve_meta_container":"","neve_meta_enable_content_width":"","neve_meta_content_width":0,"neve_meta_title_alignment":"","neve_meta_author_avatar":"","neve_post_elements_order":"","neve_meta_disable_header":"","neve_meta_disable_footer":"","neve_meta_disable_title":""},"product_brand":[],"product_cat":[15,458,8689,4934],"product_tag":[4015],"class_list":{"0":"post-10344","1":"product","2":"type-product","3":"status-publish","4":"has-post-thumbnail","6":"product_cat-sin-categorizar","7":"product_cat-accesorios-sai","8":"product_cat-accesorios-sai-accesorios-sai","9":"product_cat-cajas-y-fuentes","10":"product_tag-bvx700li-gr","12":"first","13":"instock","14":"taxable","15":"shipping-taxable","16":"purchasable","17":"product-type-simple"},"yoast_head":"<!-- This site is optimized with the Yoast SEO plugin v26.0 - https:\/\/yoast.com\/wordpress\/plugins\/seo\/ -->\n<title>APC Easy UPS 700VA 230V AVR Schuko Sockets - Aivlisoft Inform\u00e1tica<\/title>\n<meta name=\"robots\" content=\"index, follow, max-snippet:-1, max-image-preview:large, max-video-preview:-1\" \/>\n<link rel=\"canonical\" href=\"https:\/\/aivlisoft.net\/shop\/producto\/apc-easy-ups-700va-230v-avr-schuko-sockets\/\" \/>\n<meta property=\"og:locale\" content=\"es_ES\" \/>\n<meta property=\"og:type\" content=\"article\" \/>\n<meta property=\"og:title\" content=\"APC Easy UPS 700VA 230V AVR Schuko Sockets - Aivlisoft Inform\u00e1tica\" \/>\n<meta property=\"og:description\" content=\"Marca APC Modelo BVX700LI-GR Caracter&iacute;sticas &#8211; Voltaje de entrada principal: 230 V AC 1 fase &#8211; Voltaje de salida principal: 230 V AC 1 fase &#8211; Potencia Nominal En W 360 W &#8211; Potencia Nominal En Va 700 VA &#8211; Tipo de conexi&oacute;n de entrada: Schuko &#8211; Tipo de conexi&oacute;n de salida: 2 Schuko &#8211;&hellip;&nbsp;APC Easy UPS 700VA 230V AVR Schuko Sockets\" \/>\n<meta property=\"og:url\" content=\"https:\/\/aivlisoft.net\/shop\/producto\/apc-easy-ups-700va-230v-avr-schuko-sockets\/\" \/>\n<meta property=\"og:site_name\" content=\"Aivlisoft Inform\u00e1tica\" \/>\n<meta property=\"article:modified_time\" content=\"2025-01-15T10:52:44+00:00\" \/>\n<meta property=\"og:image\" content=\"https:\/\/aivlisoft.net\/shop\/wp-content\/uploads\/2025\/01\/FSASFL0224_800.jpg\" \/>\n\t<meta property=\"og:image:width\" content=\"800\" \/>\n\t<meta property=\"og:image:height\" content=\"800\" \/>\n\t<meta property=\"og:image:type\" content=\"image\/jpeg\" \/>\n<meta name=\"twitter:card\" content=\"summary_large_image\" \/>\n<meta name=\"twitter:label1\" content=\"Tiempo de lectura\" \/>\n\t<meta name=\"twitter:data1\" content=\"1 minuto\" \/>\n<script type=\"application\/ld+json\" class=\"yoast-schema-graph\">{\"@context\":\"https:\/\/schema.org\",\"@graph\":[{\"@type\":\"WebPage\",\"@id\":\"https:\/\/aivlisoft.net\/shop\/producto\/apc-easy-ups-700va-230v-avr-schuko-sockets\/\",\"url\":\"https:\/\/aivlisoft.net\/shop\/producto\/apc-easy-ups-700va-230v-avr-schuko-sockets\/\",\"name\":\"APC Easy UPS 700VA 230V AVR Schuko Sockets - Aivlisoft Inform\u00e1tica\",\"isPartOf\":{\"@id\":\"https:\/\/aivlisoft.net\/shop\/#website\"},\"primaryImageOfPage\":{\"@id\":\"https:\/\/aivlisoft.net\/shop\/producto\/apc-easy-ups-700va-230v-avr-schuko-sockets\/#primaryimage\"},\"image\":{\"@id\":\"https:\/\/aivlisoft.net\/shop\/producto\/apc-easy-ups-700va-230v-avr-schuko-sockets\/#primaryimage\"},\"thumbnailUrl\":\"https:\/\/aivlisoft.net\/shop\/wp-content\/uploads\/2025\/01\/FSASFL0224_800.jpg\",\"datePublished\":\"2025-01-13T14:04:34+00:00\",\"dateModified\":\"2025-01-15T10:52:44+00:00\",\"breadcrumb\":{\"@id\":\"https:\/\/aivlisoft.net\/shop\/producto\/apc-easy-ups-700va-230v-avr-schuko-sockets\/#breadcrumb\"},\"inLanguage\":\"es\",\"potentialAction\":[{\"@type\":\"ReadAction\",\"target\":[\"https:\/\/aivlisoft.net\/shop\/producto\/apc-easy-ups-700va-230v-avr-schuko-sockets\/\"]}]},{\"@type\":\"ImageObject\",\"inLanguage\":\"es\",\"@id\":\"https:\/\/aivlisoft.net\/shop\/producto\/apc-easy-ups-700va-230v-avr-schuko-sockets\/#primaryimage\",\"url\":\"https:\/\/aivlisoft.net\/shop\/wp-content\/uploads\/2025\/01\/FSASFL0224_800.jpg\",\"contentUrl\":\"https:\/\/aivlisoft.net\/shop\/wp-content\/uploads\/2025\/01\/FSASFL0224_800.jpg\",\"width\":800,\"height\":800},{\"@type\":\"BreadcrumbList\",\"@id\":\"https:\/\/aivlisoft.net\/shop\/producto\/apc-easy-ups-700va-230v-avr-schuko-sockets\/#breadcrumb\",\"itemListElement\":[{\"@type\":\"ListItem\",\"position\":1,\"name\":\"Portada\",\"item\":\"https:\/\/aivlisoft.net\/shop\/\"},{\"@type\":\"ListItem\",\"position\":2,\"name\":\"Tienda\",\"item\":\"https:\/\/aivlisoft.net\/shop\/tienda\/\"},{\"@type\":\"ListItem\",\"position\":3,\"name\":\"APC Easy UPS 700VA 230V AVR Schuko Sockets\"}]},{\"@type\":\"WebSite\",\"@id\":\"https:\/\/aivlisoft.net\/shop\/#website\",\"url\":\"https:\/\/aivlisoft.net\/shop\/\",\"name\":\"Aivlisoft Inform\u00e1tica\",\"description\":\"En Aivlisoft Inform\u00e1tica ofrecemos soluciones tecnol\u00f3gicas para empresas: venta de ordenadores, consumibles, perif\u00e9ricos y m\u00e1s. Calidad, atenci\u00f3n personalizada y los mejores precios para tu negocio.\",\"publisher\":{\"@id\":\"https:\/\/aivlisoft.net\/shop\/#organization\"},\"potentialAction\":[{\"@type\":\"SearchAction\",\"target\":{\"@type\":\"EntryPoint\",\"urlTemplate\":\"https:\/\/aivlisoft.net\/shop\/?s={search_term_string}\"},\"query-input\":{\"@type\":\"PropertyValueSpecification\",\"valueRequired\":true,\"valueName\":\"search_term_string\"}}],\"inLanguage\":\"es\"},{\"@type\":\"Organization\",\"@id\":\"https:\/\/aivlisoft.net\/shop\/#organization\",\"name\":\"Aivlisoft Inform\u00e1tica\",\"url\":\"https:\/\/aivlisoft.net\/shop\/\",\"logo\":{\"@type\":\"ImageObject\",\"inLanguage\":\"es\",\"@id\":\"https:\/\/aivlisoft.net\/shop\/#\/schema\/logo\/image\/\",\"url\":\"https:\/\/aivlisoft.net\/shop\/wp-content\/uploads\/2024\/12\/removal.ai_5b848c54-0cdf-4140-95c5-c5536bb7573b-logodef.png\",\"contentUrl\":\"https:\/\/aivlisoft.net\/shop\/wp-content\/uploads\/2024\/12\/removal.ai_5b848c54-0cdf-4140-95c5-c5536bb7573b-logodef.png\",\"width\":484,\"height\":182,\"caption\":\"Aivlisoft Inform\u00e1tica\"},\"image\":{\"@id\":\"https:\/\/aivlisoft.net\/shop\/#\/schema\/logo\/image\/\"}}]}<\/script>\n<!-- \/ Yoast SEO plugin. -->","yoast_head_json":{"title":"APC Easy UPS 700VA 230V AVR Schuko Sockets - Aivlisoft Inform\u00e1tica","robots":{"index":"index","follow":"follow","max-snippet":"max-snippet:-1","max-image-preview":"max-image-preview:large","max-video-preview":"max-video-preview:-1"},"canonical":"https:\/\/aivlisoft.net\/shop\/producto\/apc-easy-ups-700va-230v-avr-schuko-sockets\/","og_locale":"es_ES","og_type":"article","og_title":"APC Easy UPS 700VA 230V AVR Schuko Sockets - Aivlisoft Inform\u00e1tica","og_description":"Marca APC Modelo BVX700LI-GR Caracter&iacute;sticas &#8211; Voltaje de entrada principal: 230 V AC 1 fase &#8211; Voltaje de salida principal: 230 V AC 1 fase &#8211; Potencia Nominal En W 360 W &#8211; Potencia Nominal En Va 700 VA &#8211; Tipo de conexi&oacute;n de entrada: Schuko &#8211; Tipo de conexi&oacute;n de salida: 2 Schuko &#8211;&hellip;&nbsp;APC Easy UPS 700VA 230V AVR Schuko Sockets","og_url":"https:\/\/aivlisoft.net\/shop\/producto\/apc-easy-ups-700va-230v-avr-schuko-sockets\/","og_site_name":"Aivlisoft Inform\u00e1tica","article_modified_time":"2025-01-15T10:52:44+00:00","og_image":[{"width":800,"height":800,"url":"https:\/\/aivlisoft.net\/shop\/wp-content\/uploads\/2025\/01\/FSASFL0224_800.jpg","type":"image\/jpeg"}],"twitter_card":"summary_large_image","twitter_misc":{"Tiempo de lectura":"1 minuto"},"schema":{"@context":"https:\/\/schema.org","@graph":[{"@type":"WebPage","@id":"https:\/\/aivlisoft.net\/shop\/producto\/apc-easy-ups-700va-230v-avr-schuko-sockets\/","url":"https:\/\/aivlisoft.net\/shop\/producto\/apc-easy-ups-700va-230v-avr-schuko-sockets\/","name":"APC Easy UPS 700VA 230V AVR Schuko Sockets - Aivlisoft Inform\u00e1tica","isPartOf":{"@id":"https:\/\/aivlisoft.net\/shop\/#website"},"primaryImageOfPage":{"@id":"https:\/\/aivlisoft.net\/shop\/producto\/apc-easy-ups-700va-230v-avr-schuko-sockets\/#primaryimage"},"image":{"@id":"https:\/\/aivlisoft.net\/shop\/producto\/apc-easy-ups-700va-230v-avr-schuko-sockets\/#primaryimage"},"thumbnailUrl":"https:\/\/aivlisoft.net\/shop\/wp-content\/uploads\/2025\/01\/FSASFL0224_800.jpg","datePublished":"2025-01-13T14:04:34+00:00","dateModified":"2025-01-15T10:52:44+00:00","breadcrumb":{"@id":"https:\/\/aivlisoft.net\/shop\/producto\/apc-easy-ups-700va-230v-avr-schuko-sockets\/#breadcrumb"},"inLanguage":"es","potentialAction":[{"@type":"ReadAction","target":["https:\/\/aivlisoft.net\/shop\/producto\/apc-easy-ups-700va-230v-avr-schuko-sockets\/"]}]},{"@type":"ImageObject","inLanguage":"es","@id":"https:\/\/aivlisoft.net\/shop\/producto\/apc-easy-ups-700va-230v-avr-schuko-sockets\/#primaryimage","url":"https:\/\/aivlisoft.net\/shop\/wp-content\/uploads\/2025\/01\/FSASFL0224_800.jpg","contentUrl":"https:\/\/aivlisoft.net\/shop\/wp-content\/uploads\/2025\/01\/FSASFL0224_800.jpg","width":800,"height":800},{"@type":"BreadcrumbList","@id":"https:\/\/aivlisoft.net\/shop\/producto\/apc-easy-ups-700va-230v-avr-schuko-sockets\/#breadcrumb","itemListElement":[{"@type":"ListItem","position":1,"name":"Portada","item":"https:\/\/aivlisoft.net\/shop\/"},{"@type":"ListItem","position":2,"name":"Tienda","item":"https:\/\/aivlisoft.net\/shop\/tienda\/"},{"@type":"ListItem","position":3,"name":"APC Easy UPS 700VA 230V AVR Schuko Sockets"}]},{"@type":"WebSite","@id":"https:\/\/aivlisoft.net\/shop\/#website","url":"https:\/\/aivlisoft.net\/shop\/","name":"Aivlisoft Inform\u00e1tica","description":"En Aivlisoft Inform\u00e1tica ofrecemos soluciones tecnol\u00f3gicas para empresas: venta de ordenadores, consumibles, perif\u00e9ricos y m\u00e1s. Calidad, atenci\u00f3n personalizada y los mejores precios para tu negocio.","publisher":{"@id":"https:\/\/aivlisoft.net\/shop\/#organization"},"potentialAction":[{"@type":"SearchAction","target":{"@type":"EntryPoint","urlTemplate":"https:\/\/aivlisoft.net\/shop\/?s={search_term_string}"},"query-input":{"@type":"PropertyValueSpecification","valueRequired":true,"valueName":"search_term_string"}}],"inLanguage":"es"},{"@type":"Organization","@id":"https:\/\/aivlisoft.net\/shop\/#organization","name":"Aivlisoft Inform\u00e1tica","url":"https:\/\/aivlisoft.net\/shop\/","logo":{"@type":"ImageObject","inLanguage":"es","@id":"https:\/\/aivlisoft.net\/shop\/#\/schema\/logo\/image\/","url":"https:\/\/aivlisoft.net\/shop\/wp-content\/uploads\/2024\/12\/removal.ai_5b848c54-0cdf-4140-95c5-c5536bb7573b-logodef.png","contentUrl":"https:\/\/aivlisoft.net\/shop\/wp-content\/uploads\/2024\/12\/removal.ai_5b848c54-0cdf-4140-95c5-c5536bb7573b-logodef.png","width":484,"height":182,"caption":"Aivlisoft Inform\u00e1tica"},"image":{"@id":"https:\/\/aivlisoft.net\/shop\/#\/schema\/logo\/image\/"}}]}},"_links":{"self":[{"href":"https:\/\/aivlisoft.net\/shop\/wp-json\/wp\/v2\/product\/10344","targetHints":{"allow":["GET"]}}],"collection":[{"href":"https:\/\/aivlisoft.net\/shop\/wp-json\/wp\/v2\/product"}],"about":[{"href":"https:\/\/aivlisoft.net\/shop\/wp-json\/wp\/v2\/types\/product"}],"wp:featuredmedia":[{"embeddable":true,"href":"https:\/\/aivlisoft.net\/shop\/wp-json\/wp\/v2\/media\/10345"}],"wp:attachment":[{"href":"https:\/\/aivlisoft.net\/shop\/wp-json\/wp\/v2\/media?parent=10344"}],"wp:term":[{"taxonomy":"product_brand","embeddable":true,"href":"https:\/\/aivlisoft.net\/shop\/wp-json\/wp\/v2\/product_brand?post=10344"},{"taxonomy":"product_cat","embeddable":true,"href":"https:\/\/aivlisoft.net\/shop\/wp-json\/wp\/v2\/product_cat?post=10344"},{"taxonomy":"product_tag","embeddable":true,"href":"https:\/\/aivlisoft.net\/shop\/wp-json\/wp\/v2\/product_tag?post=10344"}],"curies":[{"name":"wp","href":"https:\/\/api.w.org\/{rel}","templated":true}]}}