{"id":10252,"date":"2025-01-13T14:03:49","date_gmt":"2025-01-13T14:03:49","guid":{"rendered":"https:\/\/aivlisoft.com\/?post_type=product&#038;p=10252"},"modified":"2025-01-15T10:55:23","modified_gmt":"2025-01-15T10:55:23","slug":"nilox-sai-premium-line-int-600-va","status":"publish","type":"product","link":"https:\/\/aivlisoft.net\/shop\/producto\/nilox-sai-premium-line-int-600-va\/","title":{"rendered":"NILOX SAI PREMIUM LINE INT. 600 VA"},"content":{"rendered":"<p><\/p>\n<table class=\"tabla_caracteristicas k-table\" width=\"100%\">\n<tr>\n<td valign=\"top\"><strong>Marca <\/strong><\/td>\n<td valign=\"top\">Nilox<\/td>\n<\/tr>\n<tr>\n<td valign=\"top\"><strong>Modelo <\/strong><\/td>\n<td valign=\"top\"><strong>NXGCLI6001X5V2<\/strong><\/td>\n<\/tr>\n<tr>\n<td valign=\"top\"><strong>Caracter&iacute;sticas<\/strong><\/td>\n<td valign=\"top\">&#8211; Tama&ntilde;o: Torre<br \/>\t\t\t&#8211; Uso previsto: Proteccion Ordenador<br \/>\t\t\t&#8211; Tecnolog&iacute;a: Line Interactive<br \/>\t\t\t&#8211; Protecci&oacute;n circuito: Fusible de entrada<br \/>\t\t\t&#8211; AVR<\/td>\n<\/tr>\n<tr>\n<td valign=\"top\"><strong>Entrada<\/strong><\/td>\n<td valign=\"top\">&#8211; Rango de tensi&oacute;n m&iacute;nima en entrada: 173 V<br \/>\t\t\t&#8211; Rango de tensi&oacute;n m&aacute;xima en entrada: 276 V<br \/>\t\t\t&#8211; N&uacute;mero de Conectores en entrada: 1<br \/>\t\t\t&#8211; Tensi&oacute;n en entrada 220V<br \/>\t\t\t&#8211; Tensi&oacute;n en entrada 230V<br \/>\t\t\t&#8211; Tensi&oacute;n en entrada 240V<\/td>\n<\/tr>\n<tr>\n<td valign=\"top\"><strong>Salida<\/strong><\/td>\n<td valign=\"top\">&#8211; Potencia de protecci&oacute;n Watios: 420 W<br \/>\t\t\t&#8211; Potencia de protecci&oacute;n Va: 600 Va<br \/>\t\t\t&#8211; Frecuencia m&iacute;nima de salida: 50 Hz<br \/>\t\t\t&#8211; Frecuencia m&aacute;xima de salida: 60 Hz<br \/>\t\t\t&#8211; Distorsi&oacute;n tensi&oacute;n de salida (menor que): 5 %<br \/>\t\t\t&#8211; Eficiencia a plena carga: 95 %<br \/>\t\t\t&#8211; Evaluaci&oacute;n de eficiencia energ&eacute;tica: 0 J<br \/>\t\t\t&#8211; Tiempo de actuaci&oacute;n: 2 ms<br \/>\t\t\t&#8211; Clavijas el&eacute;ctricas conectables: 2<br \/>\t\t\t&#8211; N&uacute;mero de clavijas telef&oacute;nicas conectables: 0<br \/>\t\t\t&#8211; Tipo de forma de onda: Pseudosinusoidal<br \/>\t\t\t&#8211; Tipolog&iacute;as de clavijas: Schuko<br \/>\t\t\t&#8211; Tensi&oacute;n en salida 220V<br \/>\t\t\t&#8211; Tensi&oacute;n en salida 230V<br \/>\t\t\t&#8211; Tensi&oacute;n en salida 240V<\/td>\n<\/tr>\n<tr>\n<td valign=\"top\"><strong>Bater&iacute;a <\/strong><\/td>\n<td valign=\"top\">&#8211; N&uacute;mero de bater&iacute;as: 1<br \/>\t\t\t&#8211; Tensi&oacute;n nominal: 12 V<br \/>\t\t\t&#8211; Capacidad: 5 Ah<br \/>\t\t\t&#8211; Tiempo de recarga t&iacute;pico: 8 h<br \/>\t\t\t&#8211; Duraci&oacute;n bater&iacute;as a plena carga en caso de apag&oacute;n: 5 Min<br \/>\t\t\t&#8211; Duraci&oacute;n bater&iacute;as a media carga en caso de apag&oacute;n: 10 Min<br \/>\t\t\t&#8211; Tecnolog&iacute;a: Selladas al plomo<br \/>\t\t\t&#8211; Consumo de energ&iacute;a: 420 W<br \/>\t\t\t&#8211; Tensi&oacute;n de alimentaci&oacute;n: 230 V<br \/>\t\t\t&#8211; Dimensi&oacute;n: 0 \u00bb<\/td>\n<\/tr>\n<tr>\n<td valign=\"top\"><strong>Otras caracter&iacute;sticas<\/strong><\/td>\n<td valign=\"top\"><strong>Certificaciones <\/strong><br \/>\t\t\t&#8211; Certificaci&oacute;n CE<br \/>\t\t\t<strong>Soluciones<\/strong><br \/>\t\t\t&#8211; Escuela Digital: Gen&eacute;rico<br \/>\t\t\t<strong>Ambiental<br \/>\t\t\t&#8211; <\/strong>Ruidosidad: 40 dB<br \/>\t\t\t<strong>Dimensiones y peso<\/strong><br \/>\t\t\t&#8211; 14.2 x 10.1 x 27.9 cm<br \/>\t\t\t&#8211; 3.6 kg<br \/>\t\t\t<strong>Contiene<\/strong><br \/>\t\t\t&#8211;<strong> <\/strong>Fuente de alimetaci&oacute;n<br \/>\t\t\t&#8211; Cable Usb<\/td>\n<\/tr>\n<tr>\n<td valign=\"top\"><strong>Fecha de revisi&oacute;n <\/strong><\/td>\n<td valign=\"top\">17-07-2023 por RTY<\/td>\n<\/tr>\n<\/table>\n","protected":false},"excerpt":{"rendered":"<p>Marca Nilox Modelo NXGCLI6001X5V2 Caracter&iacute;sticas &#8211; Tama&ntilde;o: Torre &#8211; Uso previsto: Proteccion Ordenador &#8211; Tecnolog&iacute;a: Line Interactive &#8211; Protecci&oacute;n circuito: Fusible de entrada &#8211; AVR Entrada &#8211; Rango de tensi&oacute;n m&iacute;nima en entrada: 173 V &#8211; Rango de tensi&oacute;n m&aacute;xima en entrada: 276 V &#8211; N&uacute;mero de Conectores en entrada: 1 &#8211; Tensi&oacute;n en entrada&hellip;&nbsp;<a href=\"https:\/\/aivlisoft.net\/shop\/producto\/nilox-sai-premium-line-int-600-va\/\" rel=\"bookmark\"><span class=\"screen-reader-text\">NILOX SAI PREMIUM LINE INT. 600 VA<\/span><\/a><\/p>\n","protected":false},"featured_media":10253,"template":"","meta":{"neve_meta_sidebar":"","neve_meta_container":"","neve_meta_enable_content_width":"","neve_meta_content_width":0,"neve_meta_title_alignment":"","neve_meta_author_avatar":"","neve_post_elements_order":"","neve_meta_disable_header":"","neve_meta_disable_footer":"","neve_meta_disable_title":""},"product_brand":[],"product_cat":[15,458,8689,4934],"product_tag":[3991],"class_list":{"0":"post-10252","1":"product","2":"type-product","3":"status-publish","4":"has-post-thumbnail","6":"product_cat-sin-categorizar","7":"product_cat-accesorios-sai","8":"product_cat-accesorios-sai-accesorios-sai","9":"product_cat-cajas-y-fuentes","10":"product_tag-nxgcli6001x5v2","12":"first","13":"instock","14":"taxable","15":"shipping-taxable","16":"purchasable","17":"product-type-simple"},"yoast_head":"<!-- This site is optimized with the Yoast SEO plugin v26.0 - https:\/\/yoast.com\/wordpress\/plugins\/seo\/ -->\n<title>NILOX SAI PREMIUM LINE INT. 600 VA - Aivlisoft Inform\u00e1tica<\/title>\n<meta name=\"robots\" content=\"index, follow, max-snippet:-1, max-image-preview:large, max-video-preview:-1\" \/>\n<link rel=\"canonical\" href=\"https:\/\/aivlisoft.net\/shop\/producto\/nilox-sai-premium-line-int-600-va\/\" \/>\n<meta property=\"og:locale\" content=\"es_ES\" \/>\n<meta property=\"og:type\" content=\"article\" \/>\n<meta property=\"og:title\" content=\"NILOX SAI PREMIUM LINE INT. 600 VA - Aivlisoft Inform\u00e1tica\" \/>\n<meta property=\"og:description\" content=\"Marca Nilox Modelo NXGCLI6001X5V2 Caracter&iacute;sticas &#8211; Tama&ntilde;o: Torre &#8211; Uso previsto: Proteccion Ordenador &#8211; Tecnolog&iacute;a: Line Interactive &#8211; Protecci&oacute;n circuito: Fusible de entrada &#8211; AVR Entrada &#8211; Rango de tensi&oacute;n m&iacute;nima en entrada: 173 V &#8211; Rango de tensi&oacute;n m&aacute;xima en entrada: 276 V &#8211; N&uacute;mero de Conectores en entrada: 1 &#8211; Tensi&oacute;n en entrada&hellip;&nbsp;NILOX SAI PREMIUM LINE INT. 600 VA\" \/>\n<meta property=\"og:url\" content=\"https:\/\/aivlisoft.net\/shop\/producto\/nilox-sai-premium-line-int-600-va\/\" \/>\n<meta property=\"og:site_name\" content=\"Aivlisoft Inform\u00e1tica\" \/>\n<meta property=\"article:modified_time\" content=\"2025-01-15T10:55:23+00:00\" \/>\n<meta property=\"og:image\" content=\"https:\/\/aivlisoft.net\/shop\/wp-content\/uploads\/2025\/01\/FSASFL0197_800.jpg\" \/>\n\t<meta property=\"og:image:width\" content=\"800\" \/>\n\t<meta property=\"og:image:height\" content=\"800\" \/>\n\t<meta property=\"og:image:type\" content=\"image\/jpeg\" \/>\n<meta name=\"twitter:card\" content=\"summary_large_image\" \/>\n<meta name=\"twitter:label1\" content=\"Tiempo de lectura\" \/>\n\t<meta name=\"twitter:data1\" content=\"2 minutos\" \/>\n<script type=\"application\/ld+json\" class=\"yoast-schema-graph\">{\"@context\":\"https:\/\/schema.org\",\"@graph\":[{\"@type\":\"WebPage\",\"@id\":\"https:\/\/aivlisoft.net\/shop\/producto\/nilox-sai-premium-line-int-600-va\/\",\"url\":\"https:\/\/aivlisoft.net\/shop\/producto\/nilox-sai-premium-line-int-600-va\/\",\"name\":\"NILOX SAI PREMIUM LINE INT. 600 VA - Aivlisoft Inform\u00e1tica\",\"isPartOf\":{\"@id\":\"https:\/\/aivlisoft.net\/shop\/#website\"},\"primaryImageOfPage\":{\"@id\":\"https:\/\/aivlisoft.net\/shop\/producto\/nilox-sai-premium-line-int-600-va\/#primaryimage\"},\"image\":{\"@id\":\"https:\/\/aivlisoft.net\/shop\/producto\/nilox-sai-premium-line-int-600-va\/#primaryimage\"},\"thumbnailUrl\":\"https:\/\/aivlisoft.net\/shop\/wp-content\/uploads\/2025\/01\/FSASFL0197_800.jpg\",\"datePublished\":\"2025-01-13T14:03:49+00:00\",\"dateModified\":\"2025-01-15T10:55:23+00:00\",\"breadcrumb\":{\"@id\":\"https:\/\/aivlisoft.net\/shop\/producto\/nilox-sai-premium-line-int-600-va\/#breadcrumb\"},\"inLanguage\":\"es\",\"potentialAction\":[{\"@type\":\"ReadAction\",\"target\":[\"https:\/\/aivlisoft.net\/shop\/producto\/nilox-sai-premium-line-int-600-va\/\"]}]},{\"@type\":\"ImageObject\",\"inLanguage\":\"es\",\"@id\":\"https:\/\/aivlisoft.net\/shop\/producto\/nilox-sai-premium-line-int-600-va\/#primaryimage\",\"url\":\"https:\/\/aivlisoft.net\/shop\/wp-content\/uploads\/2025\/01\/FSASFL0197_800.jpg\",\"contentUrl\":\"https:\/\/aivlisoft.net\/shop\/wp-content\/uploads\/2025\/01\/FSASFL0197_800.jpg\",\"width\":800,\"height\":800},{\"@type\":\"BreadcrumbList\",\"@id\":\"https:\/\/aivlisoft.net\/shop\/producto\/nilox-sai-premium-line-int-600-va\/#breadcrumb\",\"itemListElement\":[{\"@type\":\"ListItem\",\"position\":1,\"name\":\"Portada\",\"item\":\"https:\/\/aivlisoft.net\/shop\/\"},{\"@type\":\"ListItem\",\"position\":2,\"name\":\"Tienda\",\"item\":\"https:\/\/aivlisoft.net\/shop\/tienda\/\"},{\"@type\":\"ListItem\",\"position\":3,\"name\":\"NILOX SAI PREMIUM LINE INT. 600 VA\"}]},{\"@type\":\"WebSite\",\"@id\":\"https:\/\/aivlisoft.net\/shop\/#website\",\"url\":\"https:\/\/aivlisoft.net\/shop\/\",\"name\":\"Aivlisoft Inform\u00e1tica\",\"description\":\"En Aivlisoft Inform\u00e1tica ofrecemos soluciones tecnol\u00f3gicas para empresas: venta de ordenadores, consumibles, perif\u00e9ricos y m\u00e1s. Calidad, atenci\u00f3n personalizada y los mejores precios para tu negocio.\",\"publisher\":{\"@id\":\"https:\/\/aivlisoft.net\/shop\/#organization\"},\"potentialAction\":[{\"@type\":\"SearchAction\",\"target\":{\"@type\":\"EntryPoint\",\"urlTemplate\":\"https:\/\/aivlisoft.net\/shop\/?s={search_term_string}\"},\"query-input\":{\"@type\":\"PropertyValueSpecification\",\"valueRequired\":true,\"valueName\":\"search_term_string\"}}],\"inLanguage\":\"es\"},{\"@type\":\"Organization\",\"@id\":\"https:\/\/aivlisoft.net\/shop\/#organization\",\"name\":\"Aivlisoft Inform\u00e1tica\",\"url\":\"https:\/\/aivlisoft.net\/shop\/\",\"logo\":{\"@type\":\"ImageObject\",\"inLanguage\":\"es\",\"@id\":\"https:\/\/aivlisoft.net\/shop\/#\/schema\/logo\/image\/\",\"url\":\"https:\/\/aivlisoft.net\/shop\/wp-content\/uploads\/2024\/12\/removal.ai_5b848c54-0cdf-4140-95c5-c5536bb7573b-logodef.png\",\"contentUrl\":\"https:\/\/aivlisoft.net\/shop\/wp-content\/uploads\/2024\/12\/removal.ai_5b848c54-0cdf-4140-95c5-c5536bb7573b-logodef.png\",\"width\":484,\"height\":182,\"caption\":\"Aivlisoft Inform\u00e1tica\"},\"image\":{\"@id\":\"https:\/\/aivlisoft.net\/shop\/#\/schema\/logo\/image\/\"}}]}<\/script>\n<!-- \/ Yoast SEO plugin. -->","yoast_head_json":{"title":"NILOX SAI PREMIUM LINE INT. 600 VA - Aivlisoft Inform\u00e1tica","robots":{"index":"index","follow":"follow","max-snippet":"max-snippet:-1","max-image-preview":"max-image-preview:large","max-video-preview":"max-video-preview:-1"},"canonical":"https:\/\/aivlisoft.net\/shop\/producto\/nilox-sai-premium-line-int-600-va\/","og_locale":"es_ES","og_type":"article","og_title":"NILOX SAI PREMIUM LINE INT. 600 VA - Aivlisoft Inform\u00e1tica","og_description":"Marca Nilox Modelo NXGCLI6001X5V2 Caracter&iacute;sticas &#8211; Tama&ntilde;o: Torre &#8211; Uso previsto: Proteccion Ordenador &#8211; Tecnolog&iacute;a: Line Interactive &#8211; Protecci&oacute;n circuito: Fusible de entrada &#8211; AVR Entrada &#8211; Rango de tensi&oacute;n m&iacute;nima en entrada: 173 V &#8211; Rango de tensi&oacute;n m&aacute;xima en entrada: 276 V &#8211; N&uacute;mero de Conectores en entrada: 1 &#8211; Tensi&oacute;n en entrada&hellip;&nbsp;NILOX SAI PREMIUM LINE INT. 600 VA","og_url":"https:\/\/aivlisoft.net\/shop\/producto\/nilox-sai-premium-line-int-600-va\/","og_site_name":"Aivlisoft Inform\u00e1tica","article_modified_time":"2025-01-15T10:55:23+00:00","og_image":[{"width":800,"height":800,"url":"https:\/\/aivlisoft.net\/shop\/wp-content\/uploads\/2025\/01\/FSASFL0197_800.jpg","type":"image\/jpeg"}],"twitter_card":"summary_large_image","twitter_misc":{"Tiempo de lectura":"2 minutos"},"schema":{"@context":"https:\/\/schema.org","@graph":[{"@type":"WebPage","@id":"https:\/\/aivlisoft.net\/shop\/producto\/nilox-sai-premium-line-int-600-va\/","url":"https:\/\/aivlisoft.net\/shop\/producto\/nilox-sai-premium-line-int-600-va\/","name":"NILOX SAI PREMIUM LINE INT. 600 VA - Aivlisoft Inform\u00e1tica","isPartOf":{"@id":"https:\/\/aivlisoft.net\/shop\/#website"},"primaryImageOfPage":{"@id":"https:\/\/aivlisoft.net\/shop\/producto\/nilox-sai-premium-line-int-600-va\/#primaryimage"},"image":{"@id":"https:\/\/aivlisoft.net\/shop\/producto\/nilox-sai-premium-line-int-600-va\/#primaryimage"},"thumbnailUrl":"https:\/\/aivlisoft.net\/shop\/wp-content\/uploads\/2025\/01\/FSASFL0197_800.jpg","datePublished":"2025-01-13T14:03:49+00:00","dateModified":"2025-01-15T10:55:23+00:00","breadcrumb":{"@id":"https:\/\/aivlisoft.net\/shop\/producto\/nilox-sai-premium-line-int-600-va\/#breadcrumb"},"inLanguage":"es","potentialAction":[{"@type":"ReadAction","target":["https:\/\/aivlisoft.net\/shop\/producto\/nilox-sai-premium-line-int-600-va\/"]}]},{"@type":"ImageObject","inLanguage":"es","@id":"https:\/\/aivlisoft.net\/shop\/producto\/nilox-sai-premium-line-int-600-va\/#primaryimage","url":"https:\/\/aivlisoft.net\/shop\/wp-content\/uploads\/2025\/01\/FSASFL0197_800.jpg","contentUrl":"https:\/\/aivlisoft.net\/shop\/wp-content\/uploads\/2025\/01\/FSASFL0197_800.jpg","width":800,"height":800},{"@type":"BreadcrumbList","@id":"https:\/\/aivlisoft.net\/shop\/producto\/nilox-sai-premium-line-int-600-va\/#breadcrumb","itemListElement":[{"@type":"ListItem","position":1,"name":"Portada","item":"https:\/\/aivlisoft.net\/shop\/"},{"@type":"ListItem","position":2,"name":"Tienda","item":"https:\/\/aivlisoft.net\/shop\/tienda\/"},{"@type":"ListItem","position":3,"name":"NILOX SAI PREMIUM LINE INT. 600 VA"}]},{"@type":"WebSite","@id":"https:\/\/aivlisoft.net\/shop\/#website","url":"https:\/\/aivlisoft.net\/shop\/","name":"Aivlisoft Inform\u00e1tica","description":"En Aivlisoft Inform\u00e1tica ofrecemos soluciones tecnol\u00f3gicas para empresas: venta de ordenadores, consumibles, perif\u00e9ricos y m\u00e1s. Calidad, atenci\u00f3n personalizada y los mejores precios para tu negocio.","publisher":{"@id":"https:\/\/aivlisoft.net\/shop\/#organization"},"potentialAction":[{"@type":"SearchAction","target":{"@type":"EntryPoint","urlTemplate":"https:\/\/aivlisoft.net\/shop\/?s={search_term_string}"},"query-input":{"@type":"PropertyValueSpecification","valueRequired":true,"valueName":"search_term_string"}}],"inLanguage":"es"},{"@type":"Organization","@id":"https:\/\/aivlisoft.net\/shop\/#organization","name":"Aivlisoft Inform\u00e1tica","url":"https:\/\/aivlisoft.net\/shop\/","logo":{"@type":"ImageObject","inLanguage":"es","@id":"https:\/\/aivlisoft.net\/shop\/#\/schema\/logo\/image\/","url":"https:\/\/aivlisoft.net\/shop\/wp-content\/uploads\/2024\/12\/removal.ai_5b848c54-0cdf-4140-95c5-c5536bb7573b-logodef.png","contentUrl":"https:\/\/aivlisoft.net\/shop\/wp-content\/uploads\/2024\/12\/removal.ai_5b848c54-0cdf-4140-95c5-c5536bb7573b-logodef.png","width":484,"height":182,"caption":"Aivlisoft Inform\u00e1tica"},"image":{"@id":"https:\/\/aivlisoft.net\/shop\/#\/schema\/logo\/image\/"}}]}},"_links":{"self":[{"href":"https:\/\/aivlisoft.net\/shop\/wp-json\/wp\/v2\/product\/10252","targetHints":{"allow":["GET"]}}],"collection":[{"href":"https:\/\/aivlisoft.net\/shop\/wp-json\/wp\/v2\/product"}],"about":[{"href":"https:\/\/aivlisoft.net\/shop\/wp-json\/wp\/v2\/types\/product"}],"wp:featuredmedia":[{"embeddable":true,"href":"https:\/\/aivlisoft.net\/shop\/wp-json\/wp\/v2\/media\/10253"}],"wp:attachment":[{"href":"https:\/\/aivlisoft.net\/shop\/wp-json\/wp\/v2\/media?parent=10252"}],"wp:term":[{"taxonomy":"product_brand","embeddable":true,"href":"https:\/\/aivlisoft.net\/shop\/wp-json\/wp\/v2\/product_brand?post=10252"},{"taxonomy":"product_cat","embeddable":true,"href":"https:\/\/aivlisoft.net\/shop\/wp-json\/wp\/v2\/product_cat?post=10252"},{"taxonomy":"product_tag","embeddable":true,"href":"https:\/\/aivlisoft.net\/shop\/wp-json\/wp\/v2\/product_tag?post=10252"}],"curies":[{"name":"wp","href":"https:\/\/api.w.org\/{rel}","templated":true}]}}