{"id":10216,"date":"2025-01-13T14:03:32","date_gmt":"2025-01-13T14:03:32","guid":{"rendered":"https:\/\/aivlisoft.com\/?post_type=product&#038;p=10216"},"modified":"2025-01-15T10:55:29","modified_gmt":"2025-01-15T10:55:29","slug":"salicru-sps-1000-advance-t","status":"publish","type":"product","link":"https:\/\/aivlisoft.net\/shop\/producto\/salicru-sps-1000-advance-t\/","title":{"rendered":"Salicru SPS 1000 Advance T"},"content":{"rendered":"<p>&nbsp;<\/p>\n<table class=\"tabla_caracteristicas k-table\" width=\"100%\">\n<tr>\n<td valign=\"top\"><strong>Marca <\/strong><\/td>\n<td valign=\"top\">Salicru<\/td>\n<\/tr>\n<tr>\n<td valign=\"top\"><strong>Modelo <\/strong><\/td>\n<td valign=\"top\"><strong>6A0EA000002<\/strong><\/td>\n<\/tr>\n<tr>\n<td valign=\"top\"><strong>Entrada<\/strong><\/td>\n<td valign=\"top\">&#8211; Tensi&oacute;n nominal: 230 V<br \/>\t\t\t&#8211; Margen de tensi&oacute;n 100% carga: 165 &divide; 290 V<br \/>\t\t\t&#8211; Estabilizador: AVR (Buck &amp; Boost)<br \/>\t\t\t&#8211; Frecuencia nominal: 50 \/ 60 Hz (autodetecci&oacute;n)<br \/>\t\t\t&#8211; Margen de frecuencia: &plusmn;5 Hz<br \/>\t\t\t&#8211; Autodetecci&oacute;n de frecuencia: S&iacute;<br \/>\t\t\t&#8211; Protecci&oacute;n: T&eacute;rmico rearmable<\/td>\n<\/tr>\n<tr>\n<td valign=\"top\"><strong>Salida<\/strong><\/td>\n<td valign=\"top\">&#8211; Tensi&oacute;n nominal: 230 V<br \/>\t\t\t&#8211; Precisi&oacute;n tensi&oacute;n (modo bater&iacute;a): &plusmn;10%<br \/>\t\t\t&#8211; Potencia (VA\/W): <strong>1000 <\/strong>\/ 700<br \/>\t\t\t&#8211; Distorsi&oacute;n arm&oacute;nica total (THDv): &lt;5%<br \/>\t\t\t&#8211; Forma de onda (modo bater&iacute;a): Senoidal pura<br \/>\t\t\t&#8211; Frecuencia: 50 \/ 60 Hz (misma que la entrada)<br \/>\t\t\t&#8211; Precisi&oacute;n frecuencia (modo bater&iacute;a): &plusmn;1 Hz<br \/>\t\t\t&#8211; Compatibilidad cargas APFC: S&iacute;&nbsp;&nbsp; &nbsp;<br \/>\t\t\t&#8211; Rendimiento modo estabilizador (AVR): &gt;92%<br \/>\t\t\t&#8211; Rendimiento modo bater&iacute;a: &gt;80%<br \/>\t\t\t&#8211; Sobrecargas admisibles Modo bater&iacute;a: 110% durante 1 min \/ &gt;130% inmediato<br \/>\t\t\t&#8211; Sobrecargas admisibles Modo en l&iacute;nea: 110% 1min \/ 120% inmediato<br \/>\t\t\t&#8211; Tipo de tomas: IEC C13<br \/>\t\t\t<strong>&#8211; N&ordm; salidas: 6<\/strong><\/td>\n<\/tr>\n<tr>\n<td valign=\"top\"><strong>Bater&iacute;a <\/strong><\/td>\n<td valign=\"top\">&#8211; Tipo de bater&iacute;a: Pb-Ca selladas, AGM, sin mantenimiento<br \/>\t\t\t&#8211; Tipo de carga: I\/U (Corriente constante \/ Tensi&oacute;n constante)<br \/>\t\t\t&#8211; Tiempo de recarga: 4 horas al 90%<br \/>\t\t\t&#8211; Test de bater&iacute;a: Autom&aacute;tico en cada arranque + manual<\/td>\n<\/tr>\n<tr>\n<td valign=\"top\"><strong>Comunicaci&oacute;n <\/strong><\/td>\n<td valign=\"top\">&#8211; Puertos: RS-232 \/ USB (HID)<br \/>\t\t\t&#8211; Slot inteligente: Para SNMP\/contactos libres de potencial\/MODBUS<br \/>\t\t\t&#8211; Software de monitorizaci&oacute;n: Para familia Windows, Linux y Mac<\/td>\n<\/tr>\n<tr>\n<td valign=\"top\"><strong>Indicaciones<\/strong><\/td>\n<td valign=\"top\">&#8211; Tipo: LCD + teclado<br \/>\t\t\t&#8211; Valores: Tensi&oacute;n entrada y salida \/ % de carga \/ % de bater&iacute;a \/ autonom&iacute;a<br \/>\t\t\t&#8211; Niveles: Carga conectada \/ sobrecarga \/ bater&iacute;a \/ bater&iacute;a baja<br \/>\t\t\t&#8211; Modos de funcionamiento: Normal \/ Estabilizaci&oacute;n (AVR) \/ Bater&iacute;a \/ Fallo<br \/>\t\t\t&#8211; Alarma: Bater&iacute;a \/ bater&iacute;a baja \/ sobrecarga \/ fallo<br \/>\t\t\t&#8211; Ac&uacute;sticas: Cada 30 s para funcionamiento en bater&iacute;a Cada 2 s para Bater&iacute;a baja Cada 0,5 s para sobrecarga Continuo para fallo<br \/>\t\t\t&#8211; Fallo: Display LCD<\/td>\n<\/tr>\n<tr>\n<td valign=\"top\"><strong>Generales<\/strong><\/td>\n<td valign=\"top\">&#8211; Cold-start (arranque desde bater&iacute;as)<br \/>\t\t\t&#8211; Paro de emergencia (EPO)<br \/>\t\t\t<strong>F&iacute;sicas<\/strong><br \/>\t\t\t&#8211; Dimensiones: 327 x 140 x 191<br \/>\t\t\t&#8211; Peso (kg): 11.36<br \/>\t\t\t<strong>Entorno<\/strong><br \/>\t\t\t&#8211; Temperatura de trabajo: 0&ordm; C &divide; 40&ordm; C<br \/>\t\t\t&#8211; Humedad relativa: Hasta 95%, sin condensar<br \/>\t\t\t&#8211; Altitud m&aacute;xima de trabajo: 2.400 m.s.n.m.<br \/>\t\t\t&#8211; Ruido ac&uacute;stico a 1 metro: &lt;45 dB<br \/>\t\t\t<strong>Normativa<\/strong><br \/>\t\t\t&#8211; Seguridad: EN-IEC 62040-1<br \/>\t\t\t&#8211; Compatibilidad electromagn&eacute;tica (CEM): EN 62040-2<br \/>\t\t\t&#8211; Funcionamiento: EN 62040-3<br \/>\t\t\t&#8211; Gesti&oacute;n de Calidad y Ambiental: ISO 9001 &amp; ISO 14001<\/td>\n<\/tr>\n<tr>\n<td valign=\"top\"><strong>Fecha de revisi&oacute;n <\/strong><\/td>\n<td valign=\"top\">10-05-2022 por MPM<\/td>\n<\/tr>\n<\/table>\n","protected":false},"excerpt":{"rendered":"<p>&nbsp; Marca Salicru Modelo 6A0EA000002 Entrada &#8211; Tensi&oacute;n nominal: 230 V &#8211; Margen de tensi&oacute;n 100% carga: 165 &divide; 290 V &#8211; Estabilizador: AVR (Buck &amp; Boost) &#8211; Frecuencia nominal: 50 \/ 60 Hz (autodetecci&oacute;n) &#8211; Margen de frecuencia: &plusmn;5 Hz &#8211; Autodetecci&oacute;n de frecuencia: S&iacute; &#8211; Protecci&oacute;n: T&eacute;rmico rearmable Salida &#8211; Tensi&oacute;n nominal: 230&hellip;&nbsp;<a href=\"https:\/\/aivlisoft.net\/shop\/producto\/salicru-sps-1000-advance-t\/\" rel=\"bookmark\"><span class=\"screen-reader-text\">Salicru SPS 1000 Advance T<\/span><\/a><\/p>\n","protected":false},"featured_media":10217,"template":"","meta":{"neve_meta_sidebar":"","neve_meta_container":"","neve_meta_enable_content_width":"","neve_meta_content_width":0,"neve_meta_title_alignment":"","neve_meta_author_avatar":"","neve_post_elements_order":"","neve_meta_disable_header":"","neve_meta_disable_footer":"","neve_meta_disable_title":""},"product_brand":[],"product_cat":[15,458,8689,4934],"product_tag":[3981],"class_list":{"0":"post-10216","1":"product","2":"type-product","3":"status-publish","4":"has-post-thumbnail","6":"product_cat-sin-categorizar","7":"product_cat-accesorios-sai","8":"product_cat-accesorios-sai-accesorios-sai","9":"product_cat-cajas-y-fuentes","10":"product_tag-6a0ea000002","12":"first","13":"instock","14":"taxable","15":"shipping-taxable","16":"purchasable","17":"product-type-simple"},"yoast_head":"<!-- This site is optimized with the Yoast SEO plugin v26.0 - https:\/\/yoast.com\/wordpress\/plugins\/seo\/ -->\n<title>Salicru SPS 1000 Advance T - Aivlisoft Inform\u00e1tica<\/title>\n<meta name=\"robots\" content=\"index, follow, max-snippet:-1, max-image-preview:large, max-video-preview:-1\" \/>\n<link rel=\"canonical\" href=\"https:\/\/aivlisoft.net\/shop\/producto\/salicru-sps-1000-advance-t\/\" \/>\n<meta property=\"og:locale\" content=\"es_ES\" \/>\n<meta property=\"og:type\" content=\"article\" \/>\n<meta property=\"og:title\" content=\"Salicru SPS 1000 Advance T - Aivlisoft Inform\u00e1tica\" \/>\n<meta property=\"og:description\" content=\"&nbsp; Marca Salicru Modelo 6A0EA000002 Entrada &#8211; Tensi&oacute;n nominal: 230 V &#8211; Margen de tensi&oacute;n 100% carga: 165 &divide; 290 V &#8211; Estabilizador: AVR (Buck &amp; Boost) &#8211; Frecuencia nominal: 50 \/ 60 Hz (autodetecci&oacute;n) &#8211; Margen de frecuencia: &plusmn;5 Hz &#8211; Autodetecci&oacute;n de frecuencia: S&iacute; &#8211; Protecci&oacute;n: T&eacute;rmico rearmable Salida &#8211; Tensi&oacute;n nominal: 230&hellip;&nbsp;Salicru SPS 1000 Advance T\" \/>\n<meta property=\"og:url\" content=\"https:\/\/aivlisoft.net\/shop\/producto\/salicru-sps-1000-advance-t\/\" \/>\n<meta property=\"og:site_name\" content=\"Aivlisoft Inform\u00e1tica\" \/>\n<meta property=\"article:modified_time\" content=\"2025-01-15T10:55:29+00:00\" \/>\n<meta property=\"og:image\" content=\"https:\/\/aivlisoft.net\/shop\/wp-content\/uploads\/2025\/01\/FSASFL0185_800.jpg\" \/>\n\t<meta property=\"og:image:width\" content=\"800\" \/>\n\t<meta property=\"og:image:height\" content=\"800\" \/>\n\t<meta property=\"og:image:type\" content=\"image\/jpeg\" \/>\n<meta name=\"twitter:card\" content=\"summary_large_image\" \/>\n<meta name=\"twitter:label1\" content=\"Tiempo de lectura\" \/>\n\t<meta name=\"twitter:data1\" content=\"2 minutos\" \/>\n<script type=\"application\/ld+json\" class=\"yoast-schema-graph\">{\"@context\":\"https:\/\/schema.org\",\"@graph\":[{\"@type\":\"WebPage\",\"@id\":\"https:\/\/aivlisoft.net\/shop\/producto\/salicru-sps-1000-advance-t\/\",\"url\":\"https:\/\/aivlisoft.net\/shop\/producto\/salicru-sps-1000-advance-t\/\",\"name\":\"Salicru SPS 1000 Advance T - Aivlisoft Inform\u00e1tica\",\"isPartOf\":{\"@id\":\"https:\/\/aivlisoft.net\/shop\/#website\"},\"primaryImageOfPage\":{\"@id\":\"https:\/\/aivlisoft.net\/shop\/producto\/salicru-sps-1000-advance-t\/#primaryimage\"},\"image\":{\"@id\":\"https:\/\/aivlisoft.net\/shop\/producto\/salicru-sps-1000-advance-t\/#primaryimage\"},\"thumbnailUrl\":\"https:\/\/aivlisoft.net\/shop\/wp-content\/uploads\/2025\/01\/FSASFL0185_800.jpg\",\"datePublished\":\"2025-01-13T14:03:32+00:00\",\"dateModified\":\"2025-01-15T10:55:29+00:00\",\"breadcrumb\":{\"@id\":\"https:\/\/aivlisoft.net\/shop\/producto\/salicru-sps-1000-advance-t\/#breadcrumb\"},\"inLanguage\":\"es\",\"potentialAction\":[{\"@type\":\"ReadAction\",\"target\":[\"https:\/\/aivlisoft.net\/shop\/producto\/salicru-sps-1000-advance-t\/\"]}]},{\"@type\":\"ImageObject\",\"inLanguage\":\"es\",\"@id\":\"https:\/\/aivlisoft.net\/shop\/producto\/salicru-sps-1000-advance-t\/#primaryimage\",\"url\":\"https:\/\/aivlisoft.net\/shop\/wp-content\/uploads\/2025\/01\/FSASFL0185_800.jpg\",\"contentUrl\":\"https:\/\/aivlisoft.net\/shop\/wp-content\/uploads\/2025\/01\/FSASFL0185_800.jpg\",\"width\":800,\"height\":800},{\"@type\":\"BreadcrumbList\",\"@id\":\"https:\/\/aivlisoft.net\/shop\/producto\/salicru-sps-1000-advance-t\/#breadcrumb\",\"itemListElement\":[{\"@type\":\"ListItem\",\"position\":1,\"name\":\"Portada\",\"item\":\"https:\/\/aivlisoft.net\/shop\/\"},{\"@type\":\"ListItem\",\"position\":2,\"name\":\"Tienda\",\"item\":\"https:\/\/aivlisoft.net\/shop\/tienda\/\"},{\"@type\":\"ListItem\",\"position\":3,\"name\":\"Salicru SPS 1000 Advance T\"}]},{\"@type\":\"WebSite\",\"@id\":\"https:\/\/aivlisoft.net\/shop\/#website\",\"url\":\"https:\/\/aivlisoft.net\/shop\/\",\"name\":\"Aivlisoft Inform\u00e1tica\",\"description\":\"En Aivlisoft Inform\u00e1tica ofrecemos soluciones tecnol\u00f3gicas para empresas: venta de ordenadores, consumibles, perif\u00e9ricos y m\u00e1s. Calidad, atenci\u00f3n personalizada y los mejores precios para tu negocio.\",\"publisher\":{\"@id\":\"https:\/\/aivlisoft.net\/shop\/#organization\"},\"potentialAction\":[{\"@type\":\"SearchAction\",\"target\":{\"@type\":\"EntryPoint\",\"urlTemplate\":\"https:\/\/aivlisoft.net\/shop\/?s={search_term_string}\"},\"query-input\":{\"@type\":\"PropertyValueSpecification\",\"valueRequired\":true,\"valueName\":\"search_term_string\"}}],\"inLanguage\":\"es\"},{\"@type\":\"Organization\",\"@id\":\"https:\/\/aivlisoft.net\/shop\/#organization\",\"name\":\"Aivlisoft Inform\u00e1tica\",\"url\":\"https:\/\/aivlisoft.net\/shop\/\",\"logo\":{\"@type\":\"ImageObject\",\"inLanguage\":\"es\",\"@id\":\"https:\/\/aivlisoft.net\/shop\/#\/schema\/logo\/image\/\",\"url\":\"https:\/\/aivlisoft.net\/shop\/wp-content\/uploads\/2024\/12\/removal.ai_5b848c54-0cdf-4140-95c5-c5536bb7573b-logodef.png\",\"contentUrl\":\"https:\/\/aivlisoft.net\/shop\/wp-content\/uploads\/2024\/12\/removal.ai_5b848c54-0cdf-4140-95c5-c5536bb7573b-logodef.png\",\"width\":484,\"height\":182,\"caption\":\"Aivlisoft Inform\u00e1tica\"},\"image\":{\"@id\":\"https:\/\/aivlisoft.net\/shop\/#\/schema\/logo\/image\/\"}}]}<\/script>\n<!-- \/ Yoast SEO plugin. -->","yoast_head_json":{"title":"Salicru SPS 1000 Advance T - Aivlisoft Inform\u00e1tica","robots":{"index":"index","follow":"follow","max-snippet":"max-snippet:-1","max-image-preview":"max-image-preview:large","max-video-preview":"max-video-preview:-1"},"canonical":"https:\/\/aivlisoft.net\/shop\/producto\/salicru-sps-1000-advance-t\/","og_locale":"es_ES","og_type":"article","og_title":"Salicru SPS 1000 Advance T - Aivlisoft Inform\u00e1tica","og_description":"&nbsp; Marca Salicru Modelo 6A0EA000002 Entrada &#8211; Tensi&oacute;n nominal: 230 V &#8211; Margen de tensi&oacute;n 100% carga: 165 &divide; 290 V &#8211; Estabilizador: AVR (Buck &amp; Boost) &#8211; Frecuencia nominal: 50 \/ 60 Hz (autodetecci&oacute;n) &#8211; Margen de frecuencia: &plusmn;5 Hz &#8211; Autodetecci&oacute;n de frecuencia: S&iacute; &#8211; Protecci&oacute;n: T&eacute;rmico rearmable Salida &#8211; Tensi&oacute;n nominal: 230&hellip;&nbsp;Salicru SPS 1000 Advance T","og_url":"https:\/\/aivlisoft.net\/shop\/producto\/salicru-sps-1000-advance-t\/","og_site_name":"Aivlisoft Inform\u00e1tica","article_modified_time":"2025-01-15T10:55:29+00:00","og_image":[{"width":800,"height":800,"url":"https:\/\/aivlisoft.net\/shop\/wp-content\/uploads\/2025\/01\/FSASFL0185_800.jpg","type":"image\/jpeg"}],"twitter_card":"summary_large_image","twitter_misc":{"Tiempo de lectura":"2 minutos"},"schema":{"@context":"https:\/\/schema.org","@graph":[{"@type":"WebPage","@id":"https:\/\/aivlisoft.net\/shop\/producto\/salicru-sps-1000-advance-t\/","url":"https:\/\/aivlisoft.net\/shop\/producto\/salicru-sps-1000-advance-t\/","name":"Salicru SPS 1000 Advance T - Aivlisoft Inform\u00e1tica","isPartOf":{"@id":"https:\/\/aivlisoft.net\/shop\/#website"},"primaryImageOfPage":{"@id":"https:\/\/aivlisoft.net\/shop\/producto\/salicru-sps-1000-advance-t\/#primaryimage"},"image":{"@id":"https:\/\/aivlisoft.net\/shop\/producto\/salicru-sps-1000-advance-t\/#primaryimage"},"thumbnailUrl":"https:\/\/aivlisoft.net\/shop\/wp-content\/uploads\/2025\/01\/FSASFL0185_800.jpg","datePublished":"2025-01-13T14:03:32+00:00","dateModified":"2025-01-15T10:55:29+00:00","breadcrumb":{"@id":"https:\/\/aivlisoft.net\/shop\/producto\/salicru-sps-1000-advance-t\/#breadcrumb"},"inLanguage":"es","potentialAction":[{"@type":"ReadAction","target":["https:\/\/aivlisoft.net\/shop\/producto\/salicru-sps-1000-advance-t\/"]}]},{"@type":"ImageObject","inLanguage":"es","@id":"https:\/\/aivlisoft.net\/shop\/producto\/salicru-sps-1000-advance-t\/#primaryimage","url":"https:\/\/aivlisoft.net\/shop\/wp-content\/uploads\/2025\/01\/FSASFL0185_800.jpg","contentUrl":"https:\/\/aivlisoft.net\/shop\/wp-content\/uploads\/2025\/01\/FSASFL0185_800.jpg","width":800,"height":800},{"@type":"BreadcrumbList","@id":"https:\/\/aivlisoft.net\/shop\/producto\/salicru-sps-1000-advance-t\/#breadcrumb","itemListElement":[{"@type":"ListItem","position":1,"name":"Portada","item":"https:\/\/aivlisoft.net\/shop\/"},{"@type":"ListItem","position":2,"name":"Tienda","item":"https:\/\/aivlisoft.net\/shop\/tienda\/"},{"@type":"ListItem","position":3,"name":"Salicru SPS 1000 Advance T"}]},{"@type":"WebSite","@id":"https:\/\/aivlisoft.net\/shop\/#website","url":"https:\/\/aivlisoft.net\/shop\/","name":"Aivlisoft Inform\u00e1tica","description":"En Aivlisoft Inform\u00e1tica ofrecemos soluciones tecnol\u00f3gicas para empresas: venta de ordenadores, consumibles, perif\u00e9ricos y m\u00e1s. Calidad, atenci\u00f3n personalizada y los mejores precios para tu negocio.","publisher":{"@id":"https:\/\/aivlisoft.net\/shop\/#organization"},"potentialAction":[{"@type":"SearchAction","target":{"@type":"EntryPoint","urlTemplate":"https:\/\/aivlisoft.net\/shop\/?s={search_term_string}"},"query-input":{"@type":"PropertyValueSpecification","valueRequired":true,"valueName":"search_term_string"}}],"inLanguage":"es"},{"@type":"Organization","@id":"https:\/\/aivlisoft.net\/shop\/#organization","name":"Aivlisoft Inform\u00e1tica","url":"https:\/\/aivlisoft.net\/shop\/","logo":{"@type":"ImageObject","inLanguage":"es","@id":"https:\/\/aivlisoft.net\/shop\/#\/schema\/logo\/image\/","url":"https:\/\/aivlisoft.net\/shop\/wp-content\/uploads\/2024\/12\/removal.ai_5b848c54-0cdf-4140-95c5-c5536bb7573b-logodef.png","contentUrl":"https:\/\/aivlisoft.net\/shop\/wp-content\/uploads\/2024\/12\/removal.ai_5b848c54-0cdf-4140-95c5-c5536bb7573b-logodef.png","width":484,"height":182,"caption":"Aivlisoft Inform\u00e1tica"},"image":{"@id":"https:\/\/aivlisoft.net\/shop\/#\/schema\/logo\/image\/"}}]}},"_links":{"self":[{"href":"https:\/\/aivlisoft.net\/shop\/wp-json\/wp\/v2\/product\/10216","targetHints":{"allow":["GET"]}}],"collection":[{"href":"https:\/\/aivlisoft.net\/shop\/wp-json\/wp\/v2\/product"}],"about":[{"href":"https:\/\/aivlisoft.net\/shop\/wp-json\/wp\/v2\/types\/product"}],"wp:featuredmedia":[{"embeddable":true,"href":"https:\/\/aivlisoft.net\/shop\/wp-json\/wp\/v2\/media\/10217"}],"wp:attachment":[{"href":"https:\/\/aivlisoft.net\/shop\/wp-json\/wp\/v2\/media?parent=10216"}],"wp:term":[{"taxonomy":"product_brand","embeddable":true,"href":"https:\/\/aivlisoft.net\/shop\/wp-json\/wp\/v2\/product_brand?post=10216"},{"taxonomy":"product_cat","embeddable":true,"href":"https:\/\/aivlisoft.net\/shop\/wp-json\/wp\/v2\/product_cat?post=10216"},{"taxonomy":"product_tag","embeddable":true,"href":"https:\/\/aivlisoft.net\/shop\/wp-json\/wp\/v2\/product_tag?post=10216"}],"curies":[{"name":"wp","href":"https:\/\/api.w.org\/{rel}","templated":true}]}}