{"id":10196,"date":"2025-01-13T14:03:21","date_gmt":"2025-01-13T14:03:21","guid":{"rendered":"https:\/\/aivlisoft.com\/?post_type=product&#038;p=10196"},"modified":"2025-01-15T10:55:32","modified_gmt":"2025-01-15T10:55:32","slug":"salicru-sps-one-1100va-sai-600w-iec","status":"publish","type":"product","link":"https:\/\/aivlisoft.net\/shop\/producto\/salicru-sps-one-1100va-sai-600w-iec\/","title":{"rendered":"Salicru SPS one 1100VA SAI 600W  IEC"},"content":{"rendered":"<p>&nbsp;<\/p>\n<table class=\"tabla_caracteristicas k-table\" width=\"100%\">\n<tr>\n<td><strong>Marca<\/strong><\/td>\n<td>Salicru<\/td>\n<\/tr>\n<tr>\n<td><strong>Modelo<\/strong><\/td>\n<td><strong>662AF000016<\/strong><\/td>\n<\/tr>\n<tr>\n<td><strong>Tecnolog&iacute;a<\/strong><\/td>\n<td>&#8211; Line-interactive<\/td>\n<\/tr>\n<tr>\n<td><strong>Entrada<\/strong><\/td>\n<td>&#8211; Tensi&oacute;n nominal: 220 V \/ 230 V \/ 240 V AC<br \/>\t\t\t&#8211; Margen de tensi&oacute;n: Hasta 162 V &divide; 290 V<br \/>\t\t\t&#8211; Estabilizador: AVR Buck \/ Boost<br \/>\t\t\t&#8211; Frecuencia nominal: 50 \/ 60 Hz<br \/>\t\t\t&#8211; Autodetecci&oacute;n de frecuencia: S&iacute;<br \/>\t\t\t&#8211; Protecci&oacute;n: T&eacute;rmico rearmable o fusible (seg&uacute;n modelos)<\/td>\n<\/tr>\n<tr>\n<td><strong>Salida<\/strong><\/td>\n<td>&#8211; Tensi&oacute;n nominal: 220 V \/ 230 V \/ 240 V AC<br \/>\t\t\t&#8211; Precisi&oacute;n tensi&oacute;n (modo bater&iacute;a): &plusmn;10%<br \/>\t\t\t&#8211; Potencia (VA): 1100<br \/>\t\t\t&#8211; Forma de onda (modo bater&iacute;a): Pseudosenoidal<br \/>\t\t\t&#8211; Frecuencia: 50 \/ 60 Hz &plusmn; 1 Hz (1)&nbsp;&nbsp; &nbsp;<br \/>\t\t\t&#8211; Tiempo de transferencia: 2 \/ 6 ms<br \/>\t\t\t&#8211; Tipo de tomas: IEC<br \/>\t\t\t&#8211; N&ordm; Salidas: 6<\/td>\n<\/tr>\n<tr>\n<td><strong>Bater&iacute;a<\/strong><\/td>\n<td>&#8211; Tipo de bater&iacute;a: Bater&iacute;as herm&eacute;ticas de plomo-calcio sin mantenimiento, selladas, vida de dise&ntilde;o 3-5 a&ntilde;os<br \/>\t\t\t&#8211; Tiempo de recarga: 4 &#8211; 6 horas hasta 90% de la capacidad<br \/>\t\t\t&#8211; Bater&iacute;a reemplazable por el usuario: S&iacute;<br \/>\t\t\t&#8211; Autonom&iacute;a: Hasta 20 minutos<br \/>\t\t\t&#8211; Aviso reemplazo de bater&iacute;a: S&iacute;<\/td>\n<\/tr>\n<tr>\n<td><strong>Comunicaci&oacute;n<\/strong><\/td>\n<td>&#8211; Puertos: USB HID<br \/>\t\t\t&#8211; Software de monitorizaci&oacute;n: Software de monitorizaci&oacute;n para Windows, Linux, Unix y Mac<\/td>\n<\/tr>\n<tr>\n<td><strong>Indicaciones<\/strong><\/td>\n<td>&#8211; Tipo: LED<br \/>\t\t\t&#8211; Modos de funcionamiento: Normal \/ Estabilizaci&oacute;n (AVR) \/ Bater&iacute;a<br \/>\t\t\t&#8211; Funcionamiento en red: LED verde<br \/>\t\t\t&#8211; Alarma: Bater&iacute;a \/ bater&iacute;a baja \/ sobrecarga \/ fallo<br \/>\t\t\t&#8211; Ac&uacute;sticas: Cada 10 s para funcionamiento en bater&iacute;a. Cada 1 s para Bater&iacute;a baja. Cada 0,5 s para sobrecarga. Continuo para fallo. Cada 2 s para sustituci&oacute;n de bateria.<br \/>\t\t\t&#8211; Fallo: LED rojo<\/td>\n<\/tr>\n<tr>\n<td><strong>Otras funciones<\/strong><\/td>\n<td>&#8211; Cold-start (arranque desde bater&iacute;as): S&iacute;<br \/>\t\t\t&#8211; Rearranque autom&aacute;tico: S&iacute;, despu&eacute;s del final de autonom&iacute;a<\/td>\n<\/tr>\n<tr>\n<td><strong>Generales<\/strong><\/td>\n<td>&#8211; Temperatura de trabajo: 0&ordm; C &divide; + 40&ordm; C<br \/>\t\t\t&#8211; Humedad relativa: Hasta el 90% sin condensar<br \/>\t\t\t&#8211; Altitud m&aacute;xima de trabajo: 2.400 m.s.n.m.<br \/>\t\t\t&#8211; Ruido ac&uacute;stico a 1 metro: &lt; 40 dB<\/td>\n<\/tr>\n<tr>\n<td><strong>Normativa<\/strong><\/td>\n<td>&#8211; Seguridad: EN-IEC 62040-1<br \/>\t\t\t&#8211; Compatibilidad electromagn&eacute;tica (CEM): EN-IEC 62040-12<br \/>\t\t\t&#8211; Funcionamiento: EN 62040-3<br \/>\t\t\t&#8211; Gesti&oacute;n de Calidad y Ambiental: ISO 9001 &amp; ISO 14001<\/td>\n<\/tr>\n<tr>\n<td><strong>Dimensiones y peso<\/strong><\/td>\n<td>&#8211; Fondo: 320 mm<br \/>\t\t\t&#8211; Ancho: 130 mm<br \/>\t\t\t&#8211; Alto: 182 mm<br \/>\t\t\t&#8211; Peso: 8.2 kg<\/td>\n<\/tr>\n<tr>\n<td><strong>Fecha de revisi&oacute;n<\/strong><\/td>\n<td>08-11-2021 por MSB<\/td>\n<\/tr>\n<\/table>\n","protected":false},"excerpt":{"rendered":"<p>&nbsp; Marca Salicru Modelo 662AF000016 Tecnolog&iacute;a &#8211; Line-interactive Entrada &#8211; Tensi&oacute;n nominal: 220 V \/ 230 V \/ 240 V AC &#8211; Margen de tensi&oacute;n: Hasta 162 V &divide; 290 V &#8211; Estabilizador: AVR Buck \/ Boost &#8211; Frecuencia nominal: 50 \/ 60 Hz &#8211; Autodetecci&oacute;n de frecuencia: S&iacute; &#8211; Protecci&oacute;n: T&eacute;rmico rearmable o fusible&hellip;&nbsp;<a href=\"https:\/\/aivlisoft.net\/shop\/producto\/salicru-sps-one-1100va-sai-600w-iec\/\" rel=\"bookmark\"><span class=\"screen-reader-text\">Salicru SPS one 1100VA SAI 600W  IEC<\/span><\/a><\/p>\n","protected":false},"featured_media":10197,"template":"","meta":{"neve_meta_sidebar":"","neve_meta_container":"","neve_meta_enable_content_width":"","neve_meta_content_width":0,"neve_meta_title_alignment":"","neve_meta_author_avatar":"","neve_post_elements_order":"","neve_meta_disable_header":"","neve_meta_disable_footer":"","neve_meta_disable_title":""},"product_brand":[],"product_cat":[15,8689,458,4934],"product_tag":[3976],"class_list":{"0":"post-10196","1":"product","2":"type-product","3":"status-publish","4":"has-post-thumbnail","6":"product_cat-sin-categorizar","7":"product_cat-accesorios-sai-accesorios-sai","8":"product_cat-accesorios-sai","9":"product_cat-cajas-y-fuentes","10":"product_tag-662af000016","12":"first","13":"instock","14":"taxable","15":"shipping-taxable","16":"purchasable","17":"product-type-simple"},"yoast_head":"<!-- This site is optimized with the Yoast SEO plugin v26.0 - https:\/\/yoast.com\/wordpress\/plugins\/seo\/ -->\n<title>Salicru SPS one 1100VA SAI 600W IEC - Aivlisoft Inform\u00e1tica<\/title>\n<meta name=\"robots\" content=\"index, follow, max-snippet:-1, max-image-preview:large, max-video-preview:-1\" \/>\n<link rel=\"canonical\" href=\"https:\/\/aivlisoft.net\/shop\/producto\/salicru-sps-one-1100va-sai-600w-iec\/\" \/>\n<meta property=\"og:locale\" content=\"es_ES\" \/>\n<meta property=\"og:type\" content=\"article\" \/>\n<meta property=\"og:title\" content=\"Salicru SPS one 1100VA SAI 600W IEC - Aivlisoft Inform\u00e1tica\" \/>\n<meta property=\"og:description\" content=\"&nbsp; Marca Salicru Modelo 662AF000016 Tecnolog&iacute;a &#8211; Line-interactive Entrada &#8211; Tensi&oacute;n nominal: 220 V \/ 230 V \/ 240 V AC &#8211; Margen de tensi&oacute;n: Hasta 162 V &divide; 290 V &#8211; Estabilizador: AVR Buck \/ Boost &#8211; Frecuencia nominal: 50 \/ 60 Hz &#8211; Autodetecci&oacute;n de frecuencia: S&iacute; &#8211; Protecci&oacute;n: T&eacute;rmico rearmable o fusible&hellip;&nbsp;Salicru SPS one 1100VA SAI 600W IEC\" \/>\n<meta property=\"og:url\" content=\"https:\/\/aivlisoft.net\/shop\/producto\/salicru-sps-one-1100va-sai-600w-iec\/\" \/>\n<meta property=\"og:site_name\" content=\"Aivlisoft Inform\u00e1tica\" \/>\n<meta property=\"article:modified_time\" content=\"2025-01-15T10:55:32+00:00\" \/>\n<meta property=\"og:image\" content=\"https:\/\/aivlisoft.net\/shop\/wp-content\/uploads\/2025\/01\/FSASFL0179_800.jpg\" \/>\n\t<meta property=\"og:image:width\" content=\"800\" \/>\n\t<meta property=\"og:image:height\" content=\"800\" \/>\n\t<meta property=\"og:image:type\" content=\"image\/jpeg\" \/>\n<meta name=\"twitter:card\" content=\"summary_large_image\" \/>\n<meta name=\"twitter:label1\" content=\"Tiempo de lectura\" \/>\n\t<meta name=\"twitter:data1\" content=\"2 minutos\" \/>\n<script type=\"application\/ld+json\" class=\"yoast-schema-graph\">{\"@context\":\"https:\/\/schema.org\",\"@graph\":[{\"@type\":\"WebPage\",\"@id\":\"https:\/\/aivlisoft.net\/shop\/producto\/salicru-sps-one-1100va-sai-600w-iec\/\",\"url\":\"https:\/\/aivlisoft.net\/shop\/producto\/salicru-sps-one-1100va-sai-600w-iec\/\",\"name\":\"Salicru SPS one 1100VA SAI 600W IEC - Aivlisoft Inform\u00e1tica\",\"isPartOf\":{\"@id\":\"https:\/\/aivlisoft.net\/shop\/#website\"},\"primaryImageOfPage\":{\"@id\":\"https:\/\/aivlisoft.net\/shop\/producto\/salicru-sps-one-1100va-sai-600w-iec\/#primaryimage\"},\"image\":{\"@id\":\"https:\/\/aivlisoft.net\/shop\/producto\/salicru-sps-one-1100va-sai-600w-iec\/#primaryimage\"},\"thumbnailUrl\":\"https:\/\/aivlisoft.net\/shop\/wp-content\/uploads\/2025\/01\/FSASFL0179_800.jpg\",\"datePublished\":\"2025-01-13T14:03:21+00:00\",\"dateModified\":\"2025-01-15T10:55:32+00:00\",\"breadcrumb\":{\"@id\":\"https:\/\/aivlisoft.net\/shop\/producto\/salicru-sps-one-1100va-sai-600w-iec\/#breadcrumb\"},\"inLanguage\":\"es\",\"potentialAction\":[{\"@type\":\"ReadAction\",\"target\":[\"https:\/\/aivlisoft.net\/shop\/producto\/salicru-sps-one-1100va-sai-600w-iec\/\"]}]},{\"@type\":\"ImageObject\",\"inLanguage\":\"es\",\"@id\":\"https:\/\/aivlisoft.net\/shop\/producto\/salicru-sps-one-1100va-sai-600w-iec\/#primaryimage\",\"url\":\"https:\/\/aivlisoft.net\/shop\/wp-content\/uploads\/2025\/01\/FSASFL0179_800.jpg\",\"contentUrl\":\"https:\/\/aivlisoft.net\/shop\/wp-content\/uploads\/2025\/01\/FSASFL0179_800.jpg\",\"width\":800,\"height\":800},{\"@type\":\"BreadcrumbList\",\"@id\":\"https:\/\/aivlisoft.net\/shop\/producto\/salicru-sps-one-1100va-sai-600w-iec\/#breadcrumb\",\"itemListElement\":[{\"@type\":\"ListItem\",\"position\":1,\"name\":\"Portada\",\"item\":\"https:\/\/aivlisoft.net\/shop\/\"},{\"@type\":\"ListItem\",\"position\":2,\"name\":\"Tienda\",\"item\":\"https:\/\/aivlisoft.net\/shop\/tienda\/\"},{\"@type\":\"ListItem\",\"position\":3,\"name\":\"Salicru SPS one 1100VA SAI 600W IEC\"}]},{\"@type\":\"WebSite\",\"@id\":\"https:\/\/aivlisoft.net\/shop\/#website\",\"url\":\"https:\/\/aivlisoft.net\/shop\/\",\"name\":\"Aivlisoft Inform\u00e1tica\",\"description\":\"En Aivlisoft Inform\u00e1tica ofrecemos soluciones tecnol\u00f3gicas para empresas: venta de ordenadores, consumibles, perif\u00e9ricos y m\u00e1s. Calidad, atenci\u00f3n personalizada y los mejores precios para tu negocio.\",\"publisher\":{\"@id\":\"https:\/\/aivlisoft.net\/shop\/#organization\"},\"potentialAction\":[{\"@type\":\"SearchAction\",\"target\":{\"@type\":\"EntryPoint\",\"urlTemplate\":\"https:\/\/aivlisoft.net\/shop\/?s={search_term_string}\"},\"query-input\":{\"@type\":\"PropertyValueSpecification\",\"valueRequired\":true,\"valueName\":\"search_term_string\"}}],\"inLanguage\":\"es\"},{\"@type\":\"Organization\",\"@id\":\"https:\/\/aivlisoft.net\/shop\/#organization\",\"name\":\"Aivlisoft Inform\u00e1tica\",\"url\":\"https:\/\/aivlisoft.net\/shop\/\",\"logo\":{\"@type\":\"ImageObject\",\"inLanguage\":\"es\",\"@id\":\"https:\/\/aivlisoft.net\/shop\/#\/schema\/logo\/image\/\",\"url\":\"https:\/\/aivlisoft.net\/shop\/wp-content\/uploads\/2024\/12\/removal.ai_5b848c54-0cdf-4140-95c5-c5536bb7573b-logodef.png\",\"contentUrl\":\"https:\/\/aivlisoft.net\/shop\/wp-content\/uploads\/2024\/12\/removal.ai_5b848c54-0cdf-4140-95c5-c5536bb7573b-logodef.png\",\"width\":484,\"height\":182,\"caption\":\"Aivlisoft Inform\u00e1tica\"},\"image\":{\"@id\":\"https:\/\/aivlisoft.net\/shop\/#\/schema\/logo\/image\/\"}}]}<\/script>\n<!-- \/ Yoast SEO plugin. -->","yoast_head_json":{"title":"Salicru SPS one 1100VA SAI 600W IEC - Aivlisoft Inform\u00e1tica","robots":{"index":"index","follow":"follow","max-snippet":"max-snippet:-1","max-image-preview":"max-image-preview:large","max-video-preview":"max-video-preview:-1"},"canonical":"https:\/\/aivlisoft.net\/shop\/producto\/salicru-sps-one-1100va-sai-600w-iec\/","og_locale":"es_ES","og_type":"article","og_title":"Salicru SPS one 1100VA SAI 600W IEC - Aivlisoft Inform\u00e1tica","og_description":"&nbsp; Marca Salicru Modelo 662AF000016 Tecnolog&iacute;a &#8211; Line-interactive Entrada &#8211; Tensi&oacute;n nominal: 220 V \/ 230 V \/ 240 V AC &#8211; Margen de tensi&oacute;n: Hasta 162 V &divide; 290 V &#8211; Estabilizador: AVR Buck \/ Boost &#8211; Frecuencia nominal: 50 \/ 60 Hz &#8211; Autodetecci&oacute;n de frecuencia: S&iacute; &#8211; Protecci&oacute;n: T&eacute;rmico rearmable o fusible&hellip;&nbsp;Salicru SPS one 1100VA SAI 600W IEC","og_url":"https:\/\/aivlisoft.net\/shop\/producto\/salicru-sps-one-1100va-sai-600w-iec\/","og_site_name":"Aivlisoft Inform\u00e1tica","article_modified_time":"2025-01-15T10:55:32+00:00","og_image":[{"width":800,"height":800,"url":"https:\/\/aivlisoft.net\/shop\/wp-content\/uploads\/2025\/01\/FSASFL0179_800.jpg","type":"image\/jpeg"}],"twitter_card":"summary_large_image","twitter_misc":{"Tiempo de lectura":"2 minutos"},"schema":{"@context":"https:\/\/schema.org","@graph":[{"@type":"WebPage","@id":"https:\/\/aivlisoft.net\/shop\/producto\/salicru-sps-one-1100va-sai-600w-iec\/","url":"https:\/\/aivlisoft.net\/shop\/producto\/salicru-sps-one-1100va-sai-600w-iec\/","name":"Salicru SPS one 1100VA SAI 600W IEC - Aivlisoft Inform\u00e1tica","isPartOf":{"@id":"https:\/\/aivlisoft.net\/shop\/#website"},"primaryImageOfPage":{"@id":"https:\/\/aivlisoft.net\/shop\/producto\/salicru-sps-one-1100va-sai-600w-iec\/#primaryimage"},"image":{"@id":"https:\/\/aivlisoft.net\/shop\/producto\/salicru-sps-one-1100va-sai-600w-iec\/#primaryimage"},"thumbnailUrl":"https:\/\/aivlisoft.net\/shop\/wp-content\/uploads\/2025\/01\/FSASFL0179_800.jpg","datePublished":"2025-01-13T14:03:21+00:00","dateModified":"2025-01-15T10:55:32+00:00","breadcrumb":{"@id":"https:\/\/aivlisoft.net\/shop\/producto\/salicru-sps-one-1100va-sai-600w-iec\/#breadcrumb"},"inLanguage":"es","potentialAction":[{"@type":"ReadAction","target":["https:\/\/aivlisoft.net\/shop\/producto\/salicru-sps-one-1100va-sai-600w-iec\/"]}]},{"@type":"ImageObject","inLanguage":"es","@id":"https:\/\/aivlisoft.net\/shop\/producto\/salicru-sps-one-1100va-sai-600w-iec\/#primaryimage","url":"https:\/\/aivlisoft.net\/shop\/wp-content\/uploads\/2025\/01\/FSASFL0179_800.jpg","contentUrl":"https:\/\/aivlisoft.net\/shop\/wp-content\/uploads\/2025\/01\/FSASFL0179_800.jpg","width":800,"height":800},{"@type":"BreadcrumbList","@id":"https:\/\/aivlisoft.net\/shop\/producto\/salicru-sps-one-1100va-sai-600w-iec\/#breadcrumb","itemListElement":[{"@type":"ListItem","position":1,"name":"Portada","item":"https:\/\/aivlisoft.net\/shop\/"},{"@type":"ListItem","position":2,"name":"Tienda","item":"https:\/\/aivlisoft.net\/shop\/tienda\/"},{"@type":"ListItem","position":3,"name":"Salicru SPS one 1100VA SAI 600W IEC"}]},{"@type":"WebSite","@id":"https:\/\/aivlisoft.net\/shop\/#website","url":"https:\/\/aivlisoft.net\/shop\/","name":"Aivlisoft Inform\u00e1tica","description":"En Aivlisoft Inform\u00e1tica ofrecemos soluciones tecnol\u00f3gicas para empresas: venta de ordenadores, consumibles, perif\u00e9ricos y m\u00e1s. Calidad, atenci\u00f3n personalizada y los mejores precios para tu negocio.","publisher":{"@id":"https:\/\/aivlisoft.net\/shop\/#organization"},"potentialAction":[{"@type":"SearchAction","target":{"@type":"EntryPoint","urlTemplate":"https:\/\/aivlisoft.net\/shop\/?s={search_term_string}"},"query-input":{"@type":"PropertyValueSpecification","valueRequired":true,"valueName":"search_term_string"}}],"inLanguage":"es"},{"@type":"Organization","@id":"https:\/\/aivlisoft.net\/shop\/#organization","name":"Aivlisoft Inform\u00e1tica","url":"https:\/\/aivlisoft.net\/shop\/","logo":{"@type":"ImageObject","inLanguage":"es","@id":"https:\/\/aivlisoft.net\/shop\/#\/schema\/logo\/image\/","url":"https:\/\/aivlisoft.net\/shop\/wp-content\/uploads\/2024\/12\/removal.ai_5b848c54-0cdf-4140-95c5-c5536bb7573b-logodef.png","contentUrl":"https:\/\/aivlisoft.net\/shop\/wp-content\/uploads\/2024\/12\/removal.ai_5b848c54-0cdf-4140-95c5-c5536bb7573b-logodef.png","width":484,"height":182,"caption":"Aivlisoft Inform\u00e1tica"},"image":{"@id":"https:\/\/aivlisoft.net\/shop\/#\/schema\/logo\/image\/"}}]}},"_links":{"self":[{"href":"https:\/\/aivlisoft.net\/shop\/wp-json\/wp\/v2\/product\/10196","targetHints":{"allow":["GET"]}}],"collection":[{"href":"https:\/\/aivlisoft.net\/shop\/wp-json\/wp\/v2\/product"}],"about":[{"href":"https:\/\/aivlisoft.net\/shop\/wp-json\/wp\/v2\/types\/product"}],"wp:featuredmedia":[{"embeddable":true,"href":"https:\/\/aivlisoft.net\/shop\/wp-json\/wp\/v2\/media\/10197"}],"wp:attachment":[{"href":"https:\/\/aivlisoft.net\/shop\/wp-json\/wp\/v2\/media?parent=10196"}],"wp:term":[{"taxonomy":"product_brand","embeddable":true,"href":"https:\/\/aivlisoft.net\/shop\/wp-json\/wp\/v2\/product_brand?post=10196"},{"taxonomy":"product_cat","embeddable":true,"href":"https:\/\/aivlisoft.net\/shop\/wp-json\/wp\/v2\/product_cat?post=10196"},{"taxonomy":"product_tag","embeddable":true,"href":"https:\/\/aivlisoft.net\/shop\/wp-json\/wp\/v2\/product_tag?post=10196"}],"curies":[{"name":"wp","href":"https:\/\/api.w.org\/{rel}","templated":true}]}}