{"id":10156,"date":"2025-01-13T14:02:59","date_gmt":"2025-01-13T14:02:59","guid":{"rendered":"https:\/\/aivlisoft.com\/?post_type=product&#038;p=10156"},"modified":"2025-01-15T10:55:39","modified_gmt":"2025-01-15T10:55:39","slug":"salicru-sps-one-2000va-sai-1200w-rojo","status":"publish","type":"product","link":"https:\/\/aivlisoft.net\/shop\/producto\/salicru-sps-one-2000va-sai-1200w-rojo\/","title":{"rendered":"Salicru SPS one 2000VA SAI 1200W Rojo"},"content":{"rendered":"<div>La serie SPS ONE de SALICRU es un Sistema de Alimentaci&oacute;n Ininterrumpida (SAI\/UPS) de tecnolog&iacute;a Line-interactive que ofrece la<br \/>mejor soluci&oacute;n de protecci&oacute;n para los equipos y la informaci&oacute;n que componen los entornos inform&aacute;ticos tanto de uso dom&eacute;stico como<br \/>profesional (peque&ntilde;os negocios, oficinas, comercios,&hellip;).<\/div>\n<p><\/p>\n<table class=\"tabla_caracteristicas k-table\" width=\"100%\">\n<tbody>\n<tr>\n<td valign=\"top\"><strong>Marca<\/strong><\/td>\n<td>Salicru<\/td>\n<\/tr>\n<tr>\n<td valign=\"top\"><strong>Modelo<\/strong><\/td>\n<td>\n<div>SPS one 2000VA \/ 1200W<\/div>\n<div>(<strong>662AF000006<\/strong>)<\/div>\n<\/td>\n<\/tr>\n<tr>\n<td valign=\"top\"><strong>Tecnolog&iacute;a<\/strong><\/td>\n<td>&#8211; Line &#8211; interactive<\/td>\n<\/tr>\n<tr>\n<td valign=\"top\"><strong>Entrada<\/strong><\/td>\n<td>\n<div>&#8211; Tensi&oacute;n nominal: 220 V \/ 230 V \/ 240 V AC<br \/>&#8211; M&aacute;rgenes de tensi&oacute;n: Hasta 162 V &divide; 290 V<br \/>&#8211; Frecuencia nominal: 50 \/ 60 Hz<br \/>&#8211; Autodetecci&oacute;n de frecuencia: S&iacute;<br \/>&#8211; Estabilizaci&oacute;n: AVR Buck \/ Boost<\/div>\n<\/td>\n<\/tr>\n<tr>\n<td valign=\"top\"><strong>Salida<\/strong><\/td>\n<td>\n<div>&#8211; Tensi&oacute;n: 220 V \/ 230 V \/ 240 V AC<br \/>&#8211; Precisi&oacute;n de tensi&oacute;n: &plusmn;10%<br \/>&#8211; Frecuencia: 50 \/ 60 Hz &plusmn; 1 Hz<br \/>&#8211; Forma de onda: Pseudosenoidal<br \/>&#8211; Formatos de toma diponibles:<\/div>\n<div>&nbsp; Schuko (DIN), franc&eacute;s (FR), ingl&eacute;s (UK) e IEC<br \/>&#8211; Tiempo de transferencia: 2 \/ 6 ms<\/div>\n<\/td>\n<\/tr>\n<tr>\n<td valign=\"top\"><strong>Protecci&oacute;n<\/strong><\/td>\n<td>\n<div>&#8211; Entrada: T&eacute;rmico rearmable o fusible (seg&uacute;n modelos)<br \/>&#8211; Protecci&oacute;n completa: Sobrecarga, descarga<\/div>\n<div>&nbsp; y sobrecorriente en cargador<br \/>&#8211; L&iacute;nea de datos (RJ-45): Tel\/fax, m&oacute;dem, internet ADSL<\/div>\n<\/td>\n<\/tr>\n<tr>\n<td valign=\"top\"><strong>Bater&iacute;a<\/strong><\/td>\n<td>\n<div>\n<div>&#8211; Tipo: Bater&iacute;as herm&eacute;ticas de plomo-calcio<\/div>\n<div>&nbsp; sin mantenimiento, selladas, vida &uacute;til 3-5 a&ntilde;os<br \/>&#8211; Tiempo de recarga: 4 &#8211; 6 horas hasta 90%<\/div>\n<div>&nbsp; de la capacidad<br \/>&#8211; Autonom&iacute;a: Hasta 20 minutos<br \/>&#8211; Aviso reemplazo de bater&iacute;a: S&iacute;<br \/>&#8211; Bater&iacute;a reemplazable por el usuario: S&iacute;<\/div>\n<\/div>\n<\/td>\n<\/tr>\n<tr>\n<td valign=\"top\"><strong>Funciones<\/strong><\/td>\n<td>\n<div>&#8211; Arranque en fr&iacute;o (ColdStart): S&iacute;<br \/>&#8211; Autotest: En cada arranque<br \/>&#8211; Rearranque autom&aacute;tico: S&iacute;,<\/div>\n<div>&nbsp; despu&eacute;s del final de autonom&iacute;a<\/div>\n<\/td>\n<\/tr>\n<tr>\n<td valign=\"top\"><strong>Indicaciones<\/strong><\/td>\n<td>\n<div>&#8211; Funcionamiento en red: LED verde<br \/>&#8211; Funcionamiento en bater&iacute;a: LED amarillo<br \/>&#8211; Fallo: LED rojo<br \/>&#8211; Alarma: Salida modo bater&iacute;a, bater&iacute;a baja<\/div>\n<div>&nbsp; (final autonom&iacute;a), fallo de cargador y sobrecarga<\/div>\n<\/td>\n<\/tr>\n<tr>\n<td valign=\"top\"><strong>Comunicaci&oacute;n<\/strong><\/td>\n<td>\n<div>&#8211; Puerto: USB 2.0<br \/>&#8211; Software:<\/div>\n<div>&nbsp; Soporta familia Windows, Linux, Unix y Mac<br \/>&#8211; Descargable desde: support.salicru.com<\/div>\n<\/td>\n<\/tr>\n<tr>\n<td valign=\"top\"><strong>Generales<\/strong><\/td>\n<td>&#8211; Altitud m&aacute;xima: 2.400 m.s.n.m.<br \/>&#8211; Humedad relativa: Hasta el 90% sin condensar<br \/>&#8211; Temperatura: 0&ordm; C &divide; + 40&ordm; C<br \/>&#8211; Ruido ac&uacute;stico a 1 metro: &lt; 40 dB<\/td>\n<\/tr>\n<tr>\n<td valign=\"top\"><strong>Normativa<\/strong><\/td>\n<td>&#8211; Seguridad: EN-IEC 62040-1-1; EN-IEC 60950-1<br \/>&#8211; Compatibilidad electromagn&eacute;tica (CEM): EN-IEC 62040-2<br \/>&#8211; Gesti&oacute;n de Calidad y Ambiental: ISO 9001 e ISO 14001<\/td>\n<\/tr>\n<tr>\n<td valign=\"top\"><strong>Dimensiones<\/strong><\/td>\n<td>\n<div>&#8211; Medidas: 397 x 146 x 205 mm<br \/>&#8211; Peso: 11,5 Kg<\/div>\n<\/td>\n<\/tr>\n<tr>\n<td valign=\"top\"><strong>Fecha de revisi&oacute;n<\/strong><\/td>\n<td>25-11-2019 por MSB<\/td>\n<\/tr>\n<\/tbody>\n<\/table>\n","protected":false},"excerpt":{"rendered":"<p>La serie SPS ONE de SALICRU es un Sistema de Alimentaci&oacute;n Ininterrumpida (SAI\/UPS) de tecnolog&iacute;a Line-interactive que ofrece lamejor soluci&oacute;n de protecci&oacute;n para los equipos y la informaci&oacute;n que componen los entornos inform&aacute;ticos tanto de uso dom&eacute;stico comoprofesional (peque&ntilde;os negocios, oficinas, comercios,&hellip;). Marca Salicru Modelo SPS one 2000VA \/ 1200W (662AF000006) Tecnolog&iacute;a &#8211; Line &#8211;&hellip;&nbsp;<a href=\"https:\/\/aivlisoft.net\/shop\/producto\/salicru-sps-one-2000va-sai-1200w-rojo\/\" rel=\"bookmark\"><span class=\"screen-reader-text\">Salicru SPS one 2000VA SAI 1200W Rojo<\/span><\/a><\/p>\n","protected":false},"featured_media":10157,"template":"","meta":{"neve_meta_sidebar":"","neve_meta_container":"","neve_meta_enable_content_width":"","neve_meta_content_width":0,"neve_meta_title_alignment":"","neve_meta_author_avatar":"","neve_post_elements_order":"","neve_meta_disable_header":"","neve_meta_disable_footer":"","neve_meta_disable_title":""},"product_brand":[],"product_cat":[15,8689,458,4934],"product_tag":[3965],"class_list":{"0":"post-10156","1":"product","2":"type-product","3":"status-publish","4":"has-post-thumbnail","6":"product_cat-sin-categorizar","7":"product_cat-accesorios-sai-accesorios-sai","8":"product_cat-accesorios-sai","9":"product_cat-cajas-y-fuentes","10":"product_tag-662af000006","12":"first","13":"instock","14":"taxable","15":"shipping-taxable","16":"purchasable","17":"product-type-simple"},"yoast_head":"<!-- This site is optimized with the Yoast SEO plugin v26.0 - https:\/\/yoast.com\/wordpress\/plugins\/seo\/ -->\n<title>Salicru SPS one 2000VA SAI 1200W Rojo - Aivlisoft Inform\u00e1tica<\/title>\n<meta name=\"robots\" content=\"index, follow, max-snippet:-1, max-image-preview:large, max-video-preview:-1\" \/>\n<link rel=\"canonical\" href=\"https:\/\/aivlisoft.net\/shop\/producto\/salicru-sps-one-2000va-sai-1200w-rojo\/\" \/>\n<meta property=\"og:locale\" content=\"es_ES\" \/>\n<meta property=\"og:type\" content=\"article\" \/>\n<meta property=\"og:title\" content=\"Salicru SPS one 2000VA SAI 1200W Rojo - Aivlisoft Inform\u00e1tica\" \/>\n<meta property=\"og:description\" content=\"La serie SPS ONE de SALICRU es un Sistema de Alimentaci&oacute;n Ininterrumpida (SAI\/UPS) de tecnolog&iacute;a Line-interactive que ofrece lamejor soluci&oacute;n de protecci&oacute;n para los equipos y la informaci&oacute;n que componen los entornos inform&aacute;ticos tanto de uso dom&eacute;stico comoprofesional (peque&ntilde;os negocios, oficinas, comercios,&hellip;). Marca Salicru Modelo SPS one 2000VA \/ 1200W (662AF000006) Tecnolog&iacute;a &#8211; Line &#8211;&hellip;&nbsp;Salicru SPS one 2000VA SAI 1200W Rojo\" \/>\n<meta property=\"og:url\" content=\"https:\/\/aivlisoft.net\/shop\/producto\/salicru-sps-one-2000va-sai-1200w-rojo\/\" \/>\n<meta property=\"og:site_name\" content=\"Aivlisoft Inform\u00e1tica\" \/>\n<meta property=\"article:modified_time\" content=\"2025-01-15T10:55:39+00:00\" \/>\n<meta property=\"og:image\" content=\"https:\/\/aivlisoft.net\/shop\/wp-content\/uploads\/2025\/01\/FSASFL0165_800.jpg\" \/>\n\t<meta property=\"og:image:width\" content=\"800\" \/>\n\t<meta property=\"og:image:height\" content=\"800\" \/>\n\t<meta property=\"og:image:type\" content=\"image\/jpeg\" \/>\n<meta name=\"twitter:card\" content=\"summary_large_image\" \/>\n<meta name=\"twitter:label1\" content=\"Tiempo de lectura\" \/>\n\t<meta name=\"twitter:data1\" content=\"2 minutos\" \/>\n<script type=\"application\/ld+json\" class=\"yoast-schema-graph\">{\"@context\":\"https:\/\/schema.org\",\"@graph\":[{\"@type\":\"WebPage\",\"@id\":\"https:\/\/aivlisoft.net\/shop\/producto\/salicru-sps-one-2000va-sai-1200w-rojo\/\",\"url\":\"https:\/\/aivlisoft.net\/shop\/producto\/salicru-sps-one-2000va-sai-1200w-rojo\/\",\"name\":\"Salicru SPS one 2000VA SAI 1200W Rojo - Aivlisoft Inform\u00e1tica\",\"isPartOf\":{\"@id\":\"https:\/\/aivlisoft.net\/shop\/#website\"},\"primaryImageOfPage\":{\"@id\":\"https:\/\/aivlisoft.net\/shop\/producto\/salicru-sps-one-2000va-sai-1200w-rojo\/#primaryimage\"},\"image\":{\"@id\":\"https:\/\/aivlisoft.net\/shop\/producto\/salicru-sps-one-2000va-sai-1200w-rojo\/#primaryimage\"},\"thumbnailUrl\":\"https:\/\/aivlisoft.net\/shop\/wp-content\/uploads\/2025\/01\/FSASFL0165_800.jpg\",\"datePublished\":\"2025-01-13T14:02:59+00:00\",\"dateModified\":\"2025-01-15T10:55:39+00:00\",\"breadcrumb\":{\"@id\":\"https:\/\/aivlisoft.net\/shop\/producto\/salicru-sps-one-2000va-sai-1200w-rojo\/#breadcrumb\"},\"inLanguage\":\"es\",\"potentialAction\":[{\"@type\":\"ReadAction\",\"target\":[\"https:\/\/aivlisoft.net\/shop\/producto\/salicru-sps-one-2000va-sai-1200w-rojo\/\"]}]},{\"@type\":\"ImageObject\",\"inLanguage\":\"es\",\"@id\":\"https:\/\/aivlisoft.net\/shop\/producto\/salicru-sps-one-2000va-sai-1200w-rojo\/#primaryimage\",\"url\":\"https:\/\/aivlisoft.net\/shop\/wp-content\/uploads\/2025\/01\/FSASFL0165_800.jpg\",\"contentUrl\":\"https:\/\/aivlisoft.net\/shop\/wp-content\/uploads\/2025\/01\/FSASFL0165_800.jpg\",\"width\":800,\"height\":800},{\"@type\":\"BreadcrumbList\",\"@id\":\"https:\/\/aivlisoft.net\/shop\/producto\/salicru-sps-one-2000va-sai-1200w-rojo\/#breadcrumb\",\"itemListElement\":[{\"@type\":\"ListItem\",\"position\":1,\"name\":\"Portada\",\"item\":\"https:\/\/aivlisoft.net\/shop\/\"},{\"@type\":\"ListItem\",\"position\":2,\"name\":\"Tienda\",\"item\":\"https:\/\/aivlisoft.net\/shop\/tienda\/\"},{\"@type\":\"ListItem\",\"position\":3,\"name\":\"Salicru SPS one 2000VA SAI 1200W Rojo\"}]},{\"@type\":\"WebSite\",\"@id\":\"https:\/\/aivlisoft.net\/shop\/#website\",\"url\":\"https:\/\/aivlisoft.net\/shop\/\",\"name\":\"Aivlisoft Inform\u00e1tica\",\"description\":\"En Aivlisoft Inform\u00e1tica ofrecemos soluciones tecnol\u00f3gicas para empresas: venta de ordenadores, consumibles, perif\u00e9ricos y m\u00e1s. Calidad, atenci\u00f3n personalizada y los mejores precios para tu negocio.\",\"publisher\":{\"@id\":\"https:\/\/aivlisoft.net\/shop\/#organization\"},\"potentialAction\":[{\"@type\":\"SearchAction\",\"target\":{\"@type\":\"EntryPoint\",\"urlTemplate\":\"https:\/\/aivlisoft.net\/shop\/?s={search_term_string}\"},\"query-input\":{\"@type\":\"PropertyValueSpecification\",\"valueRequired\":true,\"valueName\":\"search_term_string\"}}],\"inLanguage\":\"es\"},{\"@type\":\"Organization\",\"@id\":\"https:\/\/aivlisoft.net\/shop\/#organization\",\"name\":\"Aivlisoft Inform\u00e1tica\",\"url\":\"https:\/\/aivlisoft.net\/shop\/\",\"logo\":{\"@type\":\"ImageObject\",\"inLanguage\":\"es\",\"@id\":\"https:\/\/aivlisoft.net\/shop\/#\/schema\/logo\/image\/\",\"url\":\"https:\/\/aivlisoft.net\/shop\/wp-content\/uploads\/2024\/12\/removal.ai_5b848c54-0cdf-4140-95c5-c5536bb7573b-logodef.png\",\"contentUrl\":\"https:\/\/aivlisoft.net\/shop\/wp-content\/uploads\/2024\/12\/removal.ai_5b848c54-0cdf-4140-95c5-c5536bb7573b-logodef.png\",\"width\":484,\"height\":182,\"caption\":\"Aivlisoft Inform\u00e1tica\"},\"image\":{\"@id\":\"https:\/\/aivlisoft.net\/shop\/#\/schema\/logo\/image\/\"}}]}<\/script>\n<!-- \/ Yoast SEO plugin. -->","yoast_head_json":{"title":"Salicru SPS one 2000VA SAI 1200W Rojo - Aivlisoft Inform\u00e1tica","robots":{"index":"index","follow":"follow","max-snippet":"max-snippet:-1","max-image-preview":"max-image-preview:large","max-video-preview":"max-video-preview:-1"},"canonical":"https:\/\/aivlisoft.net\/shop\/producto\/salicru-sps-one-2000va-sai-1200w-rojo\/","og_locale":"es_ES","og_type":"article","og_title":"Salicru SPS one 2000VA SAI 1200W Rojo - Aivlisoft Inform\u00e1tica","og_description":"La serie SPS ONE de SALICRU es un Sistema de Alimentaci&oacute;n Ininterrumpida (SAI\/UPS) de tecnolog&iacute;a Line-interactive que ofrece lamejor soluci&oacute;n de protecci&oacute;n para los equipos y la informaci&oacute;n que componen los entornos inform&aacute;ticos tanto de uso dom&eacute;stico comoprofesional (peque&ntilde;os negocios, oficinas, comercios,&hellip;). Marca Salicru Modelo SPS one 2000VA \/ 1200W (662AF000006) Tecnolog&iacute;a &#8211; Line &#8211;&hellip;&nbsp;Salicru SPS one 2000VA SAI 1200W Rojo","og_url":"https:\/\/aivlisoft.net\/shop\/producto\/salicru-sps-one-2000va-sai-1200w-rojo\/","og_site_name":"Aivlisoft Inform\u00e1tica","article_modified_time":"2025-01-15T10:55:39+00:00","og_image":[{"width":800,"height":800,"url":"https:\/\/aivlisoft.net\/shop\/wp-content\/uploads\/2025\/01\/FSASFL0165_800.jpg","type":"image\/jpeg"}],"twitter_card":"summary_large_image","twitter_misc":{"Tiempo de lectura":"2 minutos"},"schema":{"@context":"https:\/\/schema.org","@graph":[{"@type":"WebPage","@id":"https:\/\/aivlisoft.net\/shop\/producto\/salicru-sps-one-2000va-sai-1200w-rojo\/","url":"https:\/\/aivlisoft.net\/shop\/producto\/salicru-sps-one-2000va-sai-1200w-rojo\/","name":"Salicru SPS one 2000VA SAI 1200W Rojo - Aivlisoft Inform\u00e1tica","isPartOf":{"@id":"https:\/\/aivlisoft.net\/shop\/#website"},"primaryImageOfPage":{"@id":"https:\/\/aivlisoft.net\/shop\/producto\/salicru-sps-one-2000va-sai-1200w-rojo\/#primaryimage"},"image":{"@id":"https:\/\/aivlisoft.net\/shop\/producto\/salicru-sps-one-2000va-sai-1200w-rojo\/#primaryimage"},"thumbnailUrl":"https:\/\/aivlisoft.net\/shop\/wp-content\/uploads\/2025\/01\/FSASFL0165_800.jpg","datePublished":"2025-01-13T14:02:59+00:00","dateModified":"2025-01-15T10:55:39+00:00","breadcrumb":{"@id":"https:\/\/aivlisoft.net\/shop\/producto\/salicru-sps-one-2000va-sai-1200w-rojo\/#breadcrumb"},"inLanguage":"es","potentialAction":[{"@type":"ReadAction","target":["https:\/\/aivlisoft.net\/shop\/producto\/salicru-sps-one-2000va-sai-1200w-rojo\/"]}]},{"@type":"ImageObject","inLanguage":"es","@id":"https:\/\/aivlisoft.net\/shop\/producto\/salicru-sps-one-2000va-sai-1200w-rojo\/#primaryimage","url":"https:\/\/aivlisoft.net\/shop\/wp-content\/uploads\/2025\/01\/FSASFL0165_800.jpg","contentUrl":"https:\/\/aivlisoft.net\/shop\/wp-content\/uploads\/2025\/01\/FSASFL0165_800.jpg","width":800,"height":800},{"@type":"BreadcrumbList","@id":"https:\/\/aivlisoft.net\/shop\/producto\/salicru-sps-one-2000va-sai-1200w-rojo\/#breadcrumb","itemListElement":[{"@type":"ListItem","position":1,"name":"Portada","item":"https:\/\/aivlisoft.net\/shop\/"},{"@type":"ListItem","position":2,"name":"Tienda","item":"https:\/\/aivlisoft.net\/shop\/tienda\/"},{"@type":"ListItem","position":3,"name":"Salicru SPS one 2000VA SAI 1200W Rojo"}]},{"@type":"WebSite","@id":"https:\/\/aivlisoft.net\/shop\/#website","url":"https:\/\/aivlisoft.net\/shop\/","name":"Aivlisoft Inform\u00e1tica","description":"En Aivlisoft Inform\u00e1tica ofrecemos soluciones tecnol\u00f3gicas para empresas: venta de ordenadores, consumibles, perif\u00e9ricos y m\u00e1s. Calidad, atenci\u00f3n personalizada y los mejores precios para tu negocio.","publisher":{"@id":"https:\/\/aivlisoft.net\/shop\/#organization"},"potentialAction":[{"@type":"SearchAction","target":{"@type":"EntryPoint","urlTemplate":"https:\/\/aivlisoft.net\/shop\/?s={search_term_string}"},"query-input":{"@type":"PropertyValueSpecification","valueRequired":true,"valueName":"search_term_string"}}],"inLanguage":"es"},{"@type":"Organization","@id":"https:\/\/aivlisoft.net\/shop\/#organization","name":"Aivlisoft Inform\u00e1tica","url":"https:\/\/aivlisoft.net\/shop\/","logo":{"@type":"ImageObject","inLanguage":"es","@id":"https:\/\/aivlisoft.net\/shop\/#\/schema\/logo\/image\/","url":"https:\/\/aivlisoft.net\/shop\/wp-content\/uploads\/2024\/12\/removal.ai_5b848c54-0cdf-4140-95c5-c5536bb7573b-logodef.png","contentUrl":"https:\/\/aivlisoft.net\/shop\/wp-content\/uploads\/2024\/12\/removal.ai_5b848c54-0cdf-4140-95c5-c5536bb7573b-logodef.png","width":484,"height":182,"caption":"Aivlisoft Inform\u00e1tica"},"image":{"@id":"https:\/\/aivlisoft.net\/shop\/#\/schema\/logo\/image\/"}}]}},"_links":{"self":[{"href":"https:\/\/aivlisoft.net\/shop\/wp-json\/wp\/v2\/product\/10156","targetHints":{"allow":["GET"]}}],"collection":[{"href":"https:\/\/aivlisoft.net\/shop\/wp-json\/wp\/v2\/product"}],"about":[{"href":"https:\/\/aivlisoft.net\/shop\/wp-json\/wp\/v2\/types\/product"}],"wp:featuredmedia":[{"embeddable":true,"href":"https:\/\/aivlisoft.net\/shop\/wp-json\/wp\/v2\/media\/10157"}],"wp:attachment":[{"href":"https:\/\/aivlisoft.net\/shop\/wp-json\/wp\/v2\/media?parent=10156"}],"wp:term":[{"taxonomy":"product_brand","embeddable":true,"href":"https:\/\/aivlisoft.net\/shop\/wp-json\/wp\/v2\/product_brand?post=10156"},{"taxonomy":"product_cat","embeddable":true,"href":"https:\/\/aivlisoft.net\/shop\/wp-json\/wp\/v2\/product_cat?post=10156"},{"taxonomy":"product_tag","embeddable":true,"href":"https:\/\/aivlisoft.net\/shop\/wp-json\/wp\/v2\/product_tag?post=10156"}],"curies":[{"name":"wp","href":"https:\/\/api.w.org\/{rel}","templated":true}]}}