{"id":10116,"date":"2025-01-13T14:02:40","date_gmt":"2025-01-13T14:02:40","guid":{"rendered":"https:\/\/aivlisoft.com\/?post_type=product&#038;p=10116"},"modified":"2025-01-15T11:04:01","modified_gmt":"2025-01-15T11:04:01","slug":"salicru-sps-500-soho","status":"publish","type":"product","link":"https:\/\/aivlisoft.net\/shop\/producto\/salicru-sps-500-soho\/","title":{"rendered":"Salicru SPS 500 SOHO+"},"content":{"rendered":"<div style=\"text-align:justify;\"><\/div>\n<p><\/p>\n<table width=\"100%\">\n<tbody>\n<tr>\n<td><strong>Marca<\/strong><\/td>\n<td>Salicru<\/td>\n<\/tr>\n<tr>\n<td><strong>Modelo<\/strong><\/td>\n<td><strong><\/strong><strong>647CA00001<\/strong><\/td>\n<\/tr>\n<tr>\n<td><strong>Tipo<\/strong><\/td>\n<td>&#8211; Torre<\/td>\n<\/tr>\n<tr>\n<td><strong>Tecnolog&iacute;a<\/strong><\/td>\n<td>&#8211; Line &#8211; interactive<\/td>\n<\/tr>\n<tr>\n<td><strong>Entrada<\/strong><\/td>\n<td>&#8211; Tensi&oacute;n nominal: 230 V<br \/>&#8211; Margen de tensi&oacute;n: Hasta 162 V &divide; 290 V<br \/>&#8211; Estabilizador: AVR (Buck &amp; Boost)<br \/>&#8211; Frecuencia: 50\/60 Hz (autodetecci&oacute;n)<br \/>&#8211; Protecci&oacute;n de entrada: T&eacute;rmico rearmable<\/td>\n<\/tr>\n<tr>\n<td><strong>Salida<\/strong><\/td>\n<td>&#8211; Tensi&oacute;n nominal: 230 V<br \/>&#8211; Precisi&oacute;n tensi&oacute;n (modo bater&iacute;a): &plusmn; 10%<br \/>&#8211; Frecuencia: 50\/60 Hz (misma que la entrada)<br \/>&#8211; Precisi&oacute;n frecuencia (modo bater&iacute;a): &plusmn;1 Hz<br \/>&#8211; Compatibilidad cargas APFC: S&iacute;<br \/>&#8211; Tipo de tomas: Schuko<\/td>\n<\/tr>\n<tr>\n<td><strong>Bater&iacute;a<\/strong><\/td>\n<td>&#8211; Tipo de bater&iacute;a: Pb-Ca selladas, AGM, sin mantenimiento<br \/>&#8211; Protecci&oacute;n: Contra descarga profunda, contra cortocircuito mediante fusible<br \/>&#8211; Tiempo de recarga: 2-4 horas al 90%<\/td>\n<\/tr>\n<tr>\n<td><strong>Comunicaci&oacute;n<\/strong><\/td>\n<td>&#8211; Interface: USB (protocolo HID)<br \/>&#8211; Software de monitorizaci&oacute;n descargable: Para familia Windows, Linux y Mac<\/td>\n<\/tr>\n<tr>\n<td><strong>Indicaciones<\/strong><\/td>\n<td>&#8211; LCD: S&iacute;, multifunci&oacute;n<br \/>&#8211; Valores mostrados: Tensi&oacute;n entrada y salida \/ Frecuencia entrada y salida \/ Tensi&oacute;n bater&iacute;a \/ % de carga<br \/>&#8211; Niveles: Carga conectada \/ Sobrecarga \/ Bater&iacute;a \/ Bater&iacute;a baja<br \/>&#8211; Modos de funcionamiento: Normal \/ Estabilizaci&oacute;n (AVR) \/ Bater&iacute;a \/ Fallo<\/td>\n<\/tr>\n<tr>\n<td><strong>Otras Funciones<\/strong><\/td>\n<td>&#8211; Coldstart (arranque desde bater&iacute;as): S&iacute;<br \/>&#8211; Rearranque autom&aacute;tico: S&iacute;, despu&eacute;s de final de autonom&iacute;a<\/td>\n<\/tr>\n<tr>\n<td><strong>Cargadores USB<\/strong><\/td>\n<td>&#8211; Cantidad: 2 puertos<br \/>&#8211; Tensi&oacute;n: 5 Vdc<br \/>&#8211; Intensidad m&aacute;xima: 2.0 A<\/td>\n<\/tr>\n<tr>\n<td><strong>Generales<\/strong><\/td>\n<td>&#8211; Temperatura de trabajo: 0&ordm; C \/ 40&ordm; C<br \/>&#8211; Humedad relativa: Hasta 95%, sin condensar<br \/>&#8211; Altitud de trabajo: 2.400 m.s.n.m.<br \/>&#8211; Nivel de ruido a 1 metro: &lt; 40 dB<\/td>\n<\/tr>\n<tr>\n<td><strong>Normativa<\/strong><\/td>\n<td>&#8211; Seguridad: EN 62040-1-1; EN-60950-1<br \/>&#8211; Compatibilidad electromagn&eacute;tica (CEM): EN 62040-2<br \/>&#8211; Funcionamiento: EN 62040-3<br \/>&#8211; Gesti&oacute;n de calidad y ambiental: ISO-9001 e ISO-14001<\/td>\n<\/tr>\n<tr>\n<td><strong>Potencia<\/strong><\/td>\n<td>&#8211; 500 VA \/ 300 W<\/td>\n<\/tr>\n<tr>\n<td><strong>N&ordm; de salidas<\/strong><\/td>\n<td>&#8211; 2 x Schuko<\/td>\n<\/tr>\n<tr>\n<td><strong>Dimensiones<\/strong><\/td>\n<td>&#8211; Dimensiones: 290 x 100 x 143<br \/>&#8211; Peso: 4.4 Kg<\/td>\n<\/tr>\n<tr>\n<td><strong>Fecha de revisi&oacute;n<\/strong><\/td>\n<td>03-07-2018 por MSB<\/td>\n<\/tr>\n<\/tbody>\n<\/table>\n","protected":false},"excerpt":{"rendered":"<p>Marca Salicru Modelo 647CA00001 Tipo &#8211; Torre Tecnolog&iacute;a &#8211; Line &#8211; interactive Entrada &#8211; Tensi&oacute;n nominal: 230 V&#8211; Margen de tensi&oacute;n: Hasta 162 V &divide; 290 V&#8211; Estabilizador: AVR (Buck &amp; Boost)&#8211; Frecuencia: 50\/60 Hz (autodetecci&oacute;n)&#8211; Protecci&oacute;n de entrada: T&eacute;rmico rearmable Salida &#8211; Tensi&oacute;n nominal: 230 V&#8211; Precisi&oacute;n tensi&oacute;n (modo bater&iacute;a): &plusmn; 10%&#8211; Frecuencia: 50\/60&hellip;&nbsp;<a href=\"https:\/\/aivlisoft.net\/shop\/producto\/salicru-sps-500-soho\/\" rel=\"bookmark\"><span class=\"screen-reader-text\">Salicru SPS 500 SOHO+<\/span><\/a><\/p>\n","protected":false},"featured_media":10117,"template":"","meta":{"neve_meta_sidebar":"","neve_meta_container":"","neve_meta_enable_content_width":"","neve_meta_content_width":0,"neve_meta_title_alignment":"","neve_meta_author_avatar":"","neve_post_elements_order":"","neve_meta_disable_header":"","neve_meta_disable_footer":"","neve_meta_disable_title":""},"product_brand":[],"product_cat":[15,458,8689,4934],"product_tag":[3951],"class_list":{"0":"post-10116","1":"product","2":"type-product","3":"status-publish","4":"has-post-thumbnail","6":"product_cat-sin-categorizar","7":"product_cat-accesorios-sai","8":"product_cat-accesorios-sai-accesorios-sai","9":"product_cat-cajas-y-fuentes","10":"product_tag-647ca000001","12":"first","13":"instock","14":"taxable","15":"shipping-taxable","16":"purchasable","17":"product-type-simple"},"yoast_head":"<!-- This site is optimized with the Yoast SEO plugin v26.0 - https:\/\/yoast.com\/wordpress\/plugins\/seo\/ -->\n<title>Salicru SPS 500 SOHO+ - Aivlisoft Inform\u00e1tica<\/title>\n<meta name=\"robots\" content=\"index, follow, max-snippet:-1, max-image-preview:large, max-video-preview:-1\" \/>\n<link rel=\"canonical\" href=\"https:\/\/aivlisoft.net\/shop\/producto\/salicru-sps-500-soho\/\" \/>\n<meta property=\"og:locale\" content=\"es_ES\" \/>\n<meta property=\"og:type\" content=\"article\" \/>\n<meta property=\"og:title\" content=\"Salicru SPS 500 SOHO+ - Aivlisoft Inform\u00e1tica\" \/>\n<meta property=\"og:description\" content=\"Marca Salicru Modelo 647CA00001 Tipo &#8211; Torre Tecnolog&iacute;a &#8211; Line &#8211; interactive Entrada &#8211; Tensi&oacute;n nominal: 230 V&#8211; Margen de tensi&oacute;n: Hasta 162 V &divide; 290 V&#8211; Estabilizador: AVR (Buck &amp; Boost)&#8211; Frecuencia: 50\/60 Hz (autodetecci&oacute;n)&#8211; Protecci&oacute;n de entrada: T&eacute;rmico rearmable Salida &#8211; Tensi&oacute;n nominal: 230 V&#8211; Precisi&oacute;n tensi&oacute;n (modo bater&iacute;a): &plusmn; 10%&#8211; Frecuencia: 50\/60&hellip;&nbsp;Salicru SPS 500 SOHO+\" \/>\n<meta property=\"og:url\" content=\"https:\/\/aivlisoft.net\/shop\/producto\/salicru-sps-500-soho\/\" \/>\n<meta property=\"og:site_name\" content=\"Aivlisoft Inform\u00e1tica\" \/>\n<meta property=\"article:modified_time\" content=\"2025-01-15T11:04:01+00:00\" \/>\n<meta property=\"og:image\" content=\"https:\/\/aivlisoft.net\/shop\/wp-content\/uploads\/2025\/01\/FSASFL0142_800.jpg\" \/>\n\t<meta property=\"og:image:width\" content=\"800\" \/>\n\t<meta property=\"og:image:height\" content=\"800\" \/>\n\t<meta property=\"og:image:type\" content=\"image\/jpeg\" \/>\n<meta name=\"twitter:card\" content=\"summary_large_image\" \/>\n<meta name=\"twitter:label1\" content=\"Tiempo de lectura\" \/>\n\t<meta name=\"twitter:data1\" content=\"2 minutos\" \/>\n<script type=\"application\/ld+json\" class=\"yoast-schema-graph\">{\"@context\":\"https:\/\/schema.org\",\"@graph\":[{\"@type\":\"WebPage\",\"@id\":\"https:\/\/aivlisoft.net\/shop\/producto\/salicru-sps-500-soho\/\",\"url\":\"https:\/\/aivlisoft.net\/shop\/producto\/salicru-sps-500-soho\/\",\"name\":\"Salicru SPS 500 SOHO+ - Aivlisoft Inform\u00e1tica\",\"isPartOf\":{\"@id\":\"https:\/\/aivlisoft.net\/shop\/#website\"},\"primaryImageOfPage\":{\"@id\":\"https:\/\/aivlisoft.net\/shop\/producto\/salicru-sps-500-soho\/#primaryimage\"},\"image\":{\"@id\":\"https:\/\/aivlisoft.net\/shop\/producto\/salicru-sps-500-soho\/#primaryimage\"},\"thumbnailUrl\":\"https:\/\/aivlisoft.net\/shop\/wp-content\/uploads\/2025\/01\/FSASFL0142_800.jpg\",\"datePublished\":\"2025-01-13T14:02:40+00:00\",\"dateModified\":\"2025-01-15T11:04:01+00:00\",\"breadcrumb\":{\"@id\":\"https:\/\/aivlisoft.net\/shop\/producto\/salicru-sps-500-soho\/#breadcrumb\"},\"inLanguage\":\"es\",\"potentialAction\":[{\"@type\":\"ReadAction\",\"target\":[\"https:\/\/aivlisoft.net\/shop\/producto\/salicru-sps-500-soho\/\"]}]},{\"@type\":\"ImageObject\",\"inLanguage\":\"es\",\"@id\":\"https:\/\/aivlisoft.net\/shop\/producto\/salicru-sps-500-soho\/#primaryimage\",\"url\":\"https:\/\/aivlisoft.net\/shop\/wp-content\/uploads\/2025\/01\/FSASFL0142_800.jpg\",\"contentUrl\":\"https:\/\/aivlisoft.net\/shop\/wp-content\/uploads\/2025\/01\/FSASFL0142_800.jpg\",\"width\":800,\"height\":800},{\"@type\":\"BreadcrumbList\",\"@id\":\"https:\/\/aivlisoft.net\/shop\/producto\/salicru-sps-500-soho\/#breadcrumb\",\"itemListElement\":[{\"@type\":\"ListItem\",\"position\":1,\"name\":\"Portada\",\"item\":\"https:\/\/aivlisoft.net\/shop\/\"},{\"@type\":\"ListItem\",\"position\":2,\"name\":\"Tienda\",\"item\":\"https:\/\/aivlisoft.net\/shop\/tienda\/\"},{\"@type\":\"ListItem\",\"position\":3,\"name\":\"Salicru SPS 500 SOHO+\"}]},{\"@type\":\"WebSite\",\"@id\":\"https:\/\/aivlisoft.net\/shop\/#website\",\"url\":\"https:\/\/aivlisoft.net\/shop\/\",\"name\":\"Aivlisoft Inform\u00e1tica\",\"description\":\"En Aivlisoft Inform\u00e1tica ofrecemos soluciones tecnol\u00f3gicas para empresas: venta de ordenadores, consumibles, perif\u00e9ricos y m\u00e1s. Calidad, atenci\u00f3n personalizada y los mejores precios para tu negocio.\",\"publisher\":{\"@id\":\"https:\/\/aivlisoft.net\/shop\/#organization\"},\"potentialAction\":[{\"@type\":\"SearchAction\",\"target\":{\"@type\":\"EntryPoint\",\"urlTemplate\":\"https:\/\/aivlisoft.net\/shop\/?s={search_term_string}\"},\"query-input\":{\"@type\":\"PropertyValueSpecification\",\"valueRequired\":true,\"valueName\":\"search_term_string\"}}],\"inLanguage\":\"es\"},{\"@type\":\"Organization\",\"@id\":\"https:\/\/aivlisoft.net\/shop\/#organization\",\"name\":\"Aivlisoft Inform\u00e1tica\",\"url\":\"https:\/\/aivlisoft.net\/shop\/\",\"logo\":{\"@type\":\"ImageObject\",\"inLanguage\":\"es\",\"@id\":\"https:\/\/aivlisoft.net\/shop\/#\/schema\/logo\/image\/\",\"url\":\"https:\/\/aivlisoft.net\/shop\/wp-content\/uploads\/2024\/12\/removal.ai_5b848c54-0cdf-4140-95c5-c5536bb7573b-logodef.png\",\"contentUrl\":\"https:\/\/aivlisoft.net\/shop\/wp-content\/uploads\/2024\/12\/removal.ai_5b848c54-0cdf-4140-95c5-c5536bb7573b-logodef.png\",\"width\":484,\"height\":182,\"caption\":\"Aivlisoft Inform\u00e1tica\"},\"image\":{\"@id\":\"https:\/\/aivlisoft.net\/shop\/#\/schema\/logo\/image\/\"}}]}<\/script>\n<!-- \/ Yoast SEO plugin. -->","yoast_head_json":{"title":"Salicru SPS 500 SOHO+ - Aivlisoft Inform\u00e1tica","robots":{"index":"index","follow":"follow","max-snippet":"max-snippet:-1","max-image-preview":"max-image-preview:large","max-video-preview":"max-video-preview:-1"},"canonical":"https:\/\/aivlisoft.net\/shop\/producto\/salicru-sps-500-soho\/","og_locale":"es_ES","og_type":"article","og_title":"Salicru SPS 500 SOHO+ - Aivlisoft Inform\u00e1tica","og_description":"Marca Salicru Modelo 647CA00001 Tipo &#8211; Torre Tecnolog&iacute;a &#8211; Line &#8211; interactive Entrada &#8211; Tensi&oacute;n nominal: 230 V&#8211; Margen de tensi&oacute;n: Hasta 162 V &divide; 290 V&#8211; Estabilizador: AVR (Buck &amp; Boost)&#8211; Frecuencia: 50\/60 Hz (autodetecci&oacute;n)&#8211; Protecci&oacute;n de entrada: T&eacute;rmico rearmable Salida &#8211; Tensi&oacute;n nominal: 230 V&#8211; Precisi&oacute;n tensi&oacute;n (modo bater&iacute;a): &plusmn; 10%&#8211; Frecuencia: 50\/60&hellip;&nbsp;Salicru SPS 500 SOHO+","og_url":"https:\/\/aivlisoft.net\/shop\/producto\/salicru-sps-500-soho\/","og_site_name":"Aivlisoft Inform\u00e1tica","article_modified_time":"2025-01-15T11:04:01+00:00","og_image":[{"width":800,"height":800,"url":"https:\/\/aivlisoft.net\/shop\/wp-content\/uploads\/2025\/01\/FSASFL0142_800.jpg","type":"image\/jpeg"}],"twitter_card":"summary_large_image","twitter_misc":{"Tiempo de lectura":"2 minutos"},"schema":{"@context":"https:\/\/schema.org","@graph":[{"@type":"WebPage","@id":"https:\/\/aivlisoft.net\/shop\/producto\/salicru-sps-500-soho\/","url":"https:\/\/aivlisoft.net\/shop\/producto\/salicru-sps-500-soho\/","name":"Salicru SPS 500 SOHO+ - Aivlisoft Inform\u00e1tica","isPartOf":{"@id":"https:\/\/aivlisoft.net\/shop\/#website"},"primaryImageOfPage":{"@id":"https:\/\/aivlisoft.net\/shop\/producto\/salicru-sps-500-soho\/#primaryimage"},"image":{"@id":"https:\/\/aivlisoft.net\/shop\/producto\/salicru-sps-500-soho\/#primaryimage"},"thumbnailUrl":"https:\/\/aivlisoft.net\/shop\/wp-content\/uploads\/2025\/01\/FSASFL0142_800.jpg","datePublished":"2025-01-13T14:02:40+00:00","dateModified":"2025-01-15T11:04:01+00:00","breadcrumb":{"@id":"https:\/\/aivlisoft.net\/shop\/producto\/salicru-sps-500-soho\/#breadcrumb"},"inLanguage":"es","potentialAction":[{"@type":"ReadAction","target":["https:\/\/aivlisoft.net\/shop\/producto\/salicru-sps-500-soho\/"]}]},{"@type":"ImageObject","inLanguage":"es","@id":"https:\/\/aivlisoft.net\/shop\/producto\/salicru-sps-500-soho\/#primaryimage","url":"https:\/\/aivlisoft.net\/shop\/wp-content\/uploads\/2025\/01\/FSASFL0142_800.jpg","contentUrl":"https:\/\/aivlisoft.net\/shop\/wp-content\/uploads\/2025\/01\/FSASFL0142_800.jpg","width":800,"height":800},{"@type":"BreadcrumbList","@id":"https:\/\/aivlisoft.net\/shop\/producto\/salicru-sps-500-soho\/#breadcrumb","itemListElement":[{"@type":"ListItem","position":1,"name":"Portada","item":"https:\/\/aivlisoft.net\/shop\/"},{"@type":"ListItem","position":2,"name":"Tienda","item":"https:\/\/aivlisoft.net\/shop\/tienda\/"},{"@type":"ListItem","position":3,"name":"Salicru SPS 500 SOHO+"}]},{"@type":"WebSite","@id":"https:\/\/aivlisoft.net\/shop\/#website","url":"https:\/\/aivlisoft.net\/shop\/","name":"Aivlisoft Inform\u00e1tica","description":"En Aivlisoft Inform\u00e1tica ofrecemos soluciones tecnol\u00f3gicas para empresas: venta de ordenadores, consumibles, perif\u00e9ricos y m\u00e1s. Calidad, atenci\u00f3n personalizada y los mejores precios para tu negocio.","publisher":{"@id":"https:\/\/aivlisoft.net\/shop\/#organization"},"potentialAction":[{"@type":"SearchAction","target":{"@type":"EntryPoint","urlTemplate":"https:\/\/aivlisoft.net\/shop\/?s={search_term_string}"},"query-input":{"@type":"PropertyValueSpecification","valueRequired":true,"valueName":"search_term_string"}}],"inLanguage":"es"},{"@type":"Organization","@id":"https:\/\/aivlisoft.net\/shop\/#organization","name":"Aivlisoft Inform\u00e1tica","url":"https:\/\/aivlisoft.net\/shop\/","logo":{"@type":"ImageObject","inLanguage":"es","@id":"https:\/\/aivlisoft.net\/shop\/#\/schema\/logo\/image\/","url":"https:\/\/aivlisoft.net\/shop\/wp-content\/uploads\/2024\/12\/removal.ai_5b848c54-0cdf-4140-95c5-c5536bb7573b-logodef.png","contentUrl":"https:\/\/aivlisoft.net\/shop\/wp-content\/uploads\/2024\/12\/removal.ai_5b848c54-0cdf-4140-95c5-c5536bb7573b-logodef.png","width":484,"height":182,"caption":"Aivlisoft Inform\u00e1tica"},"image":{"@id":"https:\/\/aivlisoft.net\/shop\/#\/schema\/logo\/image\/"}}]}},"_links":{"self":[{"href":"https:\/\/aivlisoft.net\/shop\/wp-json\/wp\/v2\/product\/10116","targetHints":{"allow":["GET"]}}],"collection":[{"href":"https:\/\/aivlisoft.net\/shop\/wp-json\/wp\/v2\/product"}],"about":[{"href":"https:\/\/aivlisoft.net\/shop\/wp-json\/wp\/v2\/types\/product"}],"wp:featuredmedia":[{"embeddable":true,"href":"https:\/\/aivlisoft.net\/shop\/wp-json\/wp\/v2\/media\/10117"}],"wp:attachment":[{"href":"https:\/\/aivlisoft.net\/shop\/wp-json\/wp\/v2\/media?parent=10116"}],"wp:term":[{"taxonomy":"product_brand","embeddable":true,"href":"https:\/\/aivlisoft.net\/shop\/wp-json\/wp\/v2\/product_brand?post=10116"},{"taxonomy":"product_cat","embeddable":true,"href":"https:\/\/aivlisoft.net\/shop\/wp-json\/wp\/v2\/product_cat?post=10116"},{"taxonomy":"product_tag","embeddable":true,"href":"https:\/\/aivlisoft.net\/shop\/wp-json\/wp\/v2\/product_tag?post=10116"}],"curies":[{"name":"wp","href":"https:\/\/api.w.org\/{rel}","templated":true}]}}