{"id":10112,"date":"2025-01-13T14:02:38","date_gmt":"2025-01-13T14:02:38","guid":{"rendered":"https:\/\/aivlisoft.com\/?post_type=product&#038;p=10112"},"modified":"2025-01-15T11:04:03","modified_gmt":"2025-01-15T11:04:03","slug":"salicru-sps-1100-advance-rt2","status":"publish","type":"product","link":"https:\/\/aivlisoft.net\/shop\/producto\/salicru-sps-1100-advance-rt2\/","title":{"rendered":"Salicru SPS 1100 Advance RT2"},"content":{"rendered":"<p>La serie SPS ADVANCE RT2 de SALICRU es una gama de SAIs de tecnolog&iacute;a Line-interactive con tensi&oacute;n de salida senoidal y formato convertible torre\/rack, siendo la altura de solo 2U para todas las potencias. Asimismo, el factor de potencia de salida 0,9 y la compatibilidad con cargas del tipo APFC (Active Power Factor Correction) lo convierten en la mejor opci&oacute;n para cualquier tipo de carga a proteger. <\/p>\n<p>En cuanto a las comunicaciones, dispone de interface RS-232\/USB (compatible con protocolo HID) y de un slot inteligente que puede alojar, opcionalmente, una tarjeta SNMP, MODBUS o contactos libres de potencial; tambi&eacute;n est&aacute;n disponibles paquetes de software para la monitorizaci&oacute;n y gesti&oacute;n, local o virtual, de los equipos protegidos.<\/p>\n<p>Y como otras caracter&iacute;sticas destacables podemos citar: soluciones para aplicaciones con larga autonom&iacute;a (mediante equipos con cargadores extra y m&oacute;dulos de bater&iacute;as adicionales), pantalla orientable y adaptadores (pedestal y orejas) para colocaci&oacute;n en formato torre o rack, salidas programables (cargas cr&iacute;ticas\/cargas no-cr&iacute;ticas) para alargar la autonom&iacute;a disponible,&#8230;<\/p>\n<p><\/p>\n<table class=\"tabla_caracteristicas k-table\" width=\"100%\">\n<tbody>\n<tr>\n<td valign=\"top\" width=\"35%\">\n<p><strong><small>Marca<\/small><\/strong><\/p>\n<\/td>\n<td valign=\"top\" width=\"65%\">Salicru<\/td>\n<\/tr>\n<tr>\n<td valign=\"top\" width=\"35%\"><strong>Modelo<\/strong><\/td>\n<td valign=\"top\" width=\"65%\">SPS Advance 1100 RT2 <br \/>(<strong>6AOCA000002<\/strong>)<\/td>\n<\/tr>\n<tr>\n<td valign=\"top\" width=\"35%\"><strong>Tipo<\/strong><\/td>\n<td valign=\"top\" width=\"65%\">Torre\/rack (2U) convertible <\/td>\n<\/tr>\n<tr>\n<td valign=\"top\" width=\"35%\"><strong>Tecnolog&iacute;a<\/strong><\/td>\n<td valign=\"top\" width=\"65%\">&#8211; Line-interactive con salida senoidal<\/td>\n<\/tr>\n<tr>\n<td valign=\"top\" width=\"35%\"><strong>Entrada<\/strong><\/td>\n<td valign=\"top\" width=\"65%\">&#8211; Tensi&oacute;n nominal: 208 \/ 220 \/ 230 \/ 240 V<br \/>&#8211; Margen de tensi&oacute;n 100% carga: 170 &divide; 280 V <br \/>&#8211; Estabilizador: AVR (Buck &amp; Boost) <br \/>&#8211; Frecuencia: 50 \/ 60 Hz (autodetecci&oacute;n) <br \/>&#8211; Margen de frecuencia: &plusmn;5 Hz <br \/>&#8211; Protecci&oacute;n de entrada: Fusible (800\/1100) o t&eacute;rmico rearmable (1500\/2000\/3000)<\/td>\n<\/tr>\n<tr>\n<td valign=\"top\" width=\"35%\"><strong>Salida<\/strong><\/td>\n<td valign=\"top\" width=\"65%\">\n<div><\/div>\n<p>&#8211; Factor de potencia: 0.9<br \/>&#8211; Forma de onda: Senoidal pura<br \/>&#8211; Tensi&oacute;n nominal: 208 \/ 220 \/ 230 \/ 240 V <br \/>&#8211; Precisi&oacute;n tensi&oacute;n (modo bater&iacute;a): &plusmn;1,5%<br \/>&#8211; Distorsi&oacute;n arm&oacute;nica total (THDv): &lt;2% carga lineal \/ &lt;5% carga no lineal<br \/>&#8211; Frecuencia: 50 \/ 60 Hz (misma que la entrada) <br \/>&#8211; Precisi&oacute;n frecuencia (modo bater&iacute;a): &plusmn;0,1 Hz<br \/><strong>Sobrecarga &nbsp;<\/strong><br \/>&#8211; Modo Online: &lt;120% apagado a los 5 min \/ &lt;150% apagado a los 10 s <br \/>&#8211; Modo bater&iacute;a: &lt;120% apagado a 1 min \/ &lt;150% apagado a los 10 s <br \/>&#8211; Tomas programables: S&iacute;, para cargas cr&iacute;ticas \/ no cr&iacute;ticas (4\/4)<\/td>\n<\/tr>\n<tr>\n<td valign=\"top\" width=\"35%\"><strong>Bater&iacute;a<\/strong><\/td>\n<td valign=\"top\" width=\"65%\">&#8211; Tipo de bater&iacute;a: Pb-Ca selladas, AGM, sin mantenimiento <br \/>&#8211; Protecci&oacute;n: Contra sobretensiones, subtensiones y componentes de <br \/>corriente alterna<br \/>&#8211; Test de bater&iacute;a: Autom&aacute;tico en cada arranque + uno x semana <\/td>\n<\/tr>\n<tr>\n<td valign=\"top\" width=\"35%\"><strong>Cargador<\/strong><\/td>\n<td valign=\"top\" width=\"65%\">&#8211; Tipo de carga: I\/U (Corriente constante \/ Tensi&oacute;n constante)<br \/>&#8211; Tiempo de recarga: 4 horas al 90% <br \/>&#8211; Compensaci&oacute;n tensi&oacute;n por temperatura: S&iacute; <\/td>\n<\/tr>\n<tr>\n<td valign=\"top\" width=\"35%\"><strong>Comunicaci&oacute;n<\/strong><\/td>\n<td valign=\"top\" width=\"65%\">&#8211; Interface: RS-232\/USB-HID<br \/>&#8211; Slot para SNMP\/contactos libres de potencial\/MODBUS: S&iacute; <br \/>&#8211; Software de monitorizaci&oacute;n descargable: Para familia Windows, Linux y Mac <\/td>\n<\/tr>\n<tr>\n<td valign=\"top\" width=\"35%\"><strong>Otras Funciones<\/strong><\/td>\n<td valign=\"top\" width=\"65%\">&#8211; Coldstart: S&iacute;, arranque desde bater&iacute;as<br \/>&#8211; Paro de emergencia (EPO): S&iacute; <br \/>&#8211; Protector de transientes para ADSL\/fax \/m&oacute;dem: S&iacute; <br \/>&#8211; Green-function: S&iacute;, paro autom&aacute;tico en modo bater&iacute;a con carga &lt;5%<br \/>&#8211; Smart fan speed: S&iacute;, control inteligente de la velocidad de los ventiladores<br \/>&#8211; Site wiring fault: S&iacute;, detecci&oacute;n de error de rotaci&oacute;n fase-neutro y\/o ausencia de tierra<\/td>\n<\/tr>\n<tr>\n<td valign=\"top\" width=\"35%\"><strong>Generales<\/strong><\/td>\n<td valign=\"top\" width=\"65%\">&#8211; Temperatura de trabajo: 0&ordm; C &divide; 40&ordm; C<br \/>&#8211; Humedad relativa: Hasta 95%, sin condensar<br \/>&#8211; Altitud de trabajo: 2.400 m.s.n.m. (degradaci&oacute;n de potencia hasta 5.000 m)<br \/>&#8211; Nivel de ruido a 1 metro: &lt; 45dB<\/td>\n<\/tr>\n<tr>\n<td valign=\"top\" width=\"35%\"><strong>Normativa<\/strong><\/td>\n<td valign=\"top\" width=\"65%\">\n<div><\/div>\n<p>&#8211; Seguridad: EN 62040-1:2008 <br \/>&#8211; Compatibilidad electromagn&eacute;tica (CEM): EN 62040-2:2006(C2)<br \/>&#8211; Funcionamiento: EN 62040-3:2011<br \/>&#8211; Gesti&oacute;n de Calidad y Ambiental: ISO-9001 e ISO-14001<\/td>\n<\/tr>\n<tr>\n<td valign=\"top\" width=\"35%\"><strong>Potencia V\/W<\/strong><\/td>\n<td valign=\"top\" width=\"65%\">&#8211; 1100 \/ 990<\/td>\n<\/tr>\n<tr>\n<td valign=\"top\" width=\"35%\"><strong>N&ordm; de tomas<\/strong><\/td>\n<td valign=\"top\" width=\"65%\">&#8211; 8 x IEC C13<\/td>\n<\/tr>\n<tr>\n<td valign=\"top\" width=\"35%\"><strong>Dimensiones y peso<\/strong><\/td>\n<td valign=\"top\" width=\"65%\">\n<div><\/div>\n<p>&#8211; 410 x 438 x 88 mm (2U)<br \/>&#8211; 13,4 Kg<\/td>\n<\/tr>\n<tr>\n<td valign=\"top\" width=\"35%\"><strong>Fecha de revisi&oacute;n<\/strong><\/td>\n<td valign=\"top\" width=\"65%\">30-03-2020 por MSB<\/td>\n<\/tr>\n<\/tbody>\n<\/table>\n","protected":false},"excerpt":{"rendered":"<p>La serie SPS ADVANCE RT2 de SALICRU es una gama de SAIs de tecnolog&iacute;a Line-interactive con tensi&oacute;n de salida senoidal y formato convertible torre\/rack, siendo la altura de solo 2U para todas las potencias. Asimismo, el factor de potencia de salida 0,9 y la compatibilidad con cargas del tipo APFC (Active Power Factor Correction) lo&hellip;&nbsp;<a href=\"https:\/\/aivlisoft.net\/shop\/producto\/salicru-sps-1100-advance-rt2\/\" rel=\"bookmark\"><span class=\"screen-reader-text\">Salicru SPS 1100 Advance RT2<\/span><\/a><\/p>\n","protected":false},"featured_media":10113,"template":"","meta":{"neve_meta_sidebar":"","neve_meta_container":"","neve_meta_enable_content_width":"","neve_meta_content_width":0,"neve_meta_title_alignment":"","neve_meta_author_avatar":"","neve_post_elements_order":"","neve_meta_disable_header":"","neve_meta_disable_footer":"","neve_meta_disable_title":""},"product_brand":[],"product_cat":[15,8689,458,4934],"product_tag":[3949],"class_list":{"0":"post-10112","1":"product","2":"type-product","3":"status-publish","4":"has-post-thumbnail","6":"product_cat-sin-categorizar","7":"product_cat-accesorios-sai-accesorios-sai","8":"product_cat-accesorios-sai","9":"product_cat-cajas-y-fuentes","10":"product_tag-6a0ca000002","12":"first","13":"instock","14":"taxable","15":"shipping-taxable","16":"purchasable","17":"product-type-simple"},"yoast_head":"<!-- This site is optimized with the Yoast SEO plugin v26.0 - https:\/\/yoast.com\/wordpress\/plugins\/seo\/ -->\n<title>Salicru SPS 1100 Advance RT2 - Aivlisoft Inform\u00e1tica<\/title>\n<meta name=\"robots\" content=\"index, follow, max-snippet:-1, max-image-preview:large, max-video-preview:-1\" \/>\n<link rel=\"canonical\" href=\"https:\/\/aivlisoft.net\/shop\/producto\/salicru-sps-1100-advance-rt2\/\" \/>\n<meta property=\"og:locale\" content=\"es_ES\" \/>\n<meta property=\"og:type\" content=\"article\" \/>\n<meta property=\"og:title\" content=\"Salicru SPS 1100 Advance RT2 - Aivlisoft Inform\u00e1tica\" \/>\n<meta property=\"og:description\" content=\"La serie SPS ADVANCE RT2 de SALICRU es una gama de SAIs de tecnolog&iacute;a Line-interactive con tensi&oacute;n de salida senoidal y formato convertible torre\/rack, siendo la altura de solo 2U para todas las potencias. Asimismo, el factor de potencia de salida 0,9 y la compatibilidad con cargas del tipo APFC (Active Power Factor Correction) lo&hellip;&nbsp;Salicru SPS 1100 Advance RT2\" \/>\n<meta property=\"og:url\" content=\"https:\/\/aivlisoft.net\/shop\/producto\/salicru-sps-1100-advance-rt2\/\" \/>\n<meta property=\"og:site_name\" content=\"Aivlisoft Inform\u00e1tica\" \/>\n<meta property=\"article:modified_time\" content=\"2025-01-15T11:04:03+00:00\" \/>\n<meta property=\"og:image\" content=\"https:\/\/aivlisoft.net\/shop\/wp-content\/uploads\/2025\/01\/FSASFL0136_800.jpg\" \/>\n\t<meta property=\"og:image:width\" content=\"800\" \/>\n\t<meta property=\"og:image:height\" content=\"800\" \/>\n\t<meta property=\"og:image:type\" content=\"image\/jpeg\" \/>\n<meta name=\"twitter:card\" content=\"summary_large_image\" \/>\n<meta name=\"twitter:label1\" content=\"Tiempo de lectura\" \/>\n\t<meta name=\"twitter:data1\" content=\"3 minutos\" \/>\n<script type=\"application\/ld+json\" class=\"yoast-schema-graph\">{\"@context\":\"https:\/\/schema.org\",\"@graph\":[{\"@type\":\"WebPage\",\"@id\":\"https:\/\/aivlisoft.net\/shop\/producto\/salicru-sps-1100-advance-rt2\/\",\"url\":\"https:\/\/aivlisoft.net\/shop\/producto\/salicru-sps-1100-advance-rt2\/\",\"name\":\"Salicru SPS 1100 Advance RT2 - Aivlisoft Inform\u00e1tica\",\"isPartOf\":{\"@id\":\"https:\/\/aivlisoft.net\/shop\/#website\"},\"primaryImageOfPage\":{\"@id\":\"https:\/\/aivlisoft.net\/shop\/producto\/salicru-sps-1100-advance-rt2\/#primaryimage\"},\"image\":{\"@id\":\"https:\/\/aivlisoft.net\/shop\/producto\/salicru-sps-1100-advance-rt2\/#primaryimage\"},\"thumbnailUrl\":\"https:\/\/aivlisoft.net\/shop\/wp-content\/uploads\/2025\/01\/FSASFL0136_800.jpg\",\"datePublished\":\"2025-01-13T14:02:38+00:00\",\"dateModified\":\"2025-01-15T11:04:03+00:00\",\"breadcrumb\":{\"@id\":\"https:\/\/aivlisoft.net\/shop\/producto\/salicru-sps-1100-advance-rt2\/#breadcrumb\"},\"inLanguage\":\"es\",\"potentialAction\":[{\"@type\":\"ReadAction\",\"target\":[\"https:\/\/aivlisoft.net\/shop\/producto\/salicru-sps-1100-advance-rt2\/\"]}]},{\"@type\":\"ImageObject\",\"inLanguage\":\"es\",\"@id\":\"https:\/\/aivlisoft.net\/shop\/producto\/salicru-sps-1100-advance-rt2\/#primaryimage\",\"url\":\"https:\/\/aivlisoft.net\/shop\/wp-content\/uploads\/2025\/01\/FSASFL0136_800.jpg\",\"contentUrl\":\"https:\/\/aivlisoft.net\/shop\/wp-content\/uploads\/2025\/01\/FSASFL0136_800.jpg\",\"width\":800,\"height\":800},{\"@type\":\"BreadcrumbList\",\"@id\":\"https:\/\/aivlisoft.net\/shop\/producto\/salicru-sps-1100-advance-rt2\/#breadcrumb\",\"itemListElement\":[{\"@type\":\"ListItem\",\"position\":1,\"name\":\"Portada\",\"item\":\"https:\/\/aivlisoft.net\/shop\/\"},{\"@type\":\"ListItem\",\"position\":2,\"name\":\"Tienda\",\"item\":\"https:\/\/aivlisoft.net\/shop\/tienda\/\"},{\"@type\":\"ListItem\",\"position\":3,\"name\":\"Salicru SPS 1100 Advance RT2\"}]},{\"@type\":\"WebSite\",\"@id\":\"https:\/\/aivlisoft.net\/shop\/#website\",\"url\":\"https:\/\/aivlisoft.net\/shop\/\",\"name\":\"Aivlisoft Inform\u00e1tica\",\"description\":\"En Aivlisoft Inform\u00e1tica ofrecemos soluciones tecnol\u00f3gicas para empresas: venta de ordenadores, consumibles, perif\u00e9ricos y m\u00e1s. Calidad, atenci\u00f3n personalizada y los mejores precios para tu negocio.\",\"publisher\":{\"@id\":\"https:\/\/aivlisoft.net\/shop\/#organization\"},\"potentialAction\":[{\"@type\":\"SearchAction\",\"target\":{\"@type\":\"EntryPoint\",\"urlTemplate\":\"https:\/\/aivlisoft.net\/shop\/?s={search_term_string}\"},\"query-input\":{\"@type\":\"PropertyValueSpecification\",\"valueRequired\":true,\"valueName\":\"search_term_string\"}}],\"inLanguage\":\"es\"},{\"@type\":\"Organization\",\"@id\":\"https:\/\/aivlisoft.net\/shop\/#organization\",\"name\":\"Aivlisoft Inform\u00e1tica\",\"url\":\"https:\/\/aivlisoft.net\/shop\/\",\"logo\":{\"@type\":\"ImageObject\",\"inLanguage\":\"es\",\"@id\":\"https:\/\/aivlisoft.net\/shop\/#\/schema\/logo\/image\/\",\"url\":\"https:\/\/aivlisoft.net\/shop\/wp-content\/uploads\/2024\/12\/removal.ai_5b848c54-0cdf-4140-95c5-c5536bb7573b-logodef.png\",\"contentUrl\":\"https:\/\/aivlisoft.net\/shop\/wp-content\/uploads\/2024\/12\/removal.ai_5b848c54-0cdf-4140-95c5-c5536bb7573b-logodef.png\",\"width\":484,\"height\":182,\"caption\":\"Aivlisoft Inform\u00e1tica\"},\"image\":{\"@id\":\"https:\/\/aivlisoft.net\/shop\/#\/schema\/logo\/image\/\"}}]}<\/script>\n<!-- \/ Yoast SEO plugin. -->","yoast_head_json":{"title":"Salicru SPS 1100 Advance RT2 - Aivlisoft Inform\u00e1tica","robots":{"index":"index","follow":"follow","max-snippet":"max-snippet:-1","max-image-preview":"max-image-preview:large","max-video-preview":"max-video-preview:-1"},"canonical":"https:\/\/aivlisoft.net\/shop\/producto\/salicru-sps-1100-advance-rt2\/","og_locale":"es_ES","og_type":"article","og_title":"Salicru SPS 1100 Advance RT2 - Aivlisoft Inform\u00e1tica","og_description":"La serie SPS ADVANCE RT2 de SALICRU es una gama de SAIs de tecnolog&iacute;a Line-interactive con tensi&oacute;n de salida senoidal y formato convertible torre\/rack, siendo la altura de solo 2U para todas las potencias. Asimismo, el factor de potencia de salida 0,9 y la compatibilidad con cargas del tipo APFC (Active Power Factor Correction) lo&hellip;&nbsp;Salicru SPS 1100 Advance RT2","og_url":"https:\/\/aivlisoft.net\/shop\/producto\/salicru-sps-1100-advance-rt2\/","og_site_name":"Aivlisoft Inform\u00e1tica","article_modified_time":"2025-01-15T11:04:03+00:00","og_image":[{"width":800,"height":800,"url":"https:\/\/aivlisoft.net\/shop\/wp-content\/uploads\/2025\/01\/FSASFL0136_800.jpg","type":"image\/jpeg"}],"twitter_card":"summary_large_image","twitter_misc":{"Tiempo de lectura":"3 minutos"},"schema":{"@context":"https:\/\/schema.org","@graph":[{"@type":"WebPage","@id":"https:\/\/aivlisoft.net\/shop\/producto\/salicru-sps-1100-advance-rt2\/","url":"https:\/\/aivlisoft.net\/shop\/producto\/salicru-sps-1100-advance-rt2\/","name":"Salicru SPS 1100 Advance RT2 - Aivlisoft Inform\u00e1tica","isPartOf":{"@id":"https:\/\/aivlisoft.net\/shop\/#website"},"primaryImageOfPage":{"@id":"https:\/\/aivlisoft.net\/shop\/producto\/salicru-sps-1100-advance-rt2\/#primaryimage"},"image":{"@id":"https:\/\/aivlisoft.net\/shop\/producto\/salicru-sps-1100-advance-rt2\/#primaryimage"},"thumbnailUrl":"https:\/\/aivlisoft.net\/shop\/wp-content\/uploads\/2025\/01\/FSASFL0136_800.jpg","datePublished":"2025-01-13T14:02:38+00:00","dateModified":"2025-01-15T11:04:03+00:00","breadcrumb":{"@id":"https:\/\/aivlisoft.net\/shop\/producto\/salicru-sps-1100-advance-rt2\/#breadcrumb"},"inLanguage":"es","potentialAction":[{"@type":"ReadAction","target":["https:\/\/aivlisoft.net\/shop\/producto\/salicru-sps-1100-advance-rt2\/"]}]},{"@type":"ImageObject","inLanguage":"es","@id":"https:\/\/aivlisoft.net\/shop\/producto\/salicru-sps-1100-advance-rt2\/#primaryimage","url":"https:\/\/aivlisoft.net\/shop\/wp-content\/uploads\/2025\/01\/FSASFL0136_800.jpg","contentUrl":"https:\/\/aivlisoft.net\/shop\/wp-content\/uploads\/2025\/01\/FSASFL0136_800.jpg","width":800,"height":800},{"@type":"BreadcrumbList","@id":"https:\/\/aivlisoft.net\/shop\/producto\/salicru-sps-1100-advance-rt2\/#breadcrumb","itemListElement":[{"@type":"ListItem","position":1,"name":"Portada","item":"https:\/\/aivlisoft.net\/shop\/"},{"@type":"ListItem","position":2,"name":"Tienda","item":"https:\/\/aivlisoft.net\/shop\/tienda\/"},{"@type":"ListItem","position":3,"name":"Salicru SPS 1100 Advance RT2"}]},{"@type":"WebSite","@id":"https:\/\/aivlisoft.net\/shop\/#website","url":"https:\/\/aivlisoft.net\/shop\/","name":"Aivlisoft Inform\u00e1tica","description":"En Aivlisoft Inform\u00e1tica ofrecemos soluciones tecnol\u00f3gicas para empresas: venta de ordenadores, consumibles, perif\u00e9ricos y m\u00e1s. Calidad, atenci\u00f3n personalizada y los mejores precios para tu negocio.","publisher":{"@id":"https:\/\/aivlisoft.net\/shop\/#organization"},"potentialAction":[{"@type":"SearchAction","target":{"@type":"EntryPoint","urlTemplate":"https:\/\/aivlisoft.net\/shop\/?s={search_term_string}"},"query-input":{"@type":"PropertyValueSpecification","valueRequired":true,"valueName":"search_term_string"}}],"inLanguage":"es"},{"@type":"Organization","@id":"https:\/\/aivlisoft.net\/shop\/#organization","name":"Aivlisoft Inform\u00e1tica","url":"https:\/\/aivlisoft.net\/shop\/","logo":{"@type":"ImageObject","inLanguage":"es","@id":"https:\/\/aivlisoft.net\/shop\/#\/schema\/logo\/image\/","url":"https:\/\/aivlisoft.net\/shop\/wp-content\/uploads\/2024\/12\/removal.ai_5b848c54-0cdf-4140-95c5-c5536bb7573b-logodef.png","contentUrl":"https:\/\/aivlisoft.net\/shop\/wp-content\/uploads\/2024\/12\/removal.ai_5b848c54-0cdf-4140-95c5-c5536bb7573b-logodef.png","width":484,"height":182,"caption":"Aivlisoft Inform\u00e1tica"},"image":{"@id":"https:\/\/aivlisoft.net\/shop\/#\/schema\/logo\/image\/"}}]}},"_links":{"self":[{"href":"https:\/\/aivlisoft.net\/shop\/wp-json\/wp\/v2\/product\/10112","targetHints":{"allow":["GET"]}}],"collection":[{"href":"https:\/\/aivlisoft.net\/shop\/wp-json\/wp\/v2\/product"}],"about":[{"href":"https:\/\/aivlisoft.net\/shop\/wp-json\/wp\/v2\/types\/product"}],"wp:featuredmedia":[{"embeddable":true,"href":"https:\/\/aivlisoft.net\/shop\/wp-json\/wp\/v2\/media\/10113"}],"wp:attachment":[{"href":"https:\/\/aivlisoft.net\/shop\/wp-json\/wp\/v2\/media?parent=10112"}],"wp:term":[{"taxonomy":"product_brand","embeddable":true,"href":"https:\/\/aivlisoft.net\/shop\/wp-json\/wp\/v2\/product_brand?post=10112"},{"taxonomy":"product_cat","embeddable":true,"href":"https:\/\/aivlisoft.net\/shop\/wp-json\/wp\/v2\/product_cat?post=10112"},{"taxonomy":"product_tag","embeddable":true,"href":"https:\/\/aivlisoft.net\/shop\/wp-json\/wp\/v2\/product_tag?post=10112"}],"curies":[{"name":"wp","href":"https:\/\/api.w.org\/{rel}","templated":true}]}}