{"id":10108,"date":"2025-01-13T14:02:34","date_gmt":"2025-01-13T14:02:34","guid":{"rendered":"https:\/\/aivlisoft.com\/?post_type=product&#038;p=10108"},"modified":"2025-01-15T11:04:03","modified_gmt":"2025-01-15T11:04:03","slug":"salicru-sps-850-home-sai-off-line-850va","status":"publish","type":"product","link":"https:\/\/aivlisoft.net\/shop\/producto\/salicru-sps-850-home-sai-off-line-850va\/","title":{"rendered":"Salicru SPS-850 Home SAI Off-Line  850VA"},"content":{"rendered":"<section class=\"txt\"><br type=\"_moz\" \/><\/section>\n<p><\/p>\n<table class=\"tabla_caracteristicas k-table\" width=\"100%\">\n<tbody>\n<tr>\n<td valign=\"top\"><strong><span>Marca <\/span><\/strong><\/td>\n<td valign=\"top\"><span>Salicru <\/span><\/td>\n<\/tr>\n<tr>\n<td valign=\"top\"><strong><span>Modelo <\/span><\/strong><\/td>\n<td valign=\"top\">SPS-850 Home SAI Off-Line<span><br \/><\/span>(<strong>693CA000002<\/strong>)<\/td>\n<\/tr>\n<tr>\n<td valign=\"top\"><strong><span>Tecnolog&iacute;a <\/span><\/strong><\/td>\n<td valign=\"top\"><span>&#8211; <\/span>Off-Line<\/td>\n<\/tr>\n<tr>\n<td valign=\"top\"><strong><span>Tipo<\/span><\/strong><\/td>\n<td valign=\"top\">&#8211; Torre<\/td>\n<\/tr>\n<tr>\n<td valign=\"top\"><strong><span>Entrada <\/span><\/strong><\/td>\n<td valign=\"top\">\n<div><span><\/span><\/div>\n<p>&#8211; Tensi&oacute;n nominal: 230 V <br \/>&#8211; Margen de tensi&oacute;n: 180 &divide; 270 V<br \/>&#8211; Frecuencia: 50 \/ 60 Hz (autodetecci&oacute;n)<br \/>&#8211; Protecci&oacute;n de entrada: T&eacute;rmico rearmable<\/td>\n<\/tr>\n<tr>\n<td valign=\"top\"><strong><span>Salida <\/span><\/strong><\/td>\n<td valign=\"top\">&#8211; Tensi&oacute;n nominal: 230 V <br \/>&#8211; Precisi&oacute;n tensi&oacute;n (modo bater&iacute;a): &plusmn;7%<br \/>&#8211; Forma de onda (modo bater&iacute;a): Senoidal pura<br \/>&#8211; Frecuencia:&nbsp; 50 \/ 60 Hz (misma que la entrada)<br \/>&#8211; Precisi&oacute;n frecuencia (modo bater&iacute;a): &plusmn;1 Hz<br \/>&#8211; Tiempo de transferencia: 4 ms (T&iacute;pico)<br \/>&#8211; Compatibilidad cargas APFC: S&iacute;<br \/>&#8211; N&ordm; de tomas:<br \/>&nbsp; Protecci&oacute;n + SAI: 4 Tomas schuko<br \/>&nbsp; Solo protecci&oacute;n: 2 tomas schuko<\/td>\n<\/tr>\n<tr>\n<td valign=\"top\"><strong><span>Bater&iacute;a <\/span><\/strong><\/td>\n<td valign=\"top\">&#8211; Tipo de bater&iacute;a: Pb-Ca selladas, AGM, sin mantenimiento<br \/>&#8211; Protecci&oacute;n: Contra descarga profunda y contra sobrecarga<br \/>&#8211; Tiempo de recarga: 8 horas al 90%<br \/>&#8211; Battery-swap: Bater&iacute;a reemplazable por el usuario<\/td>\n<\/tr>\n<tr>\n<td valign=\"top\"><strong><span>Comunicaci&oacute;n <\/span><\/strong><\/td>\n<td valign=\"top\">&#8211; Interface: USB (Protocolo HID)<br \/>&#8211; Software de monitorizaci&oacute;n descargable: Para familia Windows, Linux y Mac<\/td>\n<\/tr>\n<tr>\n<td valign=\"top\">\n<p><strong><span>Indicaciones<\/span><\/strong><\/p>\n<p><strong><span><\/span><\/strong><\/p>\n<\/td>\n<td valign=\"top\">&#8211; Funcionamiento: LED<br \/>&#8211; Ac&uacute;sticas: Cada 30 s para funcionamiento en bater&iacute;a<br \/>&nbsp; Cada 2 s para bater&iacute;a baja<br \/>&nbsp; Cada 0.5 s para sobrecarga<br \/>&nbsp; Continuo para fallo<\/td>\n<\/tr>\n<tr>\n<td valign=\"top\"><strong>Otras funciones<\/strong><\/td>\n<td valign=\"top\">&#8211; Auto-carga: S&iacute;, incluso con el equipo parado<br \/>&#8211; Rearranque autom&aacute;tico: S&iacute;, despu&eacute;s de final de autonom&iacute;a<br \/>&#8211; Protecci&oacute;n l&iacute;nea datos: S&iacute;, 2 x RJ45 para tel\/fax, internet ADSL + red Ethernet 10\/100 Mb<br \/>&#8211; Cold-Start(arranque desde bater&iacute;as): S&iacute;<\/td>\n<\/tr>\n<tr>\n<td valign=\"top\"><strong>Generales<\/strong><\/td>\n<td valign=\"top\">&#8211; Temperatura de trabajo: 0&ordm;C \/ 40&ordm;C- Humedad relativa: Hasta 95%, sin condensar<br \/>&#8211; Altitud de trabajo: 2.400 m.s.n.m.<br \/>&#8211; Nivel de ruido a 1 metro: &lt;40dB<\/td>\n<\/tr>\n<tr>\n<td valign=\"top\"><strong><span>Normativa <\/span><\/strong><\/td>\n<td valign=\"top\">&#8211; Seguridad: EN 62040-1-1; EN-60950-1<br \/>&#8211; Compatibilidad electromagn&eacute;tica (CEM): EN 62040-2<br \/>&#8211; Funcionamiento: EN 62040-3<br \/>&#8211; Gesti&oacute;n de Calidad y Ambiental: ISO-9001 e ISO-14001<\/td>\n<\/tr>\n<tr>\n<td valign=\"top\"><strong>Potencia<\/strong><\/td>\n<td valign=\"top\">&#8211; 850 VA \/ 490 W<\/td>\n<\/tr>\n<tr>\n<td valign=\"top\"><strong>N&ordm; de Salidas<\/strong><\/td>\n<td valign=\"top\">&#8211; 6 (4 SAI + 2 Prot.)<\/td>\n<\/tr>\n<tr>\n<td valign=\"top\"><strong><span>Dimensiones <\/span><\/strong><\/td>\n<td valign=\"top\">&#8211; 309 x 110 x 84 mm<br \/>&#8211; Peso: 3.0 Kg<\/td>\n<\/tr>\n<tr>\n<td valign=\"top\"><strong><span>Fecha de revisi&oacute;n            <\/span><\/strong><\/td>\n<td valign=\"top\"><span>05-03-2018 por MSB<\/span><\/td>\n<\/tr>\n<\/tbody>\n<\/table>\n","protected":false},"excerpt":{"rendered":"<p>Marca Salicru Modelo SPS-850 Home SAI Off-Line(693CA000002) Tecnolog&iacute;a &#8211; Off-Line Tipo &#8211; Torre Entrada &#8211; Tensi&oacute;n nominal: 230 V &#8211; Margen de tensi&oacute;n: 180 &divide; 270 V&#8211; Frecuencia: 50 \/ 60 Hz (autodetecci&oacute;n)&#8211; Protecci&oacute;n de entrada: T&eacute;rmico rearmable Salida &#8211; Tensi&oacute;n nominal: 230 V &#8211; Precisi&oacute;n tensi&oacute;n (modo bater&iacute;a): &plusmn;7%&#8211; Forma de onda (modo bater&iacute;a):&hellip;&nbsp;<a href=\"https:\/\/aivlisoft.net\/shop\/producto\/salicru-sps-850-home-sai-off-line-850va\/\" rel=\"bookmark\"><span class=\"screen-reader-text\">Salicru SPS-850 Home SAI Off-Line  850VA<\/span><\/a><\/p>\n","protected":false},"featured_media":10109,"template":"","meta":{"neve_meta_sidebar":"","neve_meta_container":"","neve_meta_enable_content_width":"","neve_meta_content_width":0,"neve_meta_title_alignment":"","neve_meta_author_avatar":"","neve_post_elements_order":"","neve_meta_disable_header":"","neve_meta_disable_footer":"","neve_meta_disable_title":""},"product_brand":[],"product_cat":[15,8689,458,4934],"product_tag":[3948],"class_list":{"0":"post-10108","1":"product","2":"type-product","3":"status-publish","4":"has-post-thumbnail","6":"product_cat-sin-categorizar","7":"product_cat-accesorios-sai-accesorios-sai","8":"product_cat-accesorios-sai","9":"product_cat-cajas-y-fuentes","10":"product_tag-693ca000002","12":"first","13":"instock","14":"taxable","15":"shipping-taxable","16":"purchasable","17":"product-type-simple"},"yoast_head":"<!-- This site is optimized with the Yoast SEO plugin v26.0 - https:\/\/yoast.com\/wordpress\/plugins\/seo\/ -->\n<title>Salicru SPS-850 Home SAI Off-Line 850VA - Aivlisoft Inform\u00e1tica<\/title>\n<meta name=\"robots\" content=\"index, follow, max-snippet:-1, max-image-preview:large, max-video-preview:-1\" \/>\n<link rel=\"canonical\" href=\"https:\/\/aivlisoft.net\/shop\/producto\/salicru-sps-850-home-sai-off-line-850va\/\" \/>\n<meta property=\"og:locale\" content=\"es_ES\" \/>\n<meta property=\"og:type\" content=\"article\" \/>\n<meta property=\"og:title\" content=\"Salicru SPS-850 Home SAI Off-Line 850VA - Aivlisoft Inform\u00e1tica\" \/>\n<meta property=\"og:description\" content=\"Marca Salicru Modelo SPS-850 Home SAI Off-Line(693CA000002) Tecnolog&iacute;a &#8211; Off-Line Tipo &#8211; Torre Entrada &#8211; Tensi&oacute;n nominal: 230 V &#8211; Margen de tensi&oacute;n: 180 &divide; 270 V&#8211; Frecuencia: 50 \/ 60 Hz (autodetecci&oacute;n)&#8211; Protecci&oacute;n de entrada: T&eacute;rmico rearmable Salida &#8211; Tensi&oacute;n nominal: 230 V &#8211; Precisi&oacute;n tensi&oacute;n (modo bater&iacute;a): &plusmn;7%&#8211; Forma de onda (modo bater&iacute;a):&hellip;&nbsp;Salicru SPS-850 Home SAI Off-Line 850VA\" \/>\n<meta property=\"og:url\" content=\"https:\/\/aivlisoft.net\/shop\/producto\/salicru-sps-850-home-sai-off-line-850va\/\" \/>\n<meta property=\"og:site_name\" content=\"Aivlisoft Inform\u00e1tica\" \/>\n<meta property=\"article:modified_time\" content=\"2025-01-15T11:04:03+00:00\" \/>\n<meta property=\"og:image\" content=\"https:\/\/aivlisoft.net\/shop\/wp-content\/uploads\/2025\/01\/FSASFL0135_800.jpg\" \/>\n\t<meta property=\"og:image:width\" content=\"800\" \/>\n\t<meta property=\"og:image:height\" content=\"800\" \/>\n\t<meta property=\"og:image:type\" content=\"image\/jpeg\" \/>\n<meta name=\"twitter:card\" content=\"summary_large_image\" \/>\n<meta name=\"twitter:label1\" content=\"Tiempo de lectura\" \/>\n\t<meta name=\"twitter:data1\" content=\"2 minutos\" \/>\n<script type=\"application\/ld+json\" class=\"yoast-schema-graph\">{\"@context\":\"https:\/\/schema.org\",\"@graph\":[{\"@type\":\"WebPage\",\"@id\":\"https:\/\/aivlisoft.net\/shop\/producto\/salicru-sps-850-home-sai-off-line-850va\/\",\"url\":\"https:\/\/aivlisoft.net\/shop\/producto\/salicru-sps-850-home-sai-off-line-850va\/\",\"name\":\"Salicru SPS-850 Home SAI Off-Line 850VA - Aivlisoft Inform\u00e1tica\",\"isPartOf\":{\"@id\":\"https:\/\/aivlisoft.net\/shop\/#website\"},\"primaryImageOfPage\":{\"@id\":\"https:\/\/aivlisoft.net\/shop\/producto\/salicru-sps-850-home-sai-off-line-850va\/#primaryimage\"},\"image\":{\"@id\":\"https:\/\/aivlisoft.net\/shop\/producto\/salicru-sps-850-home-sai-off-line-850va\/#primaryimage\"},\"thumbnailUrl\":\"https:\/\/aivlisoft.net\/shop\/wp-content\/uploads\/2025\/01\/FSASFL0135_800.jpg\",\"datePublished\":\"2025-01-13T14:02:34+00:00\",\"dateModified\":\"2025-01-15T11:04:03+00:00\",\"breadcrumb\":{\"@id\":\"https:\/\/aivlisoft.net\/shop\/producto\/salicru-sps-850-home-sai-off-line-850va\/#breadcrumb\"},\"inLanguage\":\"es\",\"potentialAction\":[{\"@type\":\"ReadAction\",\"target\":[\"https:\/\/aivlisoft.net\/shop\/producto\/salicru-sps-850-home-sai-off-line-850va\/\"]}]},{\"@type\":\"ImageObject\",\"inLanguage\":\"es\",\"@id\":\"https:\/\/aivlisoft.net\/shop\/producto\/salicru-sps-850-home-sai-off-line-850va\/#primaryimage\",\"url\":\"https:\/\/aivlisoft.net\/shop\/wp-content\/uploads\/2025\/01\/FSASFL0135_800.jpg\",\"contentUrl\":\"https:\/\/aivlisoft.net\/shop\/wp-content\/uploads\/2025\/01\/FSASFL0135_800.jpg\",\"width\":800,\"height\":800},{\"@type\":\"BreadcrumbList\",\"@id\":\"https:\/\/aivlisoft.net\/shop\/producto\/salicru-sps-850-home-sai-off-line-850va\/#breadcrumb\",\"itemListElement\":[{\"@type\":\"ListItem\",\"position\":1,\"name\":\"Portada\",\"item\":\"https:\/\/aivlisoft.net\/shop\/\"},{\"@type\":\"ListItem\",\"position\":2,\"name\":\"Tienda\",\"item\":\"https:\/\/aivlisoft.net\/shop\/tienda\/\"},{\"@type\":\"ListItem\",\"position\":3,\"name\":\"Salicru SPS-850 Home SAI Off-Line 850VA\"}]},{\"@type\":\"WebSite\",\"@id\":\"https:\/\/aivlisoft.net\/shop\/#website\",\"url\":\"https:\/\/aivlisoft.net\/shop\/\",\"name\":\"Aivlisoft Inform\u00e1tica\",\"description\":\"En Aivlisoft Inform\u00e1tica ofrecemos soluciones tecnol\u00f3gicas para empresas: venta de ordenadores, consumibles, perif\u00e9ricos y m\u00e1s. Calidad, atenci\u00f3n personalizada y los mejores precios para tu negocio.\",\"publisher\":{\"@id\":\"https:\/\/aivlisoft.net\/shop\/#organization\"},\"potentialAction\":[{\"@type\":\"SearchAction\",\"target\":{\"@type\":\"EntryPoint\",\"urlTemplate\":\"https:\/\/aivlisoft.net\/shop\/?s={search_term_string}\"},\"query-input\":{\"@type\":\"PropertyValueSpecification\",\"valueRequired\":true,\"valueName\":\"search_term_string\"}}],\"inLanguage\":\"es\"},{\"@type\":\"Organization\",\"@id\":\"https:\/\/aivlisoft.net\/shop\/#organization\",\"name\":\"Aivlisoft Inform\u00e1tica\",\"url\":\"https:\/\/aivlisoft.net\/shop\/\",\"logo\":{\"@type\":\"ImageObject\",\"inLanguage\":\"es\",\"@id\":\"https:\/\/aivlisoft.net\/shop\/#\/schema\/logo\/image\/\",\"url\":\"https:\/\/aivlisoft.net\/shop\/wp-content\/uploads\/2024\/12\/removal.ai_5b848c54-0cdf-4140-95c5-c5536bb7573b-logodef.png\",\"contentUrl\":\"https:\/\/aivlisoft.net\/shop\/wp-content\/uploads\/2024\/12\/removal.ai_5b848c54-0cdf-4140-95c5-c5536bb7573b-logodef.png\",\"width\":484,\"height\":182,\"caption\":\"Aivlisoft Inform\u00e1tica\"},\"image\":{\"@id\":\"https:\/\/aivlisoft.net\/shop\/#\/schema\/logo\/image\/\"}}]}<\/script>\n<!-- \/ Yoast SEO plugin. -->","yoast_head_json":{"title":"Salicru SPS-850 Home SAI Off-Line 850VA - Aivlisoft Inform\u00e1tica","robots":{"index":"index","follow":"follow","max-snippet":"max-snippet:-1","max-image-preview":"max-image-preview:large","max-video-preview":"max-video-preview:-1"},"canonical":"https:\/\/aivlisoft.net\/shop\/producto\/salicru-sps-850-home-sai-off-line-850va\/","og_locale":"es_ES","og_type":"article","og_title":"Salicru SPS-850 Home SAI Off-Line 850VA - Aivlisoft Inform\u00e1tica","og_description":"Marca Salicru Modelo SPS-850 Home SAI Off-Line(693CA000002) Tecnolog&iacute;a &#8211; Off-Line Tipo &#8211; Torre Entrada &#8211; Tensi&oacute;n nominal: 230 V &#8211; Margen de tensi&oacute;n: 180 &divide; 270 V&#8211; Frecuencia: 50 \/ 60 Hz (autodetecci&oacute;n)&#8211; Protecci&oacute;n de entrada: T&eacute;rmico rearmable Salida &#8211; Tensi&oacute;n nominal: 230 V &#8211; Precisi&oacute;n tensi&oacute;n (modo bater&iacute;a): &plusmn;7%&#8211; Forma de onda (modo bater&iacute;a):&hellip;&nbsp;Salicru SPS-850 Home SAI Off-Line 850VA","og_url":"https:\/\/aivlisoft.net\/shop\/producto\/salicru-sps-850-home-sai-off-line-850va\/","og_site_name":"Aivlisoft Inform\u00e1tica","article_modified_time":"2025-01-15T11:04:03+00:00","og_image":[{"width":800,"height":800,"url":"https:\/\/aivlisoft.net\/shop\/wp-content\/uploads\/2025\/01\/FSASFL0135_800.jpg","type":"image\/jpeg"}],"twitter_card":"summary_large_image","twitter_misc":{"Tiempo de lectura":"2 minutos"},"schema":{"@context":"https:\/\/schema.org","@graph":[{"@type":"WebPage","@id":"https:\/\/aivlisoft.net\/shop\/producto\/salicru-sps-850-home-sai-off-line-850va\/","url":"https:\/\/aivlisoft.net\/shop\/producto\/salicru-sps-850-home-sai-off-line-850va\/","name":"Salicru SPS-850 Home SAI Off-Line 850VA - Aivlisoft Inform\u00e1tica","isPartOf":{"@id":"https:\/\/aivlisoft.net\/shop\/#website"},"primaryImageOfPage":{"@id":"https:\/\/aivlisoft.net\/shop\/producto\/salicru-sps-850-home-sai-off-line-850va\/#primaryimage"},"image":{"@id":"https:\/\/aivlisoft.net\/shop\/producto\/salicru-sps-850-home-sai-off-line-850va\/#primaryimage"},"thumbnailUrl":"https:\/\/aivlisoft.net\/shop\/wp-content\/uploads\/2025\/01\/FSASFL0135_800.jpg","datePublished":"2025-01-13T14:02:34+00:00","dateModified":"2025-01-15T11:04:03+00:00","breadcrumb":{"@id":"https:\/\/aivlisoft.net\/shop\/producto\/salicru-sps-850-home-sai-off-line-850va\/#breadcrumb"},"inLanguage":"es","potentialAction":[{"@type":"ReadAction","target":["https:\/\/aivlisoft.net\/shop\/producto\/salicru-sps-850-home-sai-off-line-850va\/"]}]},{"@type":"ImageObject","inLanguage":"es","@id":"https:\/\/aivlisoft.net\/shop\/producto\/salicru-sps-850-home-sai-off-line-850va\/#primaryimage","url":"https:\/\/aivlisoft.net\/shop\/wp-content\/uploads\/2025\/01\/FSASFL0135_800.jpg","contentUrl":"https:\/\/aivlisoft.net\/shop\/wp-content\/uploads\/2025\/01\/FSASFL0135_800.jpg","width":800,"height":800},{"@type":"BreadcrumbList","@id":"https:\/\/aivlisoft.net\/shop\/producto\/salicru-sps-850-home-sai-off-line-850va\/#breadcrumb","itemListElement":[{"@type":"ListItem","position":1,"name":"Portada","item":"https:\/\/aivlisoft.net\/shop\/"},{"@type":"ListItem","position":2,"name":"Tienda","item":"https:\/\/aivlisoft.net\/shop\/tienda\/"},{"@type":"ListItem","position":3,"name":"Salicru SPS-850 Home SAI Off-Line 850VA"}]},{"@type":"WebSite","@id":"https:\/\/aivlisoft.net\/shop\/#website","url":"https:\/\/aivlisoft.net\/shop\/","name":"Aivlisoft Inform\u00e1tica","description":"En Aivlisoft Inform\u00e1tica ofrecemos soluciones tecnol\u00f3gicas para empresas: venta de ordenadores, consumibles, perif\u00e9ricos y m\u00e1s. Calidad, atenci\u00f3n personalizada y los mejores precios para tu negocio.","publisher":{"@id":"https:\/\/aivlisoft.net\/shop\/#organization"},"potentialAction":[{"@type":"SearchAction","target":{"@type":"EntryPoint","urlTemplate":"https:\/\/aivlisoft.net\/shop\/?s={search_term_string}"},"query-input":{"@type":"PropertyValueSpecification","valueRequired":true,"valueName":"search_term_string"}}],"inLanguage":"es"},{"@type":"Organization","@id":"https:\/\/aivlisoft.net\/shop\/#organization","name":"Aivlisoft Inform\u00e1tica","url":"https:\/\/aivlisoft.net\/shop\/","logo":{"@type":"ImageObject","inLanguage":"es","@id":"https:\/\/aivlisoft.net\/shop\/#\/schema\/logo\/image\/","url":"https:\/\/aivlisoft.net\/shop\/wp-content\/uploads\/2024\/12\/removal.ai_5b848c54-0cdf-4140-95c5-c5536bb7573b-logodef.png","contentUrl":"https:\/\/aivlisoft.net\/shop\/wp-content\/uploads\/2024\/12\/removal.ai_5b848c54-0cdf-4140-95c5-c5536bb7573b-logodef.png","width":484,"height":182,"caption":"Aivlisoft Inform\u00e1tica"},"image":{"@id":"https:\/\/aivlisoft.net\/shop\/#\/schema\/logo\/image\/"}}]}},"_links":{"self":[{"href":"https:\/\/aivlisoft.net\/shop\/wp-json\/wp\/v2\/product\/10108","targetHints":{"allow":["GET"]}}],"collection":[{"href":"https:\/\/aivlisoft.net\/shop\/wp-json\/wp\/v2\/product"}],"about":[{"href":"https:\/\/aivlisoft.net\/shop\/wp-json\/wp\/v2\/types\/product"}],"wp:featuredmedia":[{"embeddable":true,"href":"https:\/\/aivlisoft.net\/shop\/wp-json\/wp\/v2\/media\/10109"}],"wp:attachment":[{"href":"https:\/\/aivlisoft.net\/shop\/wp-json\/wp\/v2\/media?parent=10108"}],"wp:term":[{"taxonomy":"product_brand","embeddable":true,"href":"https:\/\/aivlisoft.net\/shop\/wp-json\/wp\/v2\/product_brand?post=10108"},{"taxonomy":"product_cat","embeddable":true,"href":"https:\/\/aivlisoft.net\/shop\/wp-json\/wp\/v2\/product_cat?post=10108"},{"taxonomy":"product_tag","embeddable":true,"href":"https:\/\/aivlisoft.net\/shop\/wp-json\/wp\/v2\/product_tag?post=10108"}],"curies":[{"name":"wp","href":"https:\/\/api.w.org\/{rel}","templated":true}]}}