{"id":10086,"date":"2025-01-13T14:02:26","date_gmt":"2025-01-13T14:02:26","guid":{"rendered":"https:\/\/aivlisoft.com\/?post_type=product&#038;p=10086"},"modified":"2025-01-15T11:06:30","modified_gmt":"2025-01-15T11:06:30","slug":"asus-dvd-rw-sdrw-08d2s-u-slim-blanca-usb-13mm","status":"publish","type":"product","link":"https:\/\/aivlisoft.net\/shop\/producto\/asus-dvd-rw-sdrw-08d2s-u-slim-blanca-usb-13mm\/","title":{"rendered":"Asus DVD-RW SDRW-08D2S-U Slim Blanca USB 13mm"},"content":{"rendered":"<p><\/p>\n<table class=\"tabla_caracteristicas k-table\" width=\"100%\">\n<tbody>\n<tr>\n<td valign=\"top\"><strong>Marca<\/strong><\/td>\n<td>Asus<\/td>\n<\/tr>\n<tr>\n<td valign=\"top\"><strong>Modelo<\/strong><\/td>\n<td><strong>90-DQ0436-UA221KZ<\/strong><\/td>\n<\/tr>\n<tr>\n<td valign=\"top\"><strong>Velocidad<\/strong><\/td>\n<td><strong>Velocidad de lectura<\/strong><br \/>&#8211; DVD+R: 8X<br \/>&#8211; DVD-R: 8X<br \/>&#8211; DVD+RW: 8X<br \/>&#8211; DVD-RW: 8X<br \/>&#8211; DVD-ROM: 8X<br \/>&#8211; DVD+R(DL): 8X<br \/>&#8211; DVD-R(DL): 8X<br \/>&#8211; DVD-ROM(DL): 8X<br \/>&#8211; DVD-RAM: 5X<br \/>&#8211; CD-R: 24X<br \/>&#8211; CD-RW: 24X<br \/>&#8211; CD-ROM: 24X<br \/>&#8211; DVD Video Playback: 4X<br \/>&#8211; VCD Playback: 10X<br \/>&#8211; Audio CD Playback: 10X<br \/><strong>Velocidad de escritura<\/strong><br \/>&#8211; DVD+R: 8X<br \/>&#8211; DVD-R: 8X<br \/>&#8211; DVD+RW: 8X<br \/>&#8211; DVD-RW: 6X<br \/>&#8211; DVD+R(DL): 6X<br \/>&#8211; DVD-R (DL): 6X<br \/>&#8211; DVD-RAM: 5X<br \/>&#8211; CD-R: 24X<br \/>&#8211; CD-RW: 16X<\/td>\n<\/tr>\n<tr>\n<td valign=\"top\"><strong>Otras caracter&iacute;sticas<\/strong><\/td>\n<td><strong>Modo de escritura<\/strong><br \/>&#8211; DVD+R &amp; DVD+R (DL): Escritura secuencial<br \/>&#8211; DVD-R &amp; DVD-R(DL): DAO\/Escritura incremental<br \/>&#8211; DVD+RW: Escritura aleatoria<br \/>&#8211; DVD-RW: DAO\/Sobrescritura restringida\/Escritura incremental<br \/>&#8211; DVD-RAM: Escritura aleatoria<br \/>&#8211; CD-R\/RW: DAO\/TAO\/SAO\/Escritura de paquetes<br \/><strong>Tiempo de acceso<\/strong><br \/>&#8211; DVD: 160 ms<br \/>&#8211; CD: 140 ms<br \/><strong>Interfaz<\/strong><br \/>&#8211; USB 2.0<br \/><strong>SO compatibles<\/strong><br \/>&#8211; Windows&reg; 10<br \/>&#8211; Windows&reg; 8\/8.1<br \/>&#8211; Windows&reg; 7<br \/>&#8211; Mac OS&reg; X 10.6 y superior<br \/><strong>Requisitos m&iacute;nimos<\/strong><br \/>&#8211; Procesador: Intel Pentium&reg; 4 2.0GHz o AMD Athlon 2100+ o superior.<br \/>&#8211; Memoria: Se recomienda al menos 512MB.<br \/>&#8211; Disco duro: al menos 10GB.<br \/><strong>Software<\/strong><br \/>&#8211; Cyberlink Power2Go 7<br \/>&#8211; E-Green<br \/><strong>Formatos de discos<\/strong><br \/>&#8211; Audio CD, Video CD, CD-I, CD-Extra, Photo CD, CD-Text, CD-ROM\/XA, CD multisesi&oacute;n, DVD Video<br \/><strong>Di&aacute;metros de disco<\/strong><br \/>&#8211; 12cm\/8cm<br \/><strong>Orientaci&oacute;n de montaje<\/strong><br \/>&#8211; Vertical y horizontal (+5&deg; ~ -5&deg;)<br \/><strong>Dimensiones y peso<\/strong><br \/>&#8211; Dimensiones: 142 x 142 x 20 mm (LxWxH)<br \/>&#8211; Peso: 280 gr.<br \/><strong>Alimentaci&oacute;n<\/strong><br \/>&#8211; Alimentaci&oacute;n USB +5V &plusmn; 5%<\/td>\n<\/tr>\n<tr>\n<td valign=\"top\"><strong>Fecha de revisi&oacute;n<\/strong><\/td>\n<td>21-03-2019 por MSB<\/td>\n<\/tr>\n<\/tbody>\n<\/table>\n","protected":false},"excerpt":{"rendered":"<p>Marca Asus Modelo 90-DQ0436-UA221KZ Velocidad Velocidad de lectura&#8211; DVD+R: 8X&#8211; DVD-R: 8X&#8211; DVD+RW: 8X&#8211; DVD-RW: 8X&#8211; DVD-ROM: 8X&#8211; DVD+R(DL): 8X&#8211; DVD-R(DL): 8X&#8211; DVD-ROM(DL): 8X&#8211; DVD-RAM: 5X&#8211; CD-R: 24X&#8211; CD-RW: 24X&#8211; CD-ROM: 24X&#8211; DVD Video Playback: 4X&#8211; VCD Playback: 10X&#8211; Audio CD Playback: 10XVelocidad de escritura&#8211; DVD+R: 8X&#8211; DVD-R: 8X&#8211; DVD+RW: 8X&#8211; DVD-RW: 6X&#8211; DVD+R(DL): 6X&#8211;&hellip;&nbsp;<a href=\"https:\/\/aivlisoft.net\/shop\/producto\/asus-dvd-rw-sdrw-08d2s-u-slim-blanca-usb-13mm\/\" rel=\"bookmark\"><span class=\"screen-reader-text\">Asus DVD-RW SDRW-08D2S-U Slim Blanca USB 13mm<\/span><\/a><\/p>\n","protected":false},"featured_media":10087,"template":"","meta":{"neve_meta_sidebar":"","neve_meta_container":"","neve_meta_enable_content_width":"","neve_meta_content_width":0,"neve_meta_title_alignment":"","neve_meta_author_avatar":"","neve_post_elements_order":"","neve_meta_disable_header":"","neve_meta_disable_footer":"","neve_meta_disable_title":""},"product_brand":[],"product_cat":[15,2272,8709],"product_tag":[3939],"class_list":{"0":"post-10086","1":"product","2":"type-product","3":"status-publish","4":"has-post-thumbnail","6":"product_cat-sin-categorizar","7":"product_cat-cd-dvd-blu-ray","8":"product_cat-dvd-r-rw","9":"product_tag-90-dq0436-ua221kz","11":"first","12":"instock","13":"taxable","14":"shipping-taxable","15":"purchasable","16":"product-type-simple"},"yoast_head":"<!-- This site is optimized with the Yoast SEO plugin v26.0 - https:\/\/yoast.com\/wordpress\/plugins\/seo\/ -->\n<title>Asus DVD-RW SDRW-08D2S-U Slim Blanca USB 13mm - Aivlisoft Inform\u00e1tica<\/title>\n<meta name=\"robots\" content=\"index, follow, max-snippet:-1, max-image-preview:large, max-video-preview:-1\" \/>\n<link rel=\"canonical\" href=\"https:\/\/aivlisoft.net\/shop\/producto\/asus-dvd-rw-sdrw-08d2s-u-slim-blanca-usb-13mm\/\" \/>\n<meta property=\"og:locale\" content=\"es_ES\" \/>\n<meta property=\"og:type\" content=\"article\" \/>\n<meta property=\"og:title\" content=\"Asus DVD-RW SDRW-08D2S-U Slim Blanca USB 13mm - Aivlisoft Inform\u00e1tica\" \/>\n<meta property=\"og:description\" content=\"Marca Asus Modelo 90-DQ0436-UA221KZ Velocidad Velocidad de lectura&#8211; DVD+R: 8X&#8211; DVD-R: 8X&#8211; DVD+RW: 8X&#8211; DVD-RW: 8X&#8211; DVD-ROM: 8X&#8211; DVD+R(DL): 8X&#8211; DVD-R(DL): 8X&#8211; DVD-ROM(DL): 8X&#8211; DVD-RAM: 5X&#8211; CD-R: 24X&#8211; CD-RW: 24X&#8211; CD-ROM: 24X&#8211; DVD Video Playback: 4X&#8211; VCD Playback: 10X&#8211; Audio CD Playback: 10XVelocidad de escritura&#8211; DVD+R: 8X&#8211; DVD-R: 8X&#8211; DVD+RW: 8X&#8211; DVD-RW: 6X&#8211; DVD+R(DL): 6X&#8211;&hellip;&nbsp;Asus DVD-RW SDRW-08D2S-U Slim Blanca USB 13mm\" \/>\n<meta property=\"og:url\" content=\"https:\/\/aivlisoft.net\/shop\/producto\/asus-dvd-rw-sdrw-08d2s-u-slim-blanca-usb-13mm\/\" \/>\n<meta property=\"og:site_name\" content=\"Aivlisoft Inform\u00e1tica\" \/>\n<meta property=\"article:modified_time\" content=\"2025-01-15T11:06:30+00:00\" \/>\n<meta property=\"og:image\" content=\"https:\/\/aivlisoft.net\/shop\/wp-content\/uploads\/2025\/01\/FOERED0053_800.jpg\" \/>\n\t<meta property=\"og:image:width\" content=\"800\" \/>\n\t<meta property=\"og:image:height\" content=\"800\" \/>\n\t<meta property=\"og:image:type\" content=\"image\/jpeg\" \/>\n<meta name=\"twitter:card\" content=\"summary_large_image\" \/>\n<meta name=\"twitter:label1\" content=\"Tiempo de lectura\" \/>\n\t<meta name=\"twitter:data1\" content=\"1 minuto\" \/>\n<script type=\"application\/ld+json\" class=\"yoast-schema-graph\">{\"@context\":\"https:\/\/schema.org\",\"@graph\":[{\"@type\":\"WebPage\",\"@id\":\"https:\/\/aivlisoft.net\/shop\/producto\/asus-dvd-rw-sdrw-08d2s-u-slim-blanca-usb-13mm\/\",\"url\":\"https:\/\/aivlisoft.net\/shop\/producto\/asus-dvd-rw-sdrw-08d2s-u-slim-blanca-usb-13mm\/\",\"name\":\"Asus DVD-RW SDRW-08D2S-U Slim Blanca USB 13mm - Aivlisoft Inform\u00e1tica\",\"isPartOf\":{\"@id\":\"https:\/\/aivlisoft.net\/shop\/#website\"},\"primaryImageOfPage\":{\"@id\":\"https:\/\/aivlisoft.net\/shop\/producto\/asus-dvd-rw-sdrw-08d2s-u-slim-blanca-usb-13mm\/#primaryimage\"},\"image\":{\"@id\":\"https:\/\/aivlisoft.net\/shop\/producto\/asus-dvd-rw-sdrw-08d2s-u-slim-blanca-usb-13mm\/#primaryimage\"},\"thumbnailUrl\":\"https:\/\/aivlisoft.net\/shop\/wp-content\/uploads\/2025\/01\/FOERED0053_800.jpg\",\"datePublished\":\"2025-01-13T14:02:26+00:00\",\"dateModified\":\"2025-01-15T11:06:30+00:00\",\"breadcrumb\":{\"@id\":\"https:\/\/aivlisoft.net\/shop\/producto\/asus-dvd-rw-sdrw-08d2s-u-slim-blanca-usb-13mm\/#breadcrumb\"},\"inLanguage\":\"es\",\"potentialAction\":[{\"@type\":\"ReadAction\",\"target\":[\"https:\/\/aivlisoft.net\/shop\/producto\/asus-dvd-rw-sdrw-08d2s-u-slim-blanca-usb-13mm\/\"]}]},{\"@type\":\"ImageObject\",\"inLanguage\":\"es\",\"@id\":\"https:\/\/aivlisoft.net\/shop\/producto\/asus-dvd-rw-sdrw-08d2s-u-slim-blanca-usb-13mm\/#primaryimage\",\"url\":\"https:\/\/aivlisoft.net\/shop\/wp-content\/uploads\/2025\/01\/FOERED0053_800.jpg\",\"contentUrl\":\"https:\/\/aivlisoft.net\/shop\/wp-content\/uploads\/2025\/01\/FOERED0053_800.jpg\",\"width\":800,\"height\":800},{\"@type\":\"BreadcrumbList\",\"@id\":\"https:\/\/aivlisoft.net\/shop\/producto\/asus-dvd-rw-sdrw-08d2s-u-slim-blanca-usb-13mm\/#breadcrumb\",\"itemListElement\":[{\"@type\":\"ListItem\",\"position\":1,\"name\":\"Portada\",\"item\":\"https:\/\/aivlisoft.net\/shop\/\"},{\"@type\":\"ListItem\",\"position\":2,\"name\":\"Tienda\",\"item\":\"https:\/\/aivlisoft.net\/shop\/tienda\/\"},{\"@type\":\"ListItem\",\"position\":3,\"name\":\"Asus DVD-RW SDRW-08D2S-U Slim Blanca USB 13mm\"}]},{\"@type\":\"WebSite\",\"@id\":\"https:\/\/aivlisoft.net\/shop\/#website\",\"url\":\"https:\/\/aivlisoft.net\/shop\/\",\"name\":\"Aivlisoft Inform\u00e1tica\",\"description\":\"En Aivlisoft Inform\u00e1tica ofrecemos soluciones tecnol\u00f3gicas para empresas: venta de ordenadores, consumibles, perif\u00e9ricos y m\u00e1s. Calidad, atenci\u00f3n personalizada y los mejores precios para tu negocio.\",\"publisher\":{\"@id\":\"https:\/\/aivlisoft.net\/shop\/#organization\"},\"potentialAction\":[{\"@type\":\"SearchAction\",\"target\":{\"@type\":\"EntryPoint\",\"urlTemplate\":\"https:\/\/aivlisoft.net\/shop\/?s={search_term_string}\"},\"query-input\":{\"@type\":\"PropertyValueSpecification\",\"valueRequired\":true,\"valueName\":\"search_term_string\"}}],\"inLanguage\":\"es\"},{\"@type\":\"Organization\",\"@id\":\"https:\/\/aivlisoft.net\/shop\/#organization\",\"name\":\"Aivlisoft Inform\u00e1tica\",\"url\":\"https:\/\/aivlisoft.net\/shop\/\",\"logo\":{\"@type\":\"ImageObject\",\"inLanguage\":\"es\",\"@id\":\"https:\/\/aivlisoft.net\/shop\/#\/schema\/logo\/image\/\",\"url\":\"https:\/\/aivlisoft.net\/shop\/wp-content\/uploads\/2024\/12\/removal.ai_5b848c54-0cdf-4140-95c5-c5536bb7573b-logodef.png\",\"contentUrl\":\"https:\/\/aivlisoft.net\/shop\/wp-content\/uploads\/2024\/12\/removal.ai_5b848c54-0cdf-4140-95c5-c5536bb7573b-logodef.png\",\"width\":484,\"height\":182,\"caption\":\"Aivlisoft Inform\u00e1tica\"},\"image\":{\"@id\":\"https:\/\/aivlisoft.net\/shop\/#\/schema\/logo\/image\/\"}}]}<\/script>\n<!-- \/ Yoast SEO plugin. -->","yoast_head_json":{"title":"Asus DVD-RW SDRW-08D2S-U Slim Blanca USB 13mm - Aivlisoft Inform\u00e1tica","robots":{"index":"index","follow":"follow","max-snippet":"max-snippet:-1","max-image-preview":"max-image-preview:large","max-video-preview":"max-video-preview:-1"},"canonical":"https:\/\/aivlisoft.net\/shop\/producto\/asus-dvd-rw-sdrw-08d2s-u-slim-blanca-usb-13mm\/","og_locale":"es_ES","og_type":"article","og_title":"Asus DVD-RW SDRW-08D2S-U Slim Blanca USB 13mm - Aivlisoft Inform\u00e1tica","og_description":"Marca Asus Modelo 90-DQ0436-UA221KZ Velocidad Velocidad de lectura&#8211; DVD+R: 8X&#8211; DVD-R: 8X&#8211; DVD+RW: 8X&#8211; DVD-RW: 8X&#8211; DVD-ROM: 8X&#8211; DVD+R(DL): 8X&#8211; DVD-R(DL): 8X&#8211; DVD-ROM(DL): 8X&#8211; DVD-RAM: 5X&#8211; CD-R: 24X&#8211; CD-RW: 24X&#8211; CD-ROM: 24X&#8211; DVD Video Playback: 4X&#8211; VCD Playback: 10X&#8211; Audio CD Playback: 10XVelocidad de escritura&#8211; DVD+R: 8X&#8211; DVD-R: 8X&#8211; DVD+RW: 8X&#8211; DVD-RW: 6X&#8211; DVD+R(DL): 6X&#8211;&hellip;&nbsp;Asus DVD-RW SDRW-08D2S-U Slim Blanca USB 13mm","og_url":"https:\/\/aivlisoft.net\/shop\/producto\/asus-dvd-rw-sdrw-08d2s-u-slim-blanca-usb-13mm\/","og_site_name":"Aivlisoft Inform\u00e1tica","article_modified_time":"2025-01-15T11:06:30+00:00","og_image":[{"width":800,"height":800,"url":"https:\/\/aivlisoft.net\/shop\/wp-content\/uploads\/2025\/01\/FOERED0053_800.jpg","type":"image\/jpeg"}],"twitter_card":"summary_large_image","twitter_misc":{"Tiempo de lectura":"1 minuto"},"schema":{"@context":"https:\/\/schema.org","@graph":[{"@type":"WebPage","@id":"https:\/\/aivlisoft.net\/shop\/producto\/asus-dvd-rw-sdrw-08d2s-u-slim-blanca-usb-13mm\/","url":"https:\/\/aivlisoft.net\/shop\/producto\/asus-dvd-rw-sdrw-08d2s-u-slim-blanca-usb-13mm\/","name":"Asus DVD-RW SDRW-08D2S-U Slim Blanca USB 13mm - Aivlisoft Inform\u00e1tica","isPartOf":{"@id":"https:\/\/aivlisoft.net\/shop\/#website"},"primaryImageOfPage":{"@id":"https:\/\/aivlisoft.net\/shop\/producto\/asus-dvd-rw-sdrw-08d2s-u-slim-blanca-usb-13mm\/#primaryimage"},"image":{"@id":"https:\/\/aivlisoft.net\/shop\/producto\/asus-dvd-rw-sdrw-08d2s-u-slim-blanca-usb-13mm\/#primaryimage"},"thumbnailUrl":"https:\/\/aivlisoft.net\/shop\/wp-content\/uploads\/2025\/01\/FOERED0053_800.jpg","datePublished":"2025-01-13T14:02:26+00:00","dateModified":"2025-01-15T11:06:30+00:00","breadcrumb":{"@id":"https:\/\/aivlisoft.net\/shop\/producto\/asus-dvd-rw-sdrw-08d2s-u-slim-blanca-usb-13mm\/#breadcrumb"},"inLanguage":"es","potentialAction":[{"@type":"ReadAction","target":["https:\/\/aivlisoft.net\/shop\/producto\/asus-dvd-rw-sdrw-08d2s-u-slim-blanca-usb-13mm\/"]}]},{"@type":"ImageObject","inLanguage":"es","@id":"https:\/\/aivlisoft.net\/shop\/producto\/asus-dvd-rw-sdrw-08d2s-u-slim-blanca-usb-13mm\/#primaryimage","url":"https:\/\/aivlisoft.net\/shop\/wp-content\/uploads\/2025\/01\/FOERED0053_800.jpg","contentUrl":"https:\/\/aivlisoft.net\/shop\/wp-content\/uploads\/2025\/01\/FOERED0053_800.jpg","width":800,"height":800},{"@type":"BreadcrumbList","@id":"https:\/\/aivlisoft.net\/shop\/producto\/asus-dvd-rw-sdrw-08d2s-u-slim-blanca-usb-13mm\/#breadcrumb","itemListElement":[{"@type":"ListItem","position":1,"name":"Portada","item":"https:\/\/aivlisoft.net\/shop\/"},{"@type":"ListItem","position":2,"name":"Tienda","item":"https:\/\/aivlisoft.net\/shop\/tienda\/"},{"@type":"ListItem","position":3,"name":"Asus DVD-RW SDRW-08D2S-U Slim Blanca USB 13mm"}]},{"@type":"WebSite","@id":"https:\/\/aivlisoft.net\/shop\/#website","url":"https:\/\/aivlisoft.net\/shop\/","name":"Aivlisoft Inform\u00e1tica","description":"En Aivlisoft Inform\u00e1tica ofrecemos soluciones tecnol\u00f3gicas para empresas: venta de ordenadores, consumibles, perif\u00e9ricos y m\u00e1s. Calidad, atenci\u00f3n personalizada y los mejores precios para tu negocio.","publisher":{"@id":"https:\/\/aivlisoft.net\/shop\/#organization"},"potentialAction":[{"@type":"SearchAction","target":{"@type":"EntryPoint","urlTemplate":"https:\/\/aivlisoft.net\/shop\/?s={search_term_string}"},"query-input":{"@type":"PropertyValueSpecification","valueRequired":true,"valueName":"search_term_string"}}],"inLanguage":"es"},{"@type":"Organization","@id":"https:\/\/aivlisoft.net\/shop\/#organization","name":"Aivlisoft Inform\u00e1tica","url":"https:\/\/aivlisoft.net\/shop\/","logo":{"@type":"ImageObject","inLanguage":"es","@id":"https:\/\/aivlisoft.net\/shop\/#\/schema\/logo\/image\/","url":"https:\/\/aivlisoft.net\/shop\/wp-content\/uploads\/2024\/12\/removal.ai_5b848c54-0cdf-4140-95c5-c5536bb7573b-logodef.png","contentUrl":"https:\/\/aivlisoft.net\/shop\/wp-content\/uploads\/2024\/12\/removal.ai_5b848c54-0cdf-4140-95c5-c5536bb7573b-logodef.png","width":484,"height":182,"caption":"Aivlisoft Inform\u00e1tica"},"image":{"@id":"https:\/\/aivlisoft.net\/shop\/#\/schema\/logo\/image\/"}}]}},"_links":{"self":[{"href":"https:\/\/aivlisoft.net\/shop\/wp-json\/wp\/v2\/product\/10086","targetHints":{"allow":["GET"]}}],"collection":[{"href":"https:\/\/aivlisoft.net\/shop\/wp-json\/wp\/v2\/product"}],"about":[{"href":"https:\/\/aivlisoft.net\/shop\/wp-json\/wp\/v2\/types\/product"}],"wp:featuredmedia":[{"embeddable":true,"href":"https:\/\/aivlisoft.net\/shop\/wp-json\/wp\/v2\/media\/10087"}],"wp:attachment":[{"href":"https:\/\/aivlisoft.net\/shop\/wp-json\/wp\/v2\/media?parent=10086"}],"wp:term":[{"taxonomy":"product_brand","embeddable":true,"href":"https:\/\/aivlisoft.net\/shop\/wp-json\/wp\/v2\/product_brand?post=10086"},{"taxonomy":"product_cat","embeddable":true,"href":"https:\/\/aivlisoft.net\/shop\/wp-json\/wp\/v2\/product_cat?post=10086"},{"taxonomy":"product_tag","embeddable":true,"href":"https:\/\/aivlisoft.net\/shop\/wp-json\/wp\/v2\/product_tag?post=10086"}],"curies":[{"name":"wp","href":"https:\/\/api.w.org\/{rel}","templated":true}]}}