{"id":10056,"date":"2025-01-13T14:02:09","date_gmt":"2025-01-13T14:02:09","guid":{"rendered":"https:\/\/aivlisoft.com\/?post_type=product&#038;p=10056"},"modified":"2025-01-14T10:50:03","modified_gmt":"2025-01-14T10:50:03","slug":"lg-25ms550-b-monitor-24-5-ips-100hz-2xhdmi-mm-aa","status":"publish","type":"product","link":"https:\/\/aivlisoft.net\/shop\/producto\/lg-25ms550-b-monitor-24-5-ips-100hz-2xhdmi-mm-aa\/","title":{"rendered":"LG 25MS550-B Monitor 24.5&#8243; IPS 100hz 2xHDMI MM AA"},"content":{"rendered":"<p><\/p>\n<table class=\"tabla_caracteristicas k-table\" width=\"100%\">\n<tr>\n<td valign=\"top\"><strong>Marca<\/strong><\/td>\n<td>LG<\/td>\n<\/tr>\n<tr>\n<td valign=\"top\"><strong>Modelo<\/strong><\/td>\n<td><strong>25MS550-B<\/strong><\/td>\n<\/tr>\n<tr>\n<td valign=\"top\"><strong>Pantalla<\/strong><\/td>\n<td>&#8211; Tama&ntilde;o: <strong>24.5&#8243; <\/strong>(62.23)<br \/>\t\t\t&#8211; Resoluci&oacute;n:1920 x 1080<br \/>\t\t\t&#8211; Tipo de panel: IPS<br \/>\t\t\t&#8211; Ratio de aspecto:16:9<br \/>\t\t\t&#8211; Tamano del pixel [mm]: 0.0944 x 0.2802<br \/>\t\t\t&#8211; Brillo (Min.)[cd\/m&sup2;]: 200<br \/>\t\t\t&#8211; Brillo (Tip.)[cd\/m&sup2;]: 250<br \/>\t\t\t&#8211; Gama de Color (Min.): NTSC 68% (CIE1931)<br \/>\t\t\t&#8211; Gama de Color (Tip.): NTSC 72% (CIE1931)<br \/>\t\t\t&#8211; Profundidad de Color (Numero de colores): 16.7M<br \/>\t\t\t&#8211; Ratio de Contraste (Min.): 700:1<br \/>\t\t\t&#8211; Ratio de contraste(Tip.): 1000:1<br \/>\t\t\t&#8211; Tiempo de respuesta: 5ms (GtG at Faster)<br \/>\t\t\t&#8211; Tasa de refresco (Max)[Hz]: 100<br \/>\t\t\t&#8211; Angulo de vision (CR&ge;10): 178&ordm;(R\/L), 178&ordm;(U\/D)<\/td>\n<\/tr>\n<tr>\n<td valign=\"top\"><strong>Conexi&oacute;n<\/strong><\/td>\n<td>&#8211; 1 x HDMI<br \/>\t\t\t&#8211; Salida para Auriculares 3-pole (Sound Only)<\/td>\n<\/tr>\n<tr>\n<td valign=\"top\"><strong>Caracter&iacute;stica<\/strong><\/td>\n<td>&#8211; Proteccion anti-parpadeo<br \/>\t\t\t&#8211; Modo de lectura<br \/>\t\t\t&#8211; Debilidad de Color<br \/>\t\t\t&#8211; Super Resolution+<br \/>\t\t\t&#8211; Estabilizador de Negros<br \/>\t\t\t&#8211; Dynamic Action Sync<br \/>\t\t\t&#8211; Cruceta<br \/>\t\t\t&#8211; Auto Input Switch<br \/>\t\t\t&#8211; Ahorro inteligente de energia<br \/>\t\t\t<strong>Sonido<br \/>\t\t\t&#8211;<\/strong> Altavoz: 2W x 2<br \/>\t\t\t<strong>SW<\/strong><br \/>\t\t\t&#8211; OnScreen Control (LG Screen Manager)<br \/>\t\t\t<strong>Alimentaci&oacute;n<\/strong><br \/>\t\t\t&#8211; Tipo: Alimentaci&oacute;n externa (Adaptador)<br \/>\t\t\t&#8211; Entrada CA: 100~240V (50\/60Hz)<br \/>\t\t\t&#8211; Consumo de potencia (Consejo): 19W<br \/>\t\t\t&#8211; Consumo de potencia (Estrella energ&eacute;tica): 15W<br \/>\t\t\t&#8211; Consumo de potencia (Modo suspensi&oacute;n): Menos de 0,5W<br \/>\t\t\t&#8211; Consumo de potencia (DC apagado): Menos de 0.3W<br \/>\t\t\t<strong>Caracter&iacute;sticas Mec&aacute;nicas<\/strong><br \/>\t\t\t&#8211; Ajustes de posicion de la pantalla: Inclinaci&oacute;n\/Altura<br \/>\t\t\t&#8211; Montaje en pared: 75 x 75 mm<br \/>\t\t\t<strong>Dimensiones y peso<\/strong><br \/>\t\t\t&#8211; 557,5 x 475,2 x 219,4 mm<br \/>\t\t\t&#8211; 3,2 kg<\/td>\n<\/tr>\n<tr>\n<td valign=\"top\"><strong>Certificado energ&eacute;tico<\/strong><\/td>\n<td><a alt=\"Certificado energ&Atilde;&#402;??????&Atilde;&#402;?????&Atilde;&#402;????&Atilde;&#402;???&Atilde;&#402;??&Atilde;&#402;?&Atilde;&#8218;&Acirc;&copy;tico\" href=\"https:\/\/www.infortisa.com\/images\/content\/2024111109502228844FMOMLE0961.webp\" target=\"_blank\">Ver certificado<\/a><\/td>\n<\/tr>\n<tr>\n<td valign=\"top\"><strong>Fecha de revisi&oacute;n<\/strong><\/td>\n<td>11-11-2024 por RTY<\/td>\n<\/tr>\n<\/table>\n","protected":false},"excerpt":{"rendered":"<p>Marca LG Modelo 25MS550-B Pantalla &#8211; Tama&ntilde;o: 24.5&#8243; (62.23) &#8211; Resoluci&oacute;n:1920 x 1080 &#8211; Tipo de panel: IPS &#8211; Ratio de aspecto:16:9 &#8211; Tamano del pixel [mm]: 0.0944 x 0.2802 &#8211; Brillo (Min.)[cd\/m&sup2;]: 200 &#8211; Brillo (Tip.)[cd\/m&sup2;]: 250 &#8211; Gama de Color (Min.): NTSC 68% (CIE1931) &#8211; Gama de Color (Tip.): NTSC 72% (CIE1931) &#8211;&hellip;&nbsp;<a href=\"https:\/\/aivlisoft.net\/shop\/producto\/lg-25ms550-b-monitor-24-5-ips-100hz-2xhdmi-mm-aa\/\" rel=\"bookmark\"><span class=\"screen-reader-text\">LG 25MS550-B Monitor 24.5&#8243; IPS 100hz 2xHDMI MM AA<\/span><\/a><\/p>\n","protected":false},"featured_media":0,"template":"","meta":{"neve_meta_sidebar":"","neve_meta_container":"","neve_meta_enable_content_width":"","neve_meta_content_width":0,"neve_meta_title_alignment":"","neve_meta_author_avatar":"","neve_post_elements_order":"","neve_meta_disable_header":"","neve_meta_disable_footer":"","neve_meta_disable_title":""},"product_brand":[],"product_cat":[8720],"product_tag":[3920],"class_list":{"0":"post-10056","1":"product","2":"type-product","3":"status-publish","5":"product_cat-monitores-led","6":"product_tag-25ms550-b","8":"first","9":"instock","10":"taxable","11":"shipping-taxable","12":"purchasable","13":"product-type-simple"},"yoast_head":"<!-- This site is optimized with the Yoast SEO plugin v26.0 - https:\/\/yoast.com\/wordpress\/plugins\/seo\/ -->\n<title>LG 25MS550-B Monitor 24.5&quot; IPS 100hz 2xHDMI MM AA - Aivlisoft Inform\u00e1tica<\/title>\n<meta name=\"robots\" content=\"index, follow, max-snippet:-1, max-image-preview:large, max-video-preview:-1\" \/>\n<link rel=\"canonical\" href=\"https:\/\/aivlisoft.net\/shop\/producto\/lg-25ms550-b-monitor-24-5-ips-100hz-2xhdmi-mm-aa\/\" \/>\n<meta property=\"og:locale\" content=\"es_ES\" \/>\n<meta property=\"og:type\" content=\"article\" \/>\n<meta property=\"og:title\" content=\"LG 25MS550-B Monitor 24.5&quot; IPS 100hz 2xHDMI MM AA - Aivlisoft Inform\u00e1tica\" \/>\n<meta property=\"og:description\" content=\"Marca LG Modelo 25MS550-B Pantalla &#8211; Tama&ntilde;o: 24.5&#8243; (62.23) &#8211; Resoluci&oacute;n:1920 x 1080 &#8211; Tipo de panel: IPS &#8211; Ratio de aspecto:16:9 &#8211; Tamano del pixel [mm]: 0.0944 x 0.2802 &#8211; Brillo (Min.)[cd\/m&sup2;]: 200 &#8211; Brillo (Tip.)[cd\/m&sup2;]: 250 &#8211; Gama de Color (Min.): NTSC 68% (CIE1931) &#8211; Gama de Color (Tip.): NTSC 72% (CIE1931) &#8211;&hellip;&nbsp;LG 25MS550-B Monitor 24.5&#8243; IPS 100hz 2xHDMI MM AA\" \/>\n<meta property=\"og:url\" content=\"https:\/\/aivlisoft.net\/shop\/producto\/lg-25ms550-b-monitor-24-5-ips-100hz-2xhdmi-mm-aa\/\" \/>\n<meta property=\"og:site_name\" content=\"Aivlisoft Inform\u00e1tica\" \/>\n<meta property=\"article:modified_time\" content=\"2025-01-14T10:50:03+00:00\" \/>\n<meta name=\"twitter:card\" content=\"summary_large_image\" \/>\n<meta name=\"twitter:label1\" content=\"Tiempo de lectura\" \/>\n\t<meta name=\"twitter:data1\" content=\"1 minuto\" \/>\n<script type=\"application\/ld+json\" class=\"yoast-schema-graph\">{\"@context\":\"https:\/\/schema.org\",\"@graph\":[{\"@type\":\"WebPage\",\"@id\":\"https:\/\/aivlisoft.net\/shop\/producto\/lg-25ms550-b-monitor-24-5-ips-100hz-2xhdmi-mm-aa\/\",\"url\":\"https:\/\/aivlisoft.net\/shop\/producto\/lg-25ms550-b-monitor-24-5-ips-100hz-2xhdmi-mm-aa\/\",\"name\":\"LG 25MS550-B Monitor 24.5\\\" IPS 100hz 2xHDMI MM AA - Aivlisoft Inform\u00e1tica\",\"isPartOf\":{\"@id\":\"https:\/\/aivlisoft.net\/shop\/#website\"},\"datePublished\":\"2025-01-13T14:02:09+00:00\",\"dateModified\":\"2025-01-14T10:50:03+00:00\",\"breadcrumb\":{\"@id\":\"https:\/\/aivlisoft.net\/shop\/producto\/lg-25ms550-b-monitor-24-5-ips-100hz-2xhdmi-mm-aa\/#breadcrumb\"},\"inLanguage\":\"es\",\"potentialAction\":[{\"@type\":\"ReadAction\",\"target\":[\"https:\/\/aivlisoft.net\/shop\/producto\/lg-25ms550-b-monitor-24-5-ips-100hz-2xhdmi-mm-aa\/\"]}]},{\"@type\":\"BreadcrumbList\",\"@id\":\"https:\/\/aivlisoft.net\/shop\/producto\/lg-25ms550-b-monitor-24-5-ips-100hz-2xhdmi-mm-aa\/#breadcrumb\",\"itemListElement\":[{\"@type\":\"ListItem\",\"position\":1,\"name\":\"Portada\",\"item\":\"https:\/\/aivlisoft.net\/shop\/\"},{\"@type\":\"ListItem\",\"position\":2,\"name\":\"Tienda\",\"item\":\"https:\/\/aivlisoft.net\/shop\/tienda\/\"},{\"@type\":\"ListItem\",\"position\":3,\"name\":\"LG 25MS550-B Monitor 24.5&#8243; IPS 100hz 2xHDMI MM AA\"}]},{\"@type\":\"WebSite\",\"@id\":\"https:\/\/aivlisoft.net\/shop\/#website\",\"url\":\"https:\/\/aivlisoft.net\/shop\/\",\"name\":\"Aivlisoft Inform\u00e1tica\",\"description\":\"En Aivlisoft Inform\u00e1tica ofrecemos soluciones tecnol\u00f3gicas para empresas: venta de ordenadores, consumibles, perif\u00e9ricos y m\u00e1s. Calidad, atenci\u00f3n personalizada y los mejores precios para tu negocio.\",\"publisher\":{\"@id\":\"https:\/\/aivlisoft.net\/shop\/#organization\"},\"potentialAction\":[{\"@type\":\"SearchAction\",\"target\":{\"@type\":\"EntryPoint\",\"urlTemplate\":\"https:\/\/aivlisoft.net\/shop\/?s={search_term_string}\"},\"query-input\":{\"@type\":\"PropertyValueSpecification\",\"valueRequired\":true,\"valueName\":\"search_term_string\"}}],\"inLanguage\":\"es\"},{\"@type\":\"Organization\",\"@id\":\"https:\/\/aivlisoft.net\/shop\/#organization\",\"name\":\"Aivlisoft Inform\u00e1tica\",\"url\":\"https:\/\/aivlisoft.net\/shop\/\",\"logo\":{\"@type\":\"ImageObject\",\"inLanguage\":\"es\",\"@id\":\"https:\/\/aivlisoft.net\/shop\/#\/schema\/logo\/image\/\",\"url\":\"https:\/\/aivlisoft.net\/shop\/wp-content\/uploads\/2024\/12\/removal.ai_5b848c54-0cdf-4140-95c5-c5536bb7573b-logodef.png\",\"contentUrl\":\"https:\/\/aivlisoft.net\/shop\/wp-content\/uploads\/2024\/12\/removal.ai_5b848c54-0cdf-4140-95c5-c5536bb7573b-logodef.png\",\"width\":484,\"height\":182,\"caption\":\"Aivlisoft Inform\u00e1tica\"},\"image\":{\"@id\":\"https:\/\/aivlisoft.net\/shop\/#\/schema\/logo\/image\/\"}}]}<\/script>\n<!-- \/ Yoast SEO plugin. -->","yoast_head_json":{"title":"LG 25MS550-B Monitor 24.5\" IPS 100hz 2xHDMI MM AA - Aivlisoft Inform\u00e1tica","robots":{"index":"index","follow":"follow","max-snippet":"max-snippet:-1","max-image-preview":"max-image-preview:large","max-video-preview":"max-video-preview:-1"},"canonical":"https:\/\/aivlisoft.net\/shop\/producto\/lg-25ms550-b-monitor-24-5-ips-100hz-2xhdmi-mm-aa\/","og_locale":"es_ES","og_type":"article","og_title":"LG 25MS550-B Monitor 24.5\" IPS 100hz 2xHDMI MM AA - Aivlisoft Inform\u00e1tica","og_description":"Marca LG Modelo 25MS550-B Pantalla &#8211; Tama&ntilde;o: 24.5&#8243; (62.23) &#8211; Resoluci&oacute;n:1920 x 1080 &#8211; Tipo de panel: IPS &#8211; Ratio de aspecto:16:9 &#8211; Tamano del pixel [mm]: 0.0944 x 0.2802 &#8211; Brillo (Min.)[cd\/m&sup2;]: 200 &#8211; Brillo (Tip.)[cd\/m&sup2;]: 250 &#8211; Gama de Color (Min.): NTSC 68% (CIE1931) &#8211; Gama de Color (Tip.): NTSC 72% (CIE1931) &#8211;&hellip;&nbsp;LG 25MS550-B Monitor 24.5&#8243; IPS 100hz 2xHDMI MM AA","og_url":"https:\/\/aivlisoft.net\/shop\/producto\/lg-25ms550-b-monitor-24-5-ips-100hz-2xhdmi-mm-aa\/","og_site_name":"Aivlisoft Inform\u00e1tica","article_modified_time":"2025-01-14T10:50:03+00:00","twitter_card":"summary_large_image","twitter_misc":{"Tiempo de lectura":"1 minuto"},"schema":{"@context":"https:\/\/schema.org","@graph":[{"@type":"WebPage","@id":"https:\/\/aivlisoft.net\/shop\/producto\/lg-25ms550-b-monitor-24-5-ips-100hz-2xhdmi-mm-aa\/","url":"https:\/\/aivlisoft.net\/shop\/producto\/lg-25ms550-b-monitor-24-5-ips-100hz-2xhdmi-mm-aa\/","name":"LG 25MS550-B Monitor 24.5\" IPS 100hz 2xHDMI MM AA - Aivlisoft Inform\u00e1tica","isPartOf":{"@id":"https:\/\/aivlisoft.net\/shop\/#website"},"datePublished":"2025-01-13T14:02:09+00:00","dateModified":"2025-01-14T10:50:03+00:00","breadcrumb":{"@id":"https:\/\/aivlisoft.net\/shop\/producto\/lg-25ms550-b-monitor-24-5-ips-100hz-2xhdmi-mm-aa\/#breadcrumb"},"inLanguage":"es","potentialAction":[{"@type":"ReadAction","target":["https:\/\/aivlisoft.net\/shop\/producto\/lg-25ms550-b-monitor-24-5-ips-100hz-2xhdmi-mm-aa\/"]}]},{"@type":"BreadcrumbList","@id":"https:\/\/aivlisoft.net\/shop\/producto\/lg-25ms550-b-monitor-24-5-ips-100hz-2xhdmi-mm-aa\/#breadcrumb","itemListElement":[{"@type":"ListItem","position":1,"name":"Portada","item":"https:\/\/aivlisoft.net\/shop\/"},{"@type":"ListItem","position":2,"name":"Tienda","item":"https:\/\/aivlisoft.net\/shop\/tienda\/"},{"@type":"ListItem","position":3,"name":"LG 25MS550-B Monitor 24.5&#8243; IPS 100hz 2xHDMI MM AA"}]},{"@type":"WebSite","@id":"https:\/\/aivlisoft.net\/shop\/#website","url":"https:\/\/aivlisoft.net\/shop\/","name":"Aivlisoft Inform\u00e1tica","description":"En Aivlisoft Inform\u00e1tica ofrecemos soluciones tecnol\u00f3gicas para empresas: venta de ordenadores, consumibles, perif\u00e9ricos y m\u00e1s. Calidad, atenci\u00f3n personalizada y los mejores precios para tu negocio.","publisher":{"@id":"https:\/\/aivlisoft.net\/shop\/#organization"},"potentialAction":[{"@type":"SearchAction","target":{"@type":"EntryPoint","urlTemplate":"https:\/\/aivlisoft.net\/shop\/?s={search_term_string}"},"query-input":{"@type":"PropertyValueSpecification","valueRequired":true,"valueName":"search_term_string"}}],"inLanguage":"es"},{"@type":"Organization","@id":"https:\/\/aivlisoft.net\/shop\/#organization","name":"Aivlisoft Inform\u00e1tica","url":"https:\/\/aivlisoft.net\/shop\/","logo":{"@type":"ImageObject","inLanguage":"es","@id":"https:\/\/aivlisoft.net\/shop\/#\/schema\/logo\/image\/","url":"https:\/\/aivlisoft.net\/shop\/wp-content\/uploads\/2024\/12\/removal.ai_5b848c54-0cdf-4140-95c5-c5536bb7573b-logodef.png","contentUrl":"https:\/\/aivlisoft.net\/shop\/wp-content\/uploads\/2024\/12\/removal.ai_5b848c54-0cdf-4140-95c5-c5536bb7573b-logodef.png","width":484,"height":182,"caption":"Aivlisoft Inform\u00e1tica"},"image":{"@id":"https:\/\/aivlisoft.net\/shop\/#\/schema\/logo\/image\/"}}]}},"_links":{"self":[{"href":"https:\/\/aivlisoft.net\/shop\/wp-json\/wp\/v2\/product\/10056","targetHints":{"allow":["GET"]}}],"collection":[{"href":"https:\/\/aivlisoft.net\/shop\/wp-json\/wp\/v2\/product"}],"about":[{"href":"https:\/\/aivlisoft.net\/shop\/wp-json\/wp\/v2\/types\/product"}],"wp:attachment":[{"href":"https:\/\/aivlisoft.net\/shop\/wp-json\/wp\/v2\/media?parent=10056"}],"wp:term":[{"taxonomy":"product_brand","embeddable":true,"href":"https:\/\/aivlisoft.net\/shop\/wp-json\/wp\/v2\/product_brand?post=10056"},{"taxonomy":"product_cat","embeddable":true,"href":"https:\/\/aivlisoft.net\/shop\/wp-json\/wp\/v2\/product_cat?post=10056"},{"taxonomy":"product_tag","embeddable":true,"href":"https:\/\/aivlisoft.net\/shop\/wp-json\/wp\/v2\/product_tag?post=10056"}],"curies":[{"name":"wp","href":"https:\/\/api.w.org\/{rel}","templated":true}]}}