{"id":10026,"date":"2025-01-13T14:01:52","date_gmt":"2025-01-13T14:01:52","guid":{"rendered":"https:\/\/aivlisoft.com\/?post_type=product&#038;p=10026"},"modified":"2025-01-14T10:49:49","modified_gmt":"2025-01-14T10:49:49","slug":"philips-27m2n3200s-monitor27-180hz-dp-2hdmi-mm","status":"publish","type":"product","link":"https:\/\/aivlisoft.net\/shop\/producto\/philips-27m2n3200s-monitor27-180hz-dp-2hdmi-mm\/","title":{"rendered":"Philips 27M2N3200S Monitor27&#8243; 180hz DP 2HDMI  MM"},"content":{"rendered":"<p><\/p>\n<table class=\"tabla_caracteristicas k-table\" width=\"100%\">\n<tr>\n<td valign=\"top\"><strong>Marca<\/strong><\/td>\n<td>Philips<\/td>\n<\/tr>\n<tr>\n<td valign=\"top\"><strong>Modelo<\/strong><\/td>\n<td><strong>27M2N3200S\/00<\/strong><\/td>\n<\/tr>\n<tr>\n<td valign=\"top\"><strong>Pantalla<\/strong><\/td>\n<td>\n<div>&#8211; Tama&ntilde;o de panel: <strong>27&#8243;<\/strong> (68,5 cm)<br \/>\t\t\t&#8211; Relaci&oacute;n de aspecto: 16:9<br \/>\t\t\t&#8211; Tipo de panel LCD: Tecnolog&iacute;a <strong>IPS<\/strong><br \/>\t\t\t&#8211; Tipo de retroiluminaci&oacute;n: Sistema White LED<br \/>\t\t\t&#8211; Punto de p&iacute;xel: 0,3114 x 0,3114 mm<br \/>\t\t\t&#8211; Brillo: 300&nbsp; cd\/m&sup2;<br \/>\t\t\t&#8211; Colores de pantalla: 16,7 M (8 bits)<br \/>\t\t\t&#8211; Gama de colores (t&iacute;pico): DCI-P3: 95 %*, sRGB: 128 %*, AdobeRGB: 90 %*<br \/>\t\t\t&#8211; Relaci&oacute;n de contraste (t&iacute;pica): 1000:1<br \/>\t\t\t&#8211; SmartContrast: Mega Infinity DCR<br \/>\t\t\t&#8211; Tiempo de respuesta (t&iacute;pico): 1 ms (gris a gris)*<br \/>\t\t\t&#8211; &Aacute;ngulo de visi&oacute;n<br \/>\t\t\t&nbsp; 178&deg; (H)\/178&deg; (V)<br \/>\t\t\t&nbsp; A C\/D &gt; 10<br \/>\t\t\t&#8211; Mejora de la imagen: Juego de SmartImage<br \/>\t\t\t&#8211; Resoluci&oacute;n m&aacute;xima: 1920 x 1080 a 180 Hz<br \/>\t\t\t&#8211; &Aacute;rea de visualizaci&oacute;n efectiva: 597,888 (H) x 336,312 (V)<br \/>\t\t\t&#8211; Frecuencia de escaneado: 30k &#8211; 200 kHz (H)\/48 &#8211; 180 Hz (V)<br \/>\t\t\t&#8211; sRGB<br \/>\t\t\t&#8211; Sin parpadeo<br \/>\t\t\t&#8211; Densidad de p&iacute;xeles: 81,59 ppp<br \/>\t\t\t&#8211; Modo LowBlue<br \/>\t\t\t&#8211; Revestimiento de la pantalla de visualizaci&oacute;n: Antirreflectante, 3 h, empa&ntilde;amiento 25 %<br \/>\t\t\t&#8211; EasyRead<br \/>\t\t\t&#8211; HDR: Compatible con HDR 10<br \/>\t\t\t&#8211; Smart Crosshair<br \/>\t\t\t&#8211; Potenciador de sombras<br \/>\t\t\t&#8211; Smart MBR: 0,5 ms*<\/div>\n<\/td>\n<\/tr>\n<tr>\n<td valign=\"top\"><strong>Conexi&oacute;n<\/strong><\/td>\n<td>&#8211; 2 x HDMI 2.0<br \/>\t\t\t&#8211; 1 x DisplayPort 1.4<br \/>\t\t\t&#8211; Entrada sincronizada: Sincronizaci&oacute;n separada<br \/>\t\t\t&#8211; Audio (entrada\/salida): Salida de audio<br \/>\t\t\t&#8211; HDCP 1.4 (HDMI\/DP), HDCP 2.2 (HDMI\/DP)<\/td>\n<\/tr>\n<tr>\n<td valign=\"top\"><strong>Caracter&iacute;sticas<\/strong><\/td>\n<td>\n<div>&#8211; Altavoces integrados: 2 x 2 W<br \/>\t\t\t&#8211; Compatibilidad Plug &amp; Play:<br \/>\t\t\t&nbsp; DDC\/CI<br \/>\t\t\t&nbsp; Mac OS X<br \/>\t\t\t&nbsp; sRGB<br \/>\t\t\t&nbsp; Windows 11 \/ 10<br \/>\t\t\t&#8211; Bloqueo Kensington<br \/>\t\t\t&#8211; Montaje VESA (100 x 100 mm)<br \/>\t\t\t&#8211; Modo LowBlue<br \/>\t\t\t&#8211; Inclinaci&oacute;n: -5\/20&nbsp; grado<br \/>\t\t\t<strong>Alimentaci&oacute;n<\/strong><br \/>\t\t\t&#8211; Interno: 100-240 V CA, 50-60 Hz<br \/>\t\t\t&#8211; Modo desactivado: 0,3 W (t&iacute;p.)<br \/>\t\t\t&#8211; En modo: 27,4 W (t&iacute;p.)<br \/>\t\t\t&#8211; Modo de espera: 0,5 W (t&iacute;p.)<br \/>\t\t\t<strong>Dimensiones y peso<\/strong><br \/>\t\t\t&#8211; 615 x 463 x 196&nbsp; mm<br \/>\t\t\t&#8211; 4,71&nbsp; kg<br \/>\t\t\t<strong>Contiene<\/strong><br \/>\t\t\t&#8211; Cable HDMI<br \/>\t\t\t&#8211; Cable DisplayPort<br \/>\t\t\t&#8211; Cable de alimentaci&oacute;n<\/div>\n<\/td>\n<\/tr>\n<tr>\n<td valign=\"top\"><strong>Certificado energ&eacute;tico<\/strong><\/td>\n<td><a alt=\"Certificado energ&Atilde;&copy;tico\" href=\"https:\/\/www.infortisa.com\/images\/content\/2024110517591228844FMOMLE0947.webp\" target=\"_blank\">Ver certificado<\/a><\/td>\n<\/tr>\n<tr>\n<td valign=\"top\"><strong>Fecha de revisi&oacute;n<\/strong><\/td>\n<td>05-11-2024 por RTY<\/td>\n<\/tr>\n<\/table>\n","protected":false},"excerpt":{"rendered":"<p>Marca Philips Modelo 27M2N3200S\/00 Pantalla &#8211; Tama&ntilde;o de panel: 27&#8243; (68,5 cm) &#8211; Relaci&oacute;n de aspecto: 16:9 &#8211; Tipo de panel LCD: Tecnolog&iacute;a IPS &#8211; Tipo de retroiluminaci&oacute;n: Sistema White LED &#8211; Punto de p&iacute;xel: 0,3114 x 0,3114 mm &#8211; Brillo: 300&nbsp; cd\/m&sup2; &#8211; Colores de pantalla: 16,7 M (8 bits) &#8211; Gama de colores&hellip;&nbsp;<a href=\"https:\/\/aivlisoft.net\/shop\/producto\/philips-27m2n3200s-monitor27-180hz-dp-2hdmi-mm\/\" rel=\"bookmark\"><span class=\"screen-reader-text\">Philips 27M2N3200S Monitor27&#8243; 180hz DP 2HDMI  MM<\/span><\/a><\/p>\n","protected":false},"featured_media":0,"template":"","meta":{"neve_meta_sidebar":"","neve_meta_container":"","neve_meta_enable_content_width":"","neve_meta_content_width":0,"neve_meta_title_alignment":"","neve_meta_author_avatar":"","neve_post_elements_order":"","neve_meta_disable_header":"","neve_meta_disable_footer":"","neve_meta_disable_title":""},"product_brand":[],"product_cat":[8720],"product_tag":[3908],"class_list":{"0":"post-10026","1":"product","2":"type-product","3":"status-publish","5":"product_cat-monitores-led","6":"product_tag-27m2n3200s-00","8":"first","9":"instock","10":"taxable","11":"shipping-taxable","12":"purchasable","13":"product-type-simple"},"yoast_head":"<!-- This site is optimized with the Yoast SEO plugin v26.0 - https:\/\/yoast.com\/wordpress\/plugins\/seo\/ -->\n<title>Philips 27M2N3200S Monitor27&quot; 180hz DP 2HDMI MM - Aivlisoft Inform\u00e1tica<\/title>\n<meta name=\"robots\" content=\"index, follow, max-snippet:-1, max-image-preview:large, max-video-preview:-1\" \/>\n<link rel=\"canonical\" href=\"https:\/\/aivlisoft.net\/shop\/producto\/philips-27m2n3200s-monitor27-180hz-dp-2hdmi-mm\/\" \/>\n<meta property=\"og:locale\" content=\"es_ES\" \/>\n<meta property=\"og:type\" content=\"article\" \/>\n<meta property=\"og:title\" content=\"Philips 27M2N3200S Monitor27&quot; 180hz DP 2HDMI MM - Aivlisoft Inform\u00e1tica\" \/>\n<meta property=\"og:description\" content=\"Marca Philips Modelo 27M2N3200S\/00 Pantalla &#8211; Tama&ntilde;o de panel: 27&#8243; (68,5 cm) &#8211; Relaci&oacute;n de aspecto: 16:9 &#8211; Tipo de panel LCD: Tecnolog&iacute;a IPS &#8211; Tipo de retroiluminaci&oacute;n: Sistema White LED &#8211; Punto de p&iacute;xel: 0,3114 x 0,3114 mm &#8211; Brillo: 300&nbsp; cd\/m&sup2; &#8211; Colores de pantalla: 16,7 M (8 bits) &#8211; Gama de colores&hellip;&nbsp;Philips 27M2N3200S Monitor27&#8243; 180hz DP 2HDMI MM\" \/>\n<meta property=\"og:url\" content=\"https:\/\/aivlisoft.net\/shop\/producto\/philips-27m2n3200s-monitor27-180hz-dp-2hdmi-mm\/\" \/>\n<meta property=\"og:site_name\" content=\"Aivlisoft Inform\u00e1tica\" \/>\n<meta property=\"article:modified_time\" content=\"2025-01-14T10:49:49+00:00\" \/>\n<meta name=\"twitter:card\" content=\"summary_large_image\" \/>\n<meta name=\"twitter:label1\" content=\"Tiempo de lectura\" \/>\n\t<meta name=\"twitter:data1\" content=\"2 minutos\" \/>\n<script type=\"application\/ld+json\" class=\"yoast-schema-graph\">{\"@context\":\"https:\/\/schema.org\",\"@graph\":[{\"@type\":\"WebPage\",\"@id\":\"https:\/\/aivlisoft.net\/shop\/producto\/philips-27m2n3200s-monitor27-180hz-dp-2hdmi-mm\/\",\"url\":\"https:\/\/aivlisoft.net\/shop\/producto\/philips-27m2n3200s-monitor27-180hz-dp-2hdmi-mm\/\",\"name\":\"Philips 27M2N3200S Monitor27\\\" 180hz DP 2HDMI MM - Aivlisoft Inform\u00e1tica\",\"isPartOf\":{\"@id\":\"https:\/\/aivlisoft.net\/shop\/#website\"},\"datePublished\":\"2025-01-13T14:01:52+00:00\",\"dateModified\":\"2025-01-14T10:49:49+00:00\",\"breadcrumb\":{\"@id\":\"https:\/\/aivlisoft.net\/shop\/producto\/philips-27m2n3200s-monitor27-180hz-dp-2hdmi-mm\/#breadcrumb\"},\"inLanguage\":\"es\",\"potentialAction\":[{\"@type\":\"ReadAction\",\"target\":[\"https:\/\/aivlisoft.net\/shop\/producto\/philips-27m2n3200s-monitor27-180hz-dp-2hdmi-mm\/\"]}]},{\"@type\":\"BreadcrumbList\",\"@id\":\"https:\/\/aivlisoft.net\/shop\/producto\/philips-27m2n3200s-monitor27-180hz-dp-2hdmi-mm\/#breadcrumb\",\"itemListElement\":[{\"@type\":\"ListItem\",\"position\":1,\"name\":\"Portada\",\"item\":\"https:\/\/aivlisoft.net\/shop\/\"},{\"@type\":\"ListItem\",\"position\":2,\"name\":\"Tienda\",\"item\":\"https:\/\/aivlisoft.net\/shop\/tienda\/\"},{\"@type\":\"ListItem\",\"position\":3,\"name\":\"Philips 27M2N3200S Monitor27&#8243; 180hz DP 2HDMI MM\"}]},{\"@type\":\"WebSite\",\"@id\":\"https:\/\/aivlisoft.net\/shop\/#website\",\"url\":\"https:\/\/aivlisoft.net\/shop\/\",\"name\":\"Aivlisoft Inform\u00e1tica\",\"description\":\"En Aivlisoft Inform\u00e1tica ofrecemos soluciones tecnol\u00f3gicas para empresas: venta de ordenadores, consumibles, perif\u00e9ricos y m\u00e1s. Calidad, atenci\u00f3n personalizada y los mejores precios para tu negocio.\",\"publisher\":{\"@id\":\"https:\/\/aivlisoft.net\/shop\/#organization\"},\"potentialAction\":[{\"@type\":\"SearchAction\",\"target\":{\"@type\":\"EntryPoint\",\"urlTemplate\":\"https:\/\/aivlisoft.net\/shop\/?s={search_term_string}\"},\"query-input\":{\"@type\":\"PropertyValueSpecification\",\"valueRequired\":true,\"valueName\":\"search_term_string\"}}],\"inLanguage\":\"es\"},{\"@type\":\"Organization\",\"@id\":\"https:\/\/aivlisoft.net\/shop\/#organization\",\"name\":\"Aivlisoft Inform\u00e1tica\",\"url\":\"https:\/\/aivlisoft.net\/shop\/\",\"logo\":{\"@type\":\"ImageObject\",\"inLanguage\":\"es\",\"@id\":\"https:\/\/aivlisoft.net\/shop\/#\/schema\/logo\/image\/\",\"url\":\"https:\/\/aivlisoft.net\/shop\/wp-content\/uploads\/2024\/12\/removal.ai_5b848c54-0cdf-4140-95c5-c5536bb7573b-logodef.png\",\"contentUrl\":\"https:\/\/aivlisoft.net\/shop\/wp-content\/uploads\/2024\/12\/removal.ai_5b848c54-0cdf-4140-95c5-c5536bb7573b-logodef.png\",\"width\":484,\"height\":182,\"caption\":\"Aivlisoft Inform\u00e1tica\"},\"image\":{\"@id\":\"https:\/\/aivlisoft.net\/shop\/#\/schema\/logo\/image\/\"}}]}<\/script>\n<!-- \/ Yoast SEO plugin. -->","yoast_head_json":{"title":"Philips 27M2N3200S Monitor27\" 180hz DP 2HDMI MM - Aivlisoft Inform\u00e1tica","robots":{"index":"index","follow":"follow","max-snippet":"max-snippet:-1","max-image-preview":"max-image-preview:large","max-video-preview":"max-video-preview:-1"},"canonical":"https:\/\/aivlisoft.net\/shop\/producto\/philips-27m2n3200s-monitor27-180hz-dp-2hdmi-mm\/","og_locale":"es_ES","og_type":"article","og_title":"Philips 27M2N3200S Monitor27\" 180hz DP 2HDMI MM - Aivlisoft Inform\u00e1tica","og_description":"Marca Philips Modelo 27M2N3200S\/00 Pantalla &#8211; Tama&ntilde;o de panel: 27&#8243; (68,5 cm) &#8211; Relaci&oacute;n de aspecto: 16:9 &#8211; Tipo de panel LCD: Tecnolog&iacute;a IPS &#8211; Tipo de retroiluminaci&oacute;n: Sistema White LED &#8211; Punto de p&iacute;xel: 0,3114 x 0,3114 mm &#8211; Brillo: 300&nbsp; cd\/m&sup2; &#8211; Colores de pantalla: 16,7 M (8 bits) &#8211; Gama de colores&hellip;&nbsp;Philips 27M2N3200S Monitor27&#8243; 180hz DP 2HDMI MM","og_url":"https:\/\/aivlisoft.net\/shop\/producto\/philips-27m2n3200s-monitor27-180hz-dp-2hdmi-mm\/","og_site_name":"Aivlisoft Inform\u00e1tica","article_modified_time":"2025-01-14T10:49:49+00:00","twitter_card":"summary_large_image","twitter_misc":{"Tiempo de lectura":"2 minutos"},"schema":{"@context":"https:\/\/schema.org","@graph":[{"@type":"WebPage","@id":"https:\/\/aivlisoft.net\/shop\/producto\/philips-27m2n3200s-monitor27-180hz-dp-2hdmi-mm\/","url":"https:\/\/aivlisoft.net\/shop\/producto\/philips-27m2n3200s-monitor27-180hz-dp-2hdmi-mm\/","name":"Philips 27M2N3200S Monitor27\" 180hz DP 2HDMI MM - Aivlisoft Inform\u00e1tica","isPartOf":{"@id":"https:\/\/aivlisoft.net\/shop\/#website"},"datePublished":"2025-01-13T14:01:52+00:00","dateModified":"2025-01-14T10:49:49+00:00","breadcrumb":{"@id":"https:\/\/aivlisoft.net\/shop\/producto\/philips-27m2n3200s-monitor27-180hz-dp-2hdmi-mm\/#breadcrumb"},"inLanguage":"es","potentialAction":[{"@type":"ReadAction","target":["https:\/\/aivlisoft.net\/shop\/producto\/philips-27m2n3200s-monitor27-180hz-dp-2hdmi-mm\/"]}]},{"@type":"BreadcrumbList","@id":"https:\/\/aivlisoft.net\/shop\/producto\/philips-27m2n3200s-monitor27-180hz-dp-2hdmi-mm\/#breadcrumb","itemListElement":[{"@type":"ListItem","position":1,"name":"Portada","item":"https:\/\/aivlisoft.net\/shop\/"},{"@type":"ListItem","position":2,"name":"Tienda","item":"https:\/\/aivlisoft.net\/shop\/tienda\/"},{"@type":"ListItem","position":3,"name":"Philips 27M2N3200S Monitor27&#8243; 180hz DP 2HDMI MM"}]},{"@type":"WebSite","@id":"https:\/\/aivlisoft.net\/shop\/#website","url":"https:\/\/aivlisoft.net\/shop\/","name":"Aivlisoft Inform\u00e1tica","description":"En Aivlisoft Inform\u00e1tica ofrecemos soluciones tecnol\u00f3gicas para empresas: venta de ordenadores, consumibles, perif\u00e9ricos y m\u00e1s. Calidad, atenci\u00f3n personalizada y los mejores precios para tu negocio.","publisher":{"@id":"https:\/\/aivlisoft.net\/shop\/#organization"},"potentialAction":[{"@type":"SearchAction","target":{"@type":"EntryPoint","urlTemplate":"https:\/\/aivlisoft.net\/shop\/?s={search_term_string}"},"query-input":{"@type":"PropertyValueSpecification","valueRequired":true,"valueName":"search_term_string"}}],"inLanguage":"es"},{"@type":"Organization","@id":"https:\/\/aivlisoft.net\/shop\/#organization","name":"Aivlisoft Inform\u00e1tica","url":"https:\/\/aivlisoft.net\/shop\/","logo":{"@type":"ImageObject","inLanguage":"es","@id":"https:\/\/aivlisoft.net\/shop\/#\/schema\/logo\/image\/","url":"https:\/\/aivlisoft.net\/shop\/wp-content\/uploads\/2024\/12\/removal.ai_5b848c54-0cdf-4140-95c5-c5536bb7573b-logodef.png","contentUrl":"https:\/\/aivlisoft.net\/shop\/wp-content\/uploads\/2024\/12\/removal.ai_5b848c54-0cdf-4140-95c5-c5536bb7573b-logodef.png","width":484,"height":182,"caption":"Aivlisoft Inform\u00e1tica"},"image":{"@id":"https:\/\/aivlisoft.net\/shop\/#\/schema\/logo\/image\/"}}]}},"_links":{"self":[{"href":"https:\/\/aivlisoft.net\/shop\/wp-json\/wp\/v2\/product\/10026","targetHints":{"allow":["GET"]}}],"collection":[{"href":"https:\/\/aivlisoft.net\/shop\/wp-json\/wp\/v2\/product"}],"about":[{"href":"https:\/\/aivlisoft.net\/shop\/wp-json\/wp\/v2\/types\/product"}],"wp:attachment":[{"href":"https:\/\/aivlisoft.net\/shop\/wp-json\/wp\/v2\/media?parent=10026"}],"wp:term":[{"taxonomy":"product_brand","embeddable":true,"href":"https:\/\/aivlisoft.net\/shop\/wp-json\/wp\/v2\/product_brand?post=10026"},{"taxonomy":"product_cat","embeddable":true,"href":"https:\/\/aivlisoft.net\/shop\/wp-json\/wp\/v2\/product_cat?post=10026"},{"taxonomy":"product_tag","embeddable":true,"href":"https:\/\/aivlisoft.net\/shop\/wp-json\/wp\/v2\/product_tag?post=10026"}],"curies":[{"name":"wp","href":"https:\/\/api.w.org\/{rel}","templated":true}]}}