{"id":10016,"date":"2025-01-13T14:01:47","date_gmt":"2025-01-13T14:01:47","guid":{"rendered":"https:\/\/aivlisoft.com\/?post_type=product&#038;p=10016"},"modified":"2025-01-14T10:49:47","modified_gmt":"2025-01-14T10:49:47","slug":"philips-27e1n1600ae-monitor27qhd-100h-usbc-mm","status":"publish","type":"product","link":"https:\/\/aivlisoft.net\/shop\/producto\/philips-27e1n1600ae-monitor27qhd-100h-usbc-mm\/","title":{"rendered":"Philips 27E1N1600AE Monitor27&#8243;QHD 100h USBc MM"},"content":{"rendered":"<p><\/p>\n<table class=\"tabla_caracteristicas k-table\" width=\"100%\">\n<tr>\n<td valign=\"top\"><strong>Marca<\/strong><\/td>\n<td>Philips<\/td>\n<\/tr>\n<tr>\n<td valign=\"top\"><strong>Modelo<\/strong><\/td>\n<td><strong>27E1N1600AE\/00<\/strong><\/td>\n<\/tr>\n<tr>\n<td valign=\"top\"><strong>Pantalla<\/strong><\/td>\n<td>\n<div>&#8211; Tama&ntilde;o de panel: 27 pulgadas\/68,6 cm<br \/>\t\t\t&#8211; Relaci&oacute;n de aspecto: 16:9<br \/>\t\t\t&#8211; Tipo de panel LCD: <strong>IPS<\/strong><br \/>\t\t\t&#8211; Tipo de retroiluminaci&oacute;n: Sistema White LED<br \/>\t\t\t&#8211; Punto de p&iacute;xel: 0,2331 x 0,2331 mm<br \/>\t\t\t&#8211; Brillo: 350 cd\/m&sup2;<br \/>\t\t\t&#8211; Colores de pantalla: 16,7 M (8 bits)<br \/>\t\t\t&#8211; Relaci&oacute;n de contraste (t&iacute;pica): 15000:1<br \/>\t\t\t&#8211; SmartContrast: Mega Infinity DCR<br \/>\t\t\t&#8211; Tiempo de respuesta (t&iacute;pico): 4 ms (GtG)*<br \/>\t\t\t&#8211; &Aacute;ngulo de visi&oacute;n:<br \/>\t\t\t&nbsp; 178&deg; (H)\/178&deg; (V)<br \/>\t\t\t&nbsp; A C\/D &gt; 10<br \/>\t\t\t&#8211; Mejora de la imagen: Juego de SmartImage<br \/>\t\t\t&#8211; Resoluci&oacute;n m&aacute;xima: 2560 x 1440 a 100 Hz*<br \/>\t\t\t&#8211; &Aacute;rea de visualizaci&oacute;n efectiva: 596,74 (H) x 335,66 (V)<br \/>\t\t\t&#8211; Frecuencia de escaneado: 30 KHz &#8211; 115 KHz (H) \/ 48 Hz &#8211; 100 Hz (V)<br \/>\t\t\t&#8211; sRGB<br \/>\t\t\t&#8211; Sin parpadeo<br \/>\t\t\t&#8211; Densidad de p&iacute;xeles: 123,41 PPP<br \/>\t\t\t&#8211; Modo LowBlue<br \/>\t\t\t&#8211; Revestimiento de la pantalla de visualizaci&oacute;n: Antirreflectante, 3 h, empa&ntilde;amiento 25 %<br \/>\t\t\t&#8211; MPRT: 1 ms<br \/>\t\t\t&#8211; EasyRead<br \/>\t\t\t&#8211; Sincronizaci&oacute;n adaptable<br \/>\t\t\t&#8211; HDR: Compatible con HDR 10<\/div>\n<\/td>\n<\/tr>\n<tr>\n<td valign=\"top\"><strong>Conexi&oacute;n<\/strong><\/td>\n<td>&#8211; Entrada de se&ntilde;al: HDMI 1.4 x 1, USB-C x 1 (modo DisplayPort Alt, datos y suministro de energ&iacute;a)<br \/>\t\t\t&#8211; Entrada sincronizada: Sincronizaci&oacute;n separada<br \/>\t\t\t&#8211; Audio (entrada\/salida): Salida de audio<br \/>\t\t\t&#8211; HDCP: HDCP 1.4 (HDMI\/USB-C)<br \/>\t\t\t&#8211; Concentrador USB: USB 3.2 Gen 1, 2 USB-A de bajada (1 con carga r&aacute;pida BC 1.2)<\/td>\n<\/tr>\n<tr>\n<td valign=\"top\"><strong>Caracter&iacute;sticas- <\/strong><\/td>\n<td>\n<div>&#8211; Altavoces integrados: 2 x 2 W<br \/>\t\t\t&#8211; Compatibilidad Plug &amp; Play:<br \/>\t\t\t&nbsp; DDC\/CI<br \/>\t\t\t&nbsp; Mac OS X<br \/>\t\t\t&nbsp; sRGB<br \/>\t\t\t&nbsp; Windows 11 \/ 10<br \/>\t\t\t&#8211; Comodidad para el usuario:<br \/>\t\t\t&nbsp; Encendido\/apagado<br \/>\t\t\t&nbsp; Men&uacute;<br \/>\t\t\t&nbsp; Volumen<br \/>\t\t\t&nbsp; Juego de SmartImage<br \/>\t\t\t&nbsp; Entrada<br \/>\t\t\t&#8211; Idiomas OSD:<br \/>\t\t\t&nbsp; Portugu&eacute;s de Brasil<br \/>\t\t\t&nbsp; Checo<br \/>\t\t\t&nbsp; Holand&eacute;s<br \/>\t\t\t&nbsp; Ingl&eacute;s<br \/>\t\t\t&nbsp; Finland&eacute;s<br \/>\t\t\t&nbsp; Franc&eacute;s<br \/>\t\t\t&nbsp; Alem&aacute;n<br \/>\t\t\t&nbsp; Griego<br \/>\t\t\t&nbsp; H&uacute;ngaro<br \/>\t\t\t&nbsp; Italiano<br \/>\t\t\t&nbsp; Japon&eacute;s<br \/>\t\t\t&nbsp; Coreano<br \/>\t\t\t&nbsp; Polaco<br \/>\t\t\t&nbsp; Portugu&eacute;s<br \/>\t\t\t&nbsp; Ruso<br \/>\t\t\t&nbsp; Chino simplificado<br \/>\t\t\t&nbsp; Espa&ntilde;ol<br \/>\t\t\t&nbsp; Sueco<br \/>\t\t\t&nbsp; Chino tradicional<br \/>\t\t\t&nbsp; Turco<br \/>\t\t\t&nbsp; Ucraniano<br \/>\t\t\t&#8211; Bloqueo Kensington<br \/>\t\t\t&#8211; Montaje VESA (100 x 100 mm)<br \/>\t\t\t&#8211; Ajuste de altura: 100&nbsp; mm<br \/>\t\t\t&#8211; Inclinaci&oacute;n: -5\/20&nbsp; grado<br \/>\t\t\t<strong>Alimentaci&oacute;n<\/strong><br \/>\t\t\t&#8211; Interno: 100-240 V CA, 50-60 Hz<br \/>\t\t\t&#8211; Modo desactivado: 0,3 W (t&iacute;p.)<br \/>\t\t\t&#8211; En modo: 25,5 (t&iacute;p.)<br \/>\t\t\t&#8211; Modo de espera: 0,5 W (t&iacute;p.)<br \/>\t\t\t<strong>Dimensiones y peso<\/strong><br \/>\t\t\t&#8211; 617 x 483 x 220&nbsp; mm<br \/>\t\t\t&#8211; 5,75&nbsp; kg<\/div>\n<\/td>\n<\/tr>\n<tr>\n<td valign=\"top\"><strong>Fecha de revisi&oacute;n<\/strong><\/td>\n<td>04-11-2024 por RTY<\/td>\n<\/tr>\n<\/table>\n","protected":false},"excerpt":{"rendered":"<p>Marca Philips Modelo 27E1N1600AE\/00 Pantalla &#8211; Tama&ntilde;o de panel: 27 pulgadas\/68,6 cm &#8211; Relaci&oacute;n de aspecto: 16:9 &#8211; Tipo de panel LCD: IPS &#8211; Tipo de retroiluminaci&oacute;n: Sistema White LED &#8211; Punto de p&iacute;xel: 0,2331 x 0,2331 mm &#8211; Brillo: 350 cd\/m&sup2; &#8211; Colores de pantalla: 16,7 M (8 bits) &#8211; Relaci&oacute;n de contraste (t&iacute;pica):&hellip;&nbsp;<a href=\"https:\/\/aivlisoft.net\/shop\/producto\/philips-27e1n1600ae-monitor27qhd-100h-usbc-mm\/\" rel=\"bookmark\"><span class=\"screen-reader-text\">Philips 27E1N1600AE Monitor27&#8243;QHD 100h USBc MM<\/span><\/a><\/p>\n","protected":false},"featured_media":10017,"template":"","meta":{"neve_meta_sidebar":"","neve_meta_container":"","neve_meta_enable_content_width":"","neve_meta_content_width":0,"neve_meta_title_alignment":"","neve_meta_author_avatar":"","neve_post_elements_order":"","neve_meta_disable_header":"","neve_meta_disable_footer":"","neve_meta_disable_title":""},"product_brand":[],"product_cat":[8720],"product_tag":[3906],"class_list":{"0":"post-10016","1":"product","2":"type-product","3":"status-publish","4":"has-post-thumbnail","6":"product_cat-monitores-led","7":"product_tag-27e1n1600ae-00","9":"first","10":"instock","11":"taxable","12":"shipping-taxable","13":"purchasable","14":"product-type-simple"},"yoast_head":"<!-- This site is optimized with the Yoast SEO plugin v26.0 - https:\/\/yoast.com\/wordpress\/plugins\/seo\/ -->\n<title>Philips 27E1N1600AE Monitor27&quot;QHD 100h USBc MM - Aivlisoft Inform\u00e1tica<\/title>\n<meta name=\"robots\" content=\"index, follow, max-snippet:-1, max-image-preview:large, max-video-preview:-1\" \/>\n<link rel=\"canonical\" href=\"https:\/\/aivlisoft.net\/shop\/producto\/philips-27e1n1600ae-monitor27qhd-100h-usbc-mm\/\" \/>\n<meta property=\"og:locale\" content=\"es_ES\" \/>\n<meta property=\"og:type\" content=\"article\" \/>\n<meta property=\"og:title\" content=\"Philips 27E1N1600AE Monitor27&quot;QHD 100h USBc MM - Aivlisoft Inform\u00e1tica\" \/>\n<meta property=\"og:description\" content=\"Marca Philips Modelo 27E1N1600AE\/00 Pantalla &#8211; Tama&ntilde;o de panel: 27 pulgadas\/68,6 cm &#8211; Relaci&oacute;n de aspecto: 16:9 &#8211; Tipo de panel LCD: IPS &#8211; Tipo de retroiluminaci&oacute;n: Sistema White LED &#8211; Punto de p&iacute;xel: 0,2331 x 0,2331 mm &#8211; Brillo: 350 cd\/m&sup2; &#8211; Colores de pantalla: 16,7 M (8 bits) &#8211; Relaci&oacute;n de contraste (t&iacute;pica):&hellip;&nbsp;Philips 27E1N1600AE Monitor27&#8243;QHD 100h USBc MM\" \/>\n<meta property=\"og:url\" content=\"https:\/\/aivlisoft.net\/shop\/producto\/philips-27e1n1600ae-monitor27qhd-100h-usbc-mm\/\" \/>\n<meta property=\"og:site_name\" content=\"Aivlisoft Inform\u00e1tica\" \/>\n<meta property=\"article:modified_time\" content=\"2025-01-14T10:49:47+00:00\" \/>\n<meta property=\"og:image\" content=\"https:\/\/aivlisoft.net\/shop\/wp-content\/uploads\/2025\/01\/FMOMLE0945_800.jpg\" \/>\n\t<meta property=\"og:image:width\" content=\"800\" \/>\n\t<meta property=\"og:image:height\" content=\"800\" \/>\n\t<meta property=\"og:image:type\" content=\"image\/jpeg\" \/>\n<meta name=\"twitter:card\" content=\"summary_large_image\" \/>\n<meta name=\"twitter:label1\" content=\"Tiempo de lectura\" \/>\n\t<meta name=\"twitter:data1\" content=\"2 minutos\" \/>\n<script type=\"application\/ld+json\" class=\"yoast-schema-graph\">{\"@context\":\"https:\/\/schema.org\",\"@graph\":[{\"@type\":\"WebPage\",\"@id\":\"https:\/\/aivlisoft.net\/shop\/producto\/philips-27e1n1600ae-monitor27qhd-100h-usbc-mm\/\",\"url\":\"https:\/\/aivlisoft.net\/shop\/producto\/philips-27e1n1600ae-monitor27qhd-100h-usbc-mm\/\",\"name\":\"Philips 27E1N1600AE Monitor27\\\"QHD 100h USBc MM - Aivlisoft Inform\u00e1tica\",\"isPartOf\":{\"@id\":\"https:\/\/aivlisoft.net\/shop\/#website\"},\"primaryImageOfPage\":{\"@id\":\"https:\/\/aivlisoft.net\/shop\/producto\/philips-27e1n1600ae-monitor27qhd-100h-usbc-mm\/#primaryimage\"},\"image\":{\"@id\":\"https:\/\/aivlisoft.net\/shop\/producto\/philips-27e1n1600ae-monitor27qhd-100h-usbc-mm\/#primaryimage\"},\"thumbnailUrl\":\"https:\/\/aivlisoft.net\/shop\/wp-content\/uploads\/2025\/01\/FMOMLE0945_800.jpg\",\"datePublished\":\"2025-01-13T14:01:47+00:00\",\"dateModified\":\"2025-01-14T10:49:47+00:00\",\"breadcrumb\":{\"@id\":\"https:\/\/aivlisoft.net\/shop\/producto\/philips-27e1n1600ae-monitor27qhd-100h-usbc-mm\/#breadcrumb\"},\"inLanguage\":\"es\",\"potentialAction\":[{\"@type\":\"ReadAction\",\"target\":[\"https:\/\/aivlisoft.net\/shop\/producto\/philips-27e1n1600ae-monitor27qhd-100h-usbc-mm\/\"]}]},{\"@type\":\"ImageObject\",\"inLanguage\":\"es\",\"@id\":\"https:\/\/aivlisoft.net\/shop\/producto\/philips-27e1n1600ae-monitor27qhd-100h-usbc-mm\/#primaryimage\",\"url\":\"https:\/\/aivlisoft.net\/shop\/wp-content\/uploads\/2025\/01\/FMOMLE0945_800.jpg\",\"contentUrl\":\"https:\/\/aivlisoft.net\/shop\/wp-content\/uploads\/2025\/01\/FMOMLE0945_800.jpg\",\"width\":800,\"height\":800},{\"@type\":\"BreadcrumbList\",\"@id\":\"https:\/\/aivlisoft.net\/shop\/producto\/philips-27e1n1600ae-monitor27qhd-100h-usbc-mm\/#breadcrumb\",\"itemListElement\":[{\"@type\":\"ListItem\",\"position\":1,\"name\":\"Portada\",\"item\":\"https:\/\/aivlisoft.net\/shop\/\"},{\"@type\":\"ListItem\",\"position\":2,\"name\":\"Tienda\",\"item\":\"https:\/\/aivlisoft.net\/shop\/tienda\/\"},{\"@type\":\"ListItem\",\"position\":3,\"name\":\"Philips 27E1N1600AE Monitor27&#8243;QHD 100h USBc MM\"}]},{\"@type\":\"WebSite\",\"@id\":\"https:\/\/aivlisoft.net\/shop\/#website\",\"url\":\"https:\/\/aivlisoft.net\/shop\/\",\"name\":\"Aivlisoft Inform\u00e1tica\",\"description\":\"En Aivlisoft Inform\u00e1tica ofrecemos soluciones tecnol\u00f3gicas para empresas: venta de ordenadores, consumibles, perif\u00e9ricos y m\u00e1s. Calidad, atenci\u00f3n personalizada y los mejores precios para tu negocio.\",\"publisher\":{\"@id\":\"https:\/\/aivlisoft.net\/shop\/#organization\"},\"potentialAction\":[{\"@type\":\"SearchAction\",\"target\":{\"@type\":\"EntryPoint\",\"urlTemplate\":\"https:\/\/aivlisoft.net\/shop\/?s={search_term_string}\"},\"query-input\":{\"@type\":\"PropertyValueSpecification\",\"valueRequired\":true,\"valueName\":\"search_term_string\"}}],\"inLanguage\":\"es\"},{\"@type\":\"Organization\",\"@id\":\"https:\/\/aivlisoft.net\/shop\/#organization\",\"name\":\"Aivlisoft Inform\u00e1tica\",\"url\":\"https:\/\/aivlisoft.net\/shop\/\",\"logo\":{\"@type\":\"ImageObject\",\"inLanguage\":\"es\",\"@id\":\"https:\/\/aivlisoft.net\/shop\/#\/schema\/logo\/image\/\",\"url\":\"https:\/\/aivlisoft.net\/shop\/wp-content\/uploads\/2024\/12\/removal.ai_5b848c54-0cdf-4140-95c5-c5536bb7573b-logodef.png\",\"contentUrl\":\"https:\/\/aivlisoft.net\/shop\/wp-content\/uploads\/2024\/12\/removal.ai_5b848c54-0cdf-4140-95c5-c5536bb7573b-logodef.png\",\"width\":484,\"height\":182,\"caption\":\"Aivlisoft Inform\u00e1tica\"},\"image\":{\"@id\":\"https:\/\/aivlisoft.net\/shop\/#\/schema\/logo\/image\/\"}}]}<\/script>\n<!-- \/ Yoast SEO plugin. -->","yoast_head_json":{"title":"Philips 27E1N1600AE Monitor27\"QHD 100h USBc MM - Aivlisoft Inform\u00e1tica","robots":{"index":"index","follow":"follow","max-snippet":"max-snippet:-1","max-image-preview":"max-image-preview:large","max-video-preview":"max-video-preview:-1"},"canonical":"https:\/\/aivlisoft.net\/shop\/producto\/philips-27e1n1600ae-monitor27qhd-100h-usbc-mm\/","og_locale":"es_ES","og_type":"article","og_title":"Philips 27E1N1600AE Monitor27\"QHD 100h USBc MM - Aivlisoft Inform\u00e1tica","og_description":"Marca Philips Modelo 27E1N1600AE\/00 Pantalla &#8211; Tama&ntilde;o de panel: 27 pulgadas\/68,6 cm &#8211; Relaci&oacute;n de aspecto: 16:9 &#8211; Tipo de panel LCD: IPS &#8211; Tipo de retroiluminaci&oacute;n: Sistema White LED &#8211; Punto de p&iacute;xel: 0,2331 x 0,2331 mm &#8211; Brillo: 350 cd\/m&sup2; &#8211; Colores de pantalla: 16,7 M (8 bits) &#8211; Relaci&oacute;n de contraste (t&iacute;pica):&hellip;&nbsp;Philips 27E1N1600AE Monitor27&#8243;QHD 100h USBc MM","og_url":"https:\/\/aivlisoft.net\/shop\/producto\/philips-27e1n1600ae-monitor27qhd-100h-usbc-mm\/","og_site_name":"Aivlisoft Inform\u00e1tica","article_modified_time":"2025-01-14T10:49:47+00:00","og_image":[{"width":800,"height":800,"url":"https:\/\/aivlisoft.net\/shop\/wp-content\/uploads\/2025\/01\/FMOMLE0945_800.jpg","type":"image\/jpeg"}],"twitter_card":"summary_large_image","twitter_misc":{"Tiempo de lectura":"2 minutos"},"schema":{"@context":"https:\/\/schema.org","@graph":[{"@type":"WebPage","@id":"https:\/\/aivlisoft.net\/shop\/producto\/philips-27e1n1600ae-monitor27qhd-100h-usbc-mm\/","url":"https:\/\/aivlisoft.net\/shop\/producto\/philips-27e1n1600ae-monitor27qhd-100h-usbc-mm\/","name":"Philips 27E1N1600AE Monitor27\"QHD 100h USBc MM - Aivlisoft Inform\u00e1tica","isPartOf":{"@id":"https:\/\/aivlisoft.net\/shop\/#website"},"primaryImageOfPage":{"@id":"https:\/\/aivlisoft.net\/shop\/producto\/philips-27e1n1600ae-monitor27qhd-100h-usbc-mm\/#primaryimage"},"image":{"@id":"https:\/\/aivlisoft.net\/shop\/producto\/philips-27e1n1600ae-monitor27qhd-100h-usbc-mm\/#primaryimage"},"thumbnailUrl":"https:\/\/aivlisoft.net\/shop\/wp-content\/uploads\/2025\/01\/FMOMLE0945_800.jpg","datePublished":"2025-01-13T14:01:47+00:00","dateModified":"2025-01-14T10:49:47+00:00","breadcrumb":{"@id":"https:\/\/aivlisoft.net\/shop\/producto\/philips-27e1n1600ae-monitor27qhd-100h-usbc-mm\/#breadcrumb"},"inLanguage":"es","potentialAction":[{"@type":"ReadAction","target":["https:\/\/aivlisoft.net\/shop\/producto\/philips-27e1n1600ae-monitor27qhd-100h-usbc-mm\/"]}]},{"@type":"ImageObject","inLanguage":"es","@id":"https:\/\/aivlisoft.net\/shop\/producto\/philips-27e1n1600ae-monitor27qhd-100h-usbc-mm\/#primaryimage","url":"https:\/\/aivlisoft.net\/shop\/wp-content\/uploads\/2025\/01\/FMOMLE0945_800.jpg","contentUrl":"https:\/\/aivlisoft.net\/shop\/wp-content\/uploads\/2025\/01\/FMOMLE0945_800.jpg","width":800,"height":800},{"@type":"BreadcrumbList","@id":"https:\/\/aivlisoft.net\/shop\/producto\/philips-27e1n1600ae-monitor27qhd-100h-usbc-mm\/#breadcrumb","itemListElement":[{"@type":"ListItem","position":1,"name":"Portada","item":"https:\/\/aivlisoft.net\/shop\/"},{"@type":"ListItem","position":2,"name":"Tienda","item":"https:\/\/aivlisoft.net\/shop\/tienda\/"},{"@type":"ListItem","position":3,"name":"Philips 27E1N1600AE Monitor27&#8243;QHD 100h USBc MM"}]},{"@type":"WebSite","@id":"https:\/\/aivlisoft.net\/shop\/#website","url":"https:\/\/aivlisoft.net\/shop\/","name":"Aivlisoft Inform\u00e1tica","description":"En Aivlisoft Inform\u00e1tica ofrecemos soluciones tecnol\u00f3gicas para empresas: venta de ordenadores, consumibles, perif\u00e9ricos y m\u00e1s. Calidad, atenci\u00f3n personalizada y los mejores precios para tu negocio.","publisher":{"@id":"https:\/\/aivlisoft.net\/shop\/#organization"},"potentialAction":[{"@type":"SearchAction","target":{"@type":"EntryPoint","urlTemplate":"https:\/\/aivlisoft.net\/shop\/?s={search_term_string}"},"query-input":{"@type":"PropertyValueSpecification","valueRequired":true,"valueName":"search_term_string"}}],"inLanguage":"es"},{"@type":"Organization","@id":"https:\/\/aivlisoft.net\/shop\/#organization","name":"Aivlisoft Inform\u00e1tica","url":"https:\/\/aivlisoft.net\/shop\/","logo":{"@type":"ImageObject","inLanguage":"es","@id":"https:\/\/aivlisoft.net\/shop\/#\/schema\/logo\/image\/","url":"https:\/\/aivlisoft.net\/shop\/wp-content\/uploads\/2024\/12\/removal.ai_5b848c54-0cdf-4140-95c5-c5536bb7573b-logodef.png","contentUrl":"https:\/\/aivlisoft.net\/shop\/wp-content\/uploads\/2024\/12\/removal.ai_5b848c54-0cdf-4140-95c5-c5536bb7573b-logodef.png","width":484,"height":182,"caption":"Aivlisoft Inform\u00e1tica"},"image":{"@id":"https:\/\/aivlisoft.net\/shop\/#\/schema\/logo\/image\/"}}]}},"_links":{"self":[{"href":"https:\/\/aivlisoft.net\/shop\/wp-json\/wp\/v2\/product\/10016","targetHints":{"allow":["GET"]}}],"collection":[{"href":"https:\/\/aivlisoft.net\/shop\/wp-json\/wp\/v2\/product"}],"about":[{"href":"https:\/\/aivlisoft.net\/shop\/wp-json\/wp\/v2\/types\/product"}],"wp:featuredmedia":[{"embeddable":true,"href":"https:\/\/aivlisoft.net\/shop\/wp-json\/wp\/v2\/media\/10017"}],"wp:attachment":[{"href":"https:\/\/aivlisoft.net\/shop\/wp-json\/wp\/v2\/media?parent=10016"}],"wp:term":[{"taxonomy":"product_brand","embeddable":true,"href":"https:\/\/aivlisoft.net\/shop\/wp-json\/wp\/v2\/product_brand?post=10016"},{"taxonomy":"product_cat","embeddable":true,"href":"https:\/\/aivlisoft.net\/shop\/wp-json\/wp\/v2\/product_cat?post=10016"},{"taxonomy":"product_tag","embeddable":true,"href":"https:\/\/aivlisoft.net\/shop\/wp-json\/wp\/v2\/product_tag?post=10016"}],"curies":[{"name":"wp","href":"https:\/\/api.w.org\/{rel}","templated":true}]}}