{"id":10005,"date":"2025-01-13T14:01:42","date_gmt":"2025-01-13T14:01:42","guid":{"rendered":"https:\/\/aivlisoft.com\/?post_type=product&#038;p=10005"},"modified":"2025-01-14T10:49:44","modified_gmt":"2025-01-14T10:49:44","slug":"lg-34wq500-b-monitor-led-34-ips-wqhd-2xhdmi","status":"publish","type":"product","link":"https:\/\/aivlisoft.net\/shop\/producto\/lg-34wq500-b-monitor-led-34-ips-wqhd-2xhdmi\/","title":{"rendered":"LG 34WQ500-B Monitor LED 34&#8243; IPS WQHD 2xHDMI"},"content":{"rendered":"<p><\/p>\n<table class=\"tabla_caracteristicas k-table\" width=\"100%\">\n<tr>\n<td valign=\"top\"><strong>Marca<\/strong><\/td>\n<td>LG<\/td>\n<\/tr>\n<tr>\n<td valign=\"top\"><strong>Modelo<\/strong><\/td>\n<td><strong>34WQ500-B<\/strong><\/td>\n<\/tr>\n<tr>\n<td valign=\"top\"><strong>Pantalla<\/strong><\/td>\n<td>&#8211; Tama&ntilde;o: <strong>34&#8243; <\/strong>( 86,6 cm)<br \/>\t\t\t&#8211; Resoluci&oacute;n: 2560 x 1080<br \/>\t\t\t&#8211; Tipo de panel: IPS<br \/>\t\t\t&#8211; Ratio de aspecto: 21:09<br \/>\t\t\t&#8211; Brillo (T&iacute;p.): 400 cd\/m&sup2;<br \/>\t\t\t&#8211; Brillo m&aacute;ximo (Tip.): 500 cd\/m&sup2;<br \/>\t\t\t&#8211; Gama de colores (Tip.): sRGB 99% (CIE1931)<br \/>\t\t\t&#8211; Ratio de Contraste (T&iacute;p.): 1000:01:00<br \/>\t\t\t&#8211; Tiempo de respuesta: 5ms (GtG at Faster)<br \/>\t\t\t&#8211; Frecuencia de actualizaci&oacute;n (m&aacute;x.): 100 Hz<br \/>\t\t\t&#8211; &Aacute;ngulo de Visi&oacute;n (CR&ge;10): 178&ordm;(R\/L), 178&ordm;(U\/D)<br \/>\t\t\t&#8211; Tratamiento de superficies: Anti-Glare<\/td>\n<\/tr>\n<tr>\n<td valign=\"top\"><strong>Conexi&oacute;n<\/strong><\/td>\n<td>&#8211; 2 x HDMI 1<br \/>\t\t\t&#8211; 1 x DisplayPort 1.4<br \/>\t\t\t&#8211; Salida para Auriculares 3-pole (Sound Only)<\/td>\n<\/tr>\n<tr>\n<td valign=\"top\"><strong>Caracter&iacute;stica<\/strong><\/td>\n<td>&#8211; HDR10<br \/>\t\t\t&#8211; VESA DisplayHDR: DisplayHDR 400<br \/>\t\t\t&#8211; HDR Effect<br \/>\t\t\t&#8211; Flicker safe<br \/>\t\t\t&#8211; Reader Mode<br \/>\t\t\t&#8211; Colour Weakness<br \/>\t\t\t&#8211; Super Resolution+<br \/>\t\t\t&#8211; Motion Blur Reduction Tech<br \/>\t\t\t&#8211; AMD FreeSync: FreeSync<br \/>\t\t\t&#8211; Black Stabilizer<br \/>\t\t\t&#8211; Dynamic Action Sync<br \/>\t\t\t&#8211; Crosshair<br \/>\t\t\t&#8211; Auto Input Switch<br \/>\t\t\t&#8211; Ahorro de energ&iacute;a inteligente<br \/>\t\t\t<strong>SW<\/strong><br \/>\t\t\t&#8211; Control en pantalla (Administrador de pantalla LG)<br \/>\t\t\t<strong>Alimentaci&oacute;n<\/strong><br \/>\t\t\t&#8211; Consumo de Energ&iacute;a: 32W Tip.<br \/>\t\t\t<strong>Caracter&iacute;sticas Mec&aacute;nicas<\/strong><br \/>\t\t\t&#8211; Dise&ntilde;o sin Bordes: Dise&ntilde;o de 3 lados pr&aacute;cticamente sin bordes<br \/>\t\t\t&#8211; Ajustes de posici&oacute;n de visualizaci&oacute;n: Inclinaci&oacute;n<br \/>\t\t\t&#8211; Inclinaci&oacute;n: -5~15&ordm;<br \/>\t\t\t&#8211; Rango de altura: 110mm<br \/>\t\t\t&#8211; Montaje en pared: 100 x 100 mm<br \/>\t\t\t&#8211; Base Desmontable<br \/>\t\t\t&#8211; Soporte de un clic<br \/>\t\t\t<strong>Dimensiones y peso<\/strong><br \/>\t\t\t&#8211; 816,5 x 483,7 x 223,3 mm<br \/>\t\t\t&#8211; 6,9 kg<\/td>\n<\/tr>\n<tr>\n<td valign=\"top\"><strong>Certificado energ&eacute;tico<\/strong><\/td>\n<td><a alt=\"Certificado energ&Atilde;&#402;?????&Atilde;&#402;????&Atilde;&#402;???&Atilde;&#402;??&Atilde;&#402;?&Atilde;&#8218;&Acirc;&copy;tico\" href=\"https:\/\/www.infortisa.com\/images\/content\/2024102514482328844FMOMLE0938.webp\" target=\"_blank\">Ver certificado<\/a><\/td>\n<\/tr>\n<tr>\n<td valign=\"top\"><strong>Fecha de revisi&oacute;n<\/strong><\/td>\n<td>25-10-2024 por RTY<\/td>\n<\/tr>\n<\/table>\n","protected":false},"excerpt":{"rendered":"<p>Marca LG Modelo 34WQ500-B Pantalla &#8211; Tama&ntilde;o: 34&#8243; ( 86,6 cm) &#8211; Resoluci&oacute;n: 2560 x 1080 &#8211; Tipo de panel: IPS &#8211; Ratio de aspecto: 21:09 &#8211; Brillo (T&iacute;p.): 400 cd\/m&sup2; &#8211; Brillo m&aacute;ximo (Tip.): 500 cd\/m&sup2; &#8211; Gama de colores (Tip.): sRGB 99% (CIE1931) &#8211; Ratio de Contraste (T&iacute;p.): 1000:01:00 &#8211; Tiempo de respuesta:&hellip;&nbsp;<a href=\"https:\/\/aivlisoft.net\/shop\/producto\/lg-34wq500-b-monitor-led-34-ips-wqhd-2xhdmi\/\" rel=\"bookmark\"><span class=\"screen-reader-text\">LG 34WQ500-B Monitor LED 34&#8243; IPS WQHD 2xHDMI<\/span><\/a><\/p>\n","protected":false},"featured_media":10006,"template":"","meta":{"neve_meta_sidebar":"","neve_meta_container":"","neve_meta_enable_content_width":"","neve_meta_content_width":0,"neve_meta_title_alignment":"","neve_meta_author_avatar":"","neve_post_elements_order":"","neve_meta_disable_header":"","neve_meta_disable_footer":"","neve_meta_disable_title":""},"product_brand":[],"product_cat":[8720],"product_tag":[3903],"class_list":{"0":"post-10005","1":"product","2":"type-product","3":"status-publish","4":"has-post-thumbnail","6":"product_cat-monitores-led","7":"product_tag-34wq500-b","9":"first","10":"instock","11":"taxable","12":"shipping-taxable","13":"purchasable","14":"product-type-simple"},"yoast_head":"<!-- This site is optimized with the Yoast SEO plugin v26.0 - https:\/\/yoast.com\/wordpress\/plugins\/seo\/ -->\n<title>LG 34WQ500-B Monitor LED 34&quot; IPS WQHD 2xHDMI - Aivlisoft Inform\u00e1tica<\/title>\n<meta name=\"robots\" content=\"index, follow, max-snippet:-1, max-image-preview:large, max-video-preview:-1\" \/>\n<link rel=\"canonical\" href=\"https:\/\/aivlisoft.net\/shop\/producto\/lg-34wq500-b-monitor-led-34-ips-wqhd-2xhdmi\/\" \/>\n<meta property=\"og:locale\" content=\"es_ES\" \/>\n<meta property=\"og:type\" content=\"article\" \/>\n<meta property=\"og:title\" content=\"LG 34WQ500-B Monitor LED 34&quot; IPS WQHD 2xHDMI - Aivlisoft Inform\u00e1tica\" \/>\n<meta property=\"og:description\" content=\"Marca LG Modelo 34WQ500-B Pantalla &#8211; Tama&ntilde;o: 34&#8243; ( 86,6 cm) &#8211; Resoluci&oacute;n: 2560 x 1080 &#8211; Tipo de panel: IPS &#8211; Ratio de aspecto: 21:09 &#8211; Brillo (T&iacute;p.): 400 cd\/m&sup2; &#8211; Brillo m&aacute;ximo (Tip.): 500 cd\/m&sup2; &#8211; Gama de colores (Tip.): sRGB 99% (CIE1931) &#8211; Ratio de Contraste (T&iacute;p.): 1000:01:00 &#8211; Tiempo de respuesta:&hellip;&nbsp;LG 34WQ500-B Monitor LED 34&#8243; IPS WQHD 2xHDMI\" \/>\n<meta property=\"og:url\" content=\"https:\/\/aivlisoft.net\/shop\/producto\/lg-34wq500-b-monitor-led-34-ips-wqhd-2xhdmi\/\" \/>\n<meta property=\"og:site_name\" content=\"Aivlisoft Inform\u00e1tica\" \/>\n<meta property=\"article:modified_time\" content=\"2025-01-14T10:49:44+00:00\" \/>\n<meta property=\"og:image\" content=\"https:\/\/aivlisoft.net\/shop\/wp-content\/uploads\/2025\/01\/FMOMLE0938_800.jpg\" \/>\n\t<meta property=\"og:image:width\" content=\"800\" \/>\n\t<meta property=\"og:image:height\" content=\"800\" \/>\n\t<meta property=\"og:image:type\" content=\"image\/jpeg\" \/>\n<meta name=\"twitter:card\" content=\"summary_large_image\" \/>\n<meta name=\"twitter:label1\" content=\"Tiempo de lectura\" \/>\n\t<meta name=\"twitter:data1\" content=\"1 minuto\" \/>\n<script type=\"application\/ld+json\" class=\"yoast-schema-graph\">{\"@context\":\"https:\/\/schema.org\",\"@graph\":[{\"@type\":\"WebPage\",\"@id\":\"https:\/\/aivlisoft.net\/shop\/producto\/lg-34wq500-b-monitor-led-34-ips-wqhd-2xhdmi\/\",\"url\":\"https:\/\/aivlisoft.net\/shop\/producto\/lg-34wq500-b-monitor-led-34-ips-wqhd-2xhdmi\/\",\"name\":\"LG 34WQ500-B Monitor LED 34\\\" IPS WQHD 2xHDMI - Aivlisoft Inform\u00e1tica\",\"isPartOf\":{\"@id\":\"https:\/\/aivlisoft.net\/shop\/#website\"},\"primaryImageOfPage\":{\"@id\":\"https:\/\/aivlisoft.net\/shop\/producto\/lg-34wq500-b-monitor-led-34-ips-wqhd-2xhdmi\/#primaryimage\"},\"image\":{\"@id\":\"https:\/\/aivlisoft.net\/shop\/producto\/lg-34wq500-b-monitor-led-34-ips-wqhd-2xhdmi\/#primaryimage\"},\"thumbnailUrl\":\"https:\/\/aivlisoft.net\/shop\/wp-content\/uploads\/2025\/01\/FMOMLE0938_800.jpg\",\"datePublished\":\"2025-01-13T14:01:42+00:00\",\"dateModified\":\"2025-01-14T10:49:44+00:00\",\"breadcrumb\":{\"@id\":\"https:\/\/aivlisoft.net\/shop\/producto\/lg-34wq500-b-monitor-led-34-ips-wqhd-2xhdmi\/#breadcrumb\"},\"inLanguage\":\"es\",\"potentialAction\":[{\"@type\":\"ReadAction\",\"target\":[\"https:\/\/aivlisoft.net\/shop\/producto\/lg-34wq500-b-monitor-led-34-ips-wqhd-2xhdmi\/\"]}]},{\"@type\":\"ImageObject\",\"inLanguage\":\"es\",\"@id\":\"https:\/\/aivlisoft.net\/shop\/producto\/lg-34wq500-b-monitor-led-34-ips-wqhd-2xhdmi\/#primaryimage\",\"url\":\"https:\/\/aivlisoft.net\/shop\/wp-content\/uploads\/2025\/01\/FMOMLE0938_800.jpg\",\"contentUrl\":\"https:\/\/aivlisoft.net\/shop\/wp-content\/uploads\/2025\/01\/FMOMLE0938_800.jpg\",\"width\":800,\"height\":800},{\"@type\":\"BreadcrumbList\",\"@id\":\"https:\/\/aivlisoft.net\/shop\/producto\/lg-34wq500-b-monitor-led-34-ips-wqhd-2xhdmi\/#breadcrumb\",\"itemListElement\":[{\"@type\":\"ListItem\",\"position\":1,\"name\":\"Portada\",\"item\":\"https:\/\/aivlisoft.net\/shop\/\"},{\"@type\":\"ListItem\",\"position\":2,\"name\":\"Tienda\",\"item\":\"https:\/\/aivlisoft.net\/shop\/tienda\/\"},{\"@type\":\"ListItem\",\"position\":3,\"name\":\"LG 34WQ500-B Monitor LED 34&#8243; IPS WQHD 2xHDMI\"}]},{\"@type\":\"WebSite\",\"@id\":\"https:\/\/aivlisoft.net\/shop\/#website\",\"url\":\"https:\/\/aivlisoft.net\/shop\/\",\"name\":\"Aivlisoft Inform\u00e1tica\",\"description\":\"En Aivlisoft Inform\u00e1tica ofrecemos soluciones tecnol\u00f3gicas para empresas: venta de ordenadores, consumibles, perif\u00e9ricos y m\u00e1s. Calidad, atenci\u00f3n personalizada y los mejores precios para tu negocio.\",\"publisher\":{\"@id\":\"https:\/\/aivlisoft.net\/shop\/#organization\"},\"potentialAction\":[{\"@type\":\"SearchAction\",\"target\":{\"@type\":\"EntryPoint\",\"urlTemplate\":\"https:\/\/aivlisoft.net\/shop\/?s={search_term_string}\"},\"query-input\":{\"@type\":\"PropertyValueSpecification\",\"valueRequired\":true,\"valueName\":\"search_term_string\"}}],\"inLanguage\":\"es\"},{\"@type\":\"Organization\",\"@id\":\"https:\/\/aivlisoft.net\/shop\/#organization\",\"name\":\"Aivlisoft Inform\u00e1tica\",\"url\":\"https:\/\/aivlisoft.net\/shop\/\",\"logo\":{\"@type\":\"ImageObject\",\"inLanguage\":\"es\",\"@id\":\"https:\/\/aivlisoft.net\/shop\/#\/schema\/logo\/image\/\",\"url\":\"https:\/\/aivlisoft.net\/shop\/wp-content\/uploads\/2024\/12\/removal.ai_5b848c54-0cdf-4140-95c5-c5536bb7573b-logodef.png\",\"contentUrl\":\"https:\/\/aivlisoft.net\/shop\/wp-content\/uploads\/2024\/12\/removal.ai_5b848c54-0cdf-4140-95c5-c5536bb7573b-logodef.png\",\"width\":484,\"height\":182,\"caption\":\"Aivlisoft Inform\u00e1tica\"},\"image\":{\"@id\":\"https:\/\/aivlisoft.net\/shop\/#\/schema\/logo\/image\/\"}}]}<\/script>\n<!-- \/ Yoast SEO plugin. -->","yoast_head_json":{"title":"LG 34WQ500-B Monitor LED 34\" IPS WQHD 2xHDMI - Aivlisoft Inform\u00e1tica","robots":{"index":"index","follow":"follow","max-snippet":"max-snippet:-1","max-image-preview":"max-image-preview:large","max-video-preview":"max-video-preview:-1"},"canonical":"https:\/\/aivlisoft.net\/shop\/producto\/lg-34wq500-b-monitor-led-34-ips-wqhd-2xhdmi\/","og_locale":"es_ES","og_type":"article","og_title":"LG 34WQ500-B Monitor LED 34\" IPS WQHD 2xHDMI - Aivlisoft Inform\u00e1tica","og_description":"Marca LG Modelo 34WQ500-B Pantalla &#8211; Tama&ntilde;o: 34&#8243; ( 86,6 cm) &#8211; Resoluci&oacute;n: 2560 x 1080 &#8211; Tipo de panel: IPS &#8211; Ratio de aspecto: 21:09 &#8211; Brillo (T&iacute;p.): 400 cd\/m&sup2; &#8211; Brillo m&aacute;ximo (Tip.): 500 cd\/m&sup2; &#8211; Gama de colores (Tip.): sRGB 99% (CIE1931) &#8211; Ratio de Contraste (T&iacute;p.): 1000:01:00 &#8211; Tiempo de respuesta:&hellip;&nbsp;LG 34WQ500-B Monitor LED 34&#8243; IPS WQHD 2xHDMI","og_url":"https:\/\/aivlisoft.net\/shop\/producto\/lg-34wq500-b-monitor-led-34-ips-wqhd-2xhdmi\/","og_site_name":"Aivlisoft Inform\u00e1tica","article_modified_time":"2025-01-14T10:49:44+00:00","og_image":[{"width":800,"height":800,"url":"https:\/\/aivlisoft.net\/shop\/wp-content\/uploads\/2025\/01\/FMOMLE0938_800.jpg","type":"image\/jpeg"}],"twitter_card":"summary_large_image","twitter_misc":{"Tiempo de lectura":"1 minuto"},"schema":{"@context":"https:\/\/schema.org","@graph":[{"@type":"WebPage","@id":"https:\/\/aivlisoft.net\/shop\/producto\/lg-34wq500-b-monitor-led-34-ips-wqhd-2xhdmi\/","url":"https:\/\/aivlisoft.net\/shop\/producto\/lg-34wq500-b-monitor-led-34-ips-wqhd-2xhdmi\/","name":"LG 34WQ500-B Monitor LED 34\" IPS WQHD 2xHDMI - Aivlisoft Inform\u00e1tica","isPartOf":{"@id":"https:\/\/aivlisoft.net\/shop\/#website"},"primaryImageOfPage":{"@id":"https:\/\/aivlisoft.net\/shop\/producto\/lg-34wq500-b-monitor-led-34-ips-wqhd-2xhdmi\/#primaryimage"},"image":{"@id":"https:\/\/aivlisoft.net\/shop\/producto\/lg-34wq500-b-monitor-led-34-ips-wqhd-2xhdmi\/#primaryimage"},"thumbnailUrl":"https:\/\/aivlisoft.net\/shop\/wp-content\/uploads\/2025\/01\/FMOMLE0938_800.jpg","datePublished":"2025-01-13T14:01:42+00:00","dateModified":"2025-01-14T10:49:44+00:00","breadcrumb":{"@id":"https:\/\/aivlisoft.net\/shop\/producto\/lg-34wq500-b-monitor-led-34-ips-wqhd-2xhdmi\/#breadcrumb"},"inLanguage":"es","potentialAction":[{"@type":"ReadAction","target":["https:\/\/aivlisoft.net\/shop\/producto\/lg-34wq500-b-monitor-led-34-ips-wqhd-2xhdmi\/"]}]},{"@type":"ImageObject","inLanguage":"es","@id":"https:\/\/aivlisoft.net\/shop\/producto\/lg-34wq500-b-monitor-led-34-ips-wqhd-2xhdmi\/#primaryimage","url":"https:\/\/aivlisoft.net\/shop\/wp-content\/uploads\/2025\/01\/FMOMLE0938_800.jpg","contentUrl":"https:\/\/aivlisoft.net\/shop\/wp-content\/uploads\/2025\/01\/FMOMLE0938_800.jpg","width":800,"height":800},{"@type":"BreadcrumbList","@id":"https:\/\/aivlisoft.net\/shop\/producto\/lg-34wq500-b-monitor-led-34-ips-wqhd-2xhdmi\/#breadcrumb","itemListElement":[{"@type":"ListItem","position":1,"name":"Portada","item":"https:\/\/aivlisoft.net\/shop\/"},{"@type":"ListItem","position":2,"name":"Tienda","item":"https:\/\/aivlisoft.net\/shop\/tienda\/"},{"@type":"ListItem","position":3,"name":"LG 34WQ500-B Monitor LED 34&#8243; IPS WQHD 2xHDMI"}]},{"@type":"WebSite","@id":"https:\/\/aivlisoft.net\/shop\/#website","url":"https:\/\/aivlisoft.net\/shop\/","name":"Aivlisoft Inform\u00e1tica","description":"En Aivlisoft Inform\u00e1tica ofrecemos soluciones tecnol\u00f3gicas para empresas: venta de ordenadores, consumibles, perif\u00e9ricos y m\u00e1s. Calidad, atenci\u00f3n personalizada y los mejores precios para tu negocio.","publisher":{"@id":"https:\/\/aivlisoft.net\/shop\/#organization"},"potentialAction":[{"@type":"SearchAction","target":{"@type":"EntryPoint","urlTemplate":"https:\/\/aivlisoft.net\/shop\/?s={search_term_string}"},"query-input":{"@type":"PropertyValueSpecification","valueRequired":true,"valueName":"search_term_string"}}],"inLanguage":"es"},{"@type":"Organization","@id":"https:\/\/aivlisoft.net\/shop\/#organization","name":"Aivlisoft Inform\u00e1tica","url":"https:\/\/aivlisoft.net\/shop\/","logo":{"@type":"ImageObject","inLanguage":"es","@id":"https:\/\/aivlisoft.net\/shop\/#\/schema\/logo\/image\/","url":"https:\/\/aivlisoft.net\/shop\/wp-content\/uploads\/2024\/12\/removal.ai_5b848c54-0cdf-4140-95c5-c5536bb7573b-logodef.png","contentUrl":"https:\/\/aivlisoft.net\/shop\/wp-content\/uploads\/2024\/12\/removal.ai_5b848c54-0cdf-4140-95c5-c5536bb7573b-logodef.png","width":484,"height":182,"caption":"Aivlisoft Inform\u00e1tica"},"image":{"@id":"https:\/\/aivlisoft.net\/shop\/#\/schema\/logo\/image\/"}}]}},"_links":{"self":[{"href":"https:\/\/aivlisoft.net\/shop\/wp-json\/wp\/v2\/product\/10005","targetHints":{"allow":["GET"]}}],"collection":[{"href":"https:\/\/aivlisoft.net\/shop\/wp-json\/wp\/v2\/product"}],"about":[{"href":"https:\/\/aivlisoft.net\/shop\/wp-json\/wp\/v2\/types\/product"}],"wp:featuredmedia":[{"embeddable":true,"href":"https:\/\/aivlisoft.net\/shop\/wp-json\/wp\/v2\/media\/10006"}],"wp:attachment":[{"href":"https:\/\/aivlisoft.net\/shop\/wp-json\/wp\/v2\/media?parent=10005"}],"wp:term":[{"taxonomy":"product_brand","embeddable":true,"href":"https:\/\/aivlisoft.net\/shop\/wp-json\/wp\/v2\/product_brand?post=10005"},{"taxonomy":"product_cat","embeddable":true,"href":"https:\/\/aivlisoft.net\/shop\/wp-json\/wp\/v2\/product_cat?post=10005"},{"taxonomy":"product_tag","embeddable":true,"href":"https:\/\/aivlisoft.net\/shop\/wp-json\/wp\/v2\/product_tag?post=10005"}],"curies":[{"name":"wp","href":"https:\/\/api.w.org\/{rel}","templated":true}]}}