{"id":10001,"date":"2025-01-13T14:01:41","date_gmt":"2025-01-13T14:01:41","guid":{"rendered":"https:\/\/aivlisoft.com\/?post_type=product&#038;p=10001"},"modified":"2025-01-14T10:49:44","modified_gmt":"2025-01-14T10:49:44","slug":"approx-appm24swbv3-monitor-23-8-120hz-wbc-mm-aa","status":"publish","type":"product","link":"https:\/\/aivlisoft.net\/shop\/producto\/approx-appm24swbv3-monitor-23-8-120hz-wbc-mm-aa\/","title":{"rendered":"Approx APPM24SWBV3 monitor 23.8&#8243; 120hz WbC MM AA"},"content":{"rendered":"<p>El APPM24SWBV3 es un monitor de 23,8&rdquo; con resoluci&oacute;n FHD, que te ofrece una combinaci&oacute;n de experiencia sin precedentes para una mayor comodidad para tus ojos y gran nitidez de im&aacute;genes.<br \/>Su pantalla cuenta con una frecuencia de 120 Hz y est&aacute; optimizada para reducir la emisi&oacute;n de ondas de luz azul y minimizar el parpadeo, proteger&aacute; tus ojos para que puedas estar m&aacute;s tiempo frente a la pantalla. Destaca su base pivotante, inclinable y ajustable en altura. Incluye webcam integrada en el monitor, altavoces y entrada Jack 3.5 mm. Este monitor es apto tambi&eacute;n para juegos gracias a su tiempo de respuesta de 4 ms para jugar con mayor fluidez.<\/p>\n<table class=\"tabla_caracteristicas\" width=\"100%\">\n<tr>\n<td valign=\"top\"><strong>Marca<\/strong><\/td>\n<td>Approx<\/td>\n<\/tr>\n<tr>\n<td valign=\"top\"><strong>Modelo<\/strong><\/td>\n<td><strong>APPM24SWBV3<\/strong><\/td>\n<\/tr>\n<tr>\n<td valign=\"top\"><strong>Pantalla<\/strong><\/td>\n<td>&#8211; Pantalla: <strong>23.8&rdquo;<\/strong> Grado A Mate<br \/>\t\t\t&#8211; Tipo: VA<br \/>\t\t\t&#8211; Resoluci&oacute;n: FHD 1920 x 1080<br \/>\t\t\t&#8211; Frecuencia: 120Hz<br \/>\t\t\t&#8211; Tiempo de respuesta: 4ms<br \/>\t\t\t&#8211; &Aacute;ngulo de visi&oacute;n: H:178&deg; V:178&deg;<br \/>\t\t\t&#8211; Brillo: 250cd\/m2<br \/>\t\t\t&#8211; Contraste: 3000:1<br \/>\t\t\t&#8211; Formato: 16:9<\/td>\n<\/tr>\n<tr>\n<td valign=\"top\"><strong>Conexiones<\/strong><\/td>\n<td><strong>Entradas<\/strong><br \/>\t\t\t&#8211; VGA<br \/>\t\t\t&#8211; HDMI 2.0<br \/>\t\t\t&#8211; Jack 3.5mm<br \/>\t\t\t<strong>Salida<\/strong><br \/>\t\t\t&#8211; USB (Webcam)<\/td>\n<\/tr>\n<tr>\n<td valign=\"top\"><strong>Caracter&iacute;sticas<\/strong><\/td>\n<td>&#8211; Vesa: 100mm x 100mm<br \/>\t\t\t&#8211; Altavoces traseros<br \/>\t\t\t&#8211; Base pivotante, inclinable y ajustable en altura.<br \/>\t\t\t&#8211; Material: PVC<br \/>\t\t\t<strong>Dimensiones y peso<\/strong><br \/>\t\t\t&#8211; 541 x 510 x 220 mm<br \/>\t\t\t&#8211; 4,475 kg<br \/>\t\t\t<strong>Contenido<\/strong><br \/>\t\t\t&#8211; APPM24SWBV3<br \/>\t\t\t&#8211; Gu&iacute;a de usuario<br \/>\t\t\t&#8211; Base y tornillos<br \/>\t\t\t&#8211; Adaptador de corriente<br \/>\t\t\t&#8211; Cable USB<br \/>\t\t\t&#8211; Cable HDMI<\/td>\n<\/tr>\n<tr>\n<td valign=\"top\"><strong>Certificado energ&eacute;tico<\/strong><\/td>\n<td><a alt=\"Certificado energ&Atilde;&#402;????????&Atilde;&#402;???????&Atilde;&#402;??????&Atilde;&#402;?????&Atilde;&#402;????&Atilde;&#402;???&Atilde;&#402;??&Atilde;&#402;?&Atilde;&#8218;&Acirc;&copy;tico\" href=\"https:\/\/www.infortisa.com\/images\/content\/2024102310155528844FMOMLE0937.webp\" target=\"_blank\">Ver certificado<\/a><\/td>\n<\/tr>\n<tr>\n<td valign=\"top\"><strong>Fecha de revisi&oacute;n<\/strong><\/td>\n<td>23-10-2024 por RTY<\/td>\n<\/tr>\n<\/table>\n","protected":false},"excerpt":{"rendered":"<p>El APPM24SWBV3 es un monitor de 23,8&rdquo; con resoluci&oacute;n FHD, que te ofrece una combinaci&oacute;n de experiencia sin precedentes para una mayor comodidad para tus ojos y gran nitidez de im&aacute;genes.Su pantalla cuenta con una frecuencia de 120 Hz y est&aacute; optimizada para reducir la emisi&oacute;n de ondas de luz azul y minimizar el parpadeo,&hellip;&nbsp;<a href=\"https:\/\/aivlisoft.net\/shop\/producto\/approx-appm24swbv3-monitor-23-8-120hz-wbc-mm-aa\/\" rel=\"bookmark\"><span class=\"screen-reader-text\">Approx APPM24SWBV3 monitor 23.8&#8243; 120hz WbC MM AA<\/span><\/a><\/p>\n","protected":false},"featured_media":10002,"template":"","meta":{"neve_meta_sidebar":"","neve_meta_container":"","neve_meta_enable_content_width":"","neve_meta_content_width":0,"neve_meta_title_alignment":"","neve_meta_author_avatar":"","neve_post_elements_order":"","neve_meta_disable_header":"","neve_meta_disable_footer":"","neve_meta_disable_title":""},"product_brand":[],"product_cat":[8720],"product_tag":[3902],"class_list":{"0":"post-10001","1":"product","2":"type-product","3":"status-publish","4":"has-post-thumbnail","6":"product_cat-monitores-led","7":"product_tag-appm24swbv3","9":"first","10":"instock","11":"taxable","12":"shipping-taxable","13":"purchasable","14":"product-type-simple"},"yoast_head":"<!-- This site is optimized with the Yoast SEO plugin v26.0 - https:\/\/yoast.com\/wordpress\/plugins\/seo\/ -->\n<title>Approx APPM24SWBV3 monitor 23.8&quot; 120hz WbC MM AA - Aivlisoft Inform\u00e1tica<\/title>\n<meta name=\"robots\" content=\"index, follow, max-snippet:-1, max-image-preview:large, max-video-preview:-1\" \/>\n<link rel=\"canonical\" href=\"https:\/\/aivlisoft.net\/shop\/producto\/approx-appm24swbv3-monitor-23-8-120hz-wbc-mm-aa\/\" \/>\n<meta property=\"og:locale\" content=\"es_ES\" \/>\n<meta property=\"og:type\" content=\"article\" \/>\n<meta property=\"og:title\" content=\"Approx APPM24SWBV3 monitor 23.8&quot; 120hz WbC MM AA - Aivlisoft Inform\u00e1tica\" \/>\n<meta property=\"og:description\" content=\"El APPM24SWBV3 es un monitor de 23,8&rdquo; con resoluci&oacute;n FHD, que te ofrece una combinaci&oacute;n de experiencia sin precedentes para una mayor comodidad para tus ojos y gran nitidez de im&aacute;genes.Su pantalla cuenta con una frecuencia de 120 Hz y est&aacute; optimizada para reducir la emisi&oacute;n de ondas de luz azul y minimizar el parpadeo,&hellip;&nbsp;Approx APPM24SWBV3 monitor 23.8&#8243; 120hz WbC MM AA\" \/>\n<meta property=\"og:url\" content=\"https:\/\/aivlisoft.net\/shop\/producto\/approx-appm24swbv3-monitor-23-8-120hz-wbc-mm-aa\/\" \/>\n<meta property=\"og:site_name\" content=\"Aivlisoft Inform\u00e1tica\" \/>\n<meta property=\"article:modified_time\" content=\"2025-01-14T10:49:44+00:00\" \/>\n<meta property=\"og:image\" content=\"https:\/\/aivlisoft.net\/shop\/wp-content\/uploads\/2025\/01\/FMOMLE0937_800.jpg\" \/>\n\t<meta property=\"og:image:width\" content=\"800\" \/>\n\t<meta property=\"og:image:height\" content=\"800\" \/>\n\t<meta property=\"og:image:type\" content=\"image\/jpeg\" \/>\n<meta name=\"twitter:card\" content=\"summary_large_image\" \/>\n<meta name=\"twitter:label1\" content=\"Tiempo de lectura\" \/>\n\t<meta name=\"twitter:data1\" content=\"1 minuto\" \/>\n<script type=\"application\/ld+json\" class=\"yoast-schema-graph\">{\"@context\":\"https:\/\/schema.org\",\"@graph\":[{\"@type\":\"WebPage\",\"@id\":\"https:\/\/aivlisoft.net\/shop\/producto\/approx-appm24swbv3-monitor-23-8-120hz-wbc-mm-aa\/\",\"url\":\"https:\/\/aivlisoft.net\/shop\/producto\/approx-appm24swbv3-monitor-23-8-120hz-wbc-mm-aa\/\",\"name\":\"Approx APPM24SWBV3 monitor 23.8\\\" 120hz WbC MM AA - Aivlisoft Inform\u00e1tica\",\"isPartOf\":{\"@id\":\"https:\/\/aivlisoft.net\/shop\/#website\"},\"primaryImageOfPage\":{\"@id\":\"https:\/\/aivlisoft.net\/shop\/producto\/approx-appm24swbv3-monitor-23-8-120hz-wbc-mm-aa\/#primaryimage\"},\"image\":{\"@id\":\"https:\/\/aivlisoft.net\/shop\/producto\/approx-appm24swbv3-monitor-23-8-120hz-wbc-mm-aa\/#primaryimage\"},\"thumbnailUrl\":\"https:\/\/aivlisoft.net\/shop\/wp-content\/uploads\/2025\/01\/FMOMLE0937_800.jpg\",\"datePublished\":\"2025-01-13T14:01:41+00:00\",\"dateModified\":\"2025-01-14T10:49:44+00:00\",\"breadcrumb\":{\"@id\":\"https:\/\/aivlisoft.net\/shop\/producto\/approx-appm24swbv3-monitor-23-8-120hz-wbc-mm-aa\/#breadcrumb\"},\"inLanguage\":\"es\",\"potentialAction\":[{\"@type\":\"ReadAction\",\"target\":[\"https:\/\/aivlisoft.net\/shop\/producto\/approx-appm24swbv3-monitor-23-8-120hz-wbc-mm-aa\/\"]}]},{\"@type\":\"ImageObject\",\"inLanguage\":\"es\",\"@id\":\"https:\/\/aivlisoft.net\/shop\/producto\/approx-appm24swbv3-monitor-23-8-120hz-wbc-mm-aa\/#primaryimage\",\"url\":\"https:\/\/aivlisoft.net\/shop\/wp-content\/uploads\/2025\/01\/FMOMLE0937_800.jpg\",\"contentUrl\":\"https:\/\/aivlisoft.net\/shop\/wp-content\/uploads\/2025\/01\/FMOMLE0937_800.jpg\",\"width\":800,\"height\":800},{\"@type\":\"BreadcrumbList\",\"@id\":\"https:\/\/aivlisoft.net\/shop\/producto\/approx-appm24swbv3-monitor-23-8-120hz-wbc-mm-aa\/#breadcrumb\",\"itemListElement\":[{\"@type\":\"ListItem\",\"position\":1,\"name\":\"Portada\",\"item\":\"https:\/\/aivlisoft.net\/shop\/\"},{\"@type\":\"ListItem\",\"position\":2,\"name\":\"Tienda\",\"item\":\"https:\/\/aivlisoft.net\/shop\/tienda\/\"},{\"@type\":\"ListItem\",\"position\":3,\"name\":\"Approx APPM24SWBV3 monitor 23.8&#8243; 120hz WbC MM AA\"}]},{\"@type\":\"WebSite\",\"@id\":\"https:\/\/aivlisoft.net\/shop\/#website\",\"url\":\"https:\/\/aivlisoft.net\/shop\/\",\"name\":\"Aivlisoft Inform\u00e1tica\",\"description\":\"En Aivlisoft Inform\u00e1tica ofrecemos soluciones tecnol\u00f3gicas para empresas: venta de ordenadores, consumibles, perif\u00e9ricos y m\u00e1s. Calidad, atenci\u00f3n personalizada y los mejores precios para tu negocio.\",\"publisher\":{\"@id\":\"https:\/\/aivlisoft.net\/shop\/#organization\"},\"potentialAction\":[{\"@type\":\"SearchAction\",\"target\":{\"@type\":\"EntryPoint\",\"urlTemplate\":\"https:\/\/aivlisoft.net\/shop\/?s={search_term_string}\"},\"query-input\":{\"@type\":\"PropertyValueSpecification\",\"valueRequired\":true,\"valueName\":\"search_term_string\"}}],\"inLanguage\":\"es\"},{\"@type\":\"Organization\",\"@id\":\"https:\/\/aivlisoft.net\/shop\/#organization\",\"name\":\"Aivlisoft Inform\u00e1tica\",\"url\":\"https:\/\/aivlisoft.net\/shop\/\",\"logo\":{\"@type\":\"ImageObject\",\"inLanguage\":\"es\",\"@id\":\"https:\/\/aivlisoft.net\/shop\/#\/schema\/logo\/image\/\",\"url\":\"https:\/\/aivlisoft.net\/shop\/wp-content\/uploads\/2024\/12\/removal.ai_5b848c54-0cdf-4140-95c5-c5536bb7573b-logodef.png\",\"contentUrl\":\"https:\/\/aivlisoft.net\/shop\/wp-content\/uploads\/2024\/12\/removal.ai_5b848c54-0cdf-4140-95c5-c5536bb7573b-logodef.png\",\"width\":484,\"height\":182,\"caption\":\"Aivlisoft Inform\u00e1tica\"},\"image\":{\"@id\":\"https:\/\/aivlisoft.net\/shop\/#\/schema\/logo\/image\/\"}}]}<\/script>\n<!-- \/ Yoast SEO plugin. -->","yoast_head_json":{"title":"Approx APPM24SWBV3 monitor 23.8\" 120hz WbC MM AA - Aivlisoft Inform\u00e1tica","robots":{"index":"index","follow":"follow","max-snippet":"max-snippet:-1","max-image-preview":"max-image-preview:large","max-video-preview":"max-video-preview:-1"},"canonical":"https:\/\/aivlisoft.net\/shop\/producto\/approx-appm24swbv3-monitor-23-8-120hz-wbc-mm-aa\/","og_locale":"es_ES","og_type":"article","og_title":"Approx APPM24SWBV3 monitor 23.8\" 120hz WbC MM AA - Aivlisoft Inform\u00e1tica","og_description":"El APPM24SWBV3 es un monitor de 23,8&rdquo; con resoluci&oacute;n FHD, que te ofrece una combinaci&oacute;n de experiencia sin precedentes para una mayor comodidad para tus ojos y gran nitidez de im&aacute;genes.Su pantalla cuenta con una frecuencia de 120 Hz y est&aacute; optimizada para reducir la emisi&oacute;n de ondas de luz azul y minimizar el parpadeo,&hellip;&nbsp;Approx APPM24SWBV3 monitor 23.8&#8243; 120hz WbC MM AA","og_url":"https:\/\/aivlisoft.net\/shop\/producto\/approx-appm24swbv3-monitor-23-8-120hz-wbc-mm-aa\/","og_site_name":"Aivlisoft Inform\u00e1tica","article_modified_time":"2025-01-14T10:49:44+00:00","og_image":[{"width":800,"height":800,"url":"https:\/\/aivlisoft.net\/shop\/wp-content\/uploads\/2025\/01\/FMOMLE0937_800.jpg","type":"image\/jpeg"}],"twitter_card":"summary_large_image","twitter_misc":{"Tiempo de lectura":"1 minuto"},"schema":{"@context":"https:\/\/schema.org","@graph":[{"@type":"WebPage","@id":"https:\/\/aivlisoft.net\/shop\/producto\/approx-appm24swbv3-monitor-23-8-120hz-wbc-mm-aa\/","url":"https:\/\/aivlisoft.net\/shop\/producto\/approx-appm24swbv3-monitor-23-8-120hz-wbc-mm-aa\/","name":"Approx APPM24SWBV3 monitor 23.8\" 120hz WbC MM AA - Aivlisoft Inform\u00e1tica","isPartOf":{"@id":"https:\/\/aivlisoft.net\/shop\/#website"},"primaryImageOfPage":{"@id":"https:\/\/aivlisoft.net\/shop\/producto\/approx-appm24swbv3-monitor-23-8-120hz-wbc-mm-aa\/#primaryimage"},"image":{"@id":"https:\/\/aivlisoft.net\/shop\/producto\/approx-appm24swbv3-monitor-23-8-120hz-wbc-mm-aa\/#primaryimage"},"thumbnailUrl":"https:\/\/aivlisoft.net\/shop\/wp-content\/uploads\/2025\/01\/FMOMLE0937_800.jpg","datePublished":"2025-01-13T14:01:41+00:00","dateModified":"2025-01-14T10:49:44+00:00","breadcrumb":{"@id":"https:\/\/aivlisoft.net\/shop\/producto\/approx-appm24swbv3-monitor-23-8-120hz-wbc-mm-aa\/#breadcrumb"},"inLanguage":"es","potentialAction":[{"@type":"ReadAction","target":["https:\/\/aivlisoft.net\/shop\/producto\/approx-appm24swbv3-monitor-23-8-120hz-wbc-mm-aa\/"]}]},{"@type":"ImageObject","inLanguage":"es","@id":"https:\/\/aivlisoft.net\/shop\/producto\/approx-appm24swbv3-monitor-23-8-120hz-wbc-mm-aa\/#primaryimage","url":"https:\/\/aivlisoft.net\/shop\/wp-content\/uploads\/2025\/01\/FMOMLE0937_800.jpg","contentUrl":"https:\/\/aivlisoft.net\/shop\/wp-content\/uploads\/2025\/01\/FMOMLE0937_800.jpg","width":800,"height":800},{"@type":"BreadcrumbList","@id":"https:\/\/aivlisoft.net\/shop\/producto\/approx-appm24swbv3-monitor-23-8-120hz-wbc-mm-aa\/#breadcrumb","itemListElement":[{"@type":"ListItem","position":1,"name":"Portada","item":"https:\/\/aivlisoft.net\/shop\/"},{"@type":"ListItem","position":2,"name":"Tienda","item":"https:\/\/aivlisoft.net\/shop\/tienda\/"},{"@type":"ListItem","position":3,"name":"Approx APPM24SWBV3 monitor 23.8&#8243; 120hz WbC MM AA"}]},{"@type":"WebSite","@id":"https:\/\/aivlisoft.net\/shop\/#website","url":"https:\/\/aivlisoft.net\/shop\/","name":"Aivlisoft Inform\u00e1tica","description":"En Aivlisoft Inform\u00e1tica ofrecemos soluciones tecnol\u00f3gicas para empresas: venta de ordenadores, consumibles, perif\u00e9ricos y m\u00e1s. Calidad, atenci\u00f3n personalizada y los mejores precios para tu negocio.","publisher":{"@id":"https:\/\/aivlisoft.net\/shop\/#organization"},"potentialAction":[{"@type":"SearchAction","target":{"@type":"EntryPoint","urlTemplate":"https:\/\/aivlisoft.net\/shop\/?s={search_term_string}"},"query-input":{"@type":"PropertyValueSpecification","valueRequired":true,"valueName":"search_term_string"}}],"inLanguage":"es"},{"@type":"Organization","@id":"https:\/\/aivlisoft.net\/shop\/#organization","name":"Aivlisoft Inform\u00e1tica","url":"https:\/\/aivlisoft.net\/shop\/","logo":{"@type":"ImageObject","inLanguage":"es","@id":"https:\/\/aivlisoft.net\/shop\/#\/schema\/logo\/image\/","url":"https:\/\/aivlisoft.net\/shop\/wp-content\/uploads\/2024\/12\/removal.ai_5b848c54-0cdf-4140-95c5-c5536bb7573b-logodef.png","contentUrl":"https:\/\/aivlisoft.net\/shop\/wp-content\/uploads\/2024\/12\/removal.ai_5b848c54-0cdf-4140-95c5-c5536bb7573b-logodef.png","width":484,"height":182,"caption":"Aivlisoft Inform\u00e1tica"},"image":{"@id":"https:\/\/aivlisoft.net\/shop\/#\/schema\/logo\/image\/"}}]}},"_links":{"self":[{"href":"https:\/\/aivlisoft.net\/shop\/wp-json\/wp\/v2\/product\/10001","targetHints":{"allow":["GET"]}}],"collection":[{"href":"https:\/\/aivlisoft.net\/shop\/wp-json\/wp\/v2\/product"}],"about":[{"href":"https:\/\/aivlisoft.net\/shop\/wp-json\/wp\/v2\/types\/product"}],"wp:featuredmedia":[{"embeddable":true,"href":"https:\/\/aivlisoft.net\/shop\/wp-json\/wp\/v2\/media\/10002"}],"wp:attachment":[{"href":"https:\/\/aivlisoft.net\/shop\/wp-json\/wp\/v2\/media?parent=10001"}],"wp:term":[{"taxonomy":"product_brand","embeddable":true,"href":"https:\/\/aivlisoft.net\/shop\/wp-json\/wp\/v2\/product_brand?post=10001"},{"taxonomy":"product_cat","embeddable":true,"href":"https:\/\/aivlisoft.net\/shop\/wp-json\/wp\/v2\/product_cat?post=10001"},{"taxonomy":"product_tag","embeddable":true,"href":"https:\/\/aivlisoft.net\/shop\/wp-json\/wp\/v2\/product_tag?post=10001"}],"curies":[{"name":"wp","href":"https:\/\/api.w.org\/{rel}","templated":true}]}}